{"id":171,"date":"2025-10-05T15:54:42","date_gmt":"2025-10-05T15:54:42","guid":{"rendered":"http:\/\/admin"},"modified":"2025-11-28T10:26:11","modified_gmt":"2025-11-28T10:26:11","slug":"flex-hook-single-inox","status":"publish","type":"product","link":"https:\/\/www.quotasicura.com\/de\/product\/flex-hook-single-inox\/","title":{"rendered":"Flex-Hook Single INOX"},"content":{"rendered":"<p><strong>Flex-Hook Single INOX<\/strong> Es ist ein <strong>Anschlagvorrichtung f\u00fcr Absturzsicherungen Typ A<\/strong>Entwickelt, um maximale Sicherheit f\u00fcr einen einzelnen Benutzer zu bieten. Hergestellt aus <strong>Edelstahl AISI 304\/316<\/strong>Dieses System entspricht der Verordnung <strong>UNI 11578:2015<\/strong> und garantiert hohe Widerstandsf\u00e4higkeit mit einem <strong>maximal anwendbare Kraft von 9,00 kN<\/strong>Es eignet sich ideal f\u00fcr die Montage auf Stahlbeton, Massivholz und Stahl und wird von einer unabh\u00e4ngigen Pr\u00fcfstelle nach geltenden Vorschriften getestet.<\/p>\n<div class=\"scrollable-table\" style=\"overflow-x: auto;\">\n<table style=\"width: 100%; border-collapse: collapse;\">\n<thead>\n<tr style=\"background-color: #f2f2f2;\">\n<th style=\"padding: 10px; border: 1px solid #ddd;\">Merkmal<\/th>\n<th style=\"padding: 10px; border: 1px solid #ddd;\">Detail<\/th>\n<\/tr>\n<\/thead>\n<tbody>\n<tr>\n<td style=\"padding: 10px; border: 1px solid #ddd;\">Produktcode<\/td>\n<td style=\"padding: 10px; border: 1px solid #ddd;\">LVTQS700FHS \u2013 EDELSTAHL<\/td>\n<\/tr>\n<tr>\n<td style=\"padding: 10px; border: 1px solid #ddd;\">Ger\u00e4tetyp<\/td>\n<td style=\"padding: 10px; border: 1px solid #ddd;\">Typ A<\/td>\n<\/tr>\n<tr>\n<td style=\"padding: 10px; border: 1px solid #ddd;\">Maximale Anzahl an Benutzern<\/td>\n<td style=\"padding: 10px; border: 1px solid #ddd;\">1<\/td>\n<\/tr>\n<tr>\n<td style=\"padding: 10px; border: 1px solid #ddd;\">Maximal anwendbare Kraft<\/td>\n<td style=\"padding: 10px; border: 1px solid #ddd;\">9,00 kN<\/td>\n<\/tr>\n<tr>\n<td style=\"padding: 10px; border: 1px solid #ddd;\">Material<\/td>\n<td style=\"padding: 10px; border: 1px solid #ddd;\">Edelstahl AISI 304\/316<\/td>\n<\/tr>\n<tr>\n<td style=\"padding: 10px; border: 1px solid #ddd;\">Vorschriften<\/td>\n<td style=\"padding: 10px; border: 1px solid #ddd;\">UNI 11578:2015 \u2013 UNI EN 365<\/td>\n<\/tr>\n<tr>\n<td style=\"padding: 10px; border: 1px solid #ddd;\">Testbericht<\/td>\n<td style=\"padding: 10px; border: 1px solid #ddd;\">Ausgef\u00fchrt von einem Drittanbieter<\/td>\n<\/tr>\n<\/tbody>\n<\/table>\n<\/div>\n<h3>Mindestinstallationsanforderungen<\/h3>\n<div class=\"scrollable-table\" style=\"overflow-x: auto;\">\n<table style=\"width: 100%; border-collapse: collapse;\">\n<thead>\n<tr style=\"background-color: #f2f2f2;\">\n<th style=\"padding: 10px; border: 1px solid #ddd;\">Begleitmaterial<\/th>\n<th style=\"padding: 10px; border: 1px solid #ddd;\">Spezifikationen<\/th>\n<th style=\"padding: 10px; border: 1px solid #ddd;\">Mindestabmessungen<\/th>\n<\/tr>\n<\/thead>\n<tbody>\n<tr>\n<td style=\"padding: 10px; border: 1px solid #ddd;\">C20\/25 Beton<\/td>\n<td style=\"padding: 10px; border: 1px solid #ddd;\">Entspricht UNI EN 206-1<\/td>\n<td style=\"padding: 10px; border: 1px solid #ddd;\">120\u00d7130 mm (mechanisch) \u2013 120\u00d7200 mm (chemisch)<\/td>\n<\/tr>\n<tr>\n<td style=\"padding: 10px; border: 1px solid #ddd;\">Massivholz<\/td>\n<td style=\"padding: 10px; border: 1px solid #ddd;\">Struktur C24 \u2013 UNI EN 338:2016<\/td>\n<td style=\"padding: 10px; border: 1px solid #ddd;\">120\u00d7200 mm<\/td>\n<\/tr>\n<tr>\n<td style=\"padding: 10px; border: 1px solid #ddd;\">Stahl S235<\/td>\n<td style=\"padding: 10px; border: 1px solid #ddd;\">Mindestdicke 3 mm<\/td>\n<td style=\"padding: 10px; border: 1px solid #ddd;\">Mindestbreite 55 mm<\/td>\n<\/tr>\n<\/tbody>\n<\/table>\n<\/div>\n<h3>Art der Mindestbefestigungen<\/h3>\n<div class=\"scrollable-table\" style=\"overflow-x: auto;\">\n<table style=\"width: 100%; border-collapse: collapse;\">\n<thead>\n<tr style=\"background-color: #f2f2f2;\">\n<th style=\"padding: 10px; border: 1px solid #ddd;\">Befestigungsart<\/th>\n<th style=\"padding: 10px; border: 1px solid #ddd;\">Mindestabmessungen<\/th>\n<\/tr>\n<\/thead>\n<tbody>\n<tr>\n<td style=\"padding: 10px; border: 1px solid #ddd;\">Gewindestange + Chemikalie<\/td>\n<td style=\"padding: 10px; border: 1px solid #ddd;\">M12x150 Klasse A4-80<\/td>\n<\/tr>\n<tr>\n<td style=\"padding: 10px; border: 1px solid #ddd;\">Mechanische Verankerung<\/td>\n<td style=\"padding: 10px; border: 1px solid #ddd;\">M12x110<\/td>\n<\/tr>\n<tr>\n<td style=\"padding: 10px; border: 1px solid #ddd;\">Holzschraube<\/td>\n<td style=\"padding: 10px; border: 1px solid #ddd;\">M12x180<\/td>\n<\/tr>\n<\/tbody>\n<\/table>\n<\/div>","protected":false},"excerpt":{"rendered":"<p>Auffangvorrichtung Typ A aus Edelstahl AISI 304\/316 gem\u00e4\u00df UNI 11578:2015. Einzelhaken mit einer maximalen Traglast von 9 kN, ideal f\u00fcr eine Person. Einfache Montage an Beton, Holz oder Stahl.<\/p>","protected":false},"featured_media":210,"comment_status":"open","ping_status":"closed","template":"","meta":[],"product_brand":[],"product_cat":[36],"product_tag":[],"class_list":{"0":"post-171","1":"product","2":"type-product","3":"status-publish","4":"has-post-thumbnail","6":"product_cat-tipo-a","8":"first","9":"instock","10":"shipping-taxable","11":"product-type-simple"},"yoast_head":"<!-- This site is optimized with the Yoast SEO Premium plugin v26.4 (Yoast SEO v26.4) - https:\/\/yoast.com\/wordpress\/plugins\/seo\/ -->\n<title>Flex-Hook Single INOX - Quota Sicura<\/title>\n<meta name=\"description\" content=\"Flex-Hook Single INOX \u00e8 un gancio flessibile in acciaio inox progettato per l\u2019installazione di linee vita su coperture non lineari. Certificato EN 795.\" \/>\n<meta name=\"robots\" content=\"index, follow, max-snippet:-1, max-image-preview:large, max-video-preview:-1\" \/>\n<link rel=\"canonical\" href=\"https:\/\/www.quotasicura.com\/de\/product\/flex-hook-single-inox\/\" \/>\n<meta property=\"og:locale\" content=\"de_DE\" \/>\n<meta property=\"og:type\" content=\"article\" \/>\n<meta property=\"og:title\" content=\"Flex-Hook Single INOX\" \/>\n<meta property=\"og:description\" content=\"Flex-Hook Single INOX \u00e8 un gancio flessibile in acciaio inox progettato per l\u2019installazione di linee vita su coperture non lineari. Certificato EN 795.\" \/>\n<meta property=\"og:url\" content=\"https:\/\/www.quotasicura.com\/de\/product\/flex-hook-single-inox\/\" \/>\n<meta property=\"og:site_name\" content=\"Quota Sicura\" \/>\n<meta property=\"article:modified_time\" content=\"2025-11-28T10:26:11+00:00\" \/>\n<meta property=\"og:image\" content=\"https:\/\/www.quotasicura.com\/wp-content\/uploads\/2025\/08\/FLEX-HOOK-SINGLE.png\" \/>\n\t<meta property=\"og:image:width\" content=\"1080\" \/>\n\t<meta property=\"og:image:height\" content=\"1350\" \/>\n\t<meta property=\"og:image:type\" content=\"image\/png\" \/>\n<meta name=\"twitter:card\" content=\"summary_large_image\" \/>\n<meta name=\"twitter:label1\" content=\"Gesch\u00e4tzte Lesezeit\" \/>\n\t<meta name=\"twitter:data1\" content=\"2\u00a0Minuten\" \/>\n<script type=\"application\/ld+json\" class=\"yoast-schema-graph\">{\"@context\":\"https:\/\/schema.org\",\"@graph\":[{\"@type\":\"WebPage\",\"@id\":\"https:\/\/www.quotasicura.com\/product\/flex-hook-single-inox\/\",\"url\":\"https:\/\/www.quotasicura.com\/product\/flex-hook-single-inox\/\",\"name\":\"Flex-Hook Single INOX - Quota Sicura\",\"isPartOf\":{\"@id\":\"https:\/\/www.quotasicura.com\/#website\"},\"primaryImageOfPage\":{\"@id\":\"https:\/\/www.quotasicura.com\/product\/flex-hook-single-inox\/#primaryimage\"},\"image\":{\"@id\":\"https:\/\/www.quotasicura.com\/product\/flex-hook-single-inox\/#primaryimage\"},\"thumbnailUrl\":\"https:\/\/www.quotasicura.com\/wp-content\/uploads\/2025\/08\/FLEX-HOOK-SINGLE.png\",\"datePublished\":\"2025-10-05T15:54:42+00:00\",\"dateModified\":\"2025-11-28T10:26:11+00:00\",\"description\":\"Flex-Hook Single INOX \u00e8 un gancio flessibile in acciaio inox progettato per l\u2019installazione di linee vita su coperture non lineari. Certificato EN 795.\",\"breadcrumb\":{\"@id\":\"https:\/\/www.quotasicura.com\/product\/flex-hook-single-inox\/#breadcrumb\"},\"inLanguage\":\"de\",\"potentialAction\":[{\"@type\":\"ReadAction\",\"target\":[\"https:\/\/www.quotasicura.com\/product\/flex-hook-single-inox\/\"]}]},{\"@type\":\"ImageObject\",\"inLanguage\":\"de\",\"@id\":\"https:\/\/www.quotasicura.com\/product\/flex-hook-single-inox\/#primaryimage\",\"url\":\"https:\/\/www.quotasicura.com\/wp-content\/uploads\/2025\/08\/FLEX-HOOK-SINGLE.png\",\"contentUrl\":\"https:\/\/www.quotasicura.com\/wp-content\/uploads\/2025\/08\/FLEX-HOOK-SINGLE.png\",\"width\":1080,\"height\":1350},{\"@type\":\"BreadcrumbList\",\"@id\":\"https:\/\/www.quotasicura.com\/product\/flex-hook-single-inox\/#breadcrumb\",\"itemListElement\":[{\"@type\":\"ListItem\",\"position\":1,\"name\":\"Home\",\"item\":\"https:\/\/www.quotasicura.com\/\"},{\"@type\":\"ListItem\",\"position\":2,\"name\":\"Prodotti\",\"item\":\"https:\/\/www.quotasicura.com\/prodotti\/\"},{\"@type\":\"ListItem\",\"position\":3,\"name\":\"Flex-Hook Single INOX\"}]},{\"@type\":\"WebSite\",\"@id\":\"https:\/\/www.quotasicura.com\/#website\",\"url\":\"https:\/\/www.quotasicura.com\/\",\"name\":\"Quota Sicura\",\"description\":\"\",\"publisher\":{\"@id\":\"https:\/\/www.quotasicura.com\/#organization\"},\"potentialAction\":[{\"@type\":\"SearchAction\",\"target\":{\"@type\":\"EntryPoint\",\"urlTemplate\":\"https:\/\/www.quotasicura.com\/?s={search_term_string}\"},\"query-input\":{\"@type\":\"PropertyValueSpecification\",\"valueRequired\":true,\"valueName\":\"search_term_string\"}}],\"inLanguage\":\"de\"},{\"@type\":\"Organization\",\"@id\":\"https:\/\/www.quotasicura.com\/#organization\",\"name\":\"Quota Sicura\",\"url\":\"https:\/\/www.quotasicura.com\/\",\"logo\":{\"@type\":\"ImageObject\",\"inLanguage\":\"de\",\"@id\":\"https:\/\/www.quotasicura.com\/#\/schema\/logo\/image\/\",\"url\":\"https:\/\/www.quotasicura.com\/wp-content\/uploads\/2025\/10\/LOGO-QUOTA-SICURA.pdf.png\",\"contentUrl\":\"https:\/\/www.quotasicura.com\/wp-content\/uploads\/2025\/10\/LOGO-QUOTA-SICURA.pdf.png\",\"width\":2000,\"height\":614,\"caption\":\"Quota Sicura\"},\"image\":{\"@id\":\"https:\/\/www.quotasicura.com\/#\/schema\/logo\/image\/\"}}]}<\/script>\n<!-- \/ Yoast SEO Premium plugin. -->","yoast_head_json":{"title":"Flex-Hook Single INOX - Quota Sicura","description":"Flex-Hook Single INOX \u00e8 un gancio flessibile in acciaio inox progettato per l\u2019installazione di linee vita su coperture non lineari. Certificato EN 795.","robots":{"index":"index","follow":"follow","max-snippet":"max-snippet:-1","max-image-preview":"max-image-preview:large","max-video-preview":"max-video-preview:-1"},"canonical":"https:\/\/www.quotasicura.com\/de\/product\/flex-hook-single-inox\/","og_locale":"de_DE","og_type":"article","og_title":"Flex-Hook Single INOX","og_description":"Flex-Hook Single INOX \u00e8 un gancio flessibile in acciaio inox progettato per l\u2019installazione di linee vita su coperture non lineari. Certificato EN 795.","og_url":"https:\/\/www.quotasicura.com\/de\/product\/flex-hook-single-inox\/","og_site_name":"Quota Sicura","article_modified_time":"2025-11-28T10:26:11+00:00","og_image":[{"width":1080,"height":1350,"url":"https:\/\/www.quotasicura.com\/wp-content\/uploads\/2025\/08\/FLEX-HOOK-SINGLE.png","type":"image\/png"}],"twitter_card":"summary_large_image","twitter_misc":{"Gesch\u00e4tzte Lesezeit":"2\u00a0Minuten"},"schema":{"@context":"https:\/\/schema.org","@graph":[{"@type":"WebPage","@id":"https:\/\/www.quotasicura.com\/product\/flex-hook-single-inox\/","url":"https:\/\/www.quotasicura.com\/product\/flex-hook-single-inox\/","name":"Flex-Hook Single INOX - Quota Sicura","isPartOf":{"@id":"https:\/\/www.quotasicura.com\/#website"},"primaryImageOfPage":{"@id":"https:\/\/www.quotasicura.com\/product\/flex-hook-single-inox\/#primaryimage"},"image":{"@id":"https:\/\/www.quotasicura.com\/product\/flex-hook-single-inox\/#primaryimage"},"thumbnailUrl":"https:\/\/www.quotasicura.com\/wp-content\/uploads\/2025\/08\/FLEX-HOOK-SINGLE.png","datePublished":"2025-10-05T15:54:42+00:00","dateModified":"2025-11-28T10:26:11+00:00","description":"Flex-Hook Single INOX \u00e8 un gancio flessibile in acciaio inox progettato per l\u2019installazione di linee vita su coperture non lineari. Certificato EN 795.","breadcrumb":{"@id":"https:\/\/www.quotasicura.com\/product\/flex-hook-single-inox\/#breadcrumb"},"inLanguage":"de","potentialAction":[{"@type":"ReadAction","target":["https:\/\/www.quotasicura.com\/product\/flex-hook-single-inox\/"]}]},{"@type":"ImageObject","inLanguage":"de","@id":"https:\/\/www.quotasicura.com\/product\/flex-hook-single-inox\/#primaryimage","url":"https:\/\/www.quotasicura.com\/wp-content\/uploads\/2025\/08\/FLEX-HOOK-SINGLE.png","contentUrl":"https:\/\/www.quotasicura.com\/wp-content\/uploads\/2025\/08\/FLEX-HOOK-SINGLE.png","width":1080,"height":1350},{"@type":"BreadcrumbList","@id":"https:\/\/www.quotasicura.com\/product\/flex-hook-single-inox\/#breadcrumb","itemListElement":[{"@type":"ListItem","position":1,"name":"Home","item":"https:\/\/www.quotasicura.com\/"},{"@type":"ListItem","position":2,"name":"Prodotti","item":"https:\/\/www.quotasicura.com\/prodotti\/"},{"@type":"ListItem","position":3,"name":"Flex-Hook Single INOX"}]},{"@type":"WebSite","@id":"https:\/\/www.quotasicura.com\/#website","url":"https:\/\/www.quotasicura.com\/","name":"Sichere Quote","description":"","publisher":{"@id":"https:\/\/www.quotasicura.com\/#organization"},"potentialAction":[{"@type":"SearchAction","target":{"@type":"EntryPoint","urlTemplate":"https:\/\/www.quotasicura.com\/?s={search_term_string}"},"query-input":{"@type":"PropertyValueSpecification","valueRequired":true,"valueName":"search_term_string"}}],"inLanguage":"de"},{"@type":"Organization","@id":"https:\/\/www.quotasicura.com\/#organization","name":"Sichere Quote","url":"https:\/\/www.quotasicura.com\/","logo":{"@type":"ImageObject","inLanguage":"de","@id":"https:\/\/www.quotasicura.com\/#\/schema\/logo\/image\/","url":"https:\/\/www.quotasicura.com\/wp-content\/uploads\/2025\/10\/LOGO-QUOTA-SICURA.pdf.png","contentUrl":"https:\/\/www.quotasicura.com\/wp-content\/uploads\/2025\/10\/LOGO-QUOTA-SICURA.pdf.png","width":2000,"height":614,"caption":"Quota Sicura"},"image":{"@id":"https:\/\/www.quotasicura.com\/#\/schema\/logo\/image\/"}}]}},"_links":{"self":[{"href":"https:\/\/www.quotasicura.com\/de\/wp-json\/wp\/v2\/product\/171","targetHints":{"allow":["GET"]}}],"collection":[{"href":"https:\/\/www.quotasicura.com\/de\/wp-json\/wp\/v2\/product"}],"about":[{"href":"https:\/\/www.quotasicura.com\/de\/wp-json\/wp\/v2\/types\/product"}],"replies":[{"embeddable":true,"href":"https:\/\/www.quotasicura.com\/de\/wp-json\/wp\/v2\/comments?post=171"}],"wp:featuredmedia":[{"embeddable":true,"href":"https:\/\/www.quotasicura.com\/de\/wp-json\/wp\/v2\/media\/210"}],"wp:attachment":[{"href":"https:\/\/www.quotasicura.com\/de\/wp-json\/wp\/v2\/media?parent=171"}],"wp:term":[{"taxonomy":"product_brand","embeddable":true,"href":"https:\/\/www.quotasicura.com\/de\/wp-json\/wp\/v2\/product_brand?post=171"},{"taxonomy":"product_cat","embeddable":true,"href":"https:\/\/www.quotasicura.com\/de\/wp-json\/wp\/v2\/product_cat?post=171"},{"taxonomy":"product_tag","embeddable":true,"href":"https:\/\/www.quotasicura.com\/de\/wp-json\/wp\/v2\/product_tag?post=171"}],"curies":[{"name":"wp","href":"https:\/\/api.w.org\/{rel}","templated":true}]}}