{"id":174,"date":"2025-10-05T15:54:42","date_gmt":"2025-10-05T15:54:42","guid":{"rendered":"http:\/\/admin"},"modified":"2025-11-28T09:48:54","modified_gmt":"2025-11-28T09:48:54","slug":"metal-hook","status":"publish","type":"product","link":"https:\/\/www.quotasicura.com\/de\/product\/metal-hook\/","title":{"rendered":"METALLHAKEN"},"content":{"rendered":"<p><strong>METALLHAKEN<\/strong> Es ist ein <strong>Anschlagvorrichtung f\u00fcr Absturzsicherungen Typ A<\/strong>Entwickelt, um maximale Sicherheit bei Arbeiten in der H\u00f6he zu gew\u00e4hrleisten. Hergestellt aus <strong>Edelstahl AISI 304<\/strong>h\u00e4lt die Vorschriften ein <strong>UNI 11578:2015<\/strong> und ist zertifiziert f\u00fcr <strong>1 Benutzer<\/strong>Der Haken hat die von einem Drittanbieter durchgef\u00fchrten Tests erfolgreich bestanden und tr\u00e4gt die Kennzeichnung <strong>UNI EN 365<\/strong>, um Qualit\u00e4t und Zuverl\u00e4ssigkeit zu gew\u00e4hrleisten.<\/p>\n<h2>Technische Merkmale<\/h2>\n<div class=\"scrollable-table\" style=\"overflow-x: auto;\">\n<table style=\"width: 100%; border-collapse: collapse;\">\n<thead>\n<tr style=\"background-color: #f2f2f2;\">\n<th style=\"padding: 10px; border: 1px solid #ddd;\">Merkmal<\/th>\n<th style=\"padding: 10px; border: 1px solid #ddd;\">Detail<\/th>\n<\/tr>\n<\/thead>\n<tbody>\n<tr>\n<td style=\"padding: 10px; border: 1px solid #ddd;\">Produktcode<\/td>\n<td style=\"padding: 10px; border: 1px solid #ddd;\">LVTQS224MH<\/td>\n<\/tr>\n<tr>\n<td style=\"padding: 10px; border: 1px solid #ddd;\">Ger\u00e4tetyp<\/td>\n<td style=\"padding: 10px; border: 1px solid #ddd;\">Typ A<\/td>\n<\/tr>\n<tr>\n<td style=\"padding: 10px; border: 1px solid #ddd;\">Maximale Anzahl an Benutzern<\/td>\n<td style=\"padding: 10px; border: 1px solid #ddd;\">1<\/td>\n<\/tr>\n<tr>\n<td style=\"padding: 10px; border: 1px solid #ddd;\">Material<\/td>\n<td style=\"padding: 10px; border: 1px solid #ddd;\">Edelstahl AISI 304<\/td>\n<\/tr>\n<tr>\n<td style=\"padding: 10px; border: 1px solid #ddd;\">Maximal anwendbare Kraft<\/td>\n<td style=\"padding: 10px; border: 1px solid #ddd;\">Von einem Drittanbieter zertifiziert<\/td>\n<\/tr>\n<tr>\n<td style=\"padding: 10px; border: 1px solid #ddd;\">Vorschriften<\/td>\n<td style=\"padding: 10px; border: 1px solid #ddd;\">UNI 11578:2015 \u2013 UNI EN 365<\/td>\n<\/tr>\n<tr>\n<td style=\"padding: 10px; border: 1px solid #ddd;\">Testbericht<\/td>\n<td style=\"padding: 10px; border: 1px solid #ddd;\">UNI 11578:2015 \u00a76 (Drittpartei)<\/td>\n<\/tr>\n<\/tbody>\n<\/table>\n<\/div>\n<h2>Minimale Installationsunterst\u00fctzung<\/h2>\n<div class=\"scrollable-table\" style=\"overflow-x: auto;\">\n<table style=\"width: 100%; border-collapse: collapse;\">\n<thead>\n<tr style=\"background-color: #f2f2f2;\">\n<th style=\"padding: 10px; border: 1px solid #ddd;\">Begleitmaterial<\/th>\n<th style=\"padding: 10px; border: 1px solid #ddd;\">Spezifikationen<\/th>\n<th style=\"padding: 10px; border: 1px solid #ddd;\">Mindestabmessungen<\/th>\n<\/tr>\n<\/thead>\n<tbody>\n<tr>\n<td style=\"padding: 10px; border: 1px solid #ddd;\">Blech<\/td>\n<td style=\"padding: 10px; border: 1px solid #ddd;\">Stahl S 250 GD gem\u00e4\u00df UNI EN 10346:2009<br \/>\nFt = 330 N\/mm\u00b2, Fs = 260 N\/mm\u00b2<\/td>\n<td style=\"padding: 10px; border: 1px solid #ddd;\">4\/10<\/td>\n<\/tr>\n<tr>\n<td style=\"padding: 10px; border: 1px solid #ddd;\">Aluminiumblech<\/td>\n<td style=\"padding: 10px; border: 1px solid #ddd;\">Aluminium 3105 H16, konform mit UNI EN 485<br \/>\nWiderstand 150\u2013200 N\/mm\u00b2<\/td>\n<td style=\"padding: 10px; border: 1px solid #ddd;\">7\/10<\/td>\n<\/tr>\n<\/tbody>\n<\/table>\n<\/div>\n<h2>Art der Mindestbefestigungen<\/h2>\n<div class=\"scrollable-table\" style=\"overflow-x: auto;\">\n<table style=\"width: 100%; border-collapse: collapse;\">\n<thead>\n<tr style=\"background-color: #f2f2f2;\">\n<th style=\"padding: 10px; border: 1px solid #ddd;\">Befestigungsart<\/th>\n<th style=\"padding: 10px; border: 1px solid #ddd;\">Festigkeitsanforderungen<\/th>\n<\/tr>\n<\/thead>\n<tbody>\n<tr>\n<td style=\"padding: 10px; border: 1px solid #ddd;\">Zug- und Scherfestigkeit (Einzelniete)<\/td>\n<td style=\"padding: 10px; border: 1px solid #ddd;\">FRd = 0,9\u00b7PRk \/ \u03b3M2 \u2265 1,497 kN<\/td>\n<\/tr>\n<tr>\n<td style=\"padding: 10px; border: 1px solid #ddd;\">Scherfestigkeit der Nietenkonstruktion<\/td>\n<td style=\"padding: 10px; border: 1px solid #ddd;\">FRd = 0,6\u00b7PRk \/ \u03b3M2 \u2265 1,668 kN<\/td>\n<\/tr>\n<\/tbody>\n<\/table>\n<\/div>","protected":false},"excerpt":{"rendered":"<p>Auffanghaken Typ A aus Edelstahl AISI 304 gem\u00e4\u00df UNI 11578:2015. Zertifiziert f\u00fcr eine Person, gepr\u00fcft durch Dritte und gekennzeichnet nach UNI EN 365. Montage an Blech oder Aluminium mit zertifizierten Befestigungsmitteln m\u00f6glich.<\/p>","protected":false},"featured_media":207,"comment_status":"open","ping_status":"closed","template":"","meta":[],"product_brand":[],"product_cat":[28,36],"product_tag":[],"class_list":{"0":"post-174","1":"product","2":"type-product","3":"status-publish","4":"has-post-thumbnail","6":"product_cat-dispositivi-anticaduta","7":"product_cat-tipo-a","9":"first","10":"instock","11":"shipping-taxable","12":"product-type-simple"},"yoast_head":"<!-- This site is optimized with the Yoast SEO Premium plugin v26.4 (Yoast SEO v26.4) - https:\/\/yoast.com\/wordpress\/plugins\/seo\/ -->\n<title>METAL HOOK - Quota Sicura<\/title>\n<meta name=\"description\" content=\"Metal Hook \u00e8 un gancio di ancoraggio in metallo per tetti a falda. Certificato EN 795, \u00e8 ideale per installazioni rapide su coperture inclinate.\" \/>\n<meta name=\"robots\" content=\"index, follow, max-snippet:-1, max-image-preview:large, max-video-preview:-1\" \/>\n<link rel=\"canonical\" href=\"https:\/\/www.quotasicura.com\/de\/product\/metal-hook\/\" \/>\n<meta property=\"og:locale\" content=\"de_DE\" \/>\n<meta property=\"og:type\" content=\"article\" \/>\n<meta property=\"og:title\" content=\"METAL HOOK\" \/>\n<meta property=\"og:description\" content=\"Metal Hook \u00e8 un gancio di ancoraggio in metallo per tetti a falda. Certificato EN 795, \u00e8 ideale per installazioni rapide su coperture inclinate.\" \/>\n<meta property=\"og:url\" content=\"https:\/\/www.quotasicura.com\/de\/product\/metal-hook\/\" \/>\n<meta property=\"og:site_name\" content=\"Quota Sicura\" \/>\n<meta property=\"article:modified_time\" content=\"2025-11-28T09:48:54+00:00\" \/>\n<meta property=\"og:image\" content=\"https:\/\/www.quotasicura.com\/wp-content\/uploads\/2025\/08\/METAL-HOOK.png\" \/>\n\t<meta property=\"og:image:width\" content=\"1080\" \/>\n\t<meta property=\"og:image:height\" content=\"1350\" \/>\n\t<meta property=\"og:image:type\" content=\"image\/png\" \/>\n<meta name=\"twitter:card\" content=\"summary_large_image\" \/>\n<meta name=\"twitter:label1\" content=\"Gesch\u00e4tzte Lesezeit\" \/>\n\t<meta name=\"twitter:data1\" content=\"2\u00a0Minuten\" \/>\n<script type=\"application\/ld+json\" class=\"yoast-schema-graph\">{\"@context\":\"https:\/\/schema.org\",\"@graph\":[{\"@type\":\"WebPage\",\"@id\":\"https:\/\/www.quotasicura.com\/product\/metal-hook\/\",\"url\":\"https:\/\/www.quotasicura.com\/product\/metal-hook\/\",\"name\":\"METAL HOOK - Quota Sicura\",\"isPartOf\":{\"@id\":\"https:\/\/www.quotasicura.com\/#website\"},\"primaryImageOfPage\":{\"@id\":\"https:\/\/www.quotasicura.com\/product\/metal-hook\/#primaryimage\"},\"image\":{\"@id\":\"https:\/\/www.quotasicura.com\/product\/metal-hook\/#primaryimage\"},\"thumbnailUrl\":\"https:\/\/www.quotasicura.com\/wp-content\/uploads\/2025\/08\/METAL-HOOK.png\",\"datePublished\":\"2025-10-05T15:54:42+00:00\",\"dateModified\":\"2025-11-28T09:48:54+00:00\",\"description\":\"Metal Hook \u00e8 un gancio di ancoraggio in metallo per tetti a falda. Certificato EN 795, \u00e8 ideale per installazioni rapide su coperture inclinate.\",\"breadcrumb\":{\"@id\":\"https:\/\/www.quotasicura.com\/product\/metal-hook\/#breadcrumb\"},\"inLanguage\":\"de\",\"potentialAction\":[{\"@type\":\"ReadAction\",\"target\":[\"https:\/\/www.quotasicura.com\/product\/metal-hook\/\"]}]},{\"@type\":\"ImageObject\",\"inLanguage\":\"de\",\"@id\":\"https:\/\/www.quotasicura.com\/product\/metal-hook\/#primaryimage\",\"url\":\"https:\/\/www.quotasicura.com\/wp-content\/uploads\/2025\/08\/METAL-HOOK.png\",\"contentUrl\":\"https:\/\/www.quotasicura.com\/wp-content\/uploads\/2025\/08\/METAL-HOOK.png\",\"width\":1080,\"height\":1350},{\"@type\":\"BreadcrumbList\",\"@id\":\"https:\/\/www.quotasicura.com\/product\/metal-hook\/#breadcrumb\",\"itemListElement\":[{\"@type\":\"ListItem\",\"position\":1,\"name\":\"Home\",\"item\":\"https:\/\/www.quotasicura.com\/\"},{\"@type\":\"ListItem\",\"position\":2,\"name\":\"Prodotti\",\"item\":\"https:\/\/www.quotasicura.com\/prodotti\/\"},{\"@type\":\"ListItem\",\"position\":3,\"name\":\"METAL HOOK\"}]},{\"@type\":\"WebSite\",\"@id\":\"https:\/\/www.quotasicura.com\/#website\",\"url\":\"https:\/\/www.quotasicura.com\/\",\"name\":\"Quota Sicura\",\"description\":\"\",\"publisher\":{\"@id\":\"https:\/\/www.quotasicura.com\/#organization\"},\"potentialAction\":[{\"@type\":\"SearchAction\",\"target\":{\"@type\":\"EntryPoint\",\"urlTemplate\":\"https:\/\/www.quotasicura.com\/?s={search_term_string}\"},\"query-input\":{\"@type\":\"PropertyValueSpecification\",\"valueRequired\":true,\"valueName\":\"search_term_string\"}}],\"inLanguage\":\"de\"},{\"@type\":\"Organization\",\"@id\":\"https:\/\/www.quotasicura.com\/#organization\",\"name\":\"Quota Sicura\",\"url\":\"https:\/\/www.quotasicura.com\/\",\"logo\":{\"@type\":\"ImageObject\",\"inLanguage\":\"de\",\"@id\":\"https:\/\/www.quotasicura.com\/#\/schema\/logo\/image\/\",\"url\":\"https:\/\/www.quotasicura.com\/wp-content\/uploads\/2025\/10\/LOGO-QUOTA-SICURA.pdf.png\",\"contentUrl\":\"https:\/\/www.quotasicura.com\/wp-content\/uploads\/2025\/10\/LOGO-QUOTA-SICURA.pdf.png\",\"width\":2000,\"height\":614,\"caption\":\"Quota Sicura\"},\"image\":{\"@id\":\"https:\/\/www.quotasicura.com\/#\/schema\/logo\/image\/\"}}]}<\/script>\n<!-- \/ Yoast SEO Premium plugin. -->","yoast_head_json":{"title":"METAL HOOK - Quota Sicura","description":"Metal Hook \u00e8 un gancio di ancoraggio in metallo per tetti a falda. Certificato EN 795, \u00e8 ideale per installazioni rapide su coperture inclinate.","robots":{"index":"index","follow":"follow","max-snippet":"max-snippet:-1","max-image-preview":"max-image-preview:large","max-video-preview":"max-video-preview:-1"},"canonical":"https:\/\/www.quotasicura.com\/de\/product\/metal-hook\/","og_locale":"de_DE","og_type":"article","og_title":"METAL HOOK","og_description":"Metal Hook \u00e8 un gancio di ancoraggio in metallo per tetti a falda. Certificato EN 795, \u00e8 ideale per installazioni rapide su coperture inclinate.","og_url":"https:\/\/www.quotasicura.com\/de\/product\/metal-hook\/","og_site_name":"Quota Sicura","article_modified_time":"2025-11-28T09:48:54+00:00","og_image":[{"width":1080,"height":1350,"url":"https:\/\/www.quotasicura.com\/wp-content\/uploads\/2025\/08\/METAL-HOOK.png","type":"image\/png"}],"twitter_card":"summary_large_image","twitter_misc":{"Gesch\u00e4tzte Lesezeit":"2\u00a0Minuten"},"schema":{"@context":"https:\/\/schema.org","@graph":[{"@type":"WebPage","@id":"https:\/\/www.quotasicura.com\/product\/metal-hook\/","url":"https:\/\/www.quotasicura.com\/product\/metal-hook\/","name":"METAL HOOK - Quota Sicura","isPartOf":{"@id":"https:\/\/www.quotasicura.com\/#website"},"primaryImageOfPage":{"@id":"https:\/\/www.quotasicura.com\/product\/metal-hook\/#primaryimage"},"image":{"@id":"https:\/\/www.quotasicura.com\/product\/metal-hook\/#primaryimage"},"thumbnailUrl":"https:\/\/www.quotasicura.com\/wp-content\/uploads\/2025\/08\/METAL-HOOK.png","datePublished":"2025-10-05T15:54:42+00:00","dateModified":"2025-11-28T09:48:54+00:00","description":"Metal Hook \u00e8 un gancio di ancoraggio in metallo per tetti a falda. Certificato EN 795, \u00e8 ideale per installazioni rapide su coperture inclinate.","breadcrumb":{"@id":"https:\/\/www.quotasicura.com\/product\/metal-hook\/#breadcrumb"},"inLanguage":"de","potentialAction":[{"@type":"ReadAction","target":["https:\/\/www.quotasicura.com\/product\/metal-hook\/"]}]},{"@type":"ImageObject","inLanguage":"de","@id":"https:\/\/www.quotasicura.com\/product\/metal-hook\/#primaryimage","url":"https:\/\/www.quotasicura.com\/wp-content\/uploads\/2025\/08\/METAL-HOOK.png","contentUrl":"https:\/\/www.quotasicura.com\/wp-content\/uploads\/2025\/08\/METAL-HOOK.png","width":1080,"height":1350},{"@type":"BreadcrumbList","@id":"https:\/\/www.quotasicura.com\/product\/metal-hook\/#breadcrumb","itemListElement":[{"@type":"ListItem","position":1,"name":"Home","item":"https:\/\/www.quotasicura.com\/"},{"@type":"ListItem","position":2,"name":"Prodotti","item":"https:\/\/www.quotasicura.com\/prodotti\/"},{"@type":"ListItem","position":3,"name":"METAL HOOK"}]},{"@type":"WebSite","@id":"https:\/\/www.quotasicura.com\/#website","url":"https:\/\/www.quotasicura.com\/","name":"Sichere Quote","description":"","publisher":{"@id":"https:\/\/www.quotasicura.com\/#organization"},"potentialAction":[{"@type":"SearchAction","target":{"@type":"EntryPoint","urlTemplate":"https:\/\/www.quotasicura.com\/?s={search_term_string}"},"query-input":{"@type":"PropertyValueSpecification","valueRequired":true,"valueName":"search_term_string"}}],"inLanguage":"de"},{"@type":"Organization","@id":"https:\/\/www.quotasicura.com\/#organization","name":"Sichere Quote","url":"https:\/\/www.quotasicura.com\/","logo":{"@type":"ImageObject","inLanguage":"de","@id":"https:\/\/www.quotasicura.com\/#\/schema\/logo\/image\/","url":"https:\/\/www.quotasicura.com\/wp-content\/uploads\/2025\/10\/LOGO-QUOTA-SICURA.pdf.png","contentUrl":"https:\/\/www.quotasicura.com\/wp-content\/uploads\/2025\/10\/LOGO-QUOTA-SICURA.pdf.png","width":2000,"height":614,"caption":"Quota Sicura"},"image":{"@id":"https:\/\/www.quotasicura.com\/#\/schema\/logo\/image\/"}}]}},"_links":{"self":[{"href":"https:\/\/www.quotasicura.com\/de\/wp-json\/wp\/v2\/product\/174","targetHints":{"allow":["GET"]}}],"collection":[{"href":"https:\/\/www.quotasicura.com\/de\/wp-json\/wp\/v2\/product"}],"about":[{"href":"https:\/\/www.quotasicura.com\/de\/wp-json\/wp\/v2\/types\/product"}],"replies":[{"embeddable":true,"href":"https:\/\/www.quotasicura.com\/de\/wp-json\/wp\/v2\/comments?post=174"}],"wp:featuredmedia":[{"embeddable":true,"href":"https:\/\/www.quotasicura.com\/de\/wp-json\/wp\/v2\/media\/207"}],"wp:attachment":[{"href":"https:\/\/www.quotasicura.com\/de\/wp-json\/wp\/v2\/media?parent=174"}],"wp:term":[{"taxonomy":"product_brand","embeddable":true,"href":"https:\/\/www.quotasicura.com\/de\/wp-json\/wp\/v2\/product_brand?post=174"},{"taxonomy":"product_cat","embeddable":true,"href":"https:\/\/www.quotasicura.com\/de\/wp-json\/wp\/v2\/product_cat?post=174"},{"taxonomy":"product_tag","embeddable":true,"href":"https:\/\/www.quotasicura.com\/de\/wp-json\/wp\/v2\/product_tag?post=174"}],"curies":[{"name":"wp","href":"https:\/\/api.w.org\/{rel}","templated":true}]}}