{"id":187,"date":"2025-10-05T15:54:42","date_gmt":"2025-10-05T15:54:42","guid":{"rendered":"http:\/\/admin"},"modified":"2025-11-28T10:18:26","modified_gmt":"2025-11-28T10:18:26","slug":"targa-unica-inox","status":"publish","type":"product","link":"https:\/\/www.quotasicura.com\/de\/product\/targa-unica-inox\/","title":{"rendered":"EINZELNE EDELSTAHLPLATTE"},"content":{"rendered":"<p><strong>EINZELTELLER<\/strong> Es ist ein <strong>Auffangvorrichtung Typ C<\/strong> Konzipiert f\u00fcr Metall- und Aluminiumd\u00e4cher. Hergestellt aus <strong>Edelstahl AISI 304<\/strong>Gew\u00e4hrleistet Best\u00e4ndigkeit und Langlebigkeit auch unter extremen Umweltbedingungen. Entspricht den geltenden Vorschriften. <strong>UNI 11578:2015<\/strong>, wird getestet auf <strong>2 gleichzeitige Benutzer<\/strong>mit einer maximalen Spannweite von 10 m und Rettungsleinen bis zu 30 m.<\/p>\n<h2>Technische Merkmale<\/h2>\n<div class=\"scrollable-table\" style=\"overflow-x: auto;\">\n<table style=\"width: 100%; border-collapse: collapse;\">\n<thead>\n<tr style=\"background-color: #f2f2f2;\">\n<th style=\"padding: 10px; border: 1px solid #ddd;\">Merkmal<\/th>\n<th style=\"padding: 10px; border: 1px solid #ddd;\">Detail<\/th>\n<\/tr>\n<\/thead>\n<tbody>\n<tr>\n<td style=\"padding: 10px; border: 1px solid #ddd;\">Produktcode<\/td>\n<td style=\"padding: 10px; border: 1px solid #ddd;\">LVTQSUNITRG \u2013 EDELSTAHL<\/td>\n<\/tr>\n<tr>\n<td style=\"padding: 10px; border: 1px solid #ddd;\">Ger\u00e4tetyp<\/td>\n<td style=\"padding: 10px; border: 1px solid #ddd;\">Typ C<\/td>\n<\/tr>\n<tr>\n<td style=\"padding: 10px; border: 1px solid #ddd;\">Maximale Anzahl an Benutzern<\/td>\n<td style=\"padding: 10px; border: 1px solid #ddd;\">2<\/td>\n<\/tr>\n<tr>\n<td style=\"padding: 10px; border: 1px solid #ddd;\">Maximale Spannweite<\/td>\n<td style=\"padding: 10px; border: 1px solid #ddd;\">10 m<\/td>\n<\/tr>\n<tr>\n<td style=\"padding: 10px; border: 1px solid #ddd;\">Maximale Leitungsl\u00e4nge<\/td>\n<td style=\"padding: 10px; border: 1px solid #ddd;\">30 m<\/td>\n<\/tr>\n<tr>\n<td style=\"padding: 10px; border: 1px solid #ddd;\">Maximal anwendbare Kraft<\/td>\n<td style=\"padding: 10px; border: 1px solid #ddd;\">8 kN<\/td>\n<\/tr>\n<tr>\n<td style=\"padding: 10px; border: 1px solid #ddd;\">Material<\/td>\n<td style=\"padding: 10px; border: 1px solid #ddd;\">Edelstahl AISI 304<\/td>\n<\/tr>\n<tr>\n<td style=\"padding: 10px; border: 1px solid #ddd;\">Testbericht<\/td>\n<td style=\"padding: 10px; border: 1px solid #ddd;\">UNI 11578:2015 \u2013 UNI EN 795:2012 \u2013 UNI CEN\/TS 16415:2013 (Drittstelle)<\/td>\n<\/tr>\n<tr>\n<td style=\"padding: 10px; border: 1px solid #ddd;\">Markierung<\/td>\n<td style=\"padding: 10px; border: 1px solid #ddd;\">UNI 11578:2015 \u00a76 \u2013 UNI EN 365<\/td>\n<\/tr>\n<\/tbody>\n<\/table>\n<\/div>\n<h2>Minimale Installationsunterst\u00fctzung<\/h2>\n<div class=\"scrollable-table\" style=\"overflow-x: auto;\">\n<table style=\"width: 100%; border-collapse: collapse;\">\n<thead>\n<tr style=\"background-color: #f2f2f2;\">\n<th style=\"padding: 10px; border: 1px solid #ddd;\">Begleitmaterial<\/th>\n<th style=\"padding: 10px; border: 1px solid #ddd;\">Spezifikationen<\/th>\n<th style=\"padding: 10px; border: 1px solid #ddd;\">Mindestabmessungen<\/th>\n<\/tr>\n<\/thead>\n<tbody>\n<tr>\n<td style=\"padding: 10px; border: 1px solid #ddd;\">Blech<\/td>\n<td style=\"padding: 10px; border: 1px solid #ddd;\">Stahl S 250 GD gem\u00e4\u00df UNI EN 10346:2009, f<sub>T<\/sub>=330 N\/mm\u00b2, f<sub>y<\/sub>=260 N\/mm\u00b2, min. Dehnung A80=19% (UNI EN 10143)<\/td>\n<td style=\"padding: 10px; border: 1px solid #ddd;\">4\/10<\/td>\n<\/tr>\n<tr>\n<td style=\"padding: 10px; border: 1px solid #ddd;\">Aluminiumblech<\/td>\n<td style=\"padding: 10px; border: 1px solid #ddd;\">Aluminium 3105 H16 gem\u00e4\u00df UNI EN 485, f<sub>T<\/sub>=150-200 N\/mm\u00b2<\/td>\n<td style=\"padding: 10px; border: 1px solid #ddd;\">7\/10<\/td>\n<\/tr>\n<\/tbody>\n<\/table>\n<\/div>\n<h2>Art der Mindestbefestigungen<\/h2>\n<p>Nieten, hergestellt von der Firma <strong>SFS INTEC<\/strong> Mod. BULB-TITE Art.-Nr. RV6604\/4.6W A5-2, Geh\u00e4use aus Al-Mg-5 Aluminium \u00d8 5,2 \u00d7 16 mm mit EPDM-Unterlegscheibe, Klemmst\u00e4rke von 1,5 bis 5,4 mm. Geschlossene Bl\u00fctenk\u00f6pfe \u00d8 min. 8,5 mm. Andere Marken sind zul\u00e4ssig, sofern sie die folgenden Spezifikationen erf\u00fcllen: <strong>\u00e4quivalente Widerstandswerte<\/strong>.<\/p>","protected":false},"excerpt":{"rendered":"<p data-start=\"361\" data-end=\"631\">TARGA UNICA ist ein Sicherheitsanker f\u00fcr Rettungsleinen aus Edelstahl AISI 304. Er entspricht der Norm UNI 11578:2015 und ist als Typ-C-Ger\u00e4t f\u00fcr zwei Benutzer mit einer Spannweite von bis zu 10 m und einer Rettungsleinenl\u00e4nge von bis zu 30 m zertifiziert. Ideal f\u00fcr Metall- und Aluminiumd\u00e4cher.<\/p>","protected":false},"featured_media":194,"comment_status":"open","ping_status":"closed","template":"","meta":[],"product_brand":[],"product_cat":[28,37],"product_tag":[],"class_list":{"0":"post-187","1":"product","2":"type-product","3":"status-publish","4":"has-post-thumbnail","6":"product_cat-dispositivi-anticaduta","7":"product_cat-tipo-c-a","9":"first","10":"instock","11":"shipping-taxable","12":"product-type-simple"},"yoast_head":"<!-- This site is optimized with the Yoast SEO Premium plugin v26.4 (Yoast SEO v26.4) - https:\/\/yoast.com\/wordpress\/plugins\/seo\/ -->\n<title>TARGA UNICA INOX - Quota Sicura<\/title>\n<meta name=\"description\" content=\"Targa Unica Inox in acciaio inox per la marcatura identificativa di linee vita e ancoraggi. Conforme alle normative EN 795 e UNI.\" \/>\n<meta name=\"robots\" content=\"index, follow, max-snippet:-1, max-image-preview:large, max-video-preview:-1\" \/>\n<link rel=\"canonical\" href=\"https:\/\/www.quotasicura.com\/de\/product\/targa-unica-inox\/\" \/>\n<meta property=\"og:locale\" content=\"de_DE\" \/>\n<meta property=\"og:type\" content=\"article\" \/>\n<meta property=\"og:title\" content=\"TARGA UNICA INOX\" \/>\n<meta property=\"og:description\" content=\"Targa Unica Inox in acciaio inox per la marcatura identificativa di linee vita e ancoraggi. Conforme alle normative EN 795 e UNI.\" \/>\n<meta property=\"og:url\" content=\"https:\/\/www.quotasicura.com\/de\/product\/targa-unica-inox\/\" \/>\n<meta property=\"og:site_name\" content=\"Quota Sicura\" \/>\n<meta property=\"article:modified_time\" content=\"2025-11-28T10:18:26+00:00\" \/>\n<meta property=\"og:image\" content=\"https:\/\/www.quotasicura.com\/wp-content\/uploads\/2025\/08\/TARGA-UNICA.png\" \/>\n\t<meta property=\"og:image:width\" content=\"1080\" \/>\n\t<meta property=\"og:image:height\" content=\"1350\" \/>\n\t<meta property=\"og:image:type\" content=\"image\/png\" \/>\n<meta name=\"twitter:card\" content=\"summary_large_image\" \/>\n<meta name=\"twitter:label1\" content=\"Gesch\u00e4tzte Lesezeit\" \/>\n\t<meta name=\"twitter:data1\" content=\"2\u00a0Minuten\" \/>\n<script type=\"application\/ld+json\" class=\"yoast-schema-graph\">{\"@context\":\"https:\/\/schema.org\",\"@graph\":[{\"@type\":\"WebPage\",\"@id\":\"https:\/\/www.quotasicura.com\/product\/targa-unica-inox\/\",\"url\":\"https:\/\/www.quotasicura.com\/product\/targa-unica-inox\/\",\"name\":\"TARGA UNICA INOX - Quota Sicura\",\"isPartOf\":{\"@id\":\"https:\/\/www.quotasicura.com\/#website\"},\"primaryImageOfPage\":{\"@id\":\"https:\/\/www.quotasicura.com\/product\/targa-unica-inox\/#primaryimage\"},\"image\":{\"@id\":\"https:\/\/www.quotasicura.com\/product\/targa-unica-inox\/#primaryimage\"},\"thumbnailUrl\":\"https:\/\/www.quotasicura.com\/wp-content\/uploads\/2025\/08\/TARGA-UNICA.png\",\"datePublished\":\"2025-10-05T15:54:42+00:00\",\"dateModified\":\"2025-11-28T10:18:26+00:00\",\"description\":\"Targa Unica Inox in acciaio inox per la marcatura identificativa di linee vita e ancoraggi. Conforme alle normative EN 795 e UNI.\",\"breadcrumb\":{\"@id\":\"https:\/\/www.quotasicura.com\/product\/targa-unica-inox\/#breadcrumb\"},\"inLanguage\":\"de\",\"potentialAction\":[{\"@type\":\"ReadAction\",\"target\":[\"https:\/\/www.quotasicura.com\/product\/targa-unica-inox\/\"]}]},{\"@type\":\"ImageObject\",\"inLanguage\":\"de\",\"@id\":\"https:\/\/www.quotasicura.com\/product\/targa-unica-inox\/#primaryimage\",\"url\":\"https:\/\/www.quotasicura.com\/wp-content\/uploads\/2025\/08\/TARGA-UNICA.png\",\"contentUrl\":\"https:\/\/www.quotasicura.com\/wp-content\/uploads\/2025\/08\/TARGA-UNICA.png\",\"width\":1080,\"height\":1350},{\"@type\":\"BreadcrumbList\",\"@id\":\"https:\/\/www.quotasicura.com\/product\/targa-unica-inox\/#breadcrumb\",\"itemListElement\":[{\"@type\":\"ListItem\",\"position\":1,\"name\":\"Home\",\"item\":\"https:\/\/www.quotasicura.com\/\"},{\"@type\":\"ListItem\",\"position\":2,\"name\":\"Prodotti\",\"item\":\"https:\/\/www.quotasicura.com\/prodotti\/\"},{\"@type\":\"ListItem\",\"position\":3,\"name\":\"TARGA UNICA INOX\"}]},{\"@type\":\"WebSite\",\"@id\":\"https:\/\/www.quotasicura.com\/#website\",\"url\":\"https:\/\/www.quotasicura.com\/\",\"name\":\"Quota Sicura\",\"description\":\"\",\"publisher\":{\"@id\":\"https:\/\/www.quotasicura.com\/#organization\"},\"potentialAction\":[{\"@type\":\"SearchAction\",\"target\":{\"@type\":\"EntryPoint\",\"urlTemplate\":\"https:\/\/www.quotasicura.com\/?s={search_term_string}\"},\"query-input\":{\"@type\":\"PropertyValueSpecification\",\"valueRequired\":true,\"valueName\":\"search_term_string\"}}],\"inLanguage\":\"de\"},{\"@type\":\"Organization\",\"@id\":\"https:\/\/www.quotasicura.com\/#organization\",\"name\":\"Quota Sicura\",\"url\":\"https:\/\/www.quotasicura.com\/\",\"logo\":{\"@type\":\"ImageObject\",\"inLanguage\":\"de\",\"@id\":\"https:\/\/www.quotasicura.com\/#\/schema\/logo\/image\/\",\"url\":\"https:\/\/www.quotasicura.com\/wp-content\/uploads\/2025\/10\/LOGO-QUOTA-SICURA.pdf.png\",\"contentUrl\":\"https:\/\/www.quotasicura.com\/wp-content\/uploads\/2025\/10\/LOGO-QUOTA-SICURA.pdf.png\",\"width\":2000,\"height\":614,\"caption\":\"Quota Sicura\"},\"image\":{\"@id\":\"https:\/\/www.quotasicura.com\/#\/schema\/logo\/image\/\"}}]}<\/script>\n<!-- \/ Yoast SEO Premium plugin. -->","yoast_head_json":{"title":"TARGA UNICA INOX - Quota Sicura","description":"Targa Unica Inox in acciaio inox per la marcatura identificativa di linee vita e ancoraggi. Conforme alle normative EN 795 e UNI.","robots":{"index":"index","follow":"follow","max-snippet":"max-snippet:-1","max-image-preview":"max-image-preview:large","max-video-preview":"max-video-preview:-1"},"canonical":"https:\/\/www.quotasicura.com\/de\/product\/targa-unica-inox\/","og_locale":"de_DE","og_type":"article","og_title":"TARGA UNICA INOX","og_description":"Targa Unica Inox in acciaio inox per la marcatura identificativa di linee vita e ancoraggi. Conforme alle normative EN 795 e UNI.","og_url":"https:\/\/www.quotasicura.com\/de\/product\/targa-unica-inox\/","og_site_name":"Quota Sicura","article_modified_time":"2025-11-28T10:18:26+00:00","og_image":[{"width":1080,"height":1350,"url":"https:\/\/www.quotasicura.com\/wp-content\/uploads\/2025\/08\/TARGA-UNICA.png","type":"image\/png"}],"twitter_card":"summary_large_image","twitter_misc":{"Gesch\u00e4tzte Lesezeit":"2\u00a0Minuten"},"schema":{"@context":"https:\/\/schema.org","@graph":[{"@type":"WebPage","@id":"https:\/\/www.quotasicura.com\/product\/targa-unica-inox\/","url":"https:\/\/www.quotasicura.com\/product\/targa-unica-inox\/","name":"TARGA UNICA INOX - Quota Sicura","isPartOf":{"@id":"https:\/\/www.quotasicura.com\/#website"},"primaryImageOfPage":{"@id":"https:\/\/www.quotasicura.com\/product\/targa-unica-inox\/#primaryimage"},"image":{"@id":"https:\/\/www.quotasicura.com\/product\/targa-unica-inox\/#primaryimage"},"thumbnailUrl":"https:\/\/www.quotasicura.com\/wp-content\/uploads\/2025\/08\/TARGA-UNICA.png","datePublished":"2025-10-05T15:54:42+00:00","dateModified":"2025-11-28T10:18:26+00:00","description":"Targa Unica Inox in acciaio inox per la marcatura identificativa di linee vita e ancoraggi. Conforme alle normative EN 795 e UNI.","breadcrumb":{"@id":"https:\/\/www.quotasicura.com\/product\/targa-unica-inox\/#breadcrumb"},"inLanguage":"de","potentialAction":[{"@type":"ReadAction","target":["https:\/\/www.quotasicura.com\/product\/targa-unica-inox\/"]}]},{"@type":"ImageObject","inLanguage":"de","@id":"https:\/\/www.quotasicura.com\/product\/targa-unica-inox\/#primaryimage","url":"https:\/\/www.quotasicura.com\/wp-content\/uploads\/2025\/08\/TARGA-UNICA.png","contentUrl":"https:\/\/www.quotasicura.com\/wp-content\/uploads\/2025\/08\/TARGA-UNICA.png","width":1080,"height":1350},{"@type":"BreadcrumbList","@id":"https:\/\/www.quotasicura.com\/product\/targa-unica-inox\/#breadcrumb","itemListElement":[{"@type":"ListItem","position":1,"name":"Home","item":"https:\/\/www.quotasicura.com\/"},{"@type":"ListItem","position":2,"name":"Prodotti","item":"https:\/\/www.quotasicura.com\/prodotti\/"},{"@type":"ListItem","position":3,"name":"TARGA UNICA INOX"}]},{"@type":"WebSite","@id":"https:\/\/www.quotasicura.com\/#website","url":"https:\/\/www.quotasicura.com\/","name":"Sichere Quote","description":"","publisher":{"@id":"https:\/\/www.quotasicura.com\/#organization"},"potentialAction":[{"@type":"SearchAction","target":{"@type":"EntryPoint","urlTemplate":"https:\/\/www.quotasicura.com\/?s={search_term_string}"},"query-input":{"@type":"PropertyValueSpecification","valueRequired":true,"valueName":"search_term_string"}}],"inLanguage":"de"},{"@type":"Organization","@id":"https:\/\/www.quotasicura.com\/#organization","name":"Sichere Quote","url":"https:\/\/www.quotasicura.com\/","logo":{"@type":"ImageObject","inLanguage":"de","@id":"https:\/\/www.quotasicura.com\/#\/schema\/logo\/image\/","url":"https:\/\/www.quotasicura.com\/wp-content\/uploads\/2025\/10\/LOGO-QUOTA-SICURA.pdf.png","contentUrl":"https:\/\/www.quotasicura.com\/wp-content\/uploads\/2025\/10\/LOGO-QUOTA-SICURA.pdf.png","width":2000,"height":614,"caption":"Quota Sicura"},"image":{"@id":"https:\/\/www.quotasicura.com\/#\/schema\/logo\/image\/"}}]}},"_links":{"self":[{"href":"https:\/\/www.quotasicura.com\/de\/wp-json\/wp\/v2\/product\/187","targetHints":{"allow":["GET"]}}],"collection":[{"href":"https:\/\/www.quotasicura.com\/de\/wp-json\/wp\/v2\/product"}],"about":[{"href":"https:\/\/www.quotasicura.com\/de\/wp-json\/wp\/v2\/types\/product"}],"replies":[{"embeddable":true,"href":"https:\/\/www.quotasicura.com\/de\/wp-json\/wp\/v2\/comments?post=187"}],"wp:featuredmedia":[{"embeddable":true,"href":"https:\/\/www.quotasicura.com\/de\/wp-json\/wp\/v2\/media\/194"}],"wp:attachment":[{"href":"https:\/\/www.quotasicura.com\/de\/wp-json\/wp\/v2\/media?parent=187"}],"wp:term":[{"taxonomy":"product_brand","embeddable":true,"href":"https:\/\/www.quotasicura.com\/de\/wp-json\/wp\/v2\/product_brand?post=187"},{"taxonomy":"product_cat","embeddable":true,"href":"https:\/\/www.quotasicura.com\/de\/wp-json\/wp\/v2\/product_cat?post=187"},{"taxonomy":"product_tag","embeddable":true,"href":"https:\/\/www.quotasicura.com\/de\/wp-json\/wp\/v2\/product_tag?post=187"}],"curies":[{"name":"wp","href":"https:\/\/api.w.org\/{rel}","templated":true}]}}