{"id":491,"date":"2025-10-07T15:26:20","date_gmt":"2025-10-07T15:26:20","guid":{"rendered":"https:\/\/www.quotasicura.com\/?post_type=product&#038;p=491"},"modified":"2025-11-28T09:33:39","modified_gmt":"2025-11-28T09:33:39","slug":"pole-25-inox-base-colmo-2","status":"publish","type":"product","link":"https:\/\/www.quotasicura.com\/de\/product\/pole-25-inox-base-colmo-2\/","title":{"rendered":"POLE 25 INOX \u2013 RIDGE FASE"},"content":{"rendered":"<p><strong>POLE 25 Basis Colmo<\/strong> Es ist ein <strong>Auffangvorrichtung Typ A und C<\/strong>, konzipiert f\u00fcr die Montage auf D\u00e4chern mit Firstverankerung. Hergestellt aus <strong>Edelstahl AISI 304<\/strong>h\u00e4lt die Vorschriften ein <strong>UNI 11578:2015<\/strong> und ist zertifiziert f\u00fcr <strong>3 gleichzeitige Benutzer<\/strong>Verf\u00fcgbar in folgenden Versionen <strong>H.300 und H.500<\/strong>, erm\u00f6glicht ein <strong>maximale Spannweite von 16 m<\/strong> und eins <strong>Rettungsleine bis zu 45 m<\/strong>Gepr\u00fcft gem\u00e4\u00df <strong>UNI EN 795:2012<\/strong> Und <strong>UNI CEN\/TS 16415:2013<\/strong>, stellt eine sichere und langlebige L\u00f6sung f\u00fcr Absturzsicherungssysteme dar.<\/p>\n<h2>Technische Merkmale<\/h2>\n<div class=\"scrollable-table\" style=\"overflow-x: auto;\">\n<table style=\"width: 100%; border-collapse: collapse;\">\n<thead>\n<tr style=\"background-color: #f2f2f2;\">\n<th style=\"padding: 10px; border: 1px solid #ddd;\">Merkmal<\/th>\n<th style=\"padding: 10px; border: 1px solid #ddd;\">Detail<\/th>\n<\/tr>\n<\/thead>\n<tbody>\n<tr>\n<td style=\"padding: 10px; border: 1px solid #ddd;\">Produktcodes<\/td>\n<td style=\"padding: 10px; border: 1px solid #ddd;\">LVTQS300P25BC \u2013 INOX (H.300)<br \/>\nLVTQS500P25BC \u2013 INOX (H.500)<\/td>\n<\/tr>\n<tr>\n<td style=\"padding: 10px; border: 1px solid #ddd;\">Ger\u00e4tetyp<\/td>\n<td style=\"padding: 10px; border: 1px solid #ddd;\">Typ A und C<\/td>\n<\/tr>\n<tr>\n<td style=\"padding: 10px; border: 1px solid #ddd;\">Maximale Anzahl an Benutzern<\/td>\n<td style=\"padding: 10px; border: 1px solid #ddd;\">3<\/td>\n<\/tr>\n<tr>\n<td style=\"padding: 10px; border: 1px solid #ddd;\">Maximale Spannweite<\/td>\n<td style=\"padding: 10px; border: 1px solid #ddd;\">16 m<\/td>\n<\/tr>\n<tr>\n<td style=\"padding: 10px; border: 1px solid #ddd;\">Maximale Leitungsl\u00e4nge<\/td>\n<td style=\"padding: 10px; border: 1px solid #ddd;\">45 m<\/td>\n<\/tr>\n<tr>\n<td style=\"padding: 10px; border: 1px solid #ddd;\">Maximal anwendbare Kraft<\/td>\n<td style=\"padding: 10px; border: 1px solid #ddd;\">8 kN<\/td>\n<\/tr>\n<tr>\n<td style=\"padding: 10px; border: 1px solid #ddd;\">Material<\/td>\n<td style=\"padding: 10px; border: 1px solid #ddd;\">Edelstahl AISI 304<\/td>\n<\/tr>\n<tr>\n<td style=\"padding: 10px; border: 1px solid #ddd;\">Testbericht<\/td>\n<td style=\"padding: 10px; border: 1px solid #ddd;\">UNI 11578:2015 \u2013 UNI EN 795:2012 \u2013 UNI CEN\/TS 16415:2013 (Drittstelle)<\/td>\n<\/tr>\n<tr>\n<td style=\"padding: 10px; border: 1px solid #ddd;\">Markierung<\/td>\n<td style=\"padding: 10px; border: 1px solid #ddd;\">UNI 11578:2015 \u00a76 \u2013 UNI EN 365<\/td>\n<\/tr>\n<\/tbody>\n<\/table>\n<\/div>\n<h2>Minimale Installationsunterst\u00fctzung<\/h2>\n<div class=\"scrollable-table\" style=\"overflow-x: auto;\">\n<table style=\"width: 100%; border-collapse: collapse;\">\n<thead>\n<tr style=\"background-color: #f2f2f2;\">\n<th style=\"padding: 10px; border: 1px solid #ddd;\">Begleitmaterial<\/th>\n<th style=\"padding: 10px; border: 1px solid #ddd;\">Spezifikationen<\/th>\n<th style=\"padding: 10px; border: 1px solid #ddd;\">Mindestabmessungen<\/th>\n<\/tr>\n<\/thead>\n<tbody>\n<tr>\n<td style=\"padding: 10px; border: 1px solid #ddd;\">C20\/25 Beton<\/td>\n<td style=\"padding: 10px; border: 1px solid #ddd;\">Entspricht UNI EN 206-1 \u2013 UNI 11024 \u2013 NTC 2018<\/td>\n<td style=\"padding: 10px; border: 1px solid #ddd;\">25\u00d730 cm (Mechanik) \u2013 12\u00d720 cm (Chemie)<\/td>\n<\/tr>\n<tr>\n<td style=\"padding: 10px; border: 1px solid #ddd;\">Holz<\/td>\n<\/tr>\n<\/tbody>\n<\/table>\n<\/div>","protected":false},"excerpt":{"rendered":"<p>Auffangpfosten POLE 25 mit Firstfu\u00df aus Edelstahl AISI 304, erh\u00e4ltlich in den H\u00f6hen H.300 und H.500. Ger\u00e4t Typ A und C gem\u00e4\u00df UNI 11578:2015, zertifiziert f\u00fcr 3 Benutzer, Spannweite bis zu 16 m und Seill\u00e4nge bis zu 45 m.<\/p>","protected":false},"featured_media":503,"comment_status":"open","ping_status":"closed","template":"","meta":[],"product_brand":[],"product_cat":[28,37],"product_tag":[],"class_list":{"0":"post-491","1":"product","2":"type-product","3":"status-publish","4":"has-post-thumbnail","6":"product_cat-dispositivi-anticaduta","7":"product_cat-tipo-c-a","9":"first","10":"instock","11":"shipping-taxable","12":"product-type-variable"},"yoast_head":"<!-- This site is optimized with the Yoast SEO Premium plugin v26.4 (Yoast SEO v26.4) - https:\/\/yoast.com\/wordpress\/plugins\/seo\/ -->\n<title>POLE 25 INOX - BASE COLMO - Quota Sicura<\/title>\n<meta name=\"description\" content=\"POLE 25 INOX con base colmo, ancoraggio tipo A certificato EN 795 per montaggio su colmo di tetti a falda. Soluzione ideale per linee vita.\" \/>\n<meta name=\"robots\" content=\"index, follow, max-snippet:-1, max-image-preview:large, max-video-preview:-1\" \/>\n<link rel=\"canonical\" href=\"https:\/\/www.quotasicura.com\/de\/product\/pole-25-inox-base-colmo-2\/\" \/>\n<meta property=\"og:locale\" content=\"de_DE\" \/>\n<meta property=\"og:type\" content=\"article\" \/>\n<meta property=\"og:title\" content=\"POLE 25 INOX - BASE COLMO\" \/>\n<meta property=\"og:description\" content=\"POLE 25 INOX con base colmo, ancoraggio tipo A certificato EN 795 per montaggio su colmo di tetti a falda. Soluzione ideale per linee vita.\" \/>\n<meta property=\"og:url\" content=\"https:\/\/www.quotasicura.com\/de\/product\/pole-25-inox-base-colmo-2\/\" \/>\n<meta property=\"og:site_name\" content=\"Quota Sicura\" \/>\n<meta property=\"article:modified_time\" content=\"2025-11-28T09:33:39+00:00\" \/>\n<meta property=\"og:image\" content=\"https:\/\/www.quotasicura.com\/wp-content\/uploads\/2025\/10\/POLE-25-BASE-COLMO.png\" \/>\n\t<meta property=\"og:image:width\" content=\"1080\" \/>\n\t<meta property=\"og:image:height\" content=\"1350\" \/>\n\t<meta property=\"og:image:type\" content=\"image\/png\" \/>\n<meta name=\"twitter:card\" content=\"summary_large_image\" \/>\n<meta name=\"twitter:label1\" content=\"Gesch\u00e4tzte Lesezeit\" \/>\n\t<meta name=\"twitter:data1\" content=\"2\u00a0Minuten\" \/>\n<script type=\"application\/ld+json\" class=\"yoast-schema-graph\">{\"@context\":\"https:\/\/schema.org\",\"@graph\":[{\"@type\":\"WebPage\",\"@id\":\"https:\/\/www.quotasicura.com\/product\/pole-25-inox-base-colmo-2\/\",\"url\":\"https:\/\/www.quotasicura.com\/product\/pole-25-inox-base-colmo-2\/\",\"name\":\"POLE 25 INOX - BASE COLMO - Quota Sicura\",\"isPartOf\":{\"@id\":\"https:\/\/www.quotasicura.com\/#website\"},\"primaryImageOfPage\":{\"@id\":\"https:\/\/www.quotasicura.com\/product\/pole-25-inox-base-colmo-2\/#primaryimage\"},\"image\":{\"@id\":\"https:\/\/www.quotasicura.com\/product\/pole-25-inox-base-colmo-2\/#primaryimage\"},\"thumbnailUrl\":\"https:\/\/www.quotasicura.com\/wp-content\/uploads\/2025\/10\/POLE-25-BASE-COLMO.png\",\"datePublished\":\"2025-10-07T15:26:20+00:00\",\"dateModified\":\"2025-11-28T09:33:39+00:00\",\"description\":\"POLE 25 INOX con base colmo, ancoraggio tipo A certificato EN 795 per montaggio su colmo di tetti a falda. Soluzione ideale per linee vita.\",\"breadcrumb\":{\"@id\":\"https:\/\/www.quotasicura.com\/product\/pole-25-inox-base-colmo-2\/#breadcrumb\"},\"inLanguage\":\"de\",\"potentialAction\":[{\"@type\":\"ReadAction\",\"target\":[\"https:\/\/www.quotasicura.com\/product\/pole-25-inox-base-colmo-2\/\"]}]},{\"@type\":\"ImageObject\",\"inLanguage\":\"de\",\"@id\":\"https:\/\/www.quotasicura.com\/product\/pole-25-inox-base-colmo-2\/#primaryimage\",\"url\":\"https:\/\/www.quotasicura.com\/wp-content\/uploads\/2025\/10\/POLE-25-BASE-COLMO.png\",\"contentUrl\":\"https:\/\/www.quotasicura.com\/wp-content\/uploads\/2025\/10\/POLE-25-BASE-COLMO.png\",\"width\":1080,\"height\":1350},{\"@type\":\"BreadcrumbList\",\"@id\":\"https:\/\/www.quotasicura.com\/product\/pole-25-inox-base-colmo-2\/#breadcrumb\",\"itemListElement\":[{\"@type\":\"ListItem\",\"position\":1,\"name\":\"Home\",\"item\":\"https:\/\/www.quotasicura.com\/\"},{\"@type\":\"ListItem\",\"position\":2,\"name\":\"Prodotti\",\"item\":\"https:\/\/www.quotasicura.com\/prodotti\/\"},{\"@type\":\"ListItem\",\"position\":3,\"name\":\"POLE 25 INOX &#8211; BASE COLMO\"}]},{\"@type\":\"WebSite\",\"@id\":\"https:\/\/www.quotasicura.com\/#website\",\"url\":\"https:\/\/www.quotasicura.com\/\",\"name\":\"Quota Sicura\",\"description\":\"\",\"publisher\":{\"@id\":\"https:\/\/www.quotasicura.com\/#organization\"},\"potentialAction\":[{\"@type\":\"SearchAction\",\"target\":{\"@type\":\"EntryPoint\",\"urlTemplate\":\"https:\/\/www.quotasicura.com\/?s={search_term_string}\"},\"query-input\":{\"@type\":\"PropertyValueSpecification\",\"valueRequired\":true,\"valueName\":\"search_term_string\"}}],\"inLanguage\":\"de\"},{\"@type\":\"Organization\",\"@id\":\"https:\/\/www.quotasicura.com\/#organization\",\"name\":\"Quota Sicura\",\"url\":\"https:\/\/www.quotasicura.com\/\",\"logo\":{\"@type\":\"ImageObject\",\"inLanguage\":\"de\",\"@id\":\"https:\/\/www.quotasicura.com\/#\/schema\/logo\/image\/\",\"url\":\"https:\/\/www.quotasicura.com\/wp-content\/uploads\/2025\/10\/LOGO-QUOTA-SICURA.pdf.png\",\"contentUrl\":\"https:\/\/www.quotasicura.com\/wp-content\/uploads\/2025\/10\/LOGO-QUOTA-SICURA.pdf.png\",\"width\":2000,\"height\":614,\"caption\":\"Quota Sicura\"},\"image\":{\"@id\":\"https:\/\/www.quotasicura.com\/#\/schema\/logo\/image\/\"}}]}<\/script>\n<!-- \/ Yoast SEO Premium plugin. -->","yoast_head_json":{"title":"POLE 25 INOX - BASE COLMO - Quota Sicura","description":"POLE 25 INOX con base colmo, ancoraggio tipo A certificato EN 795 per montaggio su colmo di tetti a falda. Soluzione ideale per linee vita.","robots":{"index":"index","follow":"follow","max-snippet":"max-snippet:-1","max-image-preview":"max-image-preview:large","max-video-preview":"max-video-preview:-1"},"canonical":"https:\/\/www.quotasicura.com\/de\/product\/pole-25-inox-base-colmo-2\/","og_locale":"de_DE","og_type":"article","og_title":"POLE 25 INOX - BASE COLMO","og_description":"POLE 25 INOX con base colmo, ancoraggio tipo A certificato EN 795 per montaggio su colmo di tetti a falda. Soluzione ideale per linee vita.","og_url":"https:\/\/www.quotasicura.com\/de\/product\/pole-25-inox-base-colmo-2\/","og_site_name":"Quota Sicura","article_modified_time":"2025-11-28T09:33:39+00:00","og_image":[{"width":1080,"height":1350,"url":"https:\/\/www.quotasicura.com\/wp-content\/uploads\/2025\/10\/POLE-25-BASE-COLMO.png","type":"image\/png"}],"twitter_card":"summary_large_image","twitter_misc":{"Gesch\u00e4tzte Lesezeit":"2\u00a0Minuten"},"schema":{"@context":"https:\/\/schema.org","@graph":[{"@type":"WebPage","@id":"https:\/\/www.quotasicura.com\/product\/pole-25-inox-base-colmo-2\/","url":"https:\/\/www.quotasicura.com\/product\/pole-25-inox-base-colmo-2\/","name":"POLE 25 INOX - BASE COLMO - Quota Sicura","isPartOf":{"@id":"https:\/\/www.quotasicura.com\/#website"},"primaryImageOfPage":{"@id":"https:\/\/www.quotasicura.com\/product\/pole-25-inox-base-colmo-2\/#primaryimage"},"image":{"@id":"https:\/\/www.quotasicura.com\/product\/pole-25-inox-base-colmo-2\/#primaryimage"},"thumbnailUrl":"https:\/\/www.quotasicura.com\/wp-content\/uploads\/2025\/10\/POLE-25-BASE-COLMO.png","datePublished":"2025-10-07T15:26:20+00:00","dateModified":"2025-11-28T09:33:39+00:00","description":"POLE 25 INOX con base colmo, ancoraggio tipo A certificato EN 795 per montaggio su colmo di tetti a falda. Soluzione ideale per linee vita.","breadcrumb":{"@id":"https:\/\/www.quotasicura.com\/product\/pole-25-inox-base-colmo-2\/#breadcrumb"},"inLanguage":"de","potentialAction":[{"@type":"ReadAction","target":["https:\/\/www.quotasicura.com\/product\/pole-25-inox-base-colmo-2\/"]}]},{"@type":"ImageObject","inLanguage":"de","@id":"https:\/\/www.quotasicura.com\/product\/pole-25-inox-base-colmo-2\/#primaryimage","url":"https:\/\/www.quotasicura.com\/wp-content\/uploads\/2025\/10\/POLE-25-BASE-COLMO.png","contentUrl":"https:\/\/www.quotasicura.com\/wp-content\/uploads\/2025\/10\/POLE-25-BASE-COLMO.png","width":1080,"height":1350},{"@type":"BreadcrumbList","@id":"https:\/\/www.quotasicura.com\/product\/pole-25-inox-base-colmo-2\/#breadcrumb","itemListElement":[{"@type":"ListItem","position":1,"name":"Home","item":"https:\/\/www.quotasicura.com\/"},{"@type":"ListItem","position":2,"name":"Prodotti","item":"https:\/\/www.quotasicura.com\/prodotti\/"},{"@type":"ListItem","position":3,"name":"POLE 25 INOX &#8211; BASE COLMO"}]},{"@type":"WebSite","@id":"https:\/\/www.quotasicura.com\/#website","url":"https:\/\/www.quotasicura.com\/","name":"Sichere Quote","description":"","publisher":{"@id":"https:\/\/www.quotasicura.com\/#organization"},"potentialAction":[{"@type":"SearchAction","target":{"@type":"EntryPoint","urlTemplate":"https:\/\/www.quotasicura.com\/?s={search_term_string}"},"query-input":{"@type":"PropertyValueSpecification","valueRequired":true,"valueName":"search_term_string"}}],"inLanguage":"de"},{"@type":"Organization","@id":"https:\/\/www.quotasicura.com\/#organization","name":"Sichere Quote","url":"https:\/\/www.quotasicura.com\/","logo":{"@type":"ImageObject","inLanguage":"de","@id":"https:\/\/www.quotasicura.com\/#\/schema\/logo\/image\/","url":"https:\/\/www.quotasicura.com\/wp-content\/uploads\/2025\/10\/LOGO-QUOTA-SICURA.pdf.png","contentUrl":"https:\/\/www.quotasicura.com\/wp-content\/uploads\/2025\/10\/LOGO-QUOTA-SICURA.pdf.png","width":2000,"height":614,"caption":"Quota Sicura"},"image":{"@id":"https:\/\/www.quotasicura.com\/#\/schema\/logo\/image\/"}}]}},"_links":{"self":[{"href":"https:\/\/www.quotasicura.com\/de\/wp-json\/wp\/v2\/product\/491","targetHints":{"allow":["GET"]}}],"collection":[{"href":"https:\/\/www.quotasicura.com\/de\/wp-json\/wp\/v2\/product"}],"about":[{"href":"https:\/\/www.quotasicura.com\/de\/wp-json\/wp\/v2\/types\/product"}],"replies":[{"embeddable":true,"href":"https:\/\/www.quotasicura.com\/de\/wp-json\/wp\/v2\/comments?post=491"}],"wp:featuredmedia":[{"embeddable":true,"href":"https:\/\/www.quotasicura.com\/de\/wp-json\/wp\/v2\/media\/503"}],"wp:attachment":[{"href":"https:\/\/www.quotasicura.com\/de\/wp-json\/wp\/v2\/media?parent=491"}],"wp:term":[{"taxonomy":"product_brand","embeddable":true,"href":"https:\/\/www.quotasicura.com\/de\/wp-json\/wp\/v2\/product_brand?post=491"},{"taxonomy":"product_cat","embeddable":true,"href":"https:\/\/www.quotasicura.com\/de\/wp-json\/wp\/v2\/product_cat?post=491"},{"taxonomy":"product_tag","embeddable":true,"href":"https:\/\/www.quotasicura.com\/de\/wp-json\/wp\/v2\/product_tag?post=491"}],"curies":[{"name":"wp","href":"https:\/\/api.w.org\/{rel}","templated":true}]}}