{"id":557,"date":"2025-10-07T15:26:50","date_gmt":"2025-10-07T15:26:50","guid":{"rendered":"https:\/\/www.quotasicura.com\/?post_type=product&#038;p=557"},"modified":"2025-11-27T17:18:09","modified_gmt":"2025-11-27T17:18:09","slug":"steps-stairs","status":"publish","type":"product","link":"https:\/\/www.quotasicura.com\/de\/product\/steps-stairs\/","title":{"rendered":"Stufen Treppe"},"content":{"rendered":"<div class=\"scrollable-table\" style=\"overflow-x: auto;\">\n<table style=\"width: 100%; border-collapse: collapse;\">\n<thead>\n<tr style=\"background-color: #f2f2f2;\">\n<th style=\"padding: 10px; border: 1px solid #ddd;\">Merkmal<\/th>\n<th style=\"padding: 10px; border: 1px solid #ddd;\">Detail<\/th>\n<\/tr>\n<\/thead>\n<tbody>\n<tr>\n<td style=\"padding: 10px; border: 1px solid #ddd;\">Beschreibung<\/td>\n<td style=\"padding: 10px; border: 1px solid #ddd;\">Leiter zum Erreichen von D\u00e4chern und Abdeckungen (verschiedene H\u00f6hen)<\/td>\n<\/tr>\n<tr>\n<td style=\"padding: 10px; border: 1px solid #ddd;\">Verweisgesetzgebung<\/td>\n<td style=\"padding: 10px; border: 1px solid #ddd;\">Gesetzesdekret 81\/2008<\/td>\n<\/tr>\n<tr>\n<td style=\"padding: 10px; border: 1px solid #ddd;\">Material<\/td>\n<td style=\"padding: 10px; border: 1px solid #ddd;\">Aluminium<\/td>\n<\/tr>\n<tr>\n<td style=\"padding: 10px; border: 1px solid #ddd;\">Verpackung<\/td>\n<td style=\"padding: 10px; border: 1px solid #ddd;\">Entspricht UNI EN 365<\/td>\n<\/tr>\n<tr>\n<td style=\"padding: 10px; border: 1px solid #ddd;\">Verf\u00fcgbare H\u00f6hen<\/td>\n<td style=\"padding: 10px; border: 1px solid #ddd;\">Verschiedene H\u00f6hen (als Produktvariante w\u00e4hlbar)<\/td>\n<\/tr>\n<tr>\n<td style=\"padding: 10px; border: 1px solid #ddd;\">Verwendung<\/td>\n<td style=\"padding: 10px; border: 1px solid #ddd;\">Zugang und Wartung in der H\u00f6he auf D\u00e4chern, Systemen und Sicherheitsleitungen<\/td>\n<\/tr>\n<tr>\n<td style=\"padding: 10px; border: 1px solid #ddd;\">Vorteile<\/td>\n<td style=\"padding: 10px; border: 1px solid #ddd;\">Leicht, korrosionsbest\u00e4ndig, einfach zu installieren und zu transportieren<\/td>\n<\/tr>\n<\/tbody>\n<\/table>\n<\/div>","protected":false},"excerpt":{"rendered":"<p>Aluminiumleiter f\u00fcr sicheren Zugang zu D\u00e4chern und Anlagen. In verschiedenen H\u00f6hen erh\u00e4ltlich. Entspricht dem italienischen Gesetzesdekret 81\/2008, Verpackung gem\u00e4\u00df UNI EN 365.<\/p>","protected":false},"featured_media":574,"comment_status":"open","ping_status":"closed","template":"","meta":[],"product_brand":[],"product_cat":[35],"product_tag":[],"class_list":{"0":"post-557","1":"product","2":"type-product","3":"status-publish","4":"has-post-thumbnail","6":"product_cat-scale-e-passerelle","8":"first","9":"instock","10":"shipping-taxable","11":"product-type-simple"},"yoast_head":"<!-- This site is optimized with the Yoast SEO Premium plugin v26.4 (Yoast SEO v26.4) - https:\/\/yoast.com\/wordpress\/plugins\/seo\/ -->\n<title>STEPS STAIRS - Quota Sicura<\/title>\n<meta name=\"description\" content=\"Steps Stairs: sistemi modulari di scale e gradini antiscivolo per tetti, impianti e coperture industriali.\" \/>\n<meta name=\"robots\" content=\"index, follow, max-snippet:-1, max-image-preview:large, max-video-preview:-1\" \/>\n<link rel=\"canonical\" href=\"https:\/\/www.quotasicura.com\/de\/product\/steps-stairs\/\" \/>\n<meta property=\"og:locale\" content=\"de_DE\" \/>\n<meta property=\"og:type\" content=\"article\" \/>\n<meta property=\"og:title\" content=\"STEPS STAIRS\" \/>\n<meta property=\"og:description\" content=\"Steps Stairs: sistemi modulari di scale e gradini antiscivolo per tetti, impianti e coperture industriali.\" \/>\n<meta property=\"og:url\" content=\"https:\/\/www.quotasicura.com\/de\/product\/steps-stairs\/\" \/>\n<meta property=\"og:site_name\" content=\"Quota Sicura\" \/>\n<meta property=\"article:modified_time\" content=\"2025-11-27T17:18:09+00:00\" \/>\n<meta property=\"og:image\" content=\"https:\/\/www.quotasicura.com\/wp-content\/uploads\/2025\/10\/STEPS-STAIRS.png\" \/>\n\t<meta property=\"og:image:width\" content=\"1080\" \/>\n\t<meta property=\"og:image:height\" content=\"1350\" \/>\n\t<meta property=\"og:image:type\" content=\"image\/png\" \/>\n<meta name=\"twitter:card\" content=\"summary_large_image\" \/>\n<meta name=\"twitter:label1\" content=\"Gesch\u00e4tzte Lesezeit\" \/>\n\t<meta name=\"twitter:data1\" content=\"1\u00a0Minute\" \/>\n<script type=\"application\/ld+json\" class=\"yoast-schema-graph\">{\"@context\":\"https:\/\/schema.org\",\"@graph\":[{\"@type\":\"WebPage\",\"@id\":\"https:\/\/www.quotasicura.com\/product\/steps-stairs\/\",\"url\":\"https:\/\/www.quotasicura.com\/product\/steps-stairs\/\",\"name\":\"STEPS STAIRS - Quota Sicura\",\"isPartOf\":{\"@id\":\"https:\/\/www.quotasicura.com\/#website\"},\"primaryImageOfPage\":{\"@id\":\"https:\/\/www.quotasicura.com\/product\/steps-stairs\/#primaryimage\"},\"image\":{\"@id\":\"https:\/\/www.quotasicura.com\/product\/steps-stairs\/#primaryimage\"},\"thumbnailUrl\":\"https:\/\/www.quotasicura.com\/wp-content\/uploads\/2025\/10\/STEPS-STAIRS.png\",\"datePublished\":\"2025-10-07T15:26:50+00:00\",\"dateModified\":\"2025-11-27T17:18:09+00:00\",\"description\":\"Steps Stairs: sistemi modulari di scale e gradini antiscivolo per tetti, impianti e coperture industriali.\",\"breadcrumb\":{\"@id\":\"https:\/\/www.quotasicura.com\/product\/steps-stairs\/#breadcrumb\"},\"inLanguage\":\"de\",\"potentialAction\":[{\"@type\":\"ReadAction\",\"target\":[\"https:\/\/www.quotasicura.com\/product\/steps-stairs\/\"]}]},{\"@type\":\"ImageObject\",\"inLanguage\":\"de\",\"@id\":\"https:\/\/www.quotasicura.com\/product\/steps-stairs\/#primaryimage\",\"url\":\"https:\/\/www.quotasicura.com\/wp-content\/uploads\/2025\/10\/STEPS-STAIRS.png\",\"contentUrl\":\"https:\/\/www.quotasicura.com\/wp-content\/uploads\/2025\/10\/STEPS-STAIRS.png\",\"width\":1080,\"height\":1350},{\"@type\":\"BreadcrumbList\",\"@id\":\"https:\/\/www.quotasicura.com\/product\/steps-stairs\/#breadcrumb\",\"itemListElement\":[{\"@type\":\"ListItem\",\"position\":1,\"name\":\"Home\",\"item\":\"https:\/\/www.quotasicura.com\/\"},{\"@type\":\"ListItem\",\"position\":2,\"name\":\"Prodotti\",\"item\":\"https:\/\/www.quotasicura.com\/prodotti\/\"},{\"@type\":\"ListItem\",\"position\":3,\"name\":\"STEPS STAIRS\"}]},{\"@type\":\"WebSite\",\"@id\":\"https:\/\/www.quotasicura.com\/#website\",\"url\":\"https:\/\/www.quotasicura.com\/\",\"name\":\"Quota Sicura\",\"description\":\"\",\"publisher\":{\"@id\":\"https:\/\/www.quotasicura.com\/#organization\"},\"potentialAction\":[{\"@type\":\"SearchAction\",\"target\":{\"@type\":\"EntryPoint\",\"urlTemplate\":\"https:\/\/www.quotasicura.com\/?s={search_term_string}\"},\"query-input\":{\"@type\":\"PropertyValueSpecification\",\"valueRequired\":true,\"valueName\":\"search_term_string\"}}],\"inLanguage\":\"de\"},{\"@type\":\"Organization\",\"@id\":\"https:\/\/www.quotasicura.com\/#organization\",\"name\":\"Quota Sicura\",\"url\":\"https:\/\/www.quotasicura.com\/\",\"logo\":{\"@type\":\"ImageObject\",\"inLanguage\":\"de\",\"@id\":\"https:\/\/www.quotasicura.com\/#\/schema\/logo\/image\/\",\"url\":\"https:\/\/www.quotasicura.com\/wp-content\/uploads\/2025\/10\/LOGO-QUOTA-SICURA.pdf.png\",\"contentUrl\":\"https:\/\/www.quotasicura.com\/wp-content\/uploads\/2025\/10\/LOGO-QUOTA-SICURA.pdf.png\",\"width\":2000,\"height\":614,\"caption\":\"Quota Sicura\"},\"image\":{\"@id\":\"https:\/\/www.quotasicura.com\/#\/schema\/logo\/image\/\"}}]}<\/script>\n<!-- \/ Yoast SEO Premium plugin. -->","yoast_head_json":{"title":"STEPS STAIRS - Quota Sicura","description":"Steps Stairs: sistemi modulari di scale e gradini antiscivolo per tetti, impianti e coperture industriali.","robots":{"index":"index","follow":"follow","max-snippet":"max-snippet:-1","max-image-preview":"max-image-preview:large","max-video-preview":"max-video-preview:-1"},"canonical":"https:\/\/www.quotasicura.com\/de\/product\/steps-stairs\/","og_locale":"de_DE","og_type":"article","og_title":"STEPS STAIRS","og_description":"Steps Stairs: sistemi modulari di scale e gradini antiscivolo per tetti, impianti e coperture industriali.","og_url":"https:\/\/www.quotasicura.com\/de\/product\/steps-stairs\/","og_site_name":"Quota Sicura","article_modified_time":"2025-11-27T17:18:09+00:00","og_image":[{"width":1080,"height":1350,"url":"https:\/\/www.quotasicura.com\/wp-content\/uploads\/2025\/10\/STEPS-STAIRS.png","type":"image\/png"}],"twitter_card":"summary_large_image","twitter_misc":{"Gesch\u00e4tzte Lesezeit":"1\u00a0Minute"},"schema":{"@context":"https:\/\/schema.org","@graph":[{"@type":"WebPage","@id":"https:\/\/www.quotasicura.com\/product\/steps-stairs\/","url":"https:\/\/www.quotasicura.com\/product\/steps-stairs\/","name":"STEPS STAIRS - Quota Sicura","isPartOf":{"@id":"https:\/\/www.quotasicura.com\/#website"},"primaryImageOfPage":{"@id":"https:\/\/www.quotasicura.com\/product\/steps-stairs\/#primaryimage"},"image":{"@id":"https:\/\/www.quotasicura.com\/product\/steps-stairs\/#primaryimage"},"thumbnailUrl":"https:\/\/www.quotasicura.com\/wp-content\/uploads\/2025\/10\/STEPS-STAIRS.png","datePublished":"2025-10-07T15:26:50+00:00","dateModified":"2025-11-27T17:18:09+00:00","description":"Steps Stairs: sistemi modulari di scale e gradini antiscivolo per tetti, impianti e coperture industriali.","breadcrumb":{"@id":"https:\/\/www.quotasicura.com\/product\/steps-stairs\/#breadcrumb"},"inLanguage":"de","potentialAction":[{"@type":"ReadAction","target":["https:\/\/www.quotasicura.com\/product\/steps-stairs\/"]}]},{"@type":"ImageObject","inLanguage":"de","@id":"https:\/\/www.quotasicura.com\/product\/steps-stairs\/#primaryimage","url":"https:\/\/www.quotasicura.com\/wp-content\/uploads\/2025\/10\/STEPS-STAIRS.png","contentUrl":"https:\/\/www.quotasicura.com\/wp-content\/uploads\/2025\/10\/STEPS-STAIRS.png","width":1080,"height":1350},{"@type":"BreadcrumbList","@id":"https:\/\/www.quotasicura.com\/product\/steps-stairs\/#breadcrumb","itemListElement":[{"@type":"ListItem","position":1,"name":"Home","item":"https:\/\/www.quotasicura.com\/"},{"@type":"ListItem","position":2,"name":"Prodotti","item":"https:\/\/www.quotasicura.com\/prodotti\/"},{"@type":"ListItem","position":3,"name":"STEPS STAIRS"}]},{"@type":"WebSite","@id":"https:\/\/www.quotasicura.com\/#website","url":"https:\/\/www.quotasicura.com\/","name":"Sichere Quote","description":"","publisher":{"@id":"https:\/\/www.quotasicura.com\/#organization"},"potentialAction":[{"@type":"SearchAction","target":{"@type":"EntryPoint","urlTemplate":"https:\/\/www.quotasicura.com\/?s={search_term_string}"},"query-input":{"@type":"PropertyValueSpecification","valueRequired":true,"valueName":"search_term_string"}}],"inLanguage":"de"},{"@type":"Organization","@id":"https:\/\/www.quotasicura.com\/#organization","name":"Sichere Quote","url":"https:\/\/www.quotasicura.com\/","logo":{"@type":"ImageObject","inLanguage":"de","@id":"https:\/\/www.quotasicura.com\/#\/schema\/logo\/image\/","url":"https:\/\/www.quotasicura.com\/wp-content\/uploads\/2025\/10\/LOGO-QUOTA-SICURA.pdf.png","contentUrl":"https:\/\/www.quotasicura.com\/wp-content\/uploads\/2025\/10\/LOGO-QUOTA-SICURA.pdf.png","width":2000,"height":614,"caption":"Quota Sicura"},"image":{"@id":"https:\/\/www.quotasicura.com\/#\/schema\/logo\/image\/"}}]}},"_links":{"self":[{"href":"https:\/\/www.quotasicura.com\/de\/wp-json\/wp\/v2\/product\/557","targetHints":{"allow":["GET"]}}],"collection":[{"href":"https:\/\/www.quotasicura.com\/de\/wp-json\/wp\/v2\/product"}],"about":[{"href":"https:\/\/www.quotasicura.com\/de\/wp-json\/wp\/v2\/types\/product"}],"replies":[{"embeddable":true,"href":"https:\/\/www.quotasicura.com\/de\/wp-json\/wp\/v2\/comments?post=557"}],"wp:featuredmedia":[{"embeddable":true,"href":"https:\/\/www.quotasicura.com\/de\/wp-json\/wp\/v2\/media\/574"}],"wp:attachment":[{"href":"https:\/\/www.quotasicura.com\/de\/wp-json\/wp\/v2\/media?parent=557"}],"wp:term":[{"taxonomy":"product_brand","embeddable":true,"href":"https:\/\/www.quotasicura.com\/de\/wp-json\/wp\/v2\/product_brand?post=557"},{"taxonomy":"product_cat","embeddable":true,"href":"https:\/\/www.quotasicura.com\/de\/wp-json\/wp\/v2\/product_cat?post=557"},{"taxonomy":"product_tag","embeddable":true,"href":"https:\/\/www.quotasicura.com\/de\/wp-json\/wp\/v2\/product_tag?post=557"}],"curies":[{"name":"wp","href":"https:\/\/api.w.org\/{rel}","templated":true}]}}