{"id":570,"date":"2025-10-07T15:26:51","date_gmt":"2025-10-07T15:26:51","guid":{"rendered":"https:\/\/www.quotasicura.com\/?post_type=product&#038;p=570"},"modified":"2025-11-27T17:16:05","modified_gmt":"2025-11-27T17:16:05","slug":"anticaduta-retrattile-irudek-sekurblok","status":"publish","type":"product","link":"https:\/\/www.quotasicura.com\/de\/product\/anticaduta-retrattile-irudek-sekurblok\/","title":{"rendered":"Irudek Sekurblok Einziehbarer Fallschutz"},"content":{"rendered":"<div class=\"scrollable-table\" style=\"overflow-x: auto;\">\n<table style=\"width: 100%; border-collapse: collapse;\">\n<thead>\n<tr style=\"background-color: #f2f2f2;\">\n<th style=\"padding: 10px; border: 1px solid #ddd;\">Merkmal<\/th>\n<th style=\"padding: 10px; border: 1px solid #ddd;\">Detail<\/th>\n<\/tr>\n<\/thead>\n<tbody>\n<tr>\n<td style=\"padding: 10px; border: 1px solid #ddd;\">Produkt<\/td>\n<td style=\"padding: 10px; border: 1px solid #ddd;\">Irudek Sekurblok<\/td>\n<\/tr>\n<tr>\n<td style=\"padding: 10px; border: 1px solid #ddd;\">Typologie<\/td>\n<td style=\"padding: 10px; border: 1px solid #ddd;\">Einziehbares Auffangger\u00e4t<\/td>\n<\/tr>\n<tr>\n<td style=\"padding: 10px; border: 1px solid #ddd;\">Kabell\u00e4nge<\/td>\n<td style=\"padding: 10px; border: 1px solid #ddd;\">30 Meter<\/td>\n<\/tr>\n<tr>\n<td style=\"padding: 10px; border: 1px solid #ddd;\">Bremssystem<\/td>\n<td style=\"padding: 10px; border: 1px solid #ddd;\">Schneller und sicherer mechanischer Mechanismus<\/td>\n<\/tr>\n<tr>\n<td style=\"padding: 10px; border: 1px solid #ddd;\">Aufprallkraft<\/td>\n<td style=\"padding: 10px; border: 1px solid #ddd;\">\u2264 6 kN<\/td>\n<\/tr>\n<tr>\n<td style=\"padding: 10px; border: 1px solid #ddd;\">Maximale Belastung<\/td>\n<td style=\"padding: 10px; border: 1px solid #ddd;\">140 kg<\/td>\n<\/tr>\n<tr>\n<td style=\"padding: 10px; border: 1px solid #ddd;\">Zertifizierung<\/td>\n<td style=\"padding: 10px; border: 1px solid #ddd;\">F\u00fcr die vertikale Verwendung<\/td>\n<\/tr>\n<tr>\n<td style=\"padding: 10px; border: 1px solid #ddd;\">Zubeh\u00f6r inklusive<\/td>\n<td style=\"padding: 10px; border: 1px solid #ddd;\">Oberer Drehring und 20-mm-Drehverbinder<\/td>\n<\/tr>\n<\/tbody>\n<\/table>\n<\/div>","protected":false},"excerpt":{"rendered":"<p data-start=\"272\" data-end=\"510\">DER&#039;<strong data-start=\"274\" data-end=\"294\">Irudek Sekurblok<\/strong> Es handelt sich um ein einziehbares Auffangger\u00e4t mit einem 30 Meter langen Kabel, ausgestattet mit einem schnellen und sicheren Bremsmechanismus. Es ist f\u00fcr den vertikalen Einsatz zertifiziert, tr\u00e4gt Lasten bis zu 140 kg und reduziert die Aufprallkraft auf unter 6 kN.<\/p>","protected":false},"featured_media":591,"comment_status":"open","ping_status":"closed","template":"","meta":[],"product_brand":[],"product_cat":[29],"product_tag":[],"class_list":{"0":"post-570","1":"product","2":"type-product","3":"status-publish","4":"has-post-thumbnail","6":"product_cat-dpi-dispositivi-di-protezione-individuale","8":"first","9":"instock","10":"shipping-taxable","11":"product-type-simple"},"yoast_head":"<!-- This site is optimized with the Yoast SEO Premium plugin v26.4 (Yoast SEO v26.4) - https:\/\/yoast.com\/wordpress\/plugins\/seo\/ -->\n<title>Anticaduta retrattile Irudek Sekurblok - Quota Sicura<\/title>\n<meta name=\"description\" content=\"Anticaduta retrattile Irudek Sekurblok con sistema frenante automatico. Certificato EN 360, ideale per lavori in quota su tetti e strutture verticali.\" \/>\n<meta name=\"robots\" content=\"index, follow, max-snippet:-1, max-image-preview:large, max-video-preview:-1\" \/>\n<link rel=\"canonical\" href=\"https:\/\/www.quotasicura.com\/de\/product\/anticaduta-retrattile-irudek-sekurblok\/\" \/>\n<meta property=\"og:locale\" content=\"de_DE\" \/>\n<meta property=\"og:type\" content=\"article\" \/>\n<meta property=\"og:title\" content=\"Anticaduta retrattile Irudek Sekurblok\" \/>\n<meta property=\"og:description\" content=\"Anticaduta retrattile Irudek Sekurblok con sistema frenante automatico. Certificato EN 360, ideale per lavori in quota su tetti e strutture verticali.\" \/>\n<meta property=\"og:url\" content=\"https:\/\/www.quotasicura.com\/de\/product\/anticaduta-retrattile-irudek-sekurblok\/\" \/>\n<meta property=\"og:site_name\" content=\"Quota Sicura\" \/>\n<meta property=\"article:modified_time\" content=\"2025-11-27T17:16:05+00:00\" \/>\n<meta property=\"og:image\" content=\"https:\/\/www.quotasicura.com\/wp-content\/uploads\/2025\/10\/IRUDEK-SEKURBLOK.png\" \/>\n\t<meta property=\"og:image:width\" content=\"1080\" \/>\n\t<meta property=\"og:image:height\" content=\"1350\" \/>\n\t<meta property=\"og:image:type\" content=\"image\/png\" \/>\n<meta name=\"twitter:card\" content=\"summary_large_image\" \/>\n<meta name=\"twitter:label1\" content=\"Gesch\u00e4tzte Lesezeit\" \/>\n\t<meta name=\"twitter:data1\" content=\"1\u00a0Minute\" \/>\n<script type=\"application\/ld+json\" class=\"yoast-schema-graph\">{\"@context\":\"https:\/\/schema.org\",\"@graph\":[{\"@type\":\"WebPage\",\"@id\":\"https:\/\/www.quotasicura.com\/product\/anticaduta-retrattile-irudek-sekurblok\/\",\"url\":\"https:\/\/www.quotasicura.com\/product\/anticaduta-retrattile-irudek-sekurblok\/\",\"name\":\"Anticaduta retrattile Irudek Sekurblok - Quota Sicura\",\"isPartOf\":{\"@id\":\"https:\/\/www.quotasicura.com\/#website\"},\"primaryImageOfPage\":{\"@id\":\"https:\/\/www.quotasicura.com\/product\/anticaduta-retrattile-irudek-sekurblok\/#primaryimage\"},\"image\":{\"@id\":\"https:\/\/www.quotasicura.com\/product\/anticaduta-retrattile-irudek-sekurblok\/#primaryimage\"},\"thumbnailUrl\":\"https:\/\/www.quotasicura.com\/wp-content\/uploads\/2025\/10\/IRUDEK-SEKURBLOK.png\",\"datePublished\":\"2025-10-07T15:26:51+00:00\",\"dateModified\":\"2025-11-27T17:16:05+00:00\",\"description\":\"Anticaduta retrattile Irudek Sekurblok con sistema frenante automatico. Certificato EN 360, ideale per lavori in quota su tetti e strutture verticali.\",\"breadcrumb\":{\"@id\":\"https:\/\/www.quotasicura.com\/product\/anticaduta-retrattile-irudek-sekurblok\/#breadcrumb\"},\"inLanguage\":\"de\",\"potentialAction\":[{\"@type\":\"ReadAction\",\"target\":[\"https:\/\/www.quotasicura.com\/product\/anticaduta-retrattile-irudek-sekurblok\/\"]}]},{\"@type\":\"ImageObject\",\"inLanguage\":\"de\",\"@id\":\"https:\/\/www.quotasicura.com\/product\/anticaduta-retrattile-irudek-sekurblok\/#primaryimage\",\"url\":\"https:\/\/www.quotasicura.com\/wp-content\/uploads\/2025\/10\/IRUDEK-SEKURBLOK.png\",\"contentUrl\":\"https:\/\/www.quotasicura.com\/wp-content\/uploads\/2025\/10\/IRUDEK-SEKURBLOK.png\",\"width\":1080,\"height\":1350},{\"@type\":\"BreadcrumbList\",\"@id\":\"https:\/\/www.quotasicura.com\/product\/anticaduta-retrattile-irudek-sekurblok\/#breadcrumb\",\"itemListElement\":[{\"@type\":\"ListItem\",\"position\":1,\"name\":\"Home\",\"item\":\"https:\/\/www.quotasicura.com\/\"},{\"@type\":\"ListItem\",\"position\":2,\"name\":\"Prodotti\",\"item\":\"https:\/\/www.quotasicura.com\/prodotti\/\"},{\"@type\":\"ListItem\",\"position\":3,\"name\":\"Anticaduta retrattile Irudek Sekurblok\"}]},{\"@type\":\"WebSite\",\"@id\":\"https:\/\/www.quotasicura.com\/#website\",\"url\":\"https:\/\/www.quotasicura.com\/\",\"name\":\"Quota Sicura\",\"description\":\"\",\"publisher\":{\"@id\":\"https:\/\/www.quotasicura.com\/#organization\"},\"potentialAction\":[{\"@type\":\"SearchAction\",\"target\":{\"@type\":\"EntryPoint\",\"urlTemplate\":\"https:\/\/www.quotasicura.com\/?s={search_term_string}\"},\"query-input\":{\"@type\":\"PropertyValueSpecification\",\"valueRequired\":true,\"valueName\":\"search_term_string\"}}],\"inLanguage\":\"de\"},{\"@type\":\"Organization\",\"@id\":\"https:\/\/www.quotasicura.com\/#organization\",\"name\":\"Quota Sicura\",\"url\":\"https:\/\/www.quotasicura.com\/\",\"logo\":{\"@type\":\"ImageObject\",\"inLanguage\":\"de\",\"@id\":\"https:\/\/www.quotasicura.com\/#\/schema\/logo\/image\/\",\"url\":\"https:\/\/www.quotasicura.com\/wp-content\/uploads\/2025\/10\/LOGO-QUOTA-SICURA.pdf.png\",\"contentUrl\":\"https:\/\/www.quotasicura.com\/wp-content\/uploads\/2025\/10\/LOGO-QUOTA-SICURA.pdf.png\",\"width\":2000,\"height\":614,\"caption\":\"Quota Sicura\"},\"image\":{\"@id\":\"https:\/\/www.quotasicura.com\/#\/schema\/logo\/image\/\"}}]}<\/script>\n<!-- \/ Yoast SEO Premium plugin. -->","yoast_head_json":{"title":"Anticaduta retrattile Irudek Sekurblok - Quota Sicura","description":"Anticaduta retrattile Irudek Sekurblok con sistema frenante automatico. Certificato EN 360, ideale per lavori in quota su tetti e strutture verticali.","robots":{"index":"index","follow":"follow","max-snippet":"max-snippet:-1","max-image-preview":"max-image-preview:large","max-video-preview":"max-video-preview:-1"},"canonical":"https:\/\/www.quotasicura.com\/de\/product\/anticaduta-retrattile-irudek-sekurblok\/","og_locale":"de_DE","og_type":"article","og_title":"Anticaduta retrattile Irudek Sekurblok","og_description":"Anticaduta retrattile Irudek Sekurblok con sistema frenante automatico. Certificato EN 360, ideale per lavori in quota su tetti e strutture verticali.","og_url":"https:\/\/www.quotasicura.com\/de\/product\/anticaduta-retrattile-irudek-sekurblok\/","og_site_name":"Quota Sicura","article_modified_time":"2025-11-27T17:16:05+00:00","og_image":[{"width":1080,"height":1350,"url":"https:\/\/www.quotasicura.com\/wp-content\/uploads\/2025\/10\/IRUDEK-SEKURBLOK.png","type":"image\/png"}],"twitter_card":"summary_large_image","twitter_misc":{"Gesch\u00e4tzte Lesezeit":"1\u00a0Minute"},"schema":{"@context":"https:\/\/schema.org","@graph":[{"@type":"WebPage","@id":"https:\/\/www.quotasicura.com\/product\/anticaduta-retrattile-irudek-sekurblok\/","url":"https:\/\/www.quotasicura.com\/product\/anticaduta-retrattile-irudek-sekurblok\/","name":"Anticaduta retrattile Irudek Sekurblok - Quota Sicura","isPartOf":{"@id":"https:\/\/www.quotasicura.com\/#website"},"primaryImageOfPage":{"@id":"https:\/\/www.quotasicura.com\/product\/anticaduta-retrattile-irudek-sekurblok\/#primaryimage"},"image":{"@id":"https:\/\/www.quotasicura.com\/product\/anticaduta-retrattile-irudek-sekurblok\/#primaryimage"},"thumbnailUrl":"https:\/\/www.quotasicura.com\/wp-content\/uploads\/2025\/10\/IRUDEK-SEKURBLOK.png","datePublished":"2025-10-07T15:26:51+00:00","dateModified":"2025-11-27T17:16:05+00:00","description":"Anticaduta retrattile Irudek Sekurblok con sistema frenante automatico. Certificato EN 360, ideale per lavori in quota su tetti e strutture verticali.","breadcrumb":{"@id":"https:\/\/www.quotasicura.com\/product\/anticaduta-retrattile-irudek-sekurblok\/#breadcrumb"},"inLanguage":"de","potentialAction":[{"@type":"ReadAction","target":["https:\/\/www.quotasicura.com\/product\/anticaduta-retrattile-irudek-sekurblok\/"]}]},{"@type":"ImageObject","inLanguage":"de","@id":"https:\/\/www.quotasicura.com\/product\/anticaduta-retrattile-irudek-sekurblok\/#primaryimage","url":"https:\/\/www.quotasicura.com\/wp-content\/uploads\/2025\/10\/IRUDEK-SEKURBLOK.png","contentUrl":"https:\/\/www.quotasicura.com\/wp-content\/uploads\/2025\/10\/IRUDEK-SEKURBLOK.png","width":1080,"height":1350},{"@type":"BreadcrumbList","@id":"https:\/\/www.quotasicura.com\/product\/anticaduta-retrattile-irudek-sekurblok\/#breadcrumb","itemListElement":[{"@type":"ListItem","position":1,"name":"Home","item":"https:\/\/www.quotasicura.com\/"},{"@type":"ListItem","position":2,"name":"Prodotti","item":"https:\/\/www.quotasicura.com\/prodotti\/"},{"@type":"ListItem","position":3,"name":"Anticaduta retrattile Irudek Sekurblok"}]},{"@type":"WebSite","@id":"https:\/\/www.quotasicura.com\/#website","url":"https:\/\/www.quotasicura.com\/","name":"Sichere Quote","description":"","publisher":{"@id":"https:\/\/www.quotasicura.com\/#organization"},"potentialAction":[{"@type":"SearchAction","target":{"@type":"EntryPoint","urlTemplate":"https:\/\/www.quotasicura.com\/?s={search_term_string}"},"query-input":{"@type":"PropertyValueSpecification","valueRequired":true,"valueName":"search_term_string"}}],"inLanguage":"de"},{"@type":"Organization","@id":"https:\/\/www.quotasicura.com\/#organization","name":"Sichere Quote","url":"https:\/\/www.quotasicura.com\/","logo":{"@type":"ImageObject","inLanguage":"de","@id":"https:\/\/www.quotasicura.com\/#\/schema\/logo\/image\/","url":"https:\/\/www.quotasicura.com\/wp-content\/uploads\/2025\/10\/LOGO-QUOTA-SICURA.pdf.png","contentUrl":"https:\/\/www.quotasicura.com\/wp-content\/uploads\/2025\/10\/LOGO-QUOTA-SICURA.pdf.png","width":2000,"height":614,"caption":"Quota Sicura"},"image":{"@id":"https:\/\/www.quotasicura.com\/#\/schema\/logo\/image\/"}}]}},"_links":{"self":[{"href":"https:\/\/www.quotasicura.com\/de\/wp-json\/wp\/v2\/product\/570","targetHints":{"allow":["GET"]}}],"collection":[{"href":"https:\/\/www.quotasicura.com\/de\/wp-json\/wp\/v2\/product"}],"about":[{"href":"https:\/\/www.quotasicura.com\/de\/wp-json\/wp\/v2\/types\/product"}],"replies":[{"embeddable":true,"href":"https:\/\/www.quotasicura.com\/de\/wp-json\/wp\/v2\/comments?post=570"}],"wp:featuredmedia":[{"embeddable":true,"href":"https:\/\/www.quotasicura.com\/de\/wp-json\/wp\/v2\/media\/591"}],"wp:attachment":[{"href":"https:\/\/www.quotasicura.com\/de\/wp-json\/wp\/v2\/media?parent=570"}],"wp:term":[{"taxonomy":"product_brand","embeddable":true,"href":"https:\/\/www.quotasicura.com\/de\/wp-json\/wp\/v2\/product_brand?post=570"},{"taxonomy":"product_cat","embeddable":true,"href":"https:\/\/www.quotasicura.com\/de\/wp-json\/wp\/v2\/product_cat?post=570"},{"taxonomy":"product_tag","embeddable":true,"href":"https:\/\/www.quotasicura.com\/de\/wp-json\/wp\/v2\/product_tag?post=570"}],"curies":[{"name":"wp","href":"https:\/\/api.w.org\/{rel}","templated":true}]}}