{"id":585,"date":"2025-10-07T15:27:13","date_gmt":"2025-10-07T15:27:13","guid":{"rendered":"https:\/\/www.quotasicura.com\/?post_type=product&#038;p=585"},"modified":"2025-11-27T16:37:58","modified_gmt":"2025-11-27T16:37:58","slug":"irudek-cta-express-60-fettuccia-di-ancoraggio","status":"publish","type":"product","link":"https:\/\/www.quotasicura.com\/de\/product\/irudek-cta-express-60-fettuccia-di-ancoraggio\/","title":{"rendered":"Irudek CTA Express 60 \u2013 Verankerungsgurt"},"content":{"rendered":"<div class=\"scrollable-table\" style=\"overflow-x: auto;\">\n<table style=\"width: 100%; border-collapse: collapse;\">\n<thead>\n<tr style=\"background-color: #f2f2f2;\">\n<th style=\"padding: 10px; border: 1px solid #ddd;\">Merkmal<\/th>\n<th style=\"padding: 10px; border: 1px solid #ddd;\">Detail<\/th>\n<\/tr>\n<\/thead>\n<tbody>\n<tr>\n<td style=\"padding: 10px; border: 1px solid #ddd;\">Produkt<\/td>\n<td style=\"padding: 10px; border: 1px solid #ddd;\">Irudek CTA Express 60<\/td>\n<\/tr>\n<tr>\n<td style=\"padding: 10px; border: 1px solid #ddd;\">Typologie<\/td>\n<td style=\"padding: 10px; border: 1px solid #ddd;\">Ankergurt<\/td>\n<\/tr>\n<tr>\n<td style=\"padding: 10px; border: 1px solid #ddd;\">Material<\/td>\n<td style=\"padding: 10px; border: 1px solid #ddd;\">Hochbest\u00e4ndiges Gewebe<\/td>\n<\/tr>\n<tr>\n<td style=\"padding: 10px; border: 1px solid #ddd;\">Verf\u00fcgbare L\u00e4ngen<\/td>\n<td style=\"padding: 10px; border: 1px solid #ddd;\">60 cm, 90 cm, 120 cm, 150 cm, 200 cm<\/td>\n<\/tr>\n<tr>\n<td style=\"padding: 10px; border: 1px solid #ddd;\">Eigenschaften<\/td>\n<td style=\"padding: 10px; border: 1px solid #ddd;\">Leicht, robust und vielseitig<\/td>\n<\/tr>\n<tr>\n<td style=\"padding: 10px; border: 1px solid #ddd;\">Verwendung<\/td>\n<td style=\"padding: 10px; border: 1px solid #ddd;\">Verankerungen f\u00fcr Absturzsicherungssysteme<\/td>\n<\/tr>\n<\/tbody>\n<\/table>\n<\/div>","protected":false},"excerpt":{"rendered":"<p data-start=\"226\" data-end=\"471\">Die Verankerungsgurte <strong data-start=\"252\" data-end=\"277\">Irudek CTA Express 60<\/strong> Sie sind leicht, robust und in verschiedenen L\u00e4ngen erh\u00e4ltlich (60 cm, 90 cm, 120 cm, 150 cm und 200 cm). Vielseitig und praktisch, geh\u00f6ren sie zu den am h\u00e4ufigsten verwendeten Verankerungen in Auffangsystemen.<\/p>\n<h3 data-start=\"473\" data-end=\"504\"><\/h3>","protected":false},"featured_media":594,"comment_status":"open","ping_status":"closed","template":"","meta":[],"product_brand":[],"product_cat":[29],"product_tag":[],"class_list":{"0":"post-585","1":"product","2":"type-product","3":"status-publish","4":"has-post-thumbnail","6":"product_cat-dpi-dispositivi-di-protezione-individuale","8":"first","9":"instock","10":"shipping-taxable","11":"product-type-simple"},"yoast_head":"<!-- This site is optimized with the Yoast SEO Premium plugin v26.4 (Yoast SEO v26.4) - https:\/\/yoast.com\/wordpress\/plugins\/seo\/ -->\n<title>Irudek CTA Express 60 \u2013 Fettuccia di ancoraggio - Quota Sicura<\/title>\n<meta name=\"description\" content=\"Irudek CTA Express 60, fettuccia di ancoraggio da 60 cm in poliammide ad alta resistenza. Ideale per creare punti di ancoraggio su strutture in quota.\" \/>\n<meta name=\"robots\" content=\"index, follow, max-snippet:-1, max-image-preview:large, max-video-preview:-1\" \/>\n<link rel=\"canonical\" href=\"https:\/\/www.quotasicura.com\/de\/product\/irudek-cta-express-60-fettuccia-di-ancoraggio\/\" \/>\n<meta property=\"og:locale\" content=\"de_DE\" \/>\n<meta property=\"og:type\" content=\"article\" \/>\n<meta property=\"og:title\" content=\"Irudek CTA Express 60 \u2013 Fettuccia di ancoraggio\" \/>\n<meta property=\"og:description\" content=\"Irudek CTA Express 60, fettuccia di ancoraggio da 60 cm in poliammide ad alta resistenza. Ideale per creare punti di ancoraggio su strutture in quota.\" \/>\n<meta property=\"og:url\" content=\"https:\/\/www.quotasicura.com\/de\/product\/irudek-cta-express-60-fettuccia-di-ancoraggio\/\" \/>\n<meta property=\"og:site_name\" content=\"Quota Sicura\" \/>\n<meta property=\"article:modified_time\" content=\"2025-11-27T16:37:58+00:00\" \/>\n<meta property=\"og:image\" content=\"https:\/\/www.quotasicura.com\/wp-content\/uploads\/2025\/10\/IRUDEK-CTA-EXPRESS-60.png\" \/>\n\t<meta property=\"og:image:width\" content=\"1080\" \/>\n\t<meta property=\"og:image:height\" content=\"1350\" \/>\n\t<meta property=\"og:image:type\" content=\"image\/png\" \/>\n<meta name=\"twitter:card\" content=\"summary_large_image\" \/>\n<meta name=\"twitter:label1\" content=\"Gesch\u00e4tzte Lesezeit\" \/>\n\t<meta name=\"twitter:data1\" content=\"1\u00a0Minute\" \/>\n<script type=\"application\/ld+json\" class=\"yoast-schema-graph\">{\"@context\":\"https:\/\/schema.org\",\"@graph\":[{\"@type\":\"WebPage\",\"@id\":\"https:\/\/www.quotasicura.com\/product\/irudek-cta-express-60-fettuccia-di-ancoraggio\/\",\"url\":\"https:\/\/www.quotasicura.com\/product\/irudek-cta-express-60-fettuccia-di-ancoraggio\/\",\"name\":\"Irudek CTA Express 60 \u2013 Fettuccia di ancoraggio - Quota Sicura\",\"isPartOf\":{\"@id\":\"https:\/\/www.quotasicura.com\/#website\"},\"primaryImageOfPage\":{\"@id\":\"https:\/\/www.quotasicura.com\/product\/irudek-cta-express-60-fettuccia-di-ancoraggio\/#primaryimage\"},\"image\":{\"@id\":\"https:\/\/www.quotasicura.com\/product\/irudek-cta-express-60-fettuccia-di-ancoraggio\/#primaryimage\"},\"thumbnailUrl\":\"https:\/\/www.quotasicura.com\/wp-content\/uploads\/2025\/10\/IRUDEK-CTA-EXPRESS-60.png\",\"datePublished\":\"2025-10-07T15:27:13+00:00\",\"dateModified\":\"2025-11-27T16:37:58+00:00\",\"description\":\"Irudek CTA Express 60, fettuccia di ancoraggio da 60 cm in poliammide ad alta resistenza. Ideale per creare punti di ancoraggio su strutture in quota.\",\"breadcrumb\":{\"@id\":\"https:\/\/www.quotasicura.com\/product\/irudek-cta-express-60-fettuccia-di-ancoraggio\/#breadcrumb\"},\"inLanguage\":\"de\",\"potentialAction\":[{\"@type\":\"ReadAction\",\"target\":[\"https:\/\/www.quotasicura.com\/product\/irudek-cta-express-60-fettuccia-di-ancoraggio\/\"]}]},{\"@type\":\"ImageObject\",\"inLanguage\":\"de\",\"@id\":\"https:\/\/www.quotasicura.com\/product\/irudek-cta-express-60-fettuccia-di-ancoraggio\/#primaryimage\",\"url\":\"https:\/\/www.quotasicura.com\/wp-content\/uploads\/2025\/10\/IRUDEK-CTA-EXPRESS-60.png\",\"contentUrl\":\"https:\/\/www.quotasicura.com\/wp-content\/uploads\/2025\/10\/IRUDEK-CTA-EXPRESS-60.png\",\"width\":1080,\"height\":1350},{\"@type\":\"BreadcrumbList\",\"@id\":\"https:\/\/www.quotasicura.com\/product\/irudek-cta-express-60-fettuccia-di-ancoraggio\/#breadcrumb\",\"itemListElement\":[{\"@type\":\"ListItem\",\"position\":1,\"name\":\"Home\",\"item\":\"https:\/\/www.quotasicura.com\/\"},{\"@type\":\"ListItem\",\"position\":2,\"name\":\"Prodotti\",\"item\":\"https:\/\/www.quotasicura.com\/prodotti\/\"},{\"@type\":\"ListItem\",\"position\":3,\"name\":\"Irudek CTA Express 60 \u2013 Fettuccia di ancoraggio\"}]},{\"@type\":\"WebSite\",\"@id\":\"https:\/\/www.quotasicura.com\/#website\",\"url\":\"https:\/\/www.quotasicura.com\/\",\"name\":\"Quota Sicura\",\"description\":\"\",\"publisher\":{\"@id\":\"https:\/\/www.quotasicura.com\/#organization\"},\"potentialAction\":[{\"@type\":\"SearchAction\",\"target\":{\"@type\":\"EntryPoint\",\"urlTemplate\":\"https:\/\/www.quotasicura.com\/?s={search_term_string}\"},\"query-input\":{\"@type\":\"PropertyValueSpecification\",\"valueRequired\":true,\"valueName\":\"search_term_string\"}}],\"inLanguage\":\"de\"},{\"@type\":\"Organization\",\"@id\":\"https:\/\/www.quotasicura.com\/#organization\",\"name\":\"Quota Sicura\",\"url\":\"https:\/\/www.quotasicura.com\/\",\"logo\":{\"@type\":\"ImageObject\",\"inLanguage\":\"de\",\"@id\":\"https:\/\/www.quotasicura.com\/#\/schema\/logo\/image\/\",\"url\":\"https:\/\/www.quotasicura.com\/wp-content\/uploads\/2025\/10\/LOGO-QUOTA-SICURA.pdf.png\",\"contentUrl\":\"https:\/\/www.quotasicura.com\/wp-content\/uploads\/2025\/10\/LOGO-QUOTA-SICURA.pdf.png\",\"width\":2000,\"height\":614,\"caption\":\"Quota Sicura\"},\"image\":{\"@id\":\"https:\/\/www.quotasicura.com\/#\/schema\/logo\/image\/\"}}]}<\/script>\n<!-- \/ Yoast SEO Premium plugin. -->","yoast_head_json":{"title":"Irudek CTA Express 60 \u2013 Fettuccia di ancoraggio - Quota Sicura","description":"Irudek CTA Express 60, fettuccia di ancoraggio da 60 cm in poliammide ad alta resistenza. Ideale per creare punti di ancoraggio su strutture in quota.","robots":{"index":"index","follow":"follow","max-snippet":"max-snippet:-1","max-image-preview":"max-image-preview:large","max-video-preview":"max-video-preview:-1"},"canonical":"https:\/\/www.quotasicura.com\/de\/product\/irudek-cta-express-60-fettuccia-di-ancoraggio\/","og_locale":"de_DE","og_type":"article","og_title":"Irudek CTA Express 60 \u2013 Fettuccia di ancoraggio","og_description":"Irudek CTA Express 60, fettuccia di ancoraggio da 60 cm in poliammide ad alta resistenza. Ideale per creare punti di ancoraggio su strutture in quota.","og_url":"https:\/\/www.quotasicura.com\/de\/product\/irudek-cta-express-60-fettuccia-di-ancoraggio\/","og_site_name":"Quota Sicura","article_modified_time":"2025-11-27T16:37:58+00:00","og_image":[{"width":1080,"height":1350,"url":"https:\/\/www.quotasicura.com\/wp-content\/uploads\/2025\/10\/IRUDEK-CTA-EXPRESS-60.png","type":"image\/png"}],"twitter_card":"summary_large_image","twitter_misc":{"Gesch\u00e4tzte Lesezeit":"1\u00a0Minute"},"schema":{"@context":"https:\/\/schema.org","@graph":[{"@type":"WebPage","@id":"https:\/\/www.quotasicura.com\/product\/irudek-cta-express-60-fettuccia-di-ancoraggio\/","url":"https:\/\/www.quotasicura.com\/product\/irudek-cta-express-60-fettuccia-di-ancoraggio\/","name":"Irudek CTA Express 60 \u2013 Fettuccia di ancoraggio - Quota Sicura","isPartOf":{"@id":"https:\/\/www.quotasicura.com\/#website"},"primaryImageOfPage":{"@id":"https:\/\/www.quotasicura.com\/product\/irudek-cta-express-60-fettuccia-di-ancoraggio\/#primaryimage"},"image":{"@id":"https:\/\/www.quotasicura.com\/product\/irudek-cta-express-60-fettuccia-di-ancoraggio\/#primaryimage"},"thumbnailUrl":"https:\/\/www.quotasicura.com\/wp-content\/uploads\/2025\/10\/IRUDEK-CTA-EXPRESS-60.png","datePublished":"2025-10-07T15:27:13+00:00","dateModified":"2025-11-27T16:37:58+00:00","description":"Irudek CTA Express 60, fettuccia di ancoraggio da 60 cm in poliammide ad alta resistenza. Ideale per creare punti di ancoraggio su strutture in quota.","breadcrumb":{"@id":"https:\/\/www.quotasicura.com\/product\/irudek-cta-express-60-fettuccia-di-ancoraggio\/#breadcrumb"},"inLanguage":"de","potentialAction":[{"@type":"ReadAction","target":["https:\/\/www.quotasicura.com\/product\/irudek-cta-express-60-fettuccia-di-ancoraggio\/"]}]},{"@type":"ImageObject","inLanguage":"de","@id":"https:\/\/www.quotasicura.com\/product\/irudek-cta-express-60-fettuccia-di-ancoraggio\/#primaryimage","url":"https:\/\/www.quotasicura.com\/wp-content\/uploads\/2025\/10\/IRUDEK-CTA-EXPRESS-60.png","contentUrl":"https:\/\/www.quotasicura.com\/wp-content\/uploads\/2025\/10\/IRUDEK-CTA-EXPRESS-60.png","width":1080,"height":1350},{"@type":"BreadcrumbList","@id":"https:\/\/www.quotasicura.com\/product\/irudek-cta-express-60-fettuccia-di-ancoraggio\/#breadcrumb","itemListElement":[{"@type":"ListItem","position":1,"name":"Home","item":"https:\/\/www.quotasicura.com\/"},{"@type":"ListItem","position":2,"name":"Prodotti","item":"https:\/\/www.quotasicura.com\/prodotti\/"},{"@type":"ListItem","position":3,"name":"Irudek CTA Express 60 \u2013 Fettuccia di ancoraggio"}]},{"@type":"WebSite","@id":"https:\/\/www.quotasicura.com\/#website","url":"https:\/\/www.quotasicura.com\/","name":"Sichere Quote","description":"","publisher":{"@id":"https:\/\/www.quotasicura.com\/#organization"},"potentialAction":[{"@type":"SearchAction","target":{"@type":"EntryPoint","urlTemplate":"https:\/\/www.quotasicura.com\/?s={search_term_string}"},"query-input":{"@type":"PropertyValueSpecification","valueRequired":true,"valueName":"search_term_string"}}],"inLanguage":"de"},{"@type":"Organization","@id":"https:\/\/www.quotasicura.com\/#organization","name":"Sichere Quote","url":"https:\/\/www.quotasicura.com\/","logo":{"@type":"ImageObject","inLanguage":"de","@id":"https:\/\/www.quotasicura.com\/#\/schema\/logo\/image\/","url":"https:\/\/www.quotasicura.com\/wp-content\/uploads\/2025\/10\/LOGO-QUOTA-SICURA.pdf.png","contentUrl":"https:\/\/www.quotasicura.com\/wp-content\/uploads\/2025\/10\/LOGO-QUOTA-SICURA.pdf.png","width":2000,"height":614,"caption":"Quota Sicura"},"image":{"@id":"https:\/\/www.quotasicura.com\/#\/schema\/logo\/image\/"}}]}},"_links":{"self":[{"href":"https:\/\/www.quotasicura.com\/de\/wp-json\/wp\/v2\/product\/585","targetHints":{"allow":["GET"]}}],"collection":[{"href":"https:\/\/www.quotasicura.com\/de\/wp-json\/wp\/v2\/product"}],"about":[{"href":"https:\/\/www.quotasicura.com\/de\/wp-json\/wp\/v2\/types\/product"}],"replies":[{"embeddable":true,"href":"https:\/\/www.quotasicura.com\/de\/wp-json\/wp\/v2\/comments?post=585"}],"wp:featuredmedia":[{"embeddable":true,"href":"https:\/\/www.quotasicura.com\/de\/wp-json\/wp\/v2\/media\/594"}],"wp:attachment":[{"href":"https:\/\/www.quotasicura.com\/de\/wp-json\/wp\/v2\/media?parent=585"}],"wp:term":[{"taxonomy":"product_brand","embeddable":true,"href":"https:\/\/www.quotasicura.com\/de\/wp-json\/wp\/v2\/product_brand?post=585"},{"taxonomy":"product_cat","embeddable":true,"href":"https:\/\/www.quotasicura.com\/de\/wp-json\/wp\/v2\/product_cat?post=585"},{"taxonomy":"product_tag","embeddable":true,"href":"https:\/\/www.quotasicura.com\/de\/wp-json\/wp\/v2\/product_tag?post=585"}],"curies":[{"name":"wp","href":"https:\/\/api.w.org\/{rel}","templated":true}]}}