{"id":606,"date":"2025-10-07T16:29:16","date_gmt":"2025-10-07T16:29:16","guid":{"rendered":"https:\/\/www.quotasicura.com\/?post_type=product&#038;p=606"},"modified":"2025-11-27T11:49:24","modified_gmt":"2025-11-27T11:49:24","slug":"pole-60-h-3000-ancoraggio-tipo-a-girevole-in-acciaio","status":"publish","type":"product","link":"https:\/\/www.quotasicura.com\/de\/product\/pole-60-h-3000-ancoraggio-tipo-a-girevole-in-acciaio\/","title":{"rendered":"POLE 60 H.3000 \u2013 Drehbarer Stahlanker Typ A"},"content":{"rendered":"<div class=\"scrollable-table\" style=\"overflow-x: auto;\">\n<table style=\"width: 100%; border-collapse: collapse; font-size: 15px;\">\n<thead>\n<tr style=\"background: #f2f2f2;\">\n<th style=\"padding: 10px; border: 1px solid #ddd;\">Merkmal<\/th>\n<th style=\"padding: 10px; border: 1px solid #ddd;\">Detail<\/th>\n<\/tr>\n<\/thead>\n<tbody>\n<tr>\n<td style=\"padding: 10px; border: 1px solid #ddd;\">Produkt \/ Code<\/td>\n<td style=\"padding: 10px; border: 1px solid #ddd;\">POLE 60 H.3000 \u2013 <strong>LVTQS3000PL60 \u2013 EDELSTAHL<\/strong><\/td>\n<\/tr>\n<tr>\n<td style=\"padding: 10px; border: 1px solid #ddd;\">Vorschriften<\/td>\n<td style=\"padding: 10px; border: 1px solid #ddd;\">UNI EN 795:2012 \u2013 UNI CEN\/TS 16415:2013 \u2013 UNI 11578:2015<\/td>\n<\/tr>\n<tr>\n<td style=\"padding: 10px; border: 1px solid #ddd;\">Ger\u00e4tetyp<\/td>\n<td style=\"padding: 10px; border: 1px solid #ddd;\">Typ A<\/td>\n<\/tr>\n<tr>\n<td style=\"padding: 10px; border: 1px solid #ddd;\">Kopftyp<\/td>\n<td style=\"padding: 10px; border: 1px solid #ddd;\">Schwenken<\/td>\n<\/tr>\n<tr>\n<td style=\"padding: 10px; border: 1px solid #ddd;\">Material<\/td>\n<td style=\"padding: 10px; border: 1px solid #ddd;\">Stahl S275JR \/ Edelstahl AISI 304<\/td>\n<\/tr>\n<tr>\n<td style=\"padding: 10px; border: 1px solid #ddd;\">Behandlung<\/td>\n<td style=\"padding: 10px; border: 1px solid #ddd;\">Galvanische Verzinkung (UNI 11678:2016 \u00a7 4.2.11 \u2013 UNI EN ISO 9227)<\/td>\n<\/tr>\n<tr>\n<td style=\"padding: 10px; border: 1px solid #ddd;\">Testbericht<\/td>\n<td style=\"padding: 10px; border: 1px solid #ddd;\">UNI 11678:2016 \u00a78 \u2013 durchgef\u00fchrt von einem Dritten<\/td>\n<\/tr>\n<tr>\n<td style=\"padding: 10px; border: 1px solid #ddd;\">Markierung<\/td>\n<td style=\"padding: 10px; border: 1px solid #ddd;\">UNI 11678:2016 \u2013 UNI EN 365<\/td>\n<\/tr>\n<tr>\n<td style=\"padding: 10px; border: 1px solid #ddd;\">Max-Benutzer<\/td>\n<td style=\"padding: 10px; border: 1px solid #ddd;\">2<\/td>\n<\/tr>\n<tr>\n<td style=\"padding: 10px; border: 1px solid #ddd;\">Maximal anwendbare Kraft<\/td>\n<td style=\"padding: 10px; border: 1px solid #ddd;\">7,5 kN<\/td>\n<\/tr>\n<\/tbody>\n<\/table>\n<\/div>\n<p style=\"margin-top: 15px;\">Der Ankerpfahl <strong>Mast 60 H.3000<\/strong> Es ist f\u00fcr Absturzsicherungsanwendungen an Mauerwerks-, Beton- oder Stahlkonstruktionen konzipiert.<br \/>\nDank des drehbaren Kopfes und der Zertifizierung f\u00fcr 2 Benutzer bietet es maximale Flexibilit\u00e4t und Widerstandsf\u00e4higkeit.<br \/>\nDie Korrosionsschutzbehandlung mit galvanischer Verzinkung garantiert Langlebigkeit und Schutz \u00fcber lange Zeit.<\/p>","protected":false},"excerpt":{"rendered":"<p>Ankerstange <strong data-start=\"292\" data-end=\"302\">Typ A<\/strong> mit <strong data-start=\"307\" data-end=\"325\">Schwenkkopf<\/strong>H\u00f6he 3 m. Hergestellt aus <strong data-start=\"354\" data-end=\"388\">Stahl S275JR \/ Edelstahl AISI 304<\/strong> mit Behandlung <strong data-start=\"405\" data-end=\"428\">galvanische Verzinkung<\/strong>Zertifiziert nach UNI EN 795:2012 \u2013 UNI CEN\/TS 16415:2013 \u2013 UNI 11578:2015. <strong data-start=\"500\" data-end=\"518\">2 Benutzer<\/strong>maximale St\u00e4rke <strong data-start=\"534\" data-end=\"544\">7,5 kN<\/strong>Montage auf Mauerwerks-, Beton- oder Stahlkonstruktionen.<\/p>","protected":false},"featured_media":607,"comment_status":"open","ping_status":"closed","template":"","meta":[],"product_brand":[],"product_cat":[36],"product_tag":[],"class_list":{"0":"post-606","1":"product","2":"type-product","3":"status-publish","4":"has-post-thumbnail","6":"product_cat-tipo-a","8":"first","9":"instock","10":"shipping-taxable","11":"product-type-simple"},"yoast_head":"<!-- This site is optimized with the Yoast SEO Premium plugin v26.4 (Yoast SEO v26.4) - https:\/\/yoast.com\/wordpress\/plugins\/seo\/ -->\n<title>POLE 60 H.3000 \u2013 Ancoraggio Tipo A girevole in acciaio - Quota Sicura<\/title>\n<meta name=\"description\" content=\"Elemento d\u2019angolo in acciaio inox AISI 304 per sistemi linea vita tipo C. Permette la deviazione sicura del cavo in percorsi con cambio direzione.\" \/>\n<meta name=\"robots\" content=\"index, follow, max-snippet:-1, max-image-preview:large, max-video-preview:-1\" \/>\n<link rel=\"canonical\" href=\"https:\/\/www.quotasicura.com\/de\/product\/pole-60-h-3000-ancoraggio-tipo-a-girevole-in-acciaio\/\" \/>\n<meta property=\"og:locale\" content=\"de_DE\" \/>\n<meta property=\"og:type\" content=\"article\" \/>\n<meta property=\"og:title\" content=\"POLE 60 H.3000 \u2013 Ancoraggio Tipo A girevole in acciaio\" \/>\n<meta property=\"og:description\" content=\"Elemento d\u2019angolo in acciaio inox AISI 304 per sistemi linea vita tipo C. Permette la deviazione sicura del cavo in percorsi con cambio direzione.\" \/>\n<meta property=\"og:url\" content=\"https:\/\/www.quotasicura.com\/de\/product\/pole-60-h-3000-ancoraggio-tipo-a-girevole-in-acciaio\/\" \/>\n<meta property=\"og:site_name\" content=\"Quota Sicura\" \/>\n<meta property=\"article:modified_time\" content=\"2025-11-27T11:49:24+00:00\" \/>\n<meta property=\"og:image\" content=\"https:\/\/www.quotasicura.com\/wp-content\/uploads\/2025\/10\/Screenshot-2025-10-07-182723-e1759854727918.png\" \/>\n\t<meta property=\"og:image:width\" content=\"367\" \/>\n\t<meta property=\"og:image:height\" content=\"453\" \/>\n\t<meta property=\"og:image:type\" content=\"image\/png\" \/>\n<meta name=\"twitter:card\" content=\"summary_large_image\" \/>\n<meta name=\"twitter:label1\" content=\"Gesch\u00e4tzte Lesezeit\" \/>\n\t<meta name=\"twitter:data1\" content=\"1\u00a0Minute\" \/>\n<script type=\"application\/ld+json\" class=\"yoast-schema-graph\">{\"@context\":\"https:\/\/schema.org\",\"@graph\":[{\"@type\":\"WebPage\",\"@id\":\"https:\/\/www.quotasicura.com\/product\/pole-60-h-3000-ancoraggio-tipo-a-girevole-in-acciaio\/\",\"url\":\"https:\/\/www.quotasicura.com\/product\/pole-60-h-3000-ancoraggio-tipo-a-girevole-in-acciaio\/\",\"name\":\"POLE 60 H.3000 \u2013 Ancoraggio Tipo A girevole in acciaio - Quota Sicura\",\"isPartOf\":{\"@id\":\"https:\/\/www.quotasicura.com\/#website\"},\"primaryImageOfPage\":{\"@id\":\"https:\/\/www.quotasicura.com\/product\/pole-60-h-3000-ancoraggio-tipo-a-girevole-in-acciaio\/#primaryimage\"},\"image\":{\"@id\":\"https:\/\/www.quotasicura.com\/product\/pole-60-h-3000-ancoraggio-tipo-a-girevole-in-acciaio\/#primaryimage\"},\"thumbnailUrl\":\"https:\/\/www.quotasicura.com\/wp-content\/uploads\/2025\/10\/Screenshot-2025-10-07-182723-e1759854727918.png\",\"datePublished\":\"2025-10-07T16:29:16+00:00\",\"dateModified\":\"2025-11-27T11:49:24+00:00\",\"description\":\"Elemento d\u2019angolo in acciaio inox AISI 304 per sistemi linea vita tipo C. Permette la deviazione sicura del cavo in percorsi con cambio direzione.\",\"breadcrumb\":{\"@id\":\"https:\/\/www.quotasicura.com\/product\/pole-60-h-3000-ancoraggio-tipo-a-girevole-in-acciaio\/#breadcrumb\"},\"inLanguage\":\"de\",\"potentialAction\":[{\"@type\":\"ReadAction\",\"target\":[\"https:\/\/www.quotasicura.com\/product\/pole-60-h-3000-ancoraggio-tipo-a-girevole-in-acciaio\/\"]}]},{\"@type\":\"ImageObject\",\"inLanguage\":\"de\",\"@id\":\"https:\/\/www.quotasicura.com\/product\/pole-60-h-3000-ancoraggio-tipo-a-girevole-in-acciaio\/#primaryimage\",\"url\":\"https:\/\/www.quotasicura.com\/wp-content\/uploads\/2025\/10\/Screenshot-2025-10-07-182723-e1759854727918.png\",\"contentUrl\":\"https:\/\/www.quotasicura.com\/wp-content\/uploads\/2025\/10\/Screenshot-2025-10-07-182723-e1759854727918.png\",\"width\":367,\"height\":453},{\"@type\":\"BreadcrumbList\",\"@id\":\"https:\/\/www.quotasicura.com\/product\/pole-60-h-3000-ancoraggio-tipo-a-girevole-in-acciaio\/#breadcrumb\",\"itemListElement\":[{\"@type\":\"ListItem\",\"position\":1,\"name\":\"Home\",\"item\":\"https:\/\/www.quotasicura.com\/\"},{\"@type\":\"ListItem\",\"position\":2,\"name\":\"Prodotti\",\"item\":\"https:\/\/www.quotasicura.com\/prodotti\/\"},{\"@type\":\"ListItem\",\"position\":3,\"name\":\"POLE 60 H.3000 \u2013 Ancoraggio Tipo A girevole in acciaio\"}]},{\"@type\":\"WebSite\",\"@id\":\"https:\/\/www.quotasicura.com\/#website\",\"url\":\"https:\/\/www.quotasicura.com\/\",\"name\":\"Quota Sicura\",\"description\":\"\",\"publisher\":{\"@id\":\"https:\/\/www.quotasicura.com\/#organization\"},\"potentialAction\":[{\"@type\":\"SearchAction\",\"target\":{\"@type\":\"EntryPoint\",\"urlTemplate\":\"https:\/\/www.quotasicura.com\/?s={search_term_string}\"},\"query-input\":{\"@type\":\"PropertyValueSpecification\",\"valueRequired\":true,\"valueName\":\"search_term_string\"}}],\"inLanguage\":\"de\"},{\"@type\":\"Organization\",\"@id\":\"https:\/\/www.quotasicura.com\/#organization\",\"name\":\"Quota Sicura\",\"url\":\"https:\/\/www.quotasicura.com\/\",\"logo\":{\"@type\":\"ImageObject\",\"inLanguage\":\"de\",\"@id\":\"https:\/\/www.quotasicura.com\/#\/schema\/logo\/image\/\",\"url\":\"https:\/\/www.quotasicura.com\/wp-content\/uploads\/2025\/10\/LOGO-QUOTA-SICURA.pdf.png\",\"contentUrl\":\"https:\/\/www.quotasicura.com\/wp-content\/uploads\/2025\/10\/LOGO-QUOTA-SICURA.pdf.png\",\"width\":2000,\"height\":614,\"caption\":\"Quota Sicura\"},\"image\":{\"@id\":\"https:\/\/www.quotasicura.com\/#\/schema\/logo\/image\/\"}}]}<\/script>\n<!-- \/ Yoast SEO Premium plugin. -->","yoast_head_json":{"title":"POLE 60 H.3000 \u2013 Ancoraggio Tipo A girevole in acciaio - Quota Sicura","description":"Elemento d\u2019angolo in acciaio inox AISI 304 per sistemi linea vita tipo C. Permette la deviazione sicura del cavo in percorsi con cambio direzione.","robots":{"index":"index","follow":"follow","max-snippet":"max-snippet:-1","max-image-preview":"max-image-preview:large","max-video-preview":"max-video-preview:-1"},"canonical":"https:\/\/www.quotasicura.com\/de\/product\/pole-60-h-3000-ancoraggio-tipo-a-girevole-in-acciaio\/","og_locale":"de_DE","og_type":"article","og_title":"POLE 60 H.3000 \u2013 Ancoraggio Tipo A girevole in acciaio","og_description":"Elemento d\u2019angolo in acciaio inox AISI 304 per sistemi linea vita tipo C. Permette la deviazione sicura del cavo in percorsi con cambio direzione.","og_url":"https:\/\/www.quotasicura.com\/de\/product\/pole-60-h-3000-ancoraggio-tipo-a-girevole-in-acciaio\/","og_site_name":"Quota Sicura","article_modified_time":"2025-11-27T11:49:24+00:00","og_image":[{"width":367,"height":453,"url":"https:\/\/www.quotasicura.com\/wp-content\/uploads\/2025\/10\/Screenshot-2025-10-07-182723-e1759854727918.png","type":"image\/png"}],"twitter_card":"summary_large_image","twitter_misc":{"Gesch\u00e4tzte Lesezeit":"1\u00a0Minute"},"schema":{"@context":"https:\/\/schema.org","@graph":[{"@type":"WebPage","@id":"https:\/\/www.quotasicura.com\/product\/pole-60-h-3000-ancoraggio-tipo-a-girevole-in-acciaio\/","url":"https:\/\/www.quotasicura.com\/product\/pole-60-h-3000-ancoraggio-tipo-a-girevole-in-acciaio\/","name":"POLE 60 H.3000 \u2013 Ancoraggio Tipo A girevole in acciaio - Quota Sicura","isPartOf":{"@id":"https:\/\/www.quotasicura.com\/#website"},"primaryImageOfPage":{"@id":"https:\/\/www.quotasicura.com\/product\/pole-60-h-3000-ancoraggio-tipo-a-girevole-in-acciaio\/#primaryimage"},"image":{"@id":"https:\/\/www.quotasicura.com\/product\/pole-60-h-3000-ancoraggio-tipo-a-girevole-in-acciaio\/#primaryimage"},"thumbnailUrl":"https:\/\/www.quotasicura.com\/wp-content\/uploads\/2025\/10\/Screenshot-2025-10-07-182723-e1759854727918.png","datePublished":"2025-10-07T16:29:16+00:00","dateModified":"2025-11-27T11:49:24+00:00","description":"Elemento d\u2019angolo in acciaio inox AISI 304 per sistemi linea vita tipo C. Permette la deviazione sicura del cavo in percorsi con cambio direzione.","breadcrumb":{"@id":"https:\/\/www.quotasicura.com\/product\/pole-60-h-3000-ancoraggio-tipo-a-girevole-in-acciaio\/#breadcrumb"},"inLanguage":"de","potentialAction":[{"@type":"ReadAction","target":["https:\/\/www.quotasicura.com\/product\/pole-60-h-3000-ancoraggio-tipo-a-girevole-in-acciaio\/"]}]},{"@type":"ImageObject","inLanguage":"de","@id":"https:\/\/www.quotasicura.com\/product\/pole-60-h-3000-ancoraggio-tipo-a-girevole-in-acciaio\/#primaryimage","url":"https:\/\/www.quotasicura.com\/wp-content\/uploads\/2025\/10\/Screenshot-2025-10-07-182723-e1759854727918.png","contentUrl":"https:\/\/www.quotasicura.com\/wp-content\/uploads\/2025\/10\/Screenshot-2025-10-07-182723-e1759854727918.png","width":367,"height":453},{"@type":"BreadcrumbList","@id":"https:\/\/www.quotasicura.com\/product\/pole-60-h-3000-ancoraggio-tipo-a-girevole-in-acciaio\/#breadcrumb","itemListElement":[{"@type":"ListItem","position":1,"name":"Home","item":"https:\/\/www.quotasicura.com\/"},{"@type":"ListItem","position":2,"name":"Prodotti","item":"https:\/\/www.quotasicura.com\/prodotti\/"},{"@type":"ListItem","position":3,"name":"POLE 60 H.3000 \u2013 Ancoraggio Tipo A girevole in acciaio"}]},{"@type":"WebSite","@id":"https:\/\/www.quotasicura.com\/#website","url":"https:\/\/www.quotasicura.com\/","name":"Sichere Quote","description":"","publisher":{"@id":"https:\/\/www.quotasicura.com\/#organization"},"potentialAction":[{"@type":"SearchAction","target":{"@type":"EntryPoint","urlTemplate":"https:\/\/www.quotasicura.com\/?s={search_term_string}"},"query-input":{"@type":"PropertyValueSpecification","valueRequired":true,"valueName":"search_term_string"}}],"inLanguage":"de"},{"@type":"Organization","@id":"https:\/\/www.quotasicura.com\/#organization","name":"Sichere Quote","url":"https:\/\/www.quotasicura.com\/","logo":{"@type":"ImageObject","inLanguage":"de","@id":"https:\/\/www.quotasicura.com\/#\/schema\/logo\/image\/","url":"https:\/\/www.quotasicura.com\/wp-content\/uploads\/2025\/10\/LOGO-QUOTA-SICURA.pdf.png","contentUrl":"https:\/\/www.quotasicura.com\/wp-content\/uploads\/2025\/10\/LOGO-QUOTA-SICURA.pdf.png","width":2000,"height":614,"caption":"Quota Sicura"},"image":{"@id":"https:\/\/www.quotasicura.com\/#\/schema\/logo\/image\/"}}]}},"_links":{"self":[{"href":"https:\/\/www.quotasicura.com\/de\/wp-json\/wp\/v2\/product\/606","targetHints":{"allow":["GET"]}}],"collection":[{"href":"https:\/\/www.quotasicura.com\/de\/wp-json\/wp\/v2\/product"}],"about":[{"href":"https:\/\/www.quotasicura.com\/de\/wp-json\/wp\/v2\/types\/product"}],"replies":[{"embeddable":true,"href":"https:\/\/www.quotasicura.com\/de\/wp-json\/wp\/v2\/comments?post=606"}],"wp:featuredmedia":[{"embeddable":true,"href":"https:\/\/www.quotasicura.com\/de\/wp-json\/wp\/v2\/media\/607"}],"wp:attachment":[{"href":"https:\/\/www.quotasicura.com\/de\/wp-json\/wp\/v2\/media?parent=606"}],"wp:term":[{"taxonomy":"product_brand","embeddable":true,"href":"https:\/\/www.quotasicura.com\/de\/wp-json\/wp\/v2\/product_brand?post=606"},{"taxonomy":"product_cat","embeddable":true,"href":"https:\/\/www.quotasicura.com\/de\/wp-json\/wp\/v2\/product_cat?post=606"},{"taxonomy":"product_tag","embeddable":true,"href":"https:\/\/www.quotasicura.com\/de\/wp-json\/wp\/v2\/product_tag?post=606"}],"curies":[{"name":"wp","href":"https:\/\/api.w.org\/{rel}","templated":true}]}}