{"id":610,"date":"2025-10-07T16:38:10","date_gmt":"2025-10-07T16:38:10","guid":{"rendered":"https:\/\/www.quotasicura.com\/?post_type=product&#038;p=610"},"modified":"2025-11-27T11:45:19","modified_gmt":"2025-11-27T11:45:19","slug":"piastrina-di-ripartizione-in-acciaio-inox-aisi-304-per-flex-hook","status":"publish","type":"product","link":"https:\/\/www.quotasicura.com\/de\/product\/piastrina-di-ripartizione-in-acciaio-inox-aisi-304-per-flex-hook\/","title":{"rendered":"Verteilerplatte aus Edelstahl AISI 304 f\u00fcr Flex Hook"},"content":{"rendered":"<div class=\"scrollable-table\" style=\"overflow-x: auto;\">\n<table style=\"width: 100%; border-collapse: collapse; font-size: 15px;\">\n<thead>\n<tr style=\"background: #f2f2f2;\">\n<th style=\"padding: 10px; border: 1px solid #ddd;\">Merkmal<\/th>\n<th style=\"padding: 10px; border: 1px solid #ddd;\">Detail<\/th>\n<\/tr>\n<\/thead>\n<tbody>\n<tr>\n<td style=\"padding: 10px; border: 1px solid #ddd;\">Produkt \/ Code<\/td>\n<td style=\"padding: 10px; border: 1px solid #ddd;\">Verteilerplatte f\u00fcr Flex Hook \u2013 <strong>LVTQS750ME \u2013 EDELSTAHL<\/strong><\/td>\n<\/tr>\n<tr>\n<td style=\"padding: 10px; border: 1px solid #ddd;\">Vorschriften<\/td>\n<td style=\"padding: 10px; border: 1px solid #ddd;\">UNI 11578:2015 \u2013 UNI EN 365<\/td>\n<\/tr>\n<tr>\n<td style=\"padding: 10px; border: 1px solid #ddd;\">Ger\u00e4tetyp<\/td>\n<td style=\"padding: 10px; border: 1px solid #ddd;\">Zubeh\u00f6r f\u00fcr Typ-C-Ger\u00e4te<\/td>\n<\/tr>\n<tr>\n<td style=\"padding: 10px; border: 1px solid #ddd;\">Kompatibilit\u00e4t<\/td>\n<td style=\"padding: 10px; border: 1px solid #ddd;\">Stange 25 \/ Stange 60 \/ Kreuzhaken \/ Einzelplatte \/ H\u00f6henplatte Serie<\/td>\n<\/tr>\n<tr>\n<td style=\"padding: 10px; border: 1px solid #ddd;\">Material<\/td>\n<td style=\"padding: 10px; border: 1px solid #ddd;\">Edelstahl AISI 304<\/td>\n<\/tr>\n<tr>\n<td style=\"padding: 10px; border: 1px solid #ddd;\">Maximale Anzahl an Benutzern<\/td>\n<td style=\"padding: 10px; border: 1px solid #ddd;\"><strong>3 Bediener<\/strong><\/td>\n<\/tr>\n<\/tbody>\n<\/table>\n<\/div>\n<p style=\"margin-top: 15px;\">Dort <strong>Verteilerplatte f\u00fcr Flex Hook<\/strong> Es ist ein grundlegender Bestandteil, um die Sicherheit und Widerstandsf\u00e4higkeit von Absturzsicherungssystemen zu gew\u00e4hrleisten. <strong>Typ C<\/strong>.<br \/>\nSeine Funktion besteht darin, die Last gleichm\u00e4\u00dfig auf die Verankerungspunkte zu verteilen, wodurch die Gesamtzuverl\u00e4ssigkeit des Systems erh\u00f6ht und die Belastung der einzelnen Befestigungen reduziert wird.<br \/>\nDank seiner Konstruktion aus Edelstahl AISI 304 ist es korrosionsbest\u00e4ndig und eignet sich daher ideal f\u00fcr Installationen auf D\u00e4chern und Geb\u00e4udestrukturen, die Witterungseinfl\u00fcssen ausgesetzt sind.<\/p>","protected":false},"excerpt":{"rendered":"<p>Verankerungszubeh\u00f6r in <strong data-start=\"377\" data-end=\"402\">Edelstahl AISI 304<\/strong>, die darauf ausgelegt sind, die Last in Absturzsicherungssystemen auf mehrere Befestigungspunkte zu verteilen <strong data-start=\"506\" data-end=\"516\">Typ C<\/strong>Kompatibel mit <strong data-start=\"534\" data-end=\"593\">Stange 25, Stange 60, Kreuzhaken, Einzelplatte und Colmo-Platte<\/strong>Einhaltung der Vorschriften <strong data-start=\"619\" data-end=\"650\">UNI 11578:2015 \u2013 UNI EN 365<\/strong> und f\u00fcr die Verwendung durch maximal zertifizierte Personen <strong data-start=\"695\" data-end=\"710\">3 Bediener<\/strong>.<\/p>","protected":false},"featured_media":611,"comment_status":"open","ping_status":"closed","template":"","meta":[],"product_brand":[],"product_cat":[27],"product_tag":[],"class_list":{"0":"post-610","1":"product","2":"type-product","3":"status-publish","4":"has-post-thumbnail","6":"product_cat-accessori-per-linee-vita","8":"first","9":"instock","10":"shipping-taxable","11":"product-type-simple"},"yoast_head":"<!-- This site is optimized with the Yoast SEO Premium plugin v26.4 (Yoast SEO v26.4) - https:\/\/yoast.com\/wordpress\/plugins\/seo\/ -->\n<title>Piastrina di ripartizione in acciaio inox AISI 304 per Flex Hook - Quota Sicura<\/title>\n<meta name=\"description\" content=\"Piastrina di ripartizione in acciaio inox AISI 304 per il montaggio del Flex Hook. Garantisce stabilit\u00e0 e distribuzione del carico per sistemi anticaduta.\" \/>\n<meta name=\"robots\" content=\"index, follow, max-snippet:-1, max-image-preview:large, max-video-preview:-1\" \/>\n<link rel=\"canonical\" href=\"https:\/\/www.quotasicura.com\/de\/product\/piastrina-di-ripartizione-in-acciaio-inox-aisi-304-per-flex-hook\/\" \/>\n<meta property=\"og:locale\" content=\"de_DE\" \/>\n<meta property=\"og:type\" content=\"article\" \/>\n<meta property=\"og:title\" content=\"Piastrina di ripartizione in acciaio inox AISI 304 per Flex Hook\" \/>\n<meta property=\"og:description\" content=\"Piastrina di ripartizione in acciaio inox AISI 304 per il montaggio del Flex Hook. Garantisce stabilit\u00e0 e distribuzione del carico per sistemi anticaduta.\" \/>\n<meta property=\"og:url\" content=\"https:\/\/www.quotasicura.com\/de\/product\/piastrina-di-ripartizione-in-acciaio-inox-aisi-304-per-flex-hook\/\" \/>\n<meta property=\"og:site_name\" content=\"Quota Sicura\" \/>\n<meta property=\"article:modified_time\" content=\"2025-11-27T11:45:19+00:00\" \/>\n<meta property=\"og:image\" content=\"https:\/\/www.quotasicura.com\/wp-content\/uploads\/2025\/10\/Screenshot-2025-10-07-183606-e1759854992936.png\" \/>\n\t<meta property=\"og:image:width\" content=\"351\" \/>\n\t<meta property=\"og:image:height\" content=\"336\" \/>\n\t<meta property=\"og:image:type\" content=\"image\/png\" \/>\n<meta name=\"twitter:card\" content=\"summary_large_image\" \/>\n<meta name=\"twitter:label1\" content=\"Gesch\u00e4tzte Lesezeit\" \/>\n\t<meta name=\"twitter:data1\" content=\"1\u00a0Minute\" \/>\n<script type=\"application\/ld+json\" class=\"yoast-schema-graph\">{\"@context\":\"https:\/\/schema.org\",\"@graph\":[{\"@type\":\"WebPage\",\"@id\":\"https:\/\/www.quotasicura.com\/product\/piastrina-di-ripartizione-in-acciaio-inox-aisi-304-per-flex-hook\/\",\"url\":\"https:\/\/www.quotasicura.com\/product\/piastrina-di-ripartizione-in-acciaio-inox-aisi-304-per-flex-hook\/\",\"name\":\"Piastrina di ripartizione in acciaio inox AISI 304 per Flex Hook - Quota Sicura\",\"isPartOf\":{\"@id\":\"https:\/\/www.quotasicura.com\/#website\"},\"primaryImageOfPage\":{\"@id\":\"https:\/\/www.quotasicura.com\/product\/piastrina-di-ripartizione-in-acciaio-inox-aisi-304-per-flex-hook\/#primaryimage\"},\"image\":{\"@id\":\"https:\/\/www.quotasicura.com\/product\/piastrina-di-ripartizione-in-acciaio-inox-aisi-304-per-flex-hook\/#primaryimage\"},\"thumbnailUrl\":\"https:\/\/www.quotasicura.com\/wp-content\/uploads\/2025\/10\/Screenshot-2025-10-07-183606-e1759854992936.png\",\"datePublished\":\"2025-10-07T16:38:10+00:00\",\"dateModified\":\"2025-11-27T11:45:19+00:00\",\"description\":\"Piastrina di ripartizione in acciaio inox AISI 304 per il montaggio del Flex Hook. Garantisce stabilit\u00e0 e distribuzione del carico per sistemi anticaduta.\",\"breadcrumb\":{\"@id\":\"https:\/\/www.quotasicura.com\/product\/piastrina-di-ripartizione-in-acciaio-inox-aisi-304-per-flex-hook\/#breadcrumb\"},\"inLanguage\":\"de\",\"potentialAction\":[{\"@type\":\"ReadAction\",\"target\":[\"https:\/\/www.quotasicura.com\/product\/piastrina-di-ripartizione-in-acciaio-inox-aisi-304-per-flex-hook\/\"]}]},{\"@type\":\"ImageObject\",\"inLanguage\":\"de\",\"@id\":\"https:\/\/www.quotasicura.com\/product\/piastrina-di-ripartizione-in-acciaio-inox-aisi-304-per-flex-hook\/#primaryimage\",\"url\":\"https:\/\/www.quotasicura.com\/wp-content\/uploads\/2025\/10\/Screenshot-2025-10-07-183606-e1759854992936.png\",\"contentUrl\":\"https:\/\/www.quotasicura.com\/wp-content\/uploads\/2025\/10\/Screenshot-2025-10-07-183606-e1759854992936.png\",\"width\":351,\"height\":336},{\"@type\":\"BreadcrumbList\",\"@id\":\"https:\/\/www.quotasicura.com\/product\/piastrina-di-ripartizione-in-acciaio-inox-aisi-304-per-flex-hook\/#breadcrumb\",\"itemListElement\":[{\"@type\":\"ListItem\",\"position\":1,\"name\":\"Home\",\"item\":\"https:\/\/www.quotasicura.com\/\"},{\"@type\":\"ListItem\",\"position\":2,\"name\":\"Prodotti\",\"item\":\"https:\/\/www.quotasicura.com\/prodotti\/\"},{\"@type\":\"ListItem\",\"position\":3,\"name\":\"Piastrina di ripartizione in acciaio inox AISI 304 per Flex Hook\"}]},{\"@type\":\"WebSite\",\"@id\":\"https:\/\/www.quotasicura.com\/#website\",\"url\":\"https:\/\/www.quotasicura.com\/\",\"name\":\"Quota Sicura\",\"description\":\"\",\"publisher\":{\"@id\":\"https:\/\/www.quotasicura.com\/#organization\"},\"potentialAction\":[{\"@type\":\"SearchAction\",\"target\":{\"@type\":\"EntryPoint\",\"urlTemplate\":\"https:\/\/www.quotasicura.com\/?s={search_term_string}\"},\"query-input\":{\"@type\":\"PropertyValueSpecification\",\"valueRequired\":true,\"valueName\":\"search_term_string\"}}],\"inLanguage\":\"de\"},{\"@type\":\"Organization\",\"@id\":\"https:\/\/www.quotasicura.com\/#organization\",\"name\":\"Quota Sicura\",\"url\":\"https:\/\/www.quotasicura.com\/\",\"logo\":{\"@type\":\"ImageObject\",\"inLanguage\":\"de\",\"@id\":\"https:\/\/www.quotasicura.com\/#\/schema\/logo\/image\/\",\"url\":\"https:\/\/www.quotasicura.com\/wp-content\/uploads\/2025\/10\/LOGO-QUOTA-SICURA.pdf.png\",\"contentUrl\":\"https:\/\/www.quotasicura.com\/wp-content\/uploads\/2025\/10\/LOGO-QUOTA-SICURA.pdf.png\",\"width\":2000,\"height\":614,\"caption\":\"Quota Sicura\"},\"image\":{\"@id\":\"https:\/\/www.quotasicura.com\/#\/schema\/logo\/image\/\"}}]}<\/script>\n<!-- \/ Yoast SEO Premium plugin. -->","yoast_head_json":{"title":"Piastrina di ripartizione in acciaio inox AISI 304 per Flex Hook - Quota Sicura","description":"Piastrina di ripartizione in acciaio inox AISI 304 per il montaggio del Flex Hook. Garantisce stabilit\u00e0 e distribuzione del carico per sistemi anticaduta.","robots":{"index":"index","follow":"follow","max-snippet":"max-snippet:-1","max-image-preview":"max-image-preview:large","max-video-preview":"max-video-preview:-1"},"canonical":"https:\/\/www.quotasicura.com\/de\/product\/piastrina-di-ripartizione-in-acciaio-inox-aisi-304-per-flex-hook\/","og_locale":"de_DE","og_type":"article","og_title":"Piastrina di ripartizione in acciaio inox AISI 304 per Flex Hook","og_description":"Piastrina di ripartizione in acciaio inox AISI 304 per il montaggio del Flex Hook. Garantisce stabilit\u00e0 e distribuzione del carico per sistemi anticaduta.","og_url":"https:\/\/www.quotasicura.com\/de\/product\/piastrina-di-ripartizione-in-acciaio-inox-aisi-304-per-flex-hook\/","og_site_name":"Quota Sicura","article_modified_time":"2025-11-27T11:45:19+00:00","og_image":[{"width":351,"height":336,"url":"https:\/\/www.quotasicura.com\/wp-content\/uploads\/2025\/10\/Screenshot-2025-10-07-183606-e1759854992936.png","type":"image\/png"}],"twitter_card":"summary_large_image","twitter_misc":{"Gesch\u00e4tzte Lesezeit":"1\u00a0Minute"},"schema":{"@context":"https:\/\/schema.org","@graph":[{"@type":"WebPage","@id":"https:\/\/www.quotasicura.com\/product\/piastrina-di-ripartizione-in-acciaio-inox-aisi-304-per-flex-hook\/","url":"https:\/\/www.quotasicura.com\/product\/piastrina-di-ripartizione-in-acciaio-inox-aisi-304-per-flex-hook\/","name":"Piastrina di ripartizione in acciaio inox AISI 304 per Flex Hook - Quota Sicura","isPartOf":{"@id":"https:\/\/www.quotasicura.com\/#website"},"primaryImageOfPage":{"@id":"https:\/\/www.quotasicura.com\/product\/piastrina-di-ripartizione-in-acciaio-inox-aisi-304-per-flex-hook\/#primaryimage"},"image":{"@id":"https:\/\/www.quotasicura.com\/product\/piastrina-di-ripartizione-in-acciaio-inox-aisi-304-per-flex-hook\/#primaryimage"},"thumbnailUrl":"https:\/\/www.quotasicura.com\/wp-content\/uploads\/2025\/10\/Screenshot-2025-10-07-183606-e1759854992936.png","datePublished":"2025-10-07T16:38:10+00:00","dateModified":"2025-11-27T11:45:19+00:00","description":"Piastrina di ripartizione in acciaio inox AISI 304 per il montaggio del Flex Hook. Garantisce stabilit\u00e0 e distribuzione del carico per sistemi anticaduta.","breadcrumb":{"@id":"https:\/\/www.quotasicura.com\/product\/piastrina-di-ripartizione-in-acciaio-inox-aisi-304-per-flex-hook\/#breadcrumb"},"inLanguage":"de","potentialAction":[{"@type":"ReadAction","target":["https:\/\/www.quotasicura.com\/product\/piastrina-di-ripartizione-in-acciaio-inox-aisi-304-per-flex-hook\/"]}]},{"@type":"ImageObject","inLanguage":"de","@id":"https:\/\/www.quotasicura.com\/product\/piastrina-di-ripartizione-in-acciaio-inox-aisi-304-per-flex-hook\/#primaryimage","url":"https:\/\/www.quotasicura.com\/wp-content\/uploads\/2025\/10\/Screenshot-2025-10-07-183606-e1759854992936.png","contentUrl":"https:\/\/www.quotasicura.com\/wp-content\/uploads\/2025\/10\/Screenshot-2025-10-07-183606-e1759854992936.png","width":351,"height":336},{"@type":"BreadcrumbList","@id":"https:\/\/www.quotasicura.com\/product\/piastrina-di-ripartizione-in-acciaio-inox-aisi-304-per-flex-hook\/#breadcrumb","itemListElement":[{"@type":"ListItem","position":1,"name":"Home","item":"https:\/\/www.quotasicura.com\/"},{"@type":"ListItem","position":2,"name":"Prodotti","item":"https:\/\/www.quotasicura.com\/prodotti\/"},{"@type":"ListItem","position":3,"name":"Piastrina di ripartizione in acciaio inox AISI 304 per Flex Hook"}]},{"@type":"WebSite","@id":"https:\/\/www.quotasicura.com\/#website","url":"https:\/\/www.quotasicura.com\/","name":"Sichere Quote","description":"","publisher":{"@id":"https:\/\/www.quotasicura.com\/#organization"},"potentialAction":[{"@type":"SearchAction","target":{"@type":"EntryPoint","urlTemplate":"https:\/\/www.quotasicura.com\/?s={search_term_string}"},"query-input":{"@type":"PropertyValueSpecification","valueRequired":true,"valueName":"search_term_string"}}],"inLanguage":"de"},{"@type":"Organization","@id":"https:\/\/www.quotasicura.com\/#organization","name":"Sichere Quote","url":"https:\/\/www.quotasicura.com\/","logo":{"@type":"ImageObject","inLanguage":"de","@id":"https:\/\/www.quotasicura.com\/#\/schema\/logo\/image\/","url":"https:\/\/www.quotasicura.com\/wp-content\/uploads\/2025\/10\/LOGO-QUOTA-SICURA.pdf.png","contentUrl":"https:\/\/www.quotasicura.com\/wp-content\/uploads\/2025\/10\/LOGO-QUOTA-SICURA.pdf.png","width":2000,"height":614,"caption":"Quota Sicura"},"image":{"@id":"https:\/\/www.quotasicura.com\/#\/schema\/logo\/image\/"}}]}},"_links":{"self":[{"href":"https:\/\/www.quotasicura.com\/de\/wp-json\/wp\/v2\/product\/610","targetHints":{"allow":["GET"]}}],"collection":[{"href":"https:\/\/www.quotasicura.com\/de\/wp-json\/wp\/v2\/product"}],"about":[{"href":"https:\/\/www.quotasicura.com\/de\/wp-json\/wp\/v2\/types\/product"}],"replies":[{"embeddable":true,"href":"https:\/\/www.quotasicura.com\/de\/wp-json\/wp\/v2\/comments?post=610"}],"wp:featuredmedia":[{"embeddable":true,"href":"https:\/\/www.quotasicura.com\/de\/wp-json\/wp\/v2\/media\/611"}],"wp:attachment":[{"href":"https:\/\/www.quotasicura.com\/de\/wp-json\/wp\/v2\/media?parent=610"}],"wp:term":[{"taxonomy":"product_brand","embeddable":true,"href":"https:\/\/www.quotasicura.com\/de\/wp-json\/wp\/v2\/product_brand?post=610"},{"taxonomy":"product_cat","embeddable":true,"href":"https:\/\/www.quotasicura.com\/de\/wp-json\/wp\/v2\/product_cat?post=610"},{"taxonomy":"product_tag","embeddable":true,"href":"https:\/\/www.quotasicura.com\/de\/wp-json\/wp\/v2\/product_tag?post=610"}],"curies":[{"name":"wp","href":"https:\/\/api.w.org\/{rel}","templated":true}]}}