{"id":612,"date":"2025-10-07T16:40:03","date_gmt":"2025-10-07T16:40:03","guid":{"rendered":"https:\/\/www.quotasicura.com\/?post_type=product&#038;p=612"},"modified":"2025-11-27T11:30:53","modified_gmt":"2025-11-27T11:30:53","slug":"contropiastra-a-c-in-acciaio-inox","status":"publish","type":"product","link":"https:\/\/www.quotasicura.com\/de\/product\/contropiastra-a-c-in-acciaio-inox\/","title":{"rendered":"Gegenplatte aus Edelstahl in C-Form"},"content":{"rendered":"<div class=\"scrollable-table\" style=\"overflow-x: auto;\">\n<table style=\"width: 100%; border-collapse: collapse; font-size: 15px;\">\n<thead>\n<tr style=\"background: #f2f2f2;\">\n<th style=\"padding: 10px; border: 1px solid #ddd;\">Merkmal<\/th>\n<th style=\"padding: 10px; border: 1px solid #ddd;\">Detail<\/th>\n<\/tr>\n<\/thead>\n<tbody>\n<tr>\n<td style=\"padding: 10px; border: 1px solid #ddd;\">Produkt \/ Code<\/td>\n<td style=\"padding: 10px; border: 1px solid #ddd;\">Contropiastra a \u201cC\u201d \u2013 <strong>LVTQS750ME \u2013 EDELSTAHL<\/strong><\/td>\n<\/tr>\n<tr>\n<td style=\"padding: 10px; border: 1px solid #ddd;\">Vorschriften<\/td>\n<td style=\"padding: 10px; border: 1px solid #ddd;\">UNI 11578:2015 \u2013 UNI EN 365<\/td>\n<\/tr>\n<tr>\n<td style=\"padding: 10px; border: 1px solid #ddd;\">Ger\u00e4tetyp<\/td>\n<td style=\"padding: 10px; border: 1px solid #ddd;\">Zubeh\u00f6r f\u00fcr Typ-C-Ger\u00e4te<\/td>\n<\/tr>\n<tr>\n<td style=\"padding: 10px; border: 1px solid #ddd;\">Kompatibilit\u00e4t<\/td>\n<td style=\"padding: 10px; border: 1px solid #ddd;\">Stange 25 \/ Stange 60 \/ Kreuzhaken \/ Einzelplatte \/ H\u00f6henplatte Serie<\/td>\n<\/tr>\n<tr>\n<td style=\"padding: 10px; border: 1px solid #ddd;\">Material<\/td>\n<td style=\"padding: 10px; border: 1px solid #ddd;\">Edelstahl AISI 304<\/td>\n<\/tr>\n<\/tbody>\n<\/table>\n<\/div>\n<p style=\"margin-top: 15px;\">Dort <strong>Contropiastra a C<\/strong> \u00e8 un accessorio fondamentale per aumentare la stabilit\u00e0 e la resistenza dei sistemi di ancoraggio anticaduta di <strong>Typ C<\/strong>.<br \/>\nProgettata per essere utilizzata in abbinamento a <strong>POLE 25, POLE 60, Cross Hook, Targa Unica e Targa Colmo<\/strong>, distribuisce il carico in modo ottimale, garantendo maggiore sicurezza strutturale.<br \/>\nRealizzata in inox AISI 304, offre un\u2019eccellente resistenza alla corrosione ed \u00e8 ideale per installazioni su coperture e strutture esposte agli agenti atmosferici.<\/p>","protected":false},"excerpt":{"rendered":"<p>Zubeh\u00f6r in <strong data-start=\"272\" data-end=\"297\">Edelstahl AISI 304<\/strong>, progettato come rinforzo per dispositivi anticaduta di <strong data-start=\"354\" data-end=\"364\">Typ C<\/strong> (Serie <strong data-start=\"372\" data-end=\"431\">POLE 25, POLE 60, Cross Hook, Targa Unica e Targa Colmo<\/strong>). Gem\u00e4\u00df der Verordnung <strong data-start=\"458\" data-end=\"489\">UNI 11578:2015 \u2013 UNI EN 365<\/strong>, garantisce maggiore resistenza e sicurezza strutturale nei sistemi di ancoraggio.<\/p>","protected":false},"featured_media":613,"comment_status":"open","ping_status":"closed","template":"","meta":[],"product_brand":[],"product_cat":[27],"product_tag":[],"class_list":{"0":"post-612","1":"product","2":"type-product","3":"status-publish","4":"has-post-thumbnail","6":"product_cat-accessori-per-linee-vita","8":"first","9":"instock","10":"shipping-taxable","11":"product-type-simple"},"yoast_head":"<!-- This site is optimized with the Yoast SEO Premium plugin v26.4 (Yoast SEO v26.4) - https:\/\/yoast.com\/wordpress\/plugins\/seo\/ -->\n<title>Contropiastra a &quot;C&quot; in acciaio inox - Quota Sicura<\/title>\n<meta name=\"description\" content=\"Contropiastra a \u201cC\u201d in acciaio inox per il fissaggio sicuro di linee vita e dispositivi anticaduta su travi e supporti metallici. Accessorio certificato.\" \/>\n<meta name=\"robots\" content=\"index, follow, max-snippet:-1, max-image-preview:large, max-video-preview:-1\" \/>\n<link rel=\"canonical\" href=\"https:\/\/www.quotasicura.com\/de\/product\/contropiastra-a-c-in-acciaio-inox\/\" \/>\n<meta property=\"og:locale\" content=\"de_DE\" \/>\n<meta property=\"og:type\" content=\"article\" \/>\n<meta property=\"og:title\" content=\"Contropiastra a &quot;C&quot; in acciaio inox\" \/>\n<meta property=\"og:description\" content=\"Contropiastra a \u201cC\u201d in acciaio inox per il fissaggio sicuro di linee vita e dispositivi anticaduta su travi e supporti metallici. Accessorio certificato.\" \/>\n<meta property=\"og:url\" content=\"https:\/\/www.quotasicura.com\/de\/product\/contropiastra-a-c-in-acciaio-inox\/\" \/>\n<meta property=\"og:site_name\" content=\"Quota Sicura\" \/>\n<meta property=\"article:modified_time\" content=\"2025-11-27T11:30:53+00:00\" \/>\n<meta property=\"og:image\" content=\"https:\/\/www.quotasicura.com\/wp-content\/uploads\/2025\/10\/Screenshot-2025-10-07-183838-e1759855232958.png\" \/>\n\t<meta property=\"og:image:width\" content=\"421\" \/>\n\t<meta property=\"og:image:height\" content=\"308\" \/>\n\t<meta property=\"og:image:type\" content=\"image\/png\" \/>\n<meta name=\"twitter:card\" content=\"summary_large_image\" \/>\n<meta name=\"twitter:label1\" content=\"Gesch\u00e4tzte Lesezeit\" \/>\n\t<meta name=\"twitter:data1\" content=\"1\u00a0Minute\" \/>\n<script type=\"application\/ld+json\" class=\"yoast-schema-graph\">{\"@context\":\"https:\/\/schema.org\",\"@graph\":[{\"@type\":\"WebPage\",\"@id\":\"https:\/\/www.quotasicura.com\/product\/contropiastra-a-c-in-acciaio-inox\/\",\"url\":\"https:\/\/www.quotasicura.com\/product\/contropiastra-a-c-in-acciaio-inox\/\",\"name\":\"Contropiastra a \\\"C\\\" in acciaio inox - Quota Sicura\",\"isPartOf\":{\"@id\":\"https:\/\/www.quotasicura.com\/#website\"},\"primaryImageOfPage\":{\"@id\":\"https:\/\/www.quotasicura.com\/product\/contropiastra-a-c-in-acciaio-inox\/#primaryimage\"},\"image\":{\"@id\":\"https:\/\/www.quotasicura.com\/product\/contropiastra-a-c-in-acciaio-inox\/#primaryimage\"},\"thumbnailUrl\":\"https:\/\/www.quotasicura.com\/wp-content\/uploads\/2025\/10\/Screenshot-2025-10-07-183838-e1759855232958.png\",\"datePublished\":\"2025-10-07T16:40:03+00:00\",\"dateModified\":\"2025-11-27T11:30:53+00:00\",\"description\":\"Contropiastra a \u201cC\u201d in acciaio inox per il fissaggio sicuro di linee vita e dispositivi anticaduta su travi e supporti metallici. Accessorio certificato.\",\"breadcrumb\":{\"@id\":\"https:\/\/www.quotasicura.com\/product\/contropiastra-a-c-in-acciaio-inox\/#breadcrumb\"},\"inLanguage\":\"de\",\"potentialAction\":[{\"@type\":\"ReadAction\",\"target\":[\"https:\/\/www.quotasicura.com\/product\/contropiastra-a-c-in-acciaio-inox\/\"]}]},{\"@type\":\"ImageObject\",\"inLanguage\":\"de\",\"@id\":\"https:\/\/www.quotasicura.com\/product\/contropiastra-a-c-in-acciaio-inox\/#primaryimage\",\"url\":\"https:\/\/www.quotasicura.com\/wp-content\/uploads\/2025\/10\/Screenshot-2025-10-07-183838-e1759855232958.png\",\"contentUrl\":\"https:\/\/www.quotasicura.com\/wp-content\/uploads\/2025\/10\/Screenshot-2025-10-07-183838-e1759855232958.png\",\"width\":421,\"height\":308},{\"@type\":\"BreadcrumbList\",\"@id\":\"https:\/\/www.quotasicura.com\/product\/contropiastra-a-c-in-acciaio-inox\/#breadcrumb\",\"itemListElement\":[{\"@type\":\"ListItem\",\"position\":1,\"name\":\"Home\",\"item\":\"https:\/\/www.quotasicura.com\/\"},{\"@type\":\"ListItem\",\"position\":2,\"name\":\"Prodotti\",\"item\":\"https:\/\/www.quotasicura.com\/prodotti\/\"},{\"@type\":\"ListItem\",\"position\":3,\"name\":\"Contropiastra a &#8220;C&#8221; in acciaio inox\"}]},{\"@type\":\"WebSite\",\"@id\":\"https:\/\/www.quotasicura.com\/#website\",\"url\":\"https:\/\/www.quotasicura.com\/\",\"name\":\"Quota Sicura\",\"description\":\"\",\"publisher\":{\"@id\":\"https:\/\/www.quotasicura.com\/#organization\"},\"potentialAction\":[{\"@type\":\"SearchAction\",\"target\":{\"@type\":\"EntryPoint\",\"urlTemplate\":\"https:\/\/www.quotasicura.com\/?s={search_term_string}\"},\"query-input\":{\"@type\":\"PropertyValueSpecification\",\"valueRequired\":true,\"valueName\":\"search_term_string\"}}],\"inLanguage\":\"de\"},{\"@type\":\"Organization\",\"@id\":\"https:\/\/www.quotasicura.com\/#organization\",\"name\":\"Quota Sicura\",\"url\":\"https:\/\/www.quotasicura.com\/\",\"logo\":{\"@type\":\"ImageObject\",\"inLanguage\":\"de\",\"@id\":\"https:\/\/www.quotasicura.com\/#\/schema\/logo\/image\/\",\"url\":\"https:\/\/www.quotasicura.com\/wp-content\/uploads\/2025\/10\/LOGO-QUOTA-SICURA.pdf.png\",\"contentUrl\":\"https:\/\/www.quotasicura.com\/wp-content\/uploads\/2025\/10\/LOGO-QUOTA-SICURA.pdf.png\",\"width\":2000,\"height\":614,\"caption\":\"Quota Sicura\"},\"image\":{\"@id\":\"https:\/\/www.quotasicura.com\/#\/schema\/logo\/image\/\"}}]}<\/script>\n<!-- \/ Yoast SEO Premium plugin. -->","yoast_head_json":{"title":"Contropiastra a \"C\" in acciaio inox - Quota Sicura","description":"Contropiastra a \u201cC\u201d in acciaio inox per il fissaggio sicuro di linee vita e dispositivi anticaduta su travi e supporti metallici. Accessorio certificato.","robots":{"index":"index","follow":"follow","max-snippet":"max-snippet:-1","max-image-preview":"max-image-preview:large","max-video-preview":"max-video-preview:-1"},"canonical":"https:\/\/www.quotasicura.com\/de\/product\/contropiastra-a-c-in-acciaio-inox\/","og_locale":"de_DE","og_type":"article","og_title":"Contropiastra a \"C\" in acciaio inox","og_description":"Contropiastra a \u201cC\u201d in acciaio inox per il fissaggio sicuro di linee vita e dispositivi anticaduta su travi e supporti metallici. Accessorio certificato.","og_url":"https:\/\/www.quotasicura.com\/de\/product\/contropiastra-a-c-in-acciaio-inox\/","og_site_name":"Quota Sicura","article_modified_time":"2025-11-27T11:30:53+00:00","og_image":[{"width":421,"height":308,"url":"https:\/\/www.quotasicura.com\/wp-content\/uploads\/2025\/10\/Screenshot-2025-10-07-183838-e1759855232958.png","type":"image\/png"}],"twitter_card":"summary_large_image","twitter_misc":{"Gesch\u00e4tzte Lesezeit":"1\u00a0Minute"},"schema":{"@context":"https:\/\/schema.org","@graph":[{"@type":"WebPage","@id":"https:\/\/www.quotasicura.com\/product\/contropiastra-a-c-in-acciaio-inox\/","url":"https:\/\/www.quotasicura.com\/product\/contropiastra-a-c-in-acciaio-inox\/","name":"Contropiastra a \"C\" in acciaio inox - Quota Sicura","isPartOf":{"@id":"https:\/\/www.quotasicura.com\/#website"},"primaryImageOfPage":{"@id":"https:\/\/www.quotasicura.com\/product\/contropiastra-a-c-in-acciaio-inox\/#primaryimage"},"image":{"@id":"https:\/\/www.quotasicura.com\/product\/contropiastra-a-c-in-acciaio-inox\/#primaryimage"},"thumbnailUrl":"https:\/\/www.quotasicura.com\/wp-content\/uploads\/2025\/10\/Screenshot-2025-10-07-183838-e1759855232958.png","datePublished":"2025-10-07T16:40:03+00:00","dateModified":"2025-11-27T11:30:53+00:00","description":"Contropiastra a \u201cC\u201d in acciaio inox per il fissaggio sicuro di linee vita e dispositivi anticaduta su travi e supporti metallici. Accessorio certificato.","breadcrumb":{"@id":"https:\/\/www.quotasicura.com\/product\/contropiastra-a-c-in-acciaio-inox\/#breadcrumb"},"inLanguage":"de","potentialAction":[{"@type":"ReadAction","target":["https:\/\/www.quotasicura.com\/product\/contropiastra-a-c-in-acciaio-inox\/"]}]},{"@type":"ImageObject","inLanguage":"de","@id":"https:\/\/www.quotasicura.com\/product\/contropiastra-a-c-in-acciaio-inox\/#primaryimage","url":"https:\/\/www.quotasicura.com\/wp-content\/uploads\/2025\/10\/Screenshot-2025-10-07-183838-e1759855232958.png","contentUrl":"https:\/\/www.quotasicura.com\/wp-content\/uploads\/2025\/10\/Screenshot-2025-10-07-183838-e1759855232958.png","width":421,"height":308},{"@type":"BreadcrumbList","@id":"https:\/\/www.quotasicura.com\/product\/contropiastra-a-c-in-acciaio-inox\/#breadcrumb","itemListElement":[{"@type":"ListItem","position":1,"name":"Home","item":"https:\/\/www.quotasicura.com\/"},{"@type":"ListItem","position":2,"name":"Prodotti","item":"https:\/\/www.quotasicura.com\/prodotti\/"},{"@type":"ListItem","position":3,"name":"Contropiastra a &#8220;C&#8221; in acciaio inox"}]},{"@type":"WebSite","@id":"https:\/\/www.quotasicura.com\/#website","url":"https:\/\/www.quotasicura.com\/","name":"Sichere Quote","description":"","publisher":{"@id":"https:\/\/www.quotasicura.com\/#organization"},"potentialAction":[{"@type":"SearchAction","target":{"@type":"EntryPoint","urlTemplate":"https:\/\/www.quotasicura.com\/?s={search_term_string}"},"query-input":{"@type":"PropertyValueSpecification","valueRequired":true,"valueName":"search_term_string"}}],"inLanguage":"de"},{"@type":"Organization","@id":"https:\/\/www.quotasicura.com\/#organization","name":"Sichere Quote","url":"https:\/\/www.quotasicura.com\/","logo":{"@type":"ImageObject","inLanguage":"de","@id":"https:\/\/www.quotasicura.com\/#\/schema\/logo\/image\/","url":"https:\/\/www.quotasicura.com\/wp-content\/uploads\/2025\/10\/LOGO-QUOTA-SICURA.pdf.png","contentUrl":"https:\/\/www.quotasicura.com\/wp-content\/uploads\/2025\/10\/LOGO-QUOTA-SICURA.pdf.png","width":2000,"height":614,"caption":"Quota Sicura"},"image":{"@id":"https:\/\/www.quotasicura.com\/#\/schema\/logo\/image\/"}}]}},"_links":{"self":[{"href":"https:\/\/www.quotasicura.com\/de\/wp-json\/wp\/v2\/product\/612","targetHints":{"allow":["GET"]}}],"collection":[{"href":"https:\/\/www.quotasicura.com\/de\/wp-json\/wp\/v2\/product"}],"about":[{"href":"https:\/\/www.quotasicura.com\/de\/wp-json\/wp\/v2\/types\/product"}],"replies":[{"embeddable":true,"href":"https:\/\/www.quotasicura.com\/de\/wp-json\/wp\/v2\/comments?post=612"}],"wp:featuredmedia":[{"embeddable":true,"href":"https:\/\/www.quotasicura.com\/de\/wp-json\/wp\/v2\/media\/613"}],"wp:attachment":[{"href":"https:\/\/www.quotasicura.com\/de\/wp-json\/wp\/v2\/media?parent=612"}],"wp:term":[{"taxonomy":"product_brand","embeddable":true,"href":"https:\/\/www.quotasicura.com\/de\/wp-json\/wp\/v2\/product_brand?post=612"},{"taxonomy":"product_cat","embeddable":true,"href":"https:\/\/www.quotasicura.com\/de\/wp-json\/wp\/v2\/product_cat?post=612"},{"taxonomy":"product_tag","embeddable":true,"href":"https:\/\/www.quotasicura.com\/de\/wp-json\/wp\/v2\/product_tag?post=612"}],"curies":[{"name":"wp","href":"https:\/\/api.w.org\/{rel}","templated":true}]}}