{"id":172,"date":"2025-10-05T15:54:42","date_gmt":"2025-10-05T15:54:42","guid":{"rendered":"http:\/\/admin"},"modified":"2025-11-28T09:44:59","modified_gmt":"2025-11-28T09:44:59","slug":"vert-hook-inox","status":"publish","type":"product","link":"https:\/\/www.quotasicura.com\/es\/product\/vert-hook-inox\/","title":{"rendered":"GANCHO VERTICAL DE ACERO INOXIDABLE"},"content":{"rendered":"<p><strong>Green Hook INOX<\/strong> es un <strong>Gancho antica\u00eddas certificado tipo A<\/strong>Dise\u00f1ado para instalaciones verticales sobre soportes estructurales como hormig\u00f3n, madera o acero. Cumple con la normativa. <strong>UNI 11578:2015<\/strong> y fabricado en <strong>acero inoxidable AISI 304<\/strong>, garantiza la m\u00e1xima seguridad para un solo usuario. Este dispositivo de anclaje tiene un <strong>resistencia certificada<\/strong> y viene con un informe de prueba de terceros.<\/p>\n<div class=\"scrollable-table\" style=\"overflow-x: auto;\">\n<table style=\"width: 100%; border-collapse: collapse;\">\n<thead>\n<tr style=\"background-color: #f2f2f2;\">\n<th style=\"padding: 10px; border: 1px solid #ddd;\">Caracter\u00edstica<\/th>\n<th style=\"padding: 10px; border: 1px solid #ddd;\">Detalle<\/th>\n<\/tr>\n<\/thead>\n<tbody>\n<tr>\n<td style=\"padding: 10px; border: 1px solid #ddd;\">C\u00f3digo de producto<\/td>\n<td style=\"padding: 10px; border: 1px solid #ddd;\">LVTQS910VH<\/td>\n<\/tr>\n<tr>\n<td style=\"padding: 10px; border: 1px solid #ddd;\">Tipo de dispositivo<\/td>\n<td style=\"padding: 10px; border: 1px solid #ddd;\">Tipo A<\/td>\n<\/tr>\n<tr>\n<td style=\"padding: 10px; border: 1px solid #ddd;\">N\u00famero m\u00e1ximo de usuarios<\/td>\n<td style=\"padding: 10px; border: 1px solid #ddd;\">1<\/td>\n<\/tr>\n<tr>\n<td style=\"padding: 10px; border: 1px solid #ddd;\">Material<\/td>\n<td style=\"padding: 10px; border: 1px solid #ddd;\">ACERO INOXIDABLE AISI 304<\/td>\n<\/tr>\n<tr>\n<td style=\"padding: 10px; border: 1px solid #ddd;\">Reglamentos<\/td>\n<td style=\"padding: 10px; border: 1px solid #ddd;\">UNI 11578:2015<\/td>\n<\/tr>\n<tr>\n<td style=\"padding: 10px; border: 1px solid #ddd;\">Informe de prueba<\/td>\n<td style=\"padding: 10px; border: 1px solid #ddd;\">Realizado por un tercero<\/td>\n<\/tr>\n<\/tbody>\n<\/table>\n<\/div>\n<h3>Requisitos m\u00ednimos de instalaci\u00f3n<\/h3>\n<div class=\"scrollable-table\" style=\"overflow-x: auto;\">\n<table style=\"width: 100%; border-collapse: collapse;\">\n<thead>\n<tr style=\"background-color: #f2f2f2;\">\n<th style=\"padding: 10px; border: 1px solid #ddd;\">Material de apoyo<\/th>\n<th style=\"padding: 10px; border: 1px solid #ddd;\">Presupuesto<\/th>\n<th style=\"padding: 10px; border: 1px solid #ddd;\">Dimensiones m\u00ednimas<\/th>\n<\/tr>\n<\/thead>\n<tbody>\n<tr>\n<td style=\"padding: 10px; border: 1px solid #ddd;\">Hormig\u00f3n C20\/25<\/td>\n<td style=\"padding: 10px; border: 1px solid #ddd;\">Cumple con la norma UNI EN 206-1 \/ NTC 2018<\/td>\n<td style=\"padding: 10px; border: 1px solid #ddd;\">120\u00d7100 mm (Mec\u00e1nico) \/ 120\u00d7200 mm (Qu\u00edmico)<\/td>\n<\/tr>\n<tr>\n<td style=\"padding: 10px; border: 1px solid #ddd;\">Madera maciza<\/td>\n<td style=\"padding: 10px; border: 1px solid #ddd;\">Estructural C24 \u2013 UNI EN 338:2016<\/td>\n<td style=\"padding: 10px; border: 1px solid #ddd;\">120\u00d7200 mm<\/td>\n<\/tr>\n<tr>\n<td style=\"padding: 10px; border: 1px solid #ddd;\">acero S235<\/td>\n<td style=\"padding: 10px; border: 1px solid #ddd;\">Espesor m\u00ednimo 3 mm<\/td>\n<td style=\"padding: 10px; border: 1px solid #ddd;\">Ancho m\u00ednimo 55 mm<\/td>\n<\/tr>\n<\/tbody>\n<\/table>\n<\/div>\n<h3>Tipos de fijaciones m\u00ednimas<\/h3>\n<div class=\"scrollable-table\" style=\"overflow-x: auto;\">\n<table style=\"width: 100%; border-collapse: collapse;\">\n<thead>\n<tr style=\"background-color: #f2f2f2;\">\n<th style=\"padding: 10px; border: 1px solid #ddd;\">Tipo de fijaci\u00f3n<\/th>\n<th style=\"padding: 10px; border: 1px solid #ddd;\">Dimensiones m\u00ednimas<\/th>\n<\/tr>\n<\/thead>\n<tbody>\n<tr>\n<td style=\"padding: 10px; border: 1px solid #ddd;\">Varilla roscada + producto qu\u00edmico<\/td>\n<td style=\"padding: 10px; border: 1px solid #ddd;\">M12x150 clase A4-80<\/td>\n<\/tr>\n<tr>\n<td style=\"padding: 10px; border: 1px solid #ddd;\">Anclaje mec\u00e1nico (tipo LVT MXR)<\/td>\n<td style=\"padding: 10px; border: 1px solid #ddd;\">M12x110<\/td>\n<\/tr>\n<tr>\n<td style=\"padding: 10px; border: 1px solid #ddd;\">Tornillo para madera (tipo LVT WXR)<\/td>\n<td style=\"padding: 10px; border: 1px solid #ddd;\">M12x180<\/td>\n<\/tr>\n<\/tbody>\n<\/table>\n<\/div>","protected":false},"excerpt":{"rendered":"<p>Dispositivo de anclaje tipo A de acero inoxidable AISI 304 para un solo usuario. Certificaci\u00f3n UNI 11578:2015, ideal para instalaci\u00f3n en hormig\u00f3n, madera y acero. Resistencia y seguridad en un dise\u00f1o compacto.<\/p>","protected":false},"featured_media":209,"comment_status":"open","ping_status":"closed","template":"","meta":[],"product_brand":[],"product_cat":[28,36],"product_tag":[],"class_list":{"0":"post-172","1":"product","2":"type-product","3":"status-publish","4":"has-post-thumbnail","6":"product_cat-dispositivi-anticaduta","7":"product_cat-tipo-a","9":"first","10":"instock","11":"shipping-taxable","12":"product-type-simple"},"yoast_head":"<!-- This site is optimized with the Yoast SEO Premium plugin v26.4 (Yoast SEO v26.4) - https:\/\/yoast.com\/wordpress\/plugins\/seo\/ -->\n<title>VERT HOOK INOX - Quota Sicura<\/title>\n<meta name=\"description\" content=\"Vert Hook Inox \u00e8 un gancio di ancoraggio verticale in acciaio inox certificato EN 795, progettato per installazioni su tetti inclinati.\" \/>\n<meta name=\"robots\" content=\"index, follow, max-snippet:-1, max-image-preview:large, max-video-preview:-1\" \/>\n<link rel=\"canonical\" href=\"https:\/\/www.quotasicura.com\/es\/product\/vert-hook-inox\/\" \/>\n<meta property=\"og:locale\" content=\"es_ES\" \/>\n<meta property=\"og:type\" content=\"article\" \/>\n<meta property=\"og:title\" content=\"VERT HOOK INOX\" \/>\n<meta property=\"og:description\" content=\"Vert Hook Inox \u00e8 un gancio di ancoraggio verticale in acciaio inox certificato EN 795, progettato per installazioni su tetti inclinati.\" \/>\n<meta property=\"og:url\" content=\"https:\/\/www.quotasicura.com\/es\/product\/vert-hook-inox\/\" \/>\n<meta property=\"og:site_name\" content=\"Quota Sicura\" \/>\n<meta property=\"article:modified_time\" content=\"2025-11-28T09:44:59+00:00\" \/>\n<meta property=\"og:image\" content=\"https:\/\/www.quotasicura.com\/wp-content\/uploads\/2025\/08\/VERT-HOOK.png\" \/>\n\t<meta property=\"og:image:width\" content=\"1080\" \/>\n\t<meta property=\"og:image:height\" content=\"1350\" \/>\n\t<meta property=\"og:image:type\" content=\"image\/png\" \/>\n<meta name=\"twitter:card\" content=\"summary_large_image\" \/>\n<meta name=\"twitter:label1\" content=\"Tiempo de lectura\" \/>\n\t<meta name=\"twitter:data1\" content=\"2 minutos\" \/>\n<script type=\"application\/ld+json\" class=\"yoast-schema-graph\">{\"@context\":\"https:\/\/schema.org\",\"@graph\":[{\"@type\":\"WebPage\",\"@id\":\"https:\/\/www.quotasicura.com\/product\/vert-hook-inox\/\",\"url\":\"https:\/\/www.quotasicura.com\/product\/vert-hook-inox\/\",\"name\":\"VERT HOOK INOX - Quota Sicura\",\"isPartOf\":{\"@id\":\"https:\/\/www.quotasicura.com\/#website\"},\"primaryImageOfPage\":{\"@id\":\"https:\/\/www.quotasicura.com\/product\/vert-hook-inox\/#primaryimage\"},\"image\":{\"@id\":\"https:\/\/www.quotasicura.com\/product\/vert-hook-inox\/#primaryimage\"},\"thumbnailUrl\":\"https:\/\/www.quotasicura.com\/wp-content\/uploads\/2025\/08\/VERT-HOOK.png\",\"datePublished\":\"2025-10-05T15:54:42+00:00\",\"dateModified\":\"2025-11-28T09:44:59+00:00\",\"description\":\"Vert Hook Inox \u00e8 un gancio di ancoraggio verticale in acciaio inox certificato EN 795, progettato per installazioni su tetti inclinati.\",\"breadcrumb\":{\"@id\":\"https:\/\/www.quotasicura.com\/product\/vert-hook-inox\/#breadcrumb\"},\"inLanguage\":\"es\",\"potentialAction\":[{\"@type\":\"ReadAction\",\"target\":[\"https:\/\/www.quotasicura.com\/product\/vert-hook-inox\/\"]}]},{\"@type\":\"ImageObject\",\"inLanguage\":\"es\",\"@id\":\"https:\/\/www.quotasicura.com\/product\/vert-hook-inox\/#primaryimage\",\"url\":\"https:\/\/www.quotasicura.com\/wp-content\/uploads\/2025\/08\/VERT-HOOK.png\",\"contentUrl\":\"https:\/\/www.quotasicura.com\/wp-content\/uploads\/2025\/08\/VERT-HOOK.png\",\"width\":1080,\"height\":1350},{\"@type\":\"BreadcrumbList\",\"@id\":\"https:\/\/www.quotasicura.com\/product\/vert-hook-inox\/#breadcrumb\",\"itemListElement\":[{\"@type\":\"ListItem\",\"position\":1,\"name\":\"Home\",\"item\":\"https:\/\/www.quotasicura.com\/\"},{\"@type\":\"ListItem\",\"position\":2,\"name\":\"Prodotti\",\"item\":\"https:\/\/www.quotasicura.com\/prodotti\/\"},{\"@type\":\"ListItem\",\"position\":3,\"name\":\"VERT HOOK INOX\"}]},{\"@type\":\"WebSite\",\"@id\":\"https:\/\/www.quotasicura.com\/#website\",\"url\":\"https:\/\/www.quotasicura.com\/\",\"name\":\"Quota Sicura\",\"description\":\"\",\"publisher\":{\"@id\":\"https:\/\/www.quotasicura.com\/#organization\"},\"potentialAction\":[{\"@type\":\"SearchAction\",\"target\":{\"@type\":\"EntryPoint\",\"urlTemplate\":\"https:\/\/www.quotasicura.com\/?s={search_term_string}\"},\"query-input\":{\"@type\":\"PropertyValueSpecification\",\"valueRequired\":true,\"valueName\":\"search_term_string\"}}],\"inLanguage\":\"es\"},{\"@type\":\"Organization\",\"@id\":\"https:\/\/www.quotasicura.com\/#organization\",\"name\":\"Quota Sicura\",\"url\":\"https:\/\/www.quotasicura.com\/\",\"logo\":{\"@type\":\"ImageObject\",\"inLanguage\":\"es\",\"@id\":\"https:\/\/www.quotasicura.com\/#\/schema\/logo\/image\/\",\"url\":\"https:\/\/www.quotasicura.com\/wp-content\/uploads\/2025\/10\/LOGO-QUOTA-SICURA.pdf.png\",\"contentUrl\":\"https:\/\/www.quotasicura.com\/wp-content\/uploads\/2025\/10\/LOGO-QUOTA-SICURA.pdf.png\",\"width\":2000,\"height\":614,\"caption\":\"Quota Sicura\"},\"image\":{\"@id\":\"https:\/\/www.quotasicura.com\/#\/schema\/logo\/image\/\"}}]}<\/script>\n<!-- \/ Yoast SEO Premium plugin. -->","yoast_head_json":{"title":"VERT HOOK INOX - Quota Sicura","description":"Vert Hook Inox \u00e8 un gancio di ancoraggio verticale in acciaio inox certificato EN 795, progettato per installazioni su tetti inclinati.","robots":{"index":"index","follow":"follow","max-snippet":"max-snippet:-1","max-image-preview":"max-image-preview:large","max-video-preview":"max-video-preview:-1"},"canonical":"https:\/\/www.quotasicura.com\/es\/product\/vert-hook-inox\/","og_locale":"es_ES","og_type":"article","og_title":"VERT HOOK INOX","og_description":"Vert Hook Inox \u00e8 un gancio di ancoraggio verticale in acciaio inox certificato EN 795, progettato per installazioni su tetti inclinati.","og_url":"https:\/\/www.quotasicura.com\/es\/product\/vert-hook-inox\/","og_site_name":"Quota Sicura","article_modified_time":"2025-11-28T09:44:59+00:00","og_image":[{"width":1080,"height":1350,"url":"https:\/\/www.quotasicura.com\/wp-content\/uploads\/2025\/08\/VERT-HOOK.png","type":"image\/png"}],"twitter_card":"summary_large_image","twitter_misc":{"Tiempo de lectura":"2 minutos"},"schema":{"@context":"https:\/\/schema.org","@graph":[{"@type":"WebPage","@id":"https:\/\/www.quotasicura.com\/product\/vert-hook-inox\/","url":"https:\/\/www.quotasicura.com\/product\/vert-hook-inox\/","name":"VERT HOOK INOX - Quota Sicura","isPartOf":{"@id":"https:\/\/www.quotasicura.com\/#website"},"primaryImageOfPage":{"@id":"https:\/\/www.quotasicura.com\/product\/vert-hook-inox\/#primaryimage"},"image":{"@id":"https:\/\/www.quotasicura.com\/product\/vert-hook-inox\/#primaryimage"},"thumbnailUrl":"https:\/\/www.quotasicura.com\/wp-content\/uploads\/2025\/08\/VERT-HOOK.png","datePublished":"2025-10-05T15:54:42+00:00","dateModified":"2025-11-28T09:44:59+00:00","description":"Vert Hook Inox \u00e8 un gancio di ancoraggio verticale in acciaio inox certificato EN 795, progettato per installazioni su tetti inclinati.","breadcrumb":{"@id":"https:\/\/www.quotasicura.com\/product\/vert-hook-inox\/#breadcrumb"},"inLanguage":"es","potentialAction":[{"@type":"ReadAction","target":["https:\/\/www.quotasicura.com\/product\/vert-hook-inox\/"]}]},{"@type":"ImageObject","inLanguage":"es","@id":"https:\/\/www.quotasicura.com\/product\/vert-hook-inox\/#primaryimage","url":"https:\/\/www.quotasicura.com\/wp-content\/uploads\/2025\/08\/VERT-HOOK.png","contentUrl":"https:\/\/www.quotasicura.com\/wp-content\/uploads\/2025\/08\/VERT-HOOK.png","width":1080,"height":1350},{"@type":"BreadcrumbList","@id":"https:\/\/www.quotasicura.com\/product\/vert-hook-inox\/#breadcrumb","itemListElement":[{"@type":"ListItem","position":1,"name":"Home","item":"https:\/\/www.quotasicura.com\/"},{"@type":"ListItem","position":2,"name":"Prodotti","item":"https:\/\/www.quotasicura.com\/prodotti\/"},{"@type":"ListItem","position":3,"name":"VERT HOOK INOX"}]},{"@type":"WebSite","@id":"https:\/\/www.quotasicura.com\/#website","url":"https:\/\/www.quotasicura.com\/","name":"Cuota segura","description":"","publisher":{"@id":"https:\/\/www.quotasicura.com\/#organization"},"potentialAction":[{"@type":"SearchAction","target":{"@type":"EntryPoint","urlTemplate":"https:\/\/www.quotasicura.com\/?s={search_term_string}"},"query-input":{"@type":"PropertyValueSpecification","valueRequired":true,"valueName":"search_term_string"}}],"inLanguage":"es"},{"@type":"Organization","@id":"https:\/\/www.quotasicura.com\/#organization","name":"Cuota segura","url":"https:\/\/www.quotasicura.com\/","logo":{"@type":"ImageObject","inLanguage":"es","@id":"https:\/\/www.quotasicura.com\/#\/schema\/logo\/image\/","url":"https:\/\/www.quotasicura.com\/wp-content\/uploads\/2025\/10\/LOGO-QUOTA-SICURA.pdf.png","contentUrl":"https:\/\/www.quotasicura.com\/wp-content\/uploads\/2025\/10\/LOGO-QUOTA-SICURA.pdf.png","width":2000,"height":614,"caption":"Quota Sicura"},"image":{"@id":"https:\/\/www.quotasicura.com\/#\/schema\/logo\/image\/"}}]}},"_links":{"self":[{"href":"https:\/\/www.quotasicura.com\/es\/wp-json\/wp\/v2\/product\/172","targetHints":{"allow":["GET"]}}],"collection":[{"href":"https:\/\/www.quotasicura.com\/es\/wp-json\/wp\/v2\/product"}],"about":[{"href":"https:\/\/www.quotasicura.com\/es\/wp-json\/wp\/v2\/types\/product"}],"replies":[{"embeddable":true,"href":"https:\/\/www.quotasicura.com\/es\/wp-json\/wp\/v2\/comments?post=172"}],"wp:featuredmedia":[{"embeddable":true,"href":"https:\/\/www.quotasicura.com\/es\/wp-json\/wp\/v2\/media\/209"}],"wp:attachment":[{"href":"https:\/\/www.quotasicura.com\/es\/wp-json\/wp\/v2\/media?parent=172"}],"wp:term":[{"taxonomy":"product_brand","embeddable":true,"href":"https:\/\/www.quotasicura.com\/es\/wp-json\/wp\/v2\/product_brand?post=172"},{"taxonomy":"product_cat","embeddable":true,"href":"https:\/\/www.quotasicura.com\/es\/wp-json\/wp\/v2\/product_cat?post=172"},{"taxonomy":"product_tag","embeddable":true,"href":"https:\/\/www.quotasicura.com\/es\/wp-json\/wp\/v2\/product_tag?post=172"}],"curies":[{"name":"wp","href":"https:\/\/api.w.org\/{rel}","templated":true}]}}