{"id":188,"date":"2025-10-05T15:54:42","date_gmt":"2025-10-05T15:54:42","guid":{"rendered":"http:\/\/admin"},"modified":"2025-11-28T10:20:06","modified_gmt":"2025-11-28T10:20:06","slug":"targa-colmo-inox","status":"publish","type":"product","link":"https:\/\/www.quotasicura.com\/es\/product\/targa-colmo-inox\/","title":{"rendered":"PLACA DE ALTURA DE ACERO INOXIDABLE"},"content":{"rendered":"<p><strong>PLACA DE ALTURA<\/strong> es un <strong>dispositivo antica\u00eddas tipo C<\/strong> Espec\u00edficamente para su instalaci\u00f3n en la cumbrera de los tejados. Dise\u00f1ado para garantizar la seguridad en altura, est\u00e1 fabricado con <strong>acero inoxidable AISI 304<\/strong>, un material altamente resistente a la corrosi\u00f3n y a los agentes atmosf\u00e9ricos. Cumple con la normativa <strong>UNI 11578:2015<\/strong>, est\u00e1 certificado para <strong>2 usuarios simult\u00e1neos<\/strong>, con una luz m\u00e1xima de 10 m y l\u00edneas de vida de hasta 30 m.<\/p>\n<h2>Caracter\u00edsticas t\u00e9cnicas<\/h2>\n<div class=\"scrollable-table\" style=\"overflow-x: auto;\">\n<table style=\"width: 100%; border-collapse: collapse;\">\n<thead>\n<tr style=\"background-color: #f2f2f2;\">\n<th style=\"padding: 10px; border: 1px solid #ddd;\">Caracter\u00edstica<\/th>\n<th style=\"padding: 10px; border: 1px solid #ddd;\">Detalle<\/th>\n<\/tr>\n<\/thead>\n<tbody>\n<tr>\n<td style=\"padding: 10px; border: 1px solid #ddd;\">C\u00f3digo de producto<\/td>\n<td style=\"padding: 10px; border: 1px solid #ddd;\">LVTQSCOLTRG \u2013 INOX<\/td>\n<\/tr>\n<tr>\n<td style=\"padding: 10px; border: 1px solid #ddd;\">Tipo de dispositivo<\/td>\n<td style=\"padding: 10px; border: 1px solid #ddd;\">Tipo C<\/td>\n<\/tr>\n<tr>\n<td style=\"padding: 10px; border: 1px solid #ddd;\">N\u00famero m\u00e1ximo de usuarios<\/td>\n<td style=\"padding: 10px; border: 1px solid #ddd;\">2<\/td>\n<\/tr>\n<tr>\n<td style=\"padding: 10px; border: 1px solid #ddd;\">Alcance m\u00e1ximo<\/td>\n<td style=\"padding: 10px; border: 1px solid #ddd;\">10 metros<\/td>\n<\/tr>\n<tr>\n<td style=\"padding: 10px; border: 1px solid #ddd;\">Longitud m\u00e1xima de l\u00ednea<\/td>\n<td style=\"padding: 10px; border: 1px solid #ddd;\">30 metros<\/td>\n<\/tr>\n<tr>\n<td style=\"padding: 10px; border: 1px solid #ddd;\">Fuerza m\u00e1xima aplicable<\/td>\n<td style=\"padding: 10px; border: 1px solid #ddd;\">8 kN<\/td>\n<\/tr>\n<tr>\n<td style=\"padding: 10px; border: 1px solid #ddd;\">Material<\/td>\n<td style=\"padding: 10px; border: 1px solid #ddd;\">ACERO INOXIDABLE AISI 304<\/td>\n<\/tr>\n<tr>\n<td style=\"padding: 10px; border: 1px solid #ddd;\">Informe de prueba<\/td>\n<td style=\"padding: 10px; border: 1px solid #ddd;\">UNI 11578:2015 \u2013 UNI EN 795:2012 \u2013 UNI CEN\/TS 16415:2013 (organismo tercero)<\/td>\n<\/tr>\n<tr>\n<td style=\"padding: 10px; border: 1px solid #ddd;\">Calificaci\u00f3n<\/td>\n<td style=\"padding: 10px; border: 1px solid #ddd;\">UNI 11578:2015 \u00a76 \u2013 UNI EN 365<\/td>\n<\/tr>\n<\/tbody>\n<\/table>\n<\/div>\n<h2>Requisitos m\u00ednimos de instalaci\u00f3n<\/h2>\n<div class=\"scrollable-table\" style=\"overflow-x: auto;\">\n<table style=\"width: 100%; border-collapse: collapse;\">\n<thead>\n<tr style=\"background-color: #f2f2f2;\">\n<th style=\"padding: 10px; border: 1px solid #ddd;\">Material de apoyo<\/th>\n<th style=\"padding: 10px; border: 1px solid #ddd;\">Presupuesto<\/th>\n<th style=\"padding: 10px; border: 1px solid #ddd;\">Dimensiones m\u00ednimas<\/th>\n<\/tr>\n<\/thead>\n<tbody>\n<tr>\n<td style=\"padding: 10px; border: 1px solid #ddd;\">Chapa de metal<\/td>\n<td style=\"padding: 10px; border: 1px solid #ddd;\">Acero S 250 GD conforme a la norma UNI EN 10346:2009, f<sub>t<\/sub>=330 N\/mm\u00b2, f<sub>y<\/sub>=260 N\/mm\u00b2, m\u00edn. alargamiento A80=19% (UNI EN 10143)<\/td>\n<td style=\"padding: 10px; border: 1px solid #ddd;\">4\/10<\/td>\n<\/tr>\n<tr>\n<td style=\"padding: 10px; border: 1px solid #ddd;\">L\u00e1mina de aluminio<\/td>\n<td style=\"padding: 10px; border: 1px solid #ddd;\">Aluminio 3105 H16 conforme a UNI EN 485, f<sub>t<\/sub>=150-200 N\/mm\u00b2<\/td>\n<td style=\"padding: 10px; border: 1px solid #ddd;\">7\/10<\/td>\n<\/tr>\n<\/tbody>\n<\/table>\n<\/div>\n<h2>Tipo de fijaciones m\u00ednimas<\/h2>\n<p>Remaches fabricados por la empresa <strong>SFS INTEC<\/strong> Modelo BULB-TITE, c\u00f3digo RV6604\/4.6W A5-2, cuerpo de aluminio Al-Mg-5 \u00d8 5,2\u00d716 mm con arandela de EPDM, espesor de sujeci\u00f3n de 1,5 a 5,4 mm. Cabezales de flor cerrados \u00d8 m\u00edn. 8,5 mm. Se permiten otras marcas siempre que tengan <strong>valores de resistencia equivalentes<\/strong>.<\/p>","protected":false},"excerpt":{"rendered":"<p>TARGA COLMO es un dispositivo de anclaje tipo C para l\u00edneas de vida, dise\u00f1ado para su instalaci\u00f3n en la cumbrera de cubiertas met\u00e1licas y de aluminio. Fabricado en acero inoxidable AISI 304, conforme a la norma UNI 11578:2015, certificado para dos usuarios. Luz m\u00e1xima: 10 m; l\u00ednea de vida: hasta 30 m.<\/p>","protected":false},"featured_media":193,"comment_status":"open","ping_status":"closed","template":"","meta":[],"product_brand":[],"product_cat":[28,37],"product_tag":[],"class_list":{"0":"post-188","1":"product","2":"type-product","3":"status-publish","4":"has-post-thumbnail","6":"product_cat-dispositivi-anticaduta","7":"product_cat-tipo-c-a","9":"first","10":"instock","11":"shipping-taxable","12":"product-type-simple"},"yoast_head":"<!-- This site is optimized with the Yoast SEO Premium plugin v26.4 (Yoast SEO v26.4) - https:\/\/yoast.com\/wordpress\/plugins\/seo\/ -->\n<title>TARGA COLMO INOX - Quota Sicura<\/title>\n<meta name=\"description\" content=\"Targa Colmo Inox per la segnalazione di dispositivi linea vita installati sul colmo del tetto. In acciaio inox resistente, conforme alle normative.\" \/>\n<meta name=\"robots\" content=\"index, follow, max-snippet:-1, max-image-preview:large, max-video-preview:-1\" \/>\n<link rel=\"canonical\" href=\"https:\/\/www.quotasicura.com\/es\/product\/targa-colmo-inox\/\" \/>\n<meta property=\"og:locale\" content=\"es_ES\" \/>\n<meta property=\"og:type\" content=\"article\" \/>\n<meta property=\"og:title\" content=\"TARGA COLMO INOX\" \/>\n<meta property=\"og:description\" content=\"Targa Colmo Inox per la segnalazione di dispositivi linea vita installati sul colmo del tetto. In acciaio inox resistente, conforme alle normative.\" \/>\n<meta property=\"og:url\" content=\"https:\/\/www.quotasicura.com\/es\/product\/targa-colmo-inox\/\" \/>\n<meta property=\"og:site_name\" content=\"Quota Sicura\" \/>\n<meta property=\"article:modified_time\" content=\"2025-11-28T10:20:06+00:00\" \/>\n<meta property=\"og:image\" content=\"https:\/\/www.quotasicura.com\/wp-content\/uploads\/2025\/08\/TARGA-COLMO.png\" \/>\n\t<meta property=\"og:image:width\" content=\"1080\" \/>\n\t<meta property=\"og:image:height\" content=\"1350\" \/>\n\t<meta property=\"og:image:type\" content=\"image\/png\" \/>\n<meta name=\"twitter:card\" content=\"summary_large_image\" \/>\n<meta name=\"twitter:label1\" content=\"Tiempo de lectura\" \/>\n\t<meta name=\"twitter:data1\" content=\"2 minutos\" \/>\n<script type=\"application\/ld+json\" class=\"yoast-schema-graph\">{\"@context\":\"https:\/\/schema.org\",\"@graph\":[{\"@type\":\"WebPage\",\"@id\":\"https:\/\/www.quotasicura.com\/product\/targa-colmo-inox\/\",\"url\":\"https:\/\/www.quotasicura.com\/product\/targa-colmo-inox\/\",\"name\":\"TARGA COLMO INOX - Quota Sicura\",\"isPartOf\":{\"@id\":\"https:\/\/www.quotasicura.com\/#website\"},\"primaryImageOfPage\":{\"@id\":\"https:\/\/www.quotasicura.com\/product\/targa-colmo-inox\/#primaryimage\"},\"image\":{\"@id\":\"https:\/\/www.quotasicura.com\/product\/targa-colmo-inox\/#primaryimage\"},\"thumbnailUrl\":\"https:\/\/www.quotasicura.com\/wp-content\/uploads\/2025\/08\/TARGA-COLMO.png\",\"datePublished\":\"2025-10-05T15:54:42+00:00\",\"dateModified\":\"2025-11-28T10:20:06+00:00\",\"description\":\"Targa Colmo Inox per la segnalazione di dispositivi linea vita installati sul colmo del tetto. In acciaio inox resistente, conforme alle normative.\",\"breadcrumb\":{\"@id\":\"https:\/\/www.quotasicura.com\/product\/targa-colmo-inox\/#breadcrumb\"},\"inLanguage\":\"es\",\"potentialAction\":[{\"@type\":\"ReadAction\",\"target\":[\"https:\/\/www.quotasicura.com\/product\/targa-colmo-inox\/\"]}]},{\"@type\":\"ImageObject\",\"inLanguage\":\"es\",\"@id\":\"https:\/\/www.quotasicura.com\/product\/targa-colmo-inox\/#primaryimage\",\"url\":\"https:\/\/www.quotasicura.com\/wp-content\/uploads\/2025\/08\/TARGA-COLMO.png\",\"contentUrl\":\"https:\/\/www.quotasicura.com\/wp-content\/uploads\/2025\/08\/TARGA-COLMO.png\",\"width\":1080,\"height\":1350},{\"@type\":\"BreadcrumbList\",\"@id\":\"https:\/\/www.quotasicura.com\/product\/targa-colmo-inox\/#breadcrumb\",\"itemListElement\":[{\"@type\":\"ListItem\",\"position\":1,\"name\":\"Home\",\"item\":\"https:\/\/www.quotasicura.com\/\"},{\"@type\":\"ListItem\",\"position\":2,\"name\":\"Prodotti\",\"item\":\"https:\/\/www.quotasicura.com\/prodotti\/\"},{\"@type\":\"ListItem\",\"position\":3,\"name\":\"TARGA COLMO INOX\"}]},{\"@type\":\"WebSite\",\"@id\":\"https:\/\/www.quotasicura.com\/#website\",\"url\":\"https:\/\/www.quotasicura.com\/\",\"name\":\"Quota Sicura\",\"description\":\"\",\"publisher\":{\"@id\":\"https:\/\/www.quotasicura.com\/#organization\"},\"potentialAction\":[{\"@type\":\"SearchAction\",\"target\":{\"@type\":\"EntryPoint\",\"urlTemplate\":\"https:\/\/www.quotasicura.com\/?s={search_term_string}\"},\"query-input\":{\"@type\":\"PropertyValueSpecification\",\"valueRequired\":true,\"valueName\":\"search_term_string\"}}],\"inLanguage\":\"es\"},{\"@type\":\"Organization\",\"@id\":\"https:\/\/www.quotasicura.com\/#organization\",\"name\":\"Quota Sicura\",\"url\":\"https:\/\/www.quotasicura.com\/\",\"logo\":{\"@type\":\"ImageObject\",\"inLanguage\":\"es\",\"@id\":\"https:\/\/www.quotasicura.com\/#\/schema\/logo\/image\/\",\"url\":\"https:\/\/www.quotasicura.com\/wp-content\/uploads\/2025\/10\/LOGO-QUOTA-SICURA.pdf.png\",\"contentUrl\":\"https:\/\/www.quotasicura.com\/wp-content\/uploads\/2025\/10\/LOGO-QUOTA-SICURA.pdf.png\",\"width\":2000,\"height\":614,\"caption\":\"Quota Sicura\"},\"image\":{\"@id\":\"https:\/\/www.quotasicura.com\/#\/schema\/logo\/image\/\"}}]}<\/script>\n<!-- \/ Yoast SEO Premium plugin. -->","yoast_head_json":{"title":"TARGA COLMO INOX - Quota Sicura","description":"Targa Colmo Inox per la segnalazione di dispositivi linea vita installati sul colmo del tetto. In acciaio inox resistente, conforme alle normative.","robots":{"index":"index","follow":"follow","max-snippet":"max-snippet:-1","max-image-preview":"max-image-preview:large","max-video-preview":"max-video-preview:-1"},"canonical":"https:\/\/www.quotasicura.com\/es\/product\/targa-colmo-inox\/","og_locale":"es_ES","og_type":"article","og_title":"TARGA COLMO INOX","og_description":"Targa Colmo Inox per la segnalazione di dispositivi linea vita installati sul colmo del tetto. In acciaio inox resistente, conforme alle normative.","og_url":"https:\/\/www.quotasicura.com\/es\/product\/targa-colmo-inox\/","og_site_name":"Quota Sicura","article_modified_time":"2025-11-28T10:20:06+00:00","og_image":[{"width":1080,"height":1350,"url":"https:\/\/www.quotasicura.com\/wp-content\/uploads\/2025\/08\/TARGA-COLMO.png","type":"image\/png"}],"twitter_card":"summary_large_image","twitter_misc":{"Tiempo de lectura":"2 minutos"},"schema":{"@context":"https:\/\/schema.org","@graph":[{"@type":"WebPage","@id":"https:\/\/www.quotasicura.com\/product\/targa-colmo-inox\/","url":"https:\/\/www.quotasicura.com\/product\/targa-colmo-inox\/","name":"TARGA COLMO INOX - Quota Sicura","isPartOf":{"@id":"https:\/\/www.quotasicura.com\/#website"},"primaryImageOfPage":{"@id":"https:\/\/www.quotasicura.com\/product\/targa-colmo-inox\/#primaryimage"},"image":{"@id":"https:\/\/www.quotasicura.com\/product\/targa-colmo-inox\/#primaryimage"},"thumbnailUrl":"https:\/\/www.quotasicura.com\/wp-content\/uploads\/2025\/08\/TARGA-COLMO.png","datePublished":"2025-10-05T15:54:42+00:00","dateModified":"2025-11-28T10:20:06+00:00","description":"Targa Colmo Inox per la segnalazione di dispositivi linea vita installati sul colmo del tetto. In acciaio inox resistente, conforme alle normative.","breadcrumb":{"@id":"https:\/\/www.quotasicura.com\/product\/targa-colmo-inox\/#breadcrumb"},"inLanguage":"es","potentialAction":[{"@type":"ReadAction","target":["https:\/\/www.quotasicura.com\/product\/targa-colmo-inox\/"]}]},{"@type":"ImageObject","inLanguage":"es","@id":"https:\/\/www.quotasicura.com\/product\/targa-colmo-inox\/#primaryimage","url":"https:\/\/www.quotasicura.com\/wp-content\/uploads\/2025\/08\/TARGA-COLMO.png","contentUrl":"https:\/\/www.quotasicura.com\/wp-content\/uploads\/2025\/08\/TARGA-COLMO.png","width":1080,"height":1350},{"@type":"BreadcrumbList","@id":"https:\/\/www.quotasicura.com\/product\/targa-colmo-inox\/#breadcrumb","itemListElement":[{"@type":"ListItem","position":1,"name":"Home","item":"https:\/\/www.quotasicura.com\/"},{"@type":"ListItem","position":2,"name":"Prodotti","item":"https:\/\/www.quotasicura.com\/prodotti\/"},{"@type":"ListItem","position":3,"name":"TARGA COLMO INOX"}]},{"@type":"WebSite","@id":"https:\/\/www.quotasicura.com\/#website","url":"https:\/\/www.quotasicura.com\/","name":"Cuota segura","description":"","publisher":{"@id":"https:\/\/www.quotasicura.com\/#organization"},"potentialAction":[{"@type":"SearchAction","target":{"@type":"EntryPoint","urlTemplate":"https:\/\/www.quotasicura.com\/?s={search_term_string}"},"query-input":{"@type":"PropertyValueSpecification","valueRequired":true,"valueName":"search_term_string"}}],"inLanguage":"es"},{"@type":"Organization","@id":"https:\/\/www.quotasicura.com\/#organization","name":"Cuota segura","url":"https:\/\/www.quotasicura.com\/","logo":{"@type":"ImageObject","inLanguage":"es","@id":"https:\/\/www.quotasicura.com\/#\/schema\/logo\/image\/","url":"https:\/\/www.quotasicura.com\/wp-content\/uploads\/2025\/10\/LOGO-QUOTA-SICURA.pdf.png","contentUrl":"https:\/\/www.quotasicura.com\/wp-content\/uploads\/2025\/10\/LOGO-QUOTA-SICURA.pdf.png","width":2000,"height":614,"caption":"Quota Sicura"},"image":{"@id":"https:\/\/www.quotasicura.com\/#\/schema\/logo\/image\/"}}]}},"_links":{"self":[{"href":"https:\/\/www.quotasicura.com\/es\/wp-json\/wp\/v2\/product\/188","targetHints":{"allow":["GET"]}}],"collection":[{"href":"https:\/\/www.quotasicura.com\/es\/wp-json\/wp\/v2\/product"}],"about":[{"href":"https:\/\/www.quotasicura.com\/es\/wp-json\/wp\/v2\/types\/product"}],"replies":[{"embeddable":true,"href":"https:\/\/www.quotasicura.com\/es\/wp-json\/wp\/v2\/comments?post=188"}],"wp:featuredmedia":[{"embeddable":true,"href":"https:\/\/www.quotasicura.com\/es\/wp-json\/wp\/v2\/media\/193"}],"wp:attachment":[{"href":"https:\/\/www.quotasicura.com\/es\/wp-json\/wp\/v2\/media?parent=188"}],"wp:term":[{"taxonomy":"product_brand","embeddable":true,"href":"https:\/\/www.quotasicura.com\/es\/wp-json\/wp\/v2\/product_brand?post=188"},{"taxonomy":"product_cat","embeddable":true,"href":"https:\/\/www.quotasicura.com\/es\/wp-json\/wp\/v2\/product_cat?post=188"},{"taxonomy":"product_tag","embeddable":true,"href":"https:\/\/www.quotasicura.com\/es\/wp-json\/wp\/v2\/product_tag?post=188"}],"curies":[{"name":"wp","href":"https:\/\/api.w.org\/{rel}","templated":true}]}}