{"id":512,"date":"2025-10-07T15:26:31","date_gmt":"2025-10-07T15:26:31","guid":{"rendered":"https:\/\/www.quotasicura.com\/?post_type=product&#038;p=512"},"modified":"2025-11-28T08:42:12","modified_gmt":"2025-11-28T08:42:12","slug":"blocco-fune","status":"publish","type":"product","link":"https:\/\/www.quotasicura.com\/es\/product\/blocco-fune\/","title":{"rendered":"BLOQUE DE CUERDA"},"content":{"rendered":"<p><strong>Polea para l\u00edneas de vida<\/strong> en aleaci\u00f3n de aluminio anodizado, con <strong>Tornillos de sujeci\u00f3n de acero inoxidable A2<\/strong> Equipado con tratamiento antidesgarro. Dise\u00f1ado para garantizar una fijaci\u00f3n segura y resistente de los cables de acero en los sistemas. <strong>L\u00ednea de vida tipo C<\/strong>.<\/p>\n<p>Compatible con <strong>POLE 25, POLE 60, CROSS HOOK, SIMGLE PLATE y COLMO PLATE series<\/strong>Fabricado con materiales de alta resistencia y probado seg\u00fan las normas europeas de seguridad laboral.<\/p>\n<h2>Caracter\u00edsticas t\u00e9cnicas<\/h2>\n<div class=\"scrollable-table\" style=\"overflow-x: auto;\">\n<table style=\"width: 100%; border-collapse: collapse;\">\n<thead>\n<tr style=\"background-color: #f2f2f2;\">\n<th style=\"padding: 10px; border: 1px solid #ddd;\">Caracter\u00edstica<\/th>\n<th style=\"padding: 10px; border: 1px solid #ddd;\">Detalle<\/th>\n<\/tr>\n<\/thead>\n<tbody>\n<tr>\n<td style=\"padding: 10px; border: 1px solid #ddd;\">C\u00f3digo de producto<\/td>\n<td style=\"padding: 10px; border: 1px solid #ddd;\">LVTQSCABLELOCK<\/td>\n<\/tr>\n<tr>\n<td style=\"padding: 10px; border: 1px solid #ddd;\">Tipo de dispositivo<\/td>\n<td style=\"padding: 10px; border: 1px solid #ddd;\">Accesorio para dispositivo tipo C<\/td>\n<\/tr>\n<tr>\n<td style=\"padding: 10px; border: 1px solid #ddd;\">Compatibilidad<\/td>\n<td style=\"padding: 10px; border: 1px solid #ddd;\">POSTE 25 \/ POSTE 60 \/ GANCHO CRUZADO \/ PLACA SIMPLE \/ PLACA DE ALTURA Serie<\/td>\n<\/tr>\n<tr>\n<td style=\"padding: 10px; border: 1px solid #ddd;\">Material del cuerpo<\/td>\n<td style=\"padding: 10px; border: 1px solid #ddd;\">Aleaci\u00f3n de aluminio anodizado anticorrosi\u00f3n<\/td>\n<\/tr>\n<tr>\n<td style=\"padding: 10px; border: 1px solid #ddd;\">Apretar los tornillos<\/td>\n<td style=\"padding: 10px; border: 1px solid #ddd;\">Acero inoxidable A2 con tratamiento antidesgarro<\/td>\n<\/tr>\n<tr>\n<td style=\"padding: 10px; border: 1px solid #ddd;\">Reglamentos<\/td>\n<td style=\"padding: 10px; border: 1px solid #ddd;\">EN 795\/12 \u2013 TS16415 \u2013 UNI 11578\/15 \u2013 EN ISO 6892-1<\/td>\n<\/tr>\n<\/tbody>\n<\/table>\n<\/div>","protected":false},"excerpt":{"rendered":"<p data-start=\"304\" data-end=\"488\">Bloque de cuerda en aleaci\u00f3n de aluminio anodizado con tornillos de apriete de acero inoxidable A2 resistentes al desgarro. Accesorio para sistemas de l\u00ednea de vida tipo C, certificado seg\u00fan UNI 11578:2015 y EN ISO 6892-1.<\/p>","protected":false},"featured_media":536,"comment_status":"open","ping_status":"closed","template":"","meta":[],"product_brand":[],"product_cat":[27,31],"product_tag":[],"class_list":{"0":"post-512","1":"product","2":"type-product","3":"status-publish","4":"has-post-thumbnail","6":"product_cat-accessori-per-linee-vita","7":"product_cat-elementi-per-fune","9":"first","10":"instock","11":"shipping-taxable","12":"product-type-simple"},"yoast_head":"<!-- This site is optimized with the Yoast SEO Premium plugin v26.4 (Yoast SEO v26.4) - https:\/\/yoast.com\/wordpress\/plugins\/seo\/ -->\n<title>BLOCCO FUNE - Quota Sicura<\/title>\n<meta name=\"description\" content=\"Blocco fune in acciaio inox per la stabilizzazione del cavo in sistemi di linea vita tipo C. Accessorio essenziale per garantire tensione e sicurezza.\" \/>\n<meta name=\"robots\" content=\"index, follow, max-snippet:-1, max-image-preview:large, max-video-preview:-1\" \/>\n<link rel=\"canonical\" href=\"https:\/\/www.quotasicura.com\/es\/product\/blocco-fune\/\" \/>\n<meta property=\"og:locale\" content=\"es_ES\" \/>\n<meta property=\"og:type\" content=\"article\" \/>\n<meta property=\"og:title\" content=\"BLOCCO FUNE\" \/>\n<meta property=\"og:description\" content=\"Blocco fune in acciaio inox per la stabilizzazione del cavo in sistemi di linea vita tipo C. Accessorio essenziale per garantire tensione e sicurezza.\" \/>\n<meta property=\"og:url\" content=\"https:\/\/www.quotasicura.com\/es\/product\/blocco-fune\/\" \/>\n<meta property=\"og:site_name\" content=\"Quota Sicura\" \/>\n<meta property=\"article:modified_time\" content=\"2025-11-28T08:42:12+00:00\" \/>\n<meta property=\"og:image\" content=\"https:\/\/www.quotasicura.com\/wp-content\/uploads\/2025\/10\/BLOCCO-FUNET-CLAMPS-REDANCE.png\" \/>\n\t<meta property=\"og:image:width\" content=\"1080\" \/>\n\t<meta property=\"og:image:height\" content=\"1350\" \/>\n\t<meta property=\"og:image:type\" content=\"image\/png\" \/>\n<meta name=\"twitter:card\" content=\"summary_large_image\" \/>\n<meta name=\"twitter:label1\" content=\"Tiempo de lectura\" \/>\n\t<meta name=\"twitter:data1\" content=\"1 minuto\" \/>\n<script type=\"application\/ld+json\" class=\"yoast-schema-graph\">{\"@context\":\"https:\/\/schema.org\",\"@graph\":[{\"@type\":\"WebPage\",\"@id\":\"https:\/\/www.quotasicura.com\/product\/blocco-fune\/\",\"url\":\"https:\/\/www.quotasicura.com\/product\/blocco-fune\/\",\"name\":\"BLOCCO FUNE - Quota Sicura\",\"isPartOf\":{\"@id\":\"https:\/\/www.quotasicura.com\/#website\"},\"primaryImageOfPage\":{\"@id\":\"https:\/\/www.quotasicura.com\/product\/blocco-fune\/#primaryimage\"},\"image\":{\"@id\":\"https:\/\/www.quotasicura.com\/product\/blocco-fune\/#primaryimage\"},\"thumbnailUrl\":\"https:\/\/www.quotasicura.com\/wp-content\/uploads\/2025\/10\/BLOCCO-FUNET-CLAMPS-REDANCE.png\",\"datePublished\":\"2025-10-07T15:26:31+00:00\",\"dateModified\":\"2025-11-28T08:42:12+00:00\",\"description\":\"Blocco fune in acciaio inox per la stabilizzazione del cavo in sistemi di linea vita tipo C. Accessorio essenziale per garantire tensione e sicurezza.\",\"breadcrumb\":{\"@id\":\"https:\/\/www.quotasicura.com\/product\/blocco-fune\/#breadcrumb\"},\"inLanguage\":\"es\",\"potentialAction\":[{\"@type\":\"ReadAction\",\"target\":[\"https:\/\/www.quotasicura.com\/product\/blocco-fune\/\"]}]},{\"@type\":\"ImageObject\",\"inLanguage\":\"es\",\"@id\":\"https:\/\/www.quotasicura.com\/product\/blocco-fune\/#primaryimage\",\"url\":\"https:\/\/www.quotasicura.com\/wp-content\/uploads\/2025\/10\/BLOCCO-FUNET-CLAMPS-REDANCE.png\",\"contentUrl\":\"https:\/\/www.quotasicura.com\/wp-content\/uploads\/2025\/10\/BLOCCO-FUNET-CLAMPS-REDANCE.png\",\"width\":1080,\"height\":1350},{\"@type\":\"BreadcrumbList\",\"@id\":\"https:\/\/www.quotasicura.com\/product\/blocco-fune\/#breadcrumb\",\"itemListElement\":[{\"@type\":\"ListItem\",\"position\":1,\"name\":\"Home\",\"item\":\"https:\/\/www.quotasicura.com\/\"},{\"@type\":\"ListItem\",\"position\":2,\"name\":\"Prodotti\",\"item\":\"https:\/\/www.quotasicura.com\/prodotti\/\"},{\"@type\":\"ListItem\",\"position\":3,\"name\":\"BLOCCO FUNE\"}]},{\"@type\":\"WebSite\",\"@id\":\"https:\/\/www.quotasicura.com\/#website\",\"url\":\"https:\/\/www.quotasicura.com\/\",\"name\":\"Quota Sicura\",\"description\":\"\",\"publisher\":{\"@id\":\"https:\/\/www.quotasicura.com\/#organization\"},\"potentialAction\":[{\"@type\":\"SearchAction\",\"target\":{\"@type\":\"EntryPoint\",\"urlTemplate\":\"https:\/\/www.quotasicura.com\/?s={search_term_string}\"},\"query-input\":{\"@type\":\"PropertyValueSpecification\",\"valueRequired\":true,\"valueName\":\"search_term_string\"}}],\"inLanguage\":\"es\"},{\"@type\":\"Organization\",\"@id\":\"https:\/\/www.quotasicura.com\/#organization\",\"name\":\"Quota Sicura\",\"url\":\"https:\/\/www.quotasicura.com\/\",\"logo\":{\"@type\":\"ImageObject\",\"inLanguage\":\"es\",\"@id\":\"https:\/\/www.quotasicura.com\/#\/schema\/logo\/image\/\",\"url\":\"https:\/\/www.quotasicura.com\/wp-content\/uploads\/2025\/10\/LOGO-QUOTA-SICURA.pdf.png\",\"contentUrl\":\"https:\/\/www.quotasicura.com\/wp-content\/uploads\/2025\/10\/LOGO-QUOTA-SICURA.pdf.png\",\"width\":2000,\"height\":614,\"caption\":\"Quota Sicura\"},\"image\":{\"@id\":\"https:\/\/www.quotasicura.com\/#\/schema\/logo\/image\/\"}}]}<\/script>\n<!-- \/ Yoast SEO Premium plugin. -->","yoast_head_json":{"title":"BLOCCO FUNE - Quota Sicura","description":"Blocco fune in acciaio inox per la stabilizzazione del cavo in sistemi di linea vita tipo C. Accessorio essenziale per garantire tensione e sicurezza.","robots":{"index":"index","follow":"follow","max-snippet":"max-snippet:-1","max-image-preview":"max-image-preview:large","max-video-preview":"max-video-preview:-1"},"canonical":"https:\/\/www.quotasicura.com\/es\/product\/blocco-fune\/","og_locale":"es_ES","og_type":"article","og_title":"BLOCCO FUNE","og_description":"Blocco fune in acciaio inox per la stabilizzazione del cavo in sistemi di linea vita tipo C. Accessorio essenziale per garantire tensione e sicurezza.","og_url":"https:\/\/www.quotasicura.com\/es\/product\/blocco-fune\/","og_site_name":"Quota Sicura","article_modified_time":"2025-11-28T08:42:12+00:00","og_image":[{"width":1080,"height":1350,"url":"https:\/\/www.quotasicura.com\/wp-content\/uploads\/2025\/10\/BLOCCO-FUNET-CLAMPS-REDANCE.png","type":"image\/png"}],"twitter_card":"summary_large_image","twitter_misc":{"Tiempo de lectura":"1 minuto"},"schema":{"@context":"https:\/\/schema.org","@graph":[{"@type":"WebPage","@id":"https:\/\/www.quotasicura.com\/product\/blocco-fune\/","url":"https:\/\/www.quotasicura.com\/product\/blocco-fune\/","name":"BLOCCO FUNE - Quota Sicura","isPartOf":{"@id":"https:\/\/www.quotasicura.com\/#website"},"primaryImageOfPage":{"@id":"https:\/\/www.quotasicura.com\/product\/blocco-fune\/#primaryimage"},"image":{"@id":"https:\/\/www.quotasicura.com\/product\/blocco-fune\/#primaryimage"},"thumbnailUrl":"https:\/\/www.quotasicura.com\/wp-content\/uploads\/2025\/10\/BLOCCO-FUNET-CLAMPS-REDANCE.png","datePublished":"2025-10-07T15:26:31+00:00","dateModified":"2025-11-28T08:42:12+00:00","description":"Blocco fune in acciaio inox per la stabilizzazione del cavo in sistemi di linea vita tipo C. Accessorio essenziale per garantire tensione e sicurezza.","breadcrumb":{"@id":"https:\/\/www.quotasicura.com\/product\/blocco-fune\/#breadcrumb"},"inLanguage":"es","potentialAction":[{"@type":"ReadAction","target":["https:\/\/www.quotasicura.com\/product\/blocco-fune\/"]}]},{"@type":"ImageObject","inLanguage":"es","@id":"https:\/\/www.quotasicura.com\/product\/blocco-fune\/#primaryimage","url":"https:\/\/www.quotasicura.com\/wp-content\/uploads\/2025\/10\/BLOCCO-FUNET-CLAMPS-REDANCE.png","contentUrl":"https:\/\/www.quotasicura.com\/wp-content\/uploads\/2025\/10\/BLOCCO-FUNET-CLAMPS-REDANCE.png","width":1080,"height":1350},{"@type":"BreadcrumbList","@id":"https:\/\/www.quotasicura.com\/product\/blocco-fune\/#breadcrumb","itemListElement":[{"@type":"ListItem","position":1,"name":"Home","item":"https:\/\/www.quotasicura.com\/"},{"@type":"ListItem","position":2,"name":"Prodotti","item":"https:\/\/www.quotasicura.com\/prodotti\/"},{"@type":"ListItem","position":3,"name":"BLOCCO FUNE"}]},{"@type":"WebSite","@id":"https:\/\/www.quotasicura.com\/#website","url":"https:\/\/www.quotasicura.com\/","name":"Cuota segura","description":"","publisher":{"@id":"https:\/\/www.quotasicura.com\/#organization"},"potentialAction":[{"@type":"SearchAction","target":{"@type":"EntryPoint","urlTemplate":"https:\/\/www.quotasicura.com\/?s={search_term_string}"},"query-input":{"@type":"PropertyValueSpecification","valueRequired":true,"valueName":"search_term_string"}}],"inLanguage":"es"},{"@type":"Organization","@id":"https:\/\/www.quotasicura.com\/#organization","name":"Cuota segura","url":"https:\/\/www.quotasicura.com\/","logo":{"@type":"ImageObject","inLanguage":"es","@id":"https:\/\/www.quotasicura.com\/#\/schema\/logo\/image\/","url":"https:\/\/www.quotasicura.com\/wp-content\/uploads\/2025\/10\/LOGO-QUOTA-SICURA.pdf.png","contentUrl":"https:\/\/www.quotasicura.com\/wp-content\/uploads\/2025\/10\/LOGO-QUOTA-SICURA.pdf.png","width":2000,"height":614,"caption":"Quota Sicura"},"image":{"@id":"https:\/\/www.quotasicura.com\/#\/schema\/logo\/image\/"}}]}},"_links":{"self":[{"href":"https:\/\/www.quotasicura.com\/es\/wp-json\/wp\/v2\/product\/512","targetHints":{"allow":["GET"]}}],"collection":[{"href":"https:\/\/www.quotasicura.com\/es\/wp-json\/wp\/v2\/product"}],"about":[{"href":"https:\/\/www.quotasicura.com\/es\/wp-json\/wp\/v2\/types\/product"}],"replies":[{"embeddable":true,"href":"https:\/\/www.quotasicura.com\/es\/wp-json\/wp\/v2\/comments?post=512"}],"wp:featuredmedia":[{"embeddable":true,"href":"https:\/\/www.quotasicura.com\/es\/wp-json\/wp\/v2\/media\/536"}],"wp:attachment":[{"href":"https:\/\/www.quotasicura.com\/es\/wp-json\/wp\/v2\/media?parent=512"}],"wp:term":[{"taxonomy":"product_brand","embeddable":true,"href":"https:\/\/www.quotasicura.com\/es\/wp-json\/wp\/v2\/product_brand?post=512"},{"taxonomy":"product_cat","embeddable":true,"href":"https:\/\/www.quotasicura.com\/es\/wp-json\/wp\/v2\/product_cat?post=512"},{"taxonomy":"product_tag","embeddable":true,"href":"https:\/\/www.quotasicura.com\/es\/wp-json\/wp\/v2\/product_tag?post=512"}],"curies":[{"name":"wp","href":"https:\/\/api.w.org\/{rel}","templated":true}]}}