{"id":584,"date":"2025-10-07T15:27:13","date_gmt":"2025-10-07T15:27:13","guid":{"rendered":"https:\/\/www.quotasicura.com\/?post_type=product&#038;p=584"},"modified":"2025-11-27T11:59:42","modified_gmt":"2025-11-27T11:59:42","slug":"irudek-steelsafe-39-gancio-in-acciaio-tropicalizzato","status":"publish","type":"product","link":"https:\/\/www.quotasicura.com\/es\/product\/irudek-steelsafe-39-gancio-in-acciaio-tropicalizzato\/","title":{"rendered":"Irudek Steelsafe 39 \u2013 Gancho de acero tropicalizado"},"content":{"rendered":"<div class=\"scrollable-table\" style=\"overflow-x: auto;\">\n<table style=\"width: 100%; border-collapse: collapse;\">\n<thead>\n<tr style=\"background-color: #f2f2f2;\">\n<th style=\"padding: 10px; border: 1px solid #ddd;\">Caracter\u00edstica<\/th>\n<th style=\"padding: 10px; border: 1px solid #ddd;\">Detalle<\/th>\n<\/tr>\n<\/thead>\n<tbody>\n<tr>\n<td style=\"padding: 10px; border: 1px solid #ddd;\">Producto<\/td>\n<td style=\"padding: 10px; border: 1px solid #ddd;\">Caja fuerte Irudek Steelsafe 39<\/td>\n<\/tr>\n<tr>\n<td style=\"padding: 10px; border: 1px solid #ddd;\">Material<\/td>\n<td style=\"padding: 10px; border: 1px solid #ddd;\">acero tropicalizado<\/td>\n<\/tr>\n<tr>\n<td style=\"padding: 10px; border: 1px solid #ddd;\">Cierre<\/td>\n<td style=\"padding: 10px; border: 1px solid #ddd;\">Doble acci\u00f3n autom\u00e1tica<\/td>\n<\/tr>\n<tr>\n<td style=\"padding: 10px; border: 1px solid #ddd;\">Apertura<\/td>\n<td style=\"padding: 10px; border: 1px solid #ddd;\">50 mm<\/td>\n<\/tr>\n<tr>\n<td style=\"padding: 10px; border: 1px solid #ddd;\">Tratamiento<\/td>\n<td style=\"padding: 10px; border: 1px solid #ddd;\">Anticorrosi\u00f3n especial<\/td>\n<\/tr>\n<tr>\n<td style=\"padding: 10px; border: 1px solid #ddd;\">resistencia a la niebla salina<\/td>\n<td style=\"padding: 10px; border: 1px solid #ddd;\">120 horas (72 horas requeridas por ley)<\/td>\n<\/tr>\n<tr>\n<td style=\"padding: 10px; border: 1px solid #ddd;\">Aplicaciones<\/td>\n<td style=\"padding: 10px; border: 1px solid #ddd;\">Sistemas de anclaje y protecci\u00f3n contra ca\u00eddas, EPI de conexi\u00f3n<\/td>\n<\/tr>\n<\/tbody>\n<\/table>\n<\/div>","protected":false},"excerpt":{"rendered":"<p data-start=\"247\" data-end=\"462\">Gancho de acero tropicalizado con <strong data-start=\"284\" data-end=\"323\">cierre autom\u00e1tico de doble acci\u00f3n<\/strong> y abriendo desde <strong data-start=\"338\" data-end=\"347\">50 mm<\/strong>Tratamiento anticorrosi\u00f3n especial con <strong data-start=\"389\" data-end=\"430\">Resistencia a la niebla salina durante 120 horas<\/strong> (72 horas requeridas por ley).<\/p>\n<h3 data-start=\"464\" data-end=\"495\"><\/h3>","protected":false},"featured_media":593,"comment_status":"open","ping_status":"closed","template":"","meta":[],"product_brand":[],"product_cat":[29],"product_tag":[],"class_list":{"0":"post-584","1":"product","2":"type-product","3":"status-publish","4":"has-post-thumbnail","6":"product_cat-dpi-dispositivi-di-protezione-individuale","8":"first","9":"instock","10":"shipping-taxable","11":"product-type-simple"},"yoast_head":"<!-- This site is optimized with the Yoast SEO Premium plugin v26.4 (Yoast SEO v26.4) - https:\/\/yoast.com\/wordpress\/plugins\/seo\/ -->\n<title>Irudek Steelsafe 39 \u2013 Gancio in acciaio tropicalizzato - Quota Sicura<\/title>\n<meta name=\"description\" content=\"Irudek Steelsafe 39, gancio in acciaio tropicalizzato con apertura ampia e doppio sistema di chiusura. Ideale per DPI e sistemi anticaduta certificati.\" \/>\n<meta name=\"robots\" content=\"index, follow, max-snippet:-1, max-image-preview:large, max-video-preview:-1\" \/>\n<link rel=\"canonical\" href=\"https:\/\/www.quotasicura.com\/es\/product\/irudek-steelsafe-39-gancio-in-acciaio-tropicalizzato\/\" \/>\n<meta property=\"og:locale\" content=\"es_ES\" \/>\n<meta property=\"og:type\" content=\"article\" \/>\n<meta property=\"og:title\" content=\"Irudek Steelsafe 39 \u2013 Gancio in acciaio tropicalizzato\" \/>\n<meta property=\"og:description\" content=\"Irudek Steelsafe 39, gancio in acciaio tropicalizzato con apertura ampia e doppio sistema di chiusura. Ideale per DPI e sistemi anticaduta certificati.\" \/>\n<meta property=\"og:url\" content=\"https:\/\/www.quotasicura.com\/es\/product\/irudek-steelsafe-39-gancio-in-acciaio-tropicalizzato\/\" \/>\n<meta property=\"og:site_name\" content=\"Quota Sicura\" \/>\n<meta property=\"article:modified_time\" content=\"2025-11-27T11:59:42+00:00\" \/>\n<meta property=\"og:image\" content=\"https:\/\/www.quotasicura.com\/wp-content\/uploads\/2025\/10\/IRUDEK-STEELSAFE-39.png\" \/>\n\t<meta property=\"og:image:width\" content=\"1080\" \/>\n\t<meta property=\"og:image:height\" content=\"1350\" \/>\n\t<meta property=\"og:image:type\" content=\"image\/png\" \/>\n<meta name=\"twitter:card\" content=\"summary_large_image\" \/>\n<meta name=\"twitter:label1\" content=\"Tiempo de lectura\" \/>\n\t<meta name=\"twitter:data1\" content=\"1 minuto\" \/>\n<script type=\"application\/ld+json\" class=\"yoast-schema-graph\">{\"@context\":\"https:\/\/schema.org\",\"@graph\":[{\"@type\":\"WebPage\",\"@id\":\"https:\/\/www.quotasicura.com\/product\/irudek-steelsafe-39-gancio-in-acciaio-tropicalizzato\/\",\"url\":\"https:\/\/www.quotasicura.com\/product\/irudek-steelsafe-39-gancio-in-acciaio-tropicalizzato\/\",\"name\":\"Irudek Steelsafe 39 \u2013 Gancio in acciaio tropicalizzato - Quota Sicura\",\"isPartOf\":{\"@id\":\"https:\/\/www.quotasicura.com\/#website\"},\"primaryImageOfPage\":{\"@id\":\"https:\/\/www.quotasicura.com\/product\/irudek-steelsafe-39-gancio-in-acciaio-tropicalizzato\/#primaryimage\"},\"image\":{\"@id\":\"https:\/\/www.quotasicura.com\/product\/irudek-steelsafe-39-gancio-in-acciaio-tropicalizzato\/#primaryimage\"},\"thumbnailUrl\":\"https:\/\/www.quotasicura.com\/wp-content\/uploads\/2025\/10\/IRUDEK-STEELSAFE-39.png\",\"datePublished\":\"2025-10-07T15:27:13+00:00\",\"dateModified\":\"2025-11-27T11:59:42+00:00\",\"description\":\"Irudek Steelsafe 39, gancio in acciaio tropicalizzato con apertura ampia e doppio sistema di chiusura. Ideale per DPI e sistemi anticaduta certificati.\",\"breadcrumb\":{\"@id\":\"https:\/\/www.quotasicura.com\/product\/irudek-steelsafe-39-gancio-in-acciaio-tropicalizzato\/#breadcrumb\"},\"inLanguage\":\"es\",\"potentialAction\":[{\"@type\":\"ReadAction\",\"target\":[\"https:\/\/www.quotasicura.com\/product\/irudek-steelsafe-39-gancio-in-acciaio-tropicalizzato\/\"]}]},{\"@type\":\"ImageObject\",\"inLanguage\":\"es\",\"@id\":\"https:\/\/www.quotasicura.com\/product\/irudek-steelsafe-39-gancio-in-acciaio-tropicalizzato\/#primaryimage\",\"url\":\"https:\/\/www.quotasicura.com\/wp-content\/uploads\/2025\/10\/IRUDEK-STEELSAFE-39.png\",\"contentUrl\":\"https:\/\/www.quotasicura.com\/wp-content\/uploads\/2025\/10\/IRUDEK-STEELSAFE-39.png\",\"width\":1080,\"height\":1350},{\"@type\":\"BreadcrumbList\",\"@id\":\"https:\/\/www.quotasicura.com\/product\/irudek-steelsafe-39-gancio-in-acciaio-tropicalizzato\/#breadcrumb\",\"itemListElement\":[{\"@type\":\"ListItem\",\"position\":1,\"name\":\"Home\",\"item\":\"https:\/\/www.quotasicura.com\/\"},{\"@type\":\"ListItem\",\"position\":2,\"name\":\"Prodotti\",\"item\":\"https:\/\/www.quotasicura.com\/prodotti\/\"},{\"@type\":\"ListItem\",\"position\":3,\"name\":\"Irudek Steelsafe 39 \u2013 Gancio in acciaio tropicalizzato\"}]},{\"@type\":\"WebSite\",\"@id\":\"https:\/\/www.quotasicura.com\/#website\",\"url\":\"https:\/\/www.quotasicura.com\/\",\"name\":\"Quota Sicura\",\"description\":\"\",\"publisher\":{\"@id\":\"https:\/\/www.quotasicura.com\/#organization\"},\"potentialAction\":[{\"@type\":\"SearchAction\",\"target\":{\"@type\":\"EntryPoint\",\"urlTemplate\":\"https:\/\/www.quotasicura.com\/?s={search_term_string}\"},\"query-input\":{\"@type\":\"PropertyValueSpecification\",\"valueRequired\":true,\"valueName\":\"search_term_string\"}}],\"inLanguage\":\"es\"},{\"@type\":\"Organization\",\"@id\":\"https:\/\/www.quotasicura.com\/#organization\",\"name\":\"Quota Sicura\",\"url\":\"https:\/\/www.quotasicura.com\/\",\"logo\":{\"@type\":\"ImageObject\",\"inLanguage\":\"es\",\"@id\":\"https:\/\/www.quotasicura.com\/#\/schema\/logo\/image\/\",\"url\":\"https:\/\/www.quotasicura.com\/wp-content\/uploads\/2025\/10\/LOGO-QUOTA-SICURA.pdf.png\",\"contentUrl\":\"https:\/\/www.quotasicura.com\/wp-content\/uploads\/2025\/10\/LOGO-QUOTA-SICURA.pdf.png\",\"width\":2000,\"height\":614,\"caption\":\"Quota Sicura\"},\"image\":{\"@id\":\"https:\/\/www.quotasicura.com\/#\/schema\/logo\/image\/\"}}]}<\/script>\n<!-- \/ Yoast SEO Premium plugin. -->","yoast_head_json":{"title":"Irudek Steelsafe 39 \u2013 Gancio in acciaio tropicalizzato - Quota Sicura","description":"Irudek Steelsafe 39, gancio in acciaio tropicalizzato con apertura ampia e doppio sistema di chiusura. Ideale per DPI e sistemi anticaduta certificati.","robots":{"index":"index","follow":"follow","max-snippet":"max-snippet:-1","max-image-preview":"max-image-preview:large","max-video-preview":"max-video-preview:-1"},"canonical":"https:\/\/www.quotasicura.com\/es\/product\/irudek-steelsafe-39-gancio-in-acciaio-tropicalizzato\/","og_locale":"es_ES","og_type":"article","og_title":"Irudek Steelsafe 39 \u2013 Gancio in acciaio tropicalizzato","og_description":"Irudek Steelsafe 39, gancio in acciaio tropicalizzato con apertura ampia e doppio sistema di chiusura. Ideale per DPI e sistemi anticaduta certificati.","og_url":"https:\/\/www.quotasicura.com\/es\/product\/irudek-steelsafe-39-gancio-in-acciaio-tropicalizzato\/","og_site_name":"Quota Sicura","article_modified_time":"2025-11-27T11:59:42+00:00","og_image":[{"width":1080,"height":1350,"url":"https:\/\/www.quotasicura.com\/wp-content\/uploads\/2025\/10\/IRUDEK-STEELSAFE-39.png","type":"image\/png"}],"twitter_card":"summary_large_image","twitter_misc":{"Tiempo de lectura":"1 minuto"},"schema":{"@context":"https:\/\/schema.org","@graph":[{"@type":"WebPage","@id":"https:\/\/www.quotasicura.com\/product\/irudek-steelsafe-39-gancio-in-acciaio-tropicalizzato\/","url":"https:\/\/www.quotasicura.com\/product\/irudek-steelsafe-39-gancio-in-acciaio-tropicalizzato\/","name":"Irudek Steelsafe 39 \u2013 Gancio in acciaio tropicalizzato - Quota Sicura","isPartOf":{"@id":"https:\/\/www.quotasicura.com\/#website"},"primaryImageOfPage":{"@id":"https:\/\/www.quotasicura.com\/product\/irudek-steelsafe-39-gancio-in-acciaio-tropicalizzato\/#primaryimage"},"image":{"@id":"https:\/\/www.quotasicura.com\/product\/irudek-steelsafe-39-gancio-in-acciaio-tropicalizzato\/#primaryimage"},"thumbnailUrl":"https:\/\/www.quotasicura.com\/wp-content\/uploads\/2025\/10\/IRUDEK-STEELSAFE-39.png","datePublished":"2025-10-07T15:27:13+00:00","dateModified":"2025-11-27T11:59:42+00:00","description":"Irudek Steelsafe 39, gancio in acciaio tropicalizzato con apertura ampia e doppio sistema di chiusura. Ideale per DPI e sistemi anticaduta certificati.","breadcrumb":{"@id":"https:\/\/www.quotasicura.com\/product\/irudek-steelsafe-39-gancio-in-acciaio-tropicalizzato\/#breadcrumb"},"inLanguage":"es","potentialAction":[{"@type":"ReadAction","target":["https:\/\/www.quotasicura.com\/product\/irudek-steelsafe-39-gancio-in-acciaio-tropicalizzato\/"]}]},{"@type":"ImageObject","inLanguage":"es","@id":"https:\/\/www.quotasicura.com\/product\/irudek-steelsafe-39-gancio-in-acciaio-tropicalizzato\/#primaryimage","url":"https:\/\/www.quotasicura.com\/wp-content\/uploads\/2025\/10\/IRUDEK-STEELSAFE-39.png","contentUrl":"https:\/\/www.quotasicura.com\/wp-content\/uploads\/2025\/10\/IRUDEK-STEELSAFE-39.png","width":1080,"height":1350},{"@type":"BreadcrumbList","@id":"https:\/\/www.quotasicura.com\/product\/irudek-steelsafe-39-gancio-in-acciaio-tropicalizzato\/#breadcrumb","itemListElement":[{"@type":"ListItem","position":1,"name":"Home","item":"https:\/\/www.quotasicura.com\/"},{"@type":"ListItem","position":2,"name":"Prodotti","item":"https:\/\/www.quotasicura.com\/prodotti\/"},{"@type":"ListItem","position":3,"name":"Irudek Steelsafe 39 \u2013 Gancio in acciaio tropicalizzato"}]},{"@type":"WebSite","@id":"https:\/\/www.quotasicura.com\/#website","url":"https:\/\/www.quotasicura.com\/","name":"Cuota segura","description":"","publisher":{"@id":"https:\/\/www.quotasicura.com\/#organization"},"potentialAction":[{"@type":"SearchAction","target":{"@type":"EntryPoint","urlTemplate":"https:\/\/www.quotasicura.com\/?s={search_term_string}"},"query-input":{"@type":"PropertyValueSpecification","valueRequired":true,"valueName":"search_term_string"}}],"inLanguage":"es"},{"@type":"Organization","@id":"https:\/\/www.quotasicura.com\/#organization","name":"Cuota segura","url":"https:\/\/www.quotasicura.com\/","logo":{"@type":"ImageObject","inLanguage":"es","@id":"https:\/\/www.quotasicura.com\/#\/schema\/logo\/image\/","url":"https:\/\/www.quotasicura.com\/wp-content\/uploads\/2025\/10\/LOGO-QUOTA-SICURA.pdf.png","contentUrl":"https:\/\/www.quotasicura.com\/wp-content\/uploads\/2025\/10\/LOGO-QUOTA-SICURA.pdf.png","width":2000,"height":614,"caption":"Quota Sicura"},"image":{"@id":"https:\/\/www.quotasicura.com\/#\/schema\/logo\/image\/"}}]}},"_links":{"self":[{"href":"https:\/\/www.quotasicura.com\/es\/wp-json\/wp\/v2\/product\/584","targetHints":{"allow":["GET"]}}],"collection":[{"href":"https:\/\/www.quotasicura.com\/es\/wp-json\/wp\/v2\/product"}],"about":[{"href":"https:\/\/www.quotasicura.com\/es\/wp-json\/wp\/v2\/types\/product"}],"replies":[{"embeddable":true,"href":"https:\/\/www.quotasicura.com\/es\/wp-json\/wp\/v2\/comments?post=584"}],"wp:featuredmedia":[{"embeddable":true,"href":"https:\/\/www.quotasicura.com\/es\/wp-json\/wp\/v2\/media\/593"}],"wp:attachment":[{"href":"https:\/\/www.quotasicura.com\/es\/wp-json\/wp\/v2\/media?parent=584"}],"wp:term":[{"taxonomy":"product_brand","embeddable":true,"href":"https:\/\/www.quotasicura.com\/es\/wp-json\/wp\/v2\/product_brand?post=584"},{"taxonomy":"product_cat","embeddable":true,"href":"https:\/\/www.quotasicura.com\/es\/wp-json\/wp\/v2\/product_cat?post=584"},{"taxonomy":"product_tag","embeddable":true,"href":"https:\/\/www.quotasicura.com\/es\/wp-json\/wp\/v2\/product_tag?post=584"}],"curies":[{"name":"wp","href":"https:\/\/api.w.org\/{rel}","templated":true}]}}