{"id":604,"date":"2025-10-07T16:25:32","date_gmt":"2025-10-07T16:25:32","guid":{"rendered":"https:\/\/www.quotasicura.com\/?post_type=product&#038;p=604"},"modified":"2025-11-27T11:51:54","modified_gmt":"2025-11-27T11:51:54","slug":"drill-hook-ancoraggio-tipo-a-girevole-in-acciaio-inox","status":"publish","type":"product","link":"https:\/\/www.quotasicura.com\/es\/product\/drill-hook-ancoraggio-tipo-a-girevole-in-acciaio-inox\/","title":{"rendered":"Anclaje giratorio de acero inoxidable tipo A con gancho para taladro"},"content":{"rendered":"<div class=\"scrollable-table\" style=\"overflow-x: auto;\">\n<table style=\"width: 100%; border-collapse: collapse; font-size: 15px;\">\n<thead>\n<tr style=\"background: #f2f2f2;\">\n<th style=\"padding: 10px; border: 1px solid #ddd;\">Caracter\u00edstica<\/th>\n<th style=\"padding: 10px; border: 1px solid #ddd;\">Detalle<\/th>\n<\/tr>\n<\/thead>\n<tbody>\n<tr>\n<td style=\"padding: 10px; border: 1px solid #ddd;\">Producto \/ C\u00f3digo<\/td>\n<td style=\"padding: 10px; border: 1px solid #ddd;\">GANCHO PARA TALADRO \u2013 <strong>LVTQS910DH<\/strong><\/td>\n<\/tr>\n<tr>\n<td style=\"padding: 10px; border: 1px solid #ddd;\">Reglamentos<\/td>\n<td style=\"padding: 10px; border: 1px solid #ddd;\">UNI EN 795:2012 \u2013 UNI CEN\/TS 16415:2013 \u2013 UNI 11578:2015<\/td>\n<\/tr>\n<tr>\n<td style=\"padding: 10px; border: 1px solid #ddd;\">Tipo de dispositivo<\/td>\n<td style=\"padding: 10px; border: 1px solid #ddd;\">Tipo A<\/td>\n<\/tr>\n<tr>\n<td style=\"padding: 10px; border: 1px solid #ddd;\">Tipo de cabeza<\/td>\n<td style=\"padding: 10px; border: 1px solid #ddd;\">Girar<\/td>\n<\/tr>\n<tr>\n<td style=\"padding: 10px; border: 1px solid #ddd;\">Material<\/td>\n<td style=\"padding: 10px; border: 1px solid #ddd;\">acero inoxidable AISI 304 \/ 316<\/td>\n<\/tr>\n<tr>\n<td style=\"padding: 10px; border: 1px solid #ddd;\">Informe de prueba<\/td>\n<td style=\"padding: 10px; border: 1px solid #ddd;\">01836 \u2013 Laboratorio Sigma Srl<\/td>\n<\/tr>\n<tr>\n<td style=\"padding: 10px; border: 1px solid #ddd;\">Calificaci\u00f3n<\/td>\n<td style=\"padding: 10px; border: 1px solid #ddd;\">UNI 11578:2015 \u2013 UNI EN 365<\/td>\n<\/tr>\n<tr>\n<td style=\"padding: 10px; border: 1px solid #ddd;\">Usuarios m\u00e1ximos<\/td>\n<td style=\"padding: 10px; border: 1px solid #ddd;\">1<\/td>\n<\/tr>\n<tr>\n<td style=\"padding: 10px; border: 1px solid #ddd;\">Fuerza m\u00e1xima aplicable<\/td>\n<td style=\"padding: 10px; border: 1px solid #ddd;\">5,50 kN<\/td>\n<\/tr>\n<\/tbody>\n<\/table>\n<\/div>\n<p><!-- Tabelle installazione --><\/p>\n<h3 style=\"margin-top: 18px;\">Medios m\u00ednimos y dimensiones requeridas<\/h3>\n<div class=\"scrollable-table\" style=\"overflow-x: auto;\">\n<table style=\"width: 100%; border-collapse: collapse; font-size: 15px;\">\n<thead>\n<tr style=\"background: #f9f9f9;\">\n<th style=\"padding: 10px; border: 1px solid #ddd;\">Apoyo<\/th>\n<th style=\"padding: 10px; border: 1px solid #ddd;\">Presupuesto<\/th>\n<th style=\"padding: 10px; border: 1px solid #ddd;\">Dimensiones m\u00ednimas<\/th>\n<\/tr>\n<\/thead>\n<\/table>\n<\/div>","protected":false},"excerpt":{"rendered":"<p>Dispositivo de anclaje <strong data-start=\"267\" data-end=\"277\">Tipo A<\/strong> con <strong data-start=\"282\" data-end=\"300\">cabeza giratoria<\/strong>, en <strong data-start=\"305\" data-end=\"326\">acero inoxidable AISI 304\/316<\/strong>Certificado UNI EN 795:2012 \u2013 CEN\/TS 16415:2013 \u2013 UNI 11578:2015. <strong data-start=\"394\" data-end=\"412\">1 usuario<\/strong>m\u00e1xima fuerza <strong data-start=\"428\" data-end=\"439\">5,50 kN<\/strong>Se suministra con diagrama de fijaci\u00f3n y dimensiones m\u00ednimas para hormig\u00f3n, madera, acero y chapa de madera.<\/p>","protected":false},"featured_media":605,"comment_status":"open","ping_status":"closed","template":"","meta":[],"product_brand":[],"product_cat":[36],"product_tag":[],"class_list":{"0":"post-604","1":"product","2":"type-product","3":"status-publish","4":"has-post-thumbnail","6":"product_cat-tipo-a","8":"first","9":"instock","10":"shipping-taxable","11":"product-type-simple"},"yoast_head":"<!-- This site is optimized with the Yoast SEO Premium plugin v26.4 (Yoast SEO v26.4) - https:\/\/yoast.com\/wordpress\/plugins\/seo\/ -->\n<title>Drill Hook \u2013 Ancoraggio Tipo A girevole in acciaio inox - Quota Sicura<\/title>\n<meta name=\"description\" content=\"Drill Hook, ancoraggio girevole tipo A in acciaio inox certificato EN 795. Ideale per tetti e superfici compatte. Sicurezza anticaduta garantita.\" \/>\n<meta name=\"robots\" content=\"index, follow, max-snippet:-1, max-image-preview:large, max-video-preview:-1\" \/>\n<link rel=\"canonical\" href=\"https:\/\/www.quotasicura.com\/es\/product\/drill-hook-ancoraggio-tipo-a-girevole-in-acciaio-inox\/\" \/>\n<meta property=\"og:locale\" content=\"es_ES\" \/>\n<meta property=\"og:type\" content=\"article\" \/>\n<meta property=\"og:title\" content=\"Drill Hook \u2013 Ancoraggio Tipo A girevole in acciaio inox\" \/>\n<meta property=\"og:description\" content=\"Drill Hook, ancoraggio girevole tipo A in acciaio inox certificato EN 795. Ideale per tetti e superfici compatte. Sicurezza anticaduta garantita.\" \/>\n<meta property=\"og:url\" content=\"https:\/\/www.quotasicura.com\/es\/product\/drill-hook-ancoraggio-tipo-a-girevole-in-acciaio-inox\/\" \/>\n<meta property=\"og:site_name\" content=\"Quota Sicura\" \/>\n<meta property=\"article:modified_time\" content=\"2025-11-27T11:51:54+00:00\" \/>\n<meta property=\"og:image\" content=\"https:\/\/www.quotasicura.com\/wp-content\/uploads\/2025\/10\/Progetto-senza-titolo.jpg\" \/>\n\t<meta property=\"og:image:width\" content=\"1080\" \/>\n\t<meta property=\"og:image:height\" content=\"1080\" \/>\n\t<meta property=\"og:image:type\" content=\"image\/jpeg\" \/>\n<meta name=\"twitter:card\" content=\"summary_large_image\" \/>\n<meta name=\"twitter:label1\" content=\"Tiempo de lectura\" \/>\n\t<meta name=\"twitter:data1\" content=\"1 minuto\" \/>\n<script type=\"application\/ld+json\" class=\"yoast-schema-graph\">{\"@context\":\"https:\/\/schema.org\",\"@graph\":[{\"@type\":\"WebPage\",\"@id\":\"https:\/\/www.quotasicura.com\/product\/drill-hook-ancoraggio-tipo-a-girevole-in-acciaio-inox\/\",\"url\":\"https:\/\/www.quotasicura.com\/product\/drill-hook-ancoraggio-tipo-a-girevole-in-acciaio-inox\/\",\"name\":\"Drill Hook \u2013 Ancoraggio Tipo A girevole in acciaio inox - Quota Sicura\",\"isPartOf\":{\"@id\":\"https:\/\/www.quotasicura.com\/#website\"},\"primaryImageOfPage\":{\"@id\":\"https:\/\/www.quotasicura.com\/product\/drill-hook-ancoraggio-tipo-a-girevole-in-acciaio-inox\/#primaryimage\"},\"image\":{\"@id\":\"https:\/\/www.quotasicura.com\/product\/drill-hook-ancoraggio-tipo-a-girevole-in-acciaio-inox\/#primaryimage\"},\"thumbnailUrl\":\"https:\/\/www.quotasicura.com\/wp-content\/uploads\/2025\/10\/Progetto-senza-titolo.jpg\",\"datePublished\":\"2025-10-07T16:25:32+00:00\",\"dateModified\":\"2025-11-27T11:51:54+00:00\",\"description\":\"Drill Hook, ancoraggio girevole tipo A in acciaio inox certificato EN 795. Ideale per tetti e superfici compatte. Sicurezza anticaduta garantita.\",\"breadcrumb\":{\"@id\":\"https:\/\/www.quotasicura.com\/product\/drill-hook-ancoraggio-tipo-a-girevole-in-acciaio-inox\/#breadcrumb\"},\"inLanguage\":\"es\",\"potentialAction\":[{\"@type\":\"ReadAction\",\"target\":[\"https:\/\/www.quotasicura.com\/product\/drill-hook-ancoraggio-tipo-a-girevole-in-acciaio-inox\/\"]}]},{\"@type\":\"ImageObject\",\"inLanguage\":\"es\",\"@id\":\"https:\/\/www.quotasicura.com\/product\/drill-hook-ancoraggio-tipo-a-girevole-in-acciaio-inox\/#primaryimage\",\"url\":\"https:\/\/www.quotasicura.com\/wp-content\/uploads\/2025\/10\/Progetto-senza-titolo.jpg\",\"contentUrl\":\"https:\/\/www.quotasicura.com\/wp-content\/uploads\/2025\/10\/Progetto-senza-titolo.jpg\",\"width\":1080,\"height\":1080},{\"@type\":\"BreadcrumbList\",\"@id\":\"https:\/\/www.quotasicura.com\/product\/drill-hook-ancoraggio-tipo-a-girevole-in-acciaio-inox\/#breadcrumb\",\"itemListElement\":[{\"@type\":\"ListItem\",\"position\":1,\"name\":\"Home\",\"item\":\"https:\/\/www.quotasicura.com\/\"},{\"@type\":\"ListItem\",\"position\":2,\"name\":\"Prodotti\",\"item\":\"https:\/\/www.quotasicura.com\/prodotti\/\"},{\"@type\":\"ListItem\",\"position\":3,\"name\":\"Drill Hook \u2013 Ancoraggio Tipo A girevole in acciaio inox\"}]},{\"@type\":\"WebSite\",\"@id\":\"https:\/\/www.quotasicura.com\/#website\",\"url\":\"https:\/\/www.quotasicura.com\/\",\"name\":\"Quota Sicura\",\"description\":\"\",\"publisher\":{\"@id\":\"https:\/\/www.quotasicura.com\/#organization\"},\"potentialAction\":[{\"@type\":\"SearchAction\",\"target\":{\"@type\":\"EntryPoint\",\"urlTemplate\":\"https:\/\/www.quotasicura.com\/?s={search_term_string}\"},\"query-input\":{\"@type\":\"PropertyValueSpecification\",\"valueRequired\":true,\"valueName\":\"search_term_string\"}}],\"inLanguage\":\"es\"},{\"@type\":\"Organization\",\"@id\":\"https:\/\/www.quotasicura.com\/#organization\",\"name\":\"Quota Sicura\",\"url\":\"https:\/\/www.quotasicura.com\/\",\"logo\":{\"@type\":\"ImageObject\",\"inLanguage\":\"es\",\"@id\":\"https:\/\/www.quotasicura.com\/#\/schema\/logo\/image\/\",\"url\":\"https:\/\/www.quotasicura.com\/wp-content\/uploads\/2025\/10\/LOGO-QUOTA-SICURA.pdf.png\",\"contentUrl\":\"https:\/\/www.quotasicura.com\/wp-content\/uploads\/2025\/10\/LOGO-QUOTA-SICURA.pdf.png\",\"width\":2000,\"height\":614,\"caption\":\"Quota Sicura\"},\"image\":{\"@id\":\"https:\/\/www.quotasicura.com\/#\/schema\/logo\/image\/\"}}]}<\/script>\n<!-- \/ Yoast SEO Premium plugin. -->","yoast_head_json":{"title":"Drill Hook \u2013 Ancoraggio Tipo A girevole in acciaio inox - Quota Sicura","description":"Drill Hook, ancoraggio girevole tipo A in acciaio inox certificato EN 795. Ideale per tetti e superfici compatte. Sicurezza anticaduta garantita.","robots":{"index":"index","follow":"follow","max-snippet":"max-snippet:-1","max-image-preview":"max-image-preview:large","max-video-preview":"max-video-preview:-1"},"canonical":"https:\/\/www.quotasicura.com\/es\/product\/drill-hook-ancoraggio-tipo-a-girevole-in-acciaio-inox\/","og_locale":"es_ES","og_type":"article","og_title":"Drill Hook \u2013 Ancoraggio Tipo A girevole in acciaio inox","og_description":"Drill Hook, ancoraggio girevole tipo A in acciaio inox certificato EN 795. Ideale per tetti e superfici compatte. Sicurezza anticaduta garantita.","og_url":"https:\/\/www.quotasicura.com\/es\/product\/drill-hook-ancoraggio-tipo-a-girevole-in-acciaio-inox\/","og_site_name":"Quota Sicura","article_modified_time":"2025-11-27T11:51:54+00:00","og_image":[{"width":1080,"height":1080,"url":"https:\/\/www.quotasicura.com\/wp-content\/uploads\/2025\/10\/Progetto-senza-titolo.jpg","type":"image\/jpeg"}],"twitter_card":"summary_large_image","twitter_misc":{"Tiempo de lectura":"1 minuto"},"schema":{"@context":"https:\/\/schema.org","@graph":[{"@type":"WebPage","@id":"https:\/\/www.quotasicura.com\/product\/drill-hook-ancoraggio-tipo-a-girevole-in-acciaio-inox\/","url":"https:\/\/www.quotasicura.com\/product\/drill-hook-ancoraggio-tipo-a-girevole-in-acciaio-inox\/","name":"Drill Hook \u2013 Ancoraggio Tipo A girevole in acciaio inox - Quota Sicura","isPartOf":{"@id":"https:\/\/www.quotasicura.com\/#website"},"primaryImageOfPage":{"@id":"https:\/\/www.quotasicura.com\/product\/drill-hook-ancoraggio-tipo-a-girevole-in-acciaio-inox\/#primaryimage"},"image":{"@id":"https:\/\/www.quotasicura.com\/product\/drill-hook-ancoraggio-tipo-a-girevole-in-acciaio-inox\/#primaryimage"},"thumbnailUrl":"https:\/\/www.quotasicura.com\/wp-content\/uploads\/2025\/10\/Progetto-senza-titolo.jpg","datePublished":"2025-10-07T16:25:32+00:00","dateModified":"2025-11-27T11:51:54+00:00","description":"Drill Hook, ancoraggio girevole tipo A in acciaio inox certificato EN 795. Ideale per tetti e superfici compatte. Sicurezza anticaduta garantita.","breadcrumb":{"@id":"https:\/\/www.quotasicura.com\/product\/drill-hook-ancoraggio-tipo-a-girevole-in-acciaio-inox\/#breadcrumb"},"inLanguage":"es","potentialAction":[{"@type":"ReadAction","target":["https:\/\/www.quotasicura.com\/product\/drill-hook-ancoraggio-tipo-a-girevole-in-acciaio-inox\/"]}]},{"@type":"ImageObject","inLanguage":"es","@id":"https:\/\/www.quotasicura.com\/product\/drill-hook-ancoraggio-tipo-a-girevole-in-acciaio-inox\/#primaryimage","url":"https:\/\/www.quotasicura.com\/wp-content\/uploads\/2025\/10\/Progetto-senza-titolo.jpg","contentUrl":"https:\/\/www.quotasicura.com\/wp-content\/uploads\/2025\/10\/Progetto-senza-titolo.jpg","width":1080,"height":1080},{"@type":"BreadcrumbList","@id":"https:\/\/www.quotasicura.com\/product\/drill-hook-ancoraggio-tipo-a-girevole-in-acciaio-inox\/#breadcrumb","itemListElement":[{"@type":"ListItem","position":1,"name":"Home","item":"https:\/\/www.quotasicura.com\/"},{"@type":"ListItem","position":2,"name":"Prodotti","item":"https:\/\/www.quotasicura.com\/prodotti\/"},{"@type":"ListItem","position":3,"name":"Drill Hook \u2013 Ancoraggio Tipo A girevole in acciaio inox"}]},{"@type":"WebSite","@id":"https:\/\/www.quotasicura.com\/#website","url":"https:\/\/www.quotasicura.com\/","name":"Cuota segura","description":"","publisher":{"@id":"https:\/\/www.quotasicura.com\/#organization"},"potentialAction":[{"@type":"SearchAction","target":{"@type":"EntryPoint","urlTemplate":"https:\/\/www.quotasicura.com\/?s={search_term_string}"},"query-input":{"@type":"PropertyValueSpecification","valueRequired":true,"valueName":"search_term_string"}}],"inLanguage":"es"},{"@type":"Organization","@id":"https:\/\/www.quotasicura.com\/#organization","name":"Cuota segura","url":"https:\/\/www.quotasicura.com\/","logo":{"@type":"ImageObject","inLanguage":"es","@id":"https:\/\/www.quotasicura.com\/#\/schema\/logo\/image\/","url":"https:\/\/www.quotasicura.com\/wp-content\/uploads\/2025\/10\/LOGO-QUOTA-SICURA.pdf.png","contentUrl":"https:\/\/www.quotasicura.com\/wp-content\/uploads\/2025\/10\/LOGO-QUOTA-SICURA.pdf.png","width":2000,"height":614,"caption":"Quota Sicura"},"image":{"@id":"https:\/\/www.quotasicura.com\/#\/schema\/logo\/image\/"}}]}},"_links":{"self":[{"href":"https:\/\/www.quotasicura.com\/es\/wp-json\/wp\/v2\/product\/604","targetHints":{"allow":["GET"]}}],"collection":[{"href":"https:\/\/www.quotasicura.com\/es\/wp-json\/wp\/v2\/product"}],"about":[{"href":"https:\/\/www.quotasicura.com\/es\/wp-json\/wp\/v2\/types\/product"}],"replies":[{"embeddable":true,"href":"https:\/\/www.quotasicura.com\/es\/wp-json\/wp\/v2\/comments?post=604"}],"wp:featuredmedia":[{"embeddable":true,"href":"https:\/\/www.quotasicura.com\/es\/wp-json\/wp\/v2\/media\/605"}],"wp:attachment":[{"href":"https:\/\/www.quotasicura.com\/es\/wp-json\/wp\/v2\/media?parent=604"}],"wp:term":[{"taxonomy":"product_brand","embeddable":true,"href":"https:\/\/www.quotasicura.com\/es\/wp-json\/wp\/v2\/product_brand?post=604"},{"taxonomy":"product_cat","embeddable":true,"href":"https:\/\/www.quotasicura.com\/es\/wp-json\/wp\/v2\/product_cat?post=604"},{"taxonomy":"product_tag","embeddable":true,"href":"https:\/\/www.quotasicura.com\/es\/wp-json\/wp\/v2\/product_tag?post=604"}],"curies":[{"name":"wp","href":"https:\/\/api.w.org\/{rel}","templated":true}]}}