{"id":620,"date":"2025-10-07T16:51:22","date_gmt":"2025-10-07T16:51:22","guid":{"rendered":"https:\/\/www.quotasicura.com\/?post_type=product&#038;p=620"},"modified":"2025-11-27T11:19:09","modified_gmt":"2025-11-27T11:19:09","slug":"gradino-step-qs-in-alluminio","status":"publish","type":"product","link":"https:\/\/www.quotasicura.com\/es\/product\/gradino-step-qs-in-alluminio\/","title":{"rendered":"Escal\u00f3n QS de aluminio"},"content":{"rendered":"<div class=\"scrollable-table\" style=\"overflow-x: auto;\">\n<table style=\"width: 100%; border-collapse: collapse; font-size: 15px;\">\n<thead>\n<tr style=\"background: #f2f2f2;\">\n<th style=\"padding: 10px; border: 1px solid #ddd;\">Caracter\u00edstica<\/th>\n<th style=\"padding: 10px; border: 1px solid #ddd;\">Detalle<\/th>\n<\/tr>\n<\/thead>\n<tbody>\n<tr>\n<td style=\"padding: 10px; border: 1px solid #ddd;\">Producto<\/td>\n<td style=\"padding: 10px; border: 1px solid #ddd;\">Paso QS<\/td>\n<\/tr>\n<tr>\n<td style=\"padding: 10px; border: 1px solid #ddd;\">Referencias reglamentarias<\/td>\n<td style=\"padding: 10px; border: 1px solid #ddd;\">Decreto Legislativo 81\/2008<\/td>\n<\/tr>\n<tr>\n<td style=\"padding: 10px; border: 1px solid #ddd;\">Material<\/td>\n<td style=\"padding: 10px; border: 1px solid #ddd;\">Aluminio<\/td>\n<\/tr>\n<tr>\n<td style=\"padding: 10px; border: 1px solid #ddd;\">Embalaje<\/td>\n<td style=\"padding: 10px; border: 1px solid #ddd;\">Cumple con la norma UNI EN 365<\/td>\n<\/tr>\n<\/tbody>\n<\/table>\n<\/div>\n<p style=\"margin-top: 15px;\">El <strong>Paso QS<\/strong> Est\u00e1 dise\u00f1ado para ofrecer seguridad y estabilidad en sistemas antica\u00eddas, escaleras y sistemas de protecci\u00f3n.<br \/>\nHecho en <strong>aluminio<\/strong>, garantiza ligereza y resistencia a la corrosi\u00f3n.<br \/>\nCumple con las normas de seguridad <strong>Decreto Legislativo 81\/2008<\/strong> Y <strong>UNI EN 365<\/strong>, es el accesorio ideal para instalaciones fiables y duraderas.<\/p>","protected":false},"excerpt":{"rendered":"<p data-start=\"245\" data-end=\"445\">Paso <strong data-start=\"253\" data-end=\"264\">Paso QS<\/strong> en aluminio, conforme con <strong data-start=\"291\" data-end=\"308\">Decreto Legislativo 81\/2008<\/strong> y a la norma <strong data-start=\"322\" data-end=\"336\">UNI EN 365<\/strong>Accesorio duradero y ligero, ideal para su integraci\u00f3n en sistemas de escaleras y barandillas de seguridad.<\/p>","protected":false},"featured_media":621,"comment_status":"open","ping_status":"closed","template":"","meta":[],"product_brand":[],"product_cat":[27,17],"product_tag":[],"class_list":{"0":"post-620","1":"product","2":"type-product","3":"status-publish","4":"has-post-thumbnail","6":"product_cat-accessori-per-linee-vita","7":"product_cat-uncategorized","9":"first","10":"instock","11":"shipping-taxable","12":"product-type-simple"},"yoast_head":"<!-- This site is optimized with the Yoast SEO Premium plugin v26.4 (Yoast SEO v26.4) - https:\/\/yoast.com\/wordpress\/plugins\/seo\/ -->\n<title>Gradino Step QS in alluminio - Quota Sicura<\/title>\n<meta name=\"description\" content=\"Gradino Step QS in alluminio, antiscivolo e resistente, per scale verticali e accessi sicuri in copertura. Compatibile con sistemi anticaduta Quota Sicura.\" \/>\n<meta name=\"robots\" content=\"index, follow, max-snippet:-1, max-image-preview:large, max-video-preview:-1\" \/>\n<link rel=\"canonical\" href=\"https:\/\/www.quotasicura.com\/es\/product\/gradino-step-qs-in-alluminio\/\" \/>\n<meta property=\"og:locale\" content=\"es_ES\" \/>\n<meta property=\"og:type\" content=\"article\" \/>\n<meta property=\"og:title\" content=\"Gradino Step QS in alluminio\" \/>\n<meta property=\"og:description\" content=\"Gradino Step QS in alluminio, antiscivolo e resistente, per scale verticali e accessi sicuri in copertura. Compatibile con sistemi anticaduta Quota Sicura.\" \/>\n<meta property=\"og:url\" content=\"https:\/\/www.quotasicura.com\/es\/product\/gradino-step-qs-in-alluminio\/\" \/>\n<meta property=\"og:site_name\" content=\"Quota Sicura\" \/>\n<meta property=\"article:modified_time\" content=\"2025-11-27T11:19:09+00:00\" \/>\n<meta property=\"og:image\" content=\"https:\/\/www.quotasicura.com\/wp-content\/uploads\/2025\/10\/Screenshot-2025-10-07-184944-e1759855873132.png\" \/>\n\t<meta property=\"og:image:width\" content=\"512\" \/>\n\t<meta property=\"og:image:height\" content=\"441\" \/>\n\t<meta property=\"og:image:type\" content=\"image\/png\" \/>\n<meta name=\"twitter:card\" content=\"summary_large_image\" \/>\n<meta name=\"twitter:label1\" content=\"Tiempo de lectura\" \/>\n\t<meta name=\"twitter:data1\" content=\"1 minuto\" \/>\n<script type=\"application\/ld+json\" class=\"yoast-schema-graph\">{\"@context\":\"https:\/\/schema.org\",\"@graph\":[{\"@type\":\"WebPage\",\"@id\":\"https:\/\/www.quotasicura.com\/product\/gradino-step-qs-in-alluminio\/\",\"url\":\"https:\/\/www.quotasicura.com\/product\/gradino-step-qs-in-alluminio\/\",\"name\":\"Gradino Step QS in alluminio - Quota Sicura\",\"isPartOf\":{\"@id\":\"https:\/\/www.quotasicura.com\/#website\"},\"primaryImageOfPage\":{\"@id\":\"https:\/\/www.quotasicura.com\/product\/gradino-step-qs-in-alluminio\/#primaryimage\"},\"image\":{\"@id\":\"https:\/\/www.quotasicura.com\/product\/gradino-step-qs-in-alluminio\/#primaryimage\"},\"thumbnailUrl\":\"https:\/\/www.quotasicura.com\/wp-content\/uploads\/2025\/10\/Screenshot-2025-10-07-184944-e1759855873132.png\",\"datePublished\":\"2025-10-07T16:51:22+00:00\",\"dateModified\":\"2025-11-27T11:19:09+00:00\",\"description\":\"Gradino Step QS in alluminio, antiscivolo e resistente, per scale verticali e accessi sicuri in copertura. Compatibile con sistemi anticaduta Quota Sicura.\",\"breadcrumb\":{\"@id\":\"https:\/\/www.quotasicura.com\/product\/gradino-step-qs-in-alluminio\/#breadcrumb\"},\"inLanguage\":\"es\",\"potentialAction\":[{\"@type\":\"ReadAction\",\"target\":[\"https:\/\/www.quotasicura.com\/product\/gradino-step-qs-in-alluminio\/\"]}]},{\"@type\":\"ImageObject\",\"inLanguage\":\"es\",\"@id\":\"https:\/\/www.quotasicura.com\/product\/gradino-step-qs-in-alluminio\/#primaryimage\",\"url\":\"https:\/\/www.quotasicura.com\/wp-content\/uploads\/2025\/10\/Screenshot-2025-10-07-184944-e1759855873132.png\",\"contentUrl\":\"https:\/\/www.quotasicura.com\/wp-content\/uploads\/2025\/10\/Screenshot-2025-10-07-184944-e1759855873132.png\",\"width\":512,\"height\":441},{\"@type\":\"BreadcrumbList\",\"@id\":\"https:\/\/www.quotasicura.com\/product\/gradino-step-qs-in-alluminio\/#breadcrumb\",\"itemListElement\":[{\"@type\":\"ListItem\",\"position\":1,\"name\":\"Home\",\"item\":\"https:\/\/www.quotasicura.com\/\"},{\"@type\":\"ListItem\",\"position\":2,\"name\":\"Prodotti\",\"item\":\"https:\/\/www.quotasicura.com\/prodotti\/\"},{\"@type\":\"ListItem\",\"position\":3,\"name\":\"Gradino Step QS in alluminio\"}]},{\"@type\":\"WebSite\",\"@id\":\"https:\/\/www.quotasicura.com\/#website\",\"url\":\"https:\/\/www.quotasicura.com\/\",\"name\":\"Quota Sicura\",\"description\":\"\",\"publisher\":{\"@id\":\"https:\/\/www.quotasicura.com\/#organization\"},\"potentialAction\":[{\"@type\":\"SearchAction\",\"target\":{\"@type\":\"EntryPoint\",\"urlTemplate\":\"https:\/\/www.quotasicura.com\/?s={search_term_string}\"},\"query-input\":{\"@type\":\"PropertyValueSpecification\",\"valueRequired\":true,\"valueName\":\"search_term_string\"}}],\"inLanguage\":\"es\"},{\"@type\":\"Organization\",\"@id\":\"https:\/\/www.quotasicura.com\/#organization\",\"name\":\"Quota Sicura\",\"url\":\"https:\/\/www.quotasicura.com\/\",\"logo\":{\"@type\":\"ImageObject\",\"inLanguage\":\"es\",\"@id\":\"https:\/\/www.quotasicura.com\/#\/schema\/logo\/image\/\",\"url\":\"https:\/\/www.quotasicura.com\/wp-content\/uploads\/2025\/10\/LOGO-QUOTA-SICURA.pdf.png\",\"contentUrl\":\"https:\/\/www.quotasicura.com\/wp-content\/uploads\/2025\/10\/LOGO-QUOTA-SICURA.pdf.png\",\"width\":2000,\"height\":614,\"caption\":\"Quota Sicura\"},\"image\":{\"@id\":\"https:\/\/www.quotasicura.com\/#\/schema\/logo\/image\/\"}}]}<\/script>\n<!-- \/ Yoast SEO Premium plugin. -->","yoast_head_json":{"title":"Gradino Step QS in alluminio - Quota Sicura","description":"Gradino Step QS in alluminio, antiscivolo e resistente, per scale verticali e accessi sicuri in copertura. Compatibile con sistemi anticaduta Quota Sicura.","robots":{"index":"index","follow":"follow","max-snippet":"max-snippet:-1","max-image-preview":"max-image-preview:large","max-video-preview":"max-video-preview:-1"},"canonical":"https:\/\/www.quotasicura.com\/es\/product\/gradino-step-qs-in-alluminio\/","og_locale":"es_ES","og_type":"article","og_title":"Gradino Step QS in alluminio","og_description":"Gradino Step QS in alluminio, antiscivolo e resistente, per scale verticali e accessi sicuri in copertura. Compatibile con sistemi anticaduta Quota Sicura.","og_url":"https:\/\/www.quotasicura.com\/es\/product\/gradino-step-qs-in-alluminio\/","og_site_name":"Quota Sicura","article_modified_time":"2025-11-27T11:19:09+00:00","og_image":[{"width":512,"height":441,"url":"https:\/\/www.quotasicura.com\/wp-content\/uploads\/2025\/10\/Screenshot-2025-10-07-184944-e1759855873132.png","type":"image\/png"}],"twitter_card":"summary_large_image","twitter_misc":{"Tiempo de lectura":"1 minuto"},"schema":{"@context":"https:\/\/schema.org","@graph":[{"@type":"WebPage","@id":"https:\/\/www.quotasicura.com\/product\/gradino-step-qs-in-alluminio\/","url":"https:\/\/www.quotasicura.com\/product\/gradino-step-qs-in-alluminio\/","name":"Gradino Step QS in alluminio - Quota Sicura","isPartOf":{"@id":"https:\/\/www.quotasicura.com\/#website"},"primaryImageOfPage":{"@id":"https:\/\/www.quotasicura.com\/product\/gradino-step-qs-in-alluminio\/#primaryimage"},"image":{"@id":"https:\/\/www.quotasicura.com\/product\/gradino-step-qs-in-alluminio\/#primaryimage"},"thumbnailUrl":"https:\/\/www.quotasicura.com\/wp-content\/uploads\/2025\/10\/Screenshot-2025-10-07-184944-e1759855873132.png","datePublished":"2025-10-07T16:51:22+00:00","dateModified":"2025-11-27T11:19:09+00:00","description":"Gradino Step QS in alluminio, antiscivolo e resistente, per scale verticali e accessi sicuri in copertura. Compatibile con sistemi anticaduta Quota Sicura.","breadcrumb":{"@id":"https:\/\/www.quotasicura.com\/product\/gradino-step-qs-in-alluminio\/#breadcrumb"},"inLanguage":"es","potentialAction":[{"@type":"ReadAction","target":["https:\/\/www.quotasicura.com\/product\/gradino-step-qs-in-alluminio\/"]}]},{"@type":"ImageObject","inLanguage":"es","@id":"https:\/\/www.quotasicura.com\/product\/gradino-step-qs-in-alluminio\/#primaryimage","url":"https:\/\/www.quotasicura.com\/wp-content\/uploads\/2025\/10\/Screenshot-2025-10-07-184944-e1759855873132.png","contentUrl":"https:\/\/www.quotasicura.com\/wp-content\/uploads\/2025\/10\/Screenshot-2025-10-07-184944-e1759855873132.png","width":512,"height":441},{"@type":"BreadcrumbList","@id":"https:\/\/www.quotasicura.com\/product\/gradino-step-qs-in-alluminio\/#breadcrumb","itemListElement":[{"@type":"ListItem","position":1,"name":"Home","item":"https:\/\/www.quotasicura.com\/"},{"@type":"ListItem","position":2,"name":"Prodotti","item":"https:\/\/www.quotasicura.com\/prodotti\/"},{"@type":"ListItem","position":3,"name":"Gradino Step QS in alluminio"}]},{"@type":"WebSite","@id":"https:\/\/www.quotasicura.com\/#website","url":"https:\/\/www.quotasicura.com\/","name":"Cuota segura","description":"","publisher":{"@id":"https:\/\/www.quotasicura.com\/#organization"},"potentialAction":[{"@type":"SearchAction","target":{"@type":"EntryPoint","urlTemplate":"https:\/\/www.quotasicura.com\/?s={search_term_string}"},"query-input":{"@type":"PropertyValueSpecification","valueRequired":true,"valueName":"search_term_string"}}],"inLanguage":"es"},{"@type":"Organization","@id":"https:\/\/www.quotasicura.com\/#organization","name":"Cuota segura","url":"https:\/\/www.quotasicura.com\/","logo":{"@type":"ImageObject","inLanguage":"es","@id":"https:\/\/www.quotasicura.com\/#\/schema\/logo\/image\/","url":"https:\/\/www.quotasicura.com\/wp-content\/uploads\/2025\/10\/LOGO-QUOTA-SICURA.pdf.png","contentUrl":"https:\/\/www.quotasicura.com\/wp-content\/uploads\/2025\/10\/LOGO-QUOTA-SICURA.pdf.png","width":2000,"height":614,"caption":"Quota Sicura"},"image":{"@id":"https:\/\/www.quotasicura.com\/#\/schema\/logo\/image\/"}}]}},"_links":{"self":[{"href":"https:\/\/www.quotasicura.com\/es\/wp-json\/wp\/v2\/product\/620","targetHints":{"allow":["GET"]}}],"collection":[{"href":"https:\/\/www.quotasicura.com\/es\/wp-json\/wp\/v2\/product"}],"about":[{"href":"https:\/\/www.quotasicura.com\/es\/wp-json\/wp\/v2\/types\/product"}],"replies":[{"embeddable":true,"href":"https:\/\/www.quotasicura.com\/es\/wp-json\/wp\/v2\/comments?post=620"}],"wp:featuredmedia":[{"embeddable":true,"href":"https:\/\/www.quotasicura.com\/es\/wp-json\/wp\/v2\/media\/621"}],"wp:attachment":[{"href":"https:\/\/www.quotasicura.com\/es\/wp-json\/wp\/v2\/media?parent=620"}],"wp:term":[{"taxonomy":"product_brand","embeddable":true,"href":"https:\/\/www.quotasicura.com\/es\/wp-json\/wp\/v2\/product_brand?post=620"},{"taxonomy":"product_cat","embeddable":true,"href":"https:\/\/www.quotasicura.com\/es\/wp-json\/wp\/v2\/product_cat?post=620"},{"taxonomy":"product_tag","embeddable":true,"href":"https:\/\/www.quotasicura.com\/es\/wp-json\/wp\/v2\/product_tag?post=620"}],"curies":[{"name":"wp","href":"https:\/\/api.w.org\/{rel}","templated":true}]}}