{"id":986,"date":"2025-11-03T09:33:46","date_gmt":"2025-11-03T09:33:46","guid":{"rendered":"https:\/\/www.quotasicura.com\/?post_type=product&#038;p=986"},"modified":"2025-11-27T11:01:55","modified_gmt":"2025-11-27T11:01:55","slug":"corner-transfer-in-acciaio-inox","status":"publish","type":"product","link":"https:\/\/www.quotasicura.com\/es\/product\/corner-transfer-in-acciaio-inox\/","title":{"rendered":"Transferencia de esquina de acero inoxidable"},"content":{"rendered":"<div class=\"scrollable-table\" style=\"overflow-x: auto;\">\n<table style=\"width: 100%; border-collapse: collapse; font-size: 15px;\">\n<thead>\n<tr style=\"background: #f2f2f2;\">\n<th style=\"padding: 10px; border: 1px solid #ddd;\">Caracter\u00edstica<\/th>\n<th style=\"padding: 10px; border: 1px solid #ddd;\">Detalle<\/th>\n<\/tr>\n<\/thead>\n<tbody>\n<tr>\n<td style=\"padding: 10px; border: 1px solid #ddd;\">Producto<\/td>\n<td style=\"padding: 10px; border: 1px solid #ddd;\">Transferencia de esquina<\/td>\n<\/tr>\n<tr>\n<td style=\"padding: 10px; border: 1px solid #ddd;\">C\u00f3digo<\/td>\n<td style=\"padding: 10px; border: 1px solid #ddd;\">LVTQS750CTE \u2013 ACERO INOXIDABLE<\/td>\n<\/tr>\n<tr>\n<td style=\"padding: 10px; border: 1px solid #ddd;\">Referencias reglamentarias<\/td>\n<td style=\"padding: 10px; border: 1px solid #ddd;\">UNI EN 795:2012 \u2013 UNI CEN\/TS 16415:2013 \u2013 UNI 11578:2015<\/td>\n<\/tr>\n<tr>\n<td style=\"padding: 10px; border: 1px solid #ddd;\">Tipo de dispositivo<\/td>\n<td style=\"padding: 10px; border: 1px solid #ddd;\">Accesorio para dispositivos Tipo C (Serie POLE 25 \/ POLE 60 \/ CROSS HOOK \/ SINGLE PLATE \/ COLMO PLATE)<\/td>\n<\/tr>\n<tr>\n<td style=\"padding: 10px; border: 1px solid #ddd;\">N\u00famero m\u00e1ximo de usuarios<\/td>\n<td style=\"padding: 10px; border: 1px solid #ddd;\">3<\/td>\n<\/tr>\n<tr>\n<td style=\"padding: 10px; border: 1px solid #ddd;\">Material<\/td>\n<td style=\"padding: 10px; border: 1px solid #ddd;\">acero inoxidable AISI 304<\/td>\n<\/tr>\n<tr>\n<td style=\"padding: 10px; border: 1px solid #ddd;\">Informe de prueba<\/td>\n<td style=\"padding: 10px; border: 1px solid #ddd;\">Realizado por Laboratorio Sigma Srl<\/td>\n<\/tr>\n<tr>\n<td style=\"padding: 10px; border: 1px solid #ddd;\">Calificaci\u00f3n<\/td>\n<td style=\"padding: 10px; border: 1px solid #ddd;\">UNI EN 795:2012 \u2013 UNI CEN\/TS 16415:2013 \u2013 UNI 11578:2015<\/td>\n<\/tr>\n<\/tbody>\n<\/table>\n<\/div>\n<p style=\"margin-top: 15px;\">El <strong>Transferencia de esquina<\/strong> Es un elemento de cabeza en <strong>acero inoxidable AISI 304<\/strong> lo cual permite que el cable pase por las curvas,<br \/>\ngarantizar la continuidad del sistema de anclaje y mantener la seguridad total durante el movimiento del operador.<br \/>\nEs apto para su uso en l\u00edneas de vida y sistemas antica\u00eddas. <strong>Tipo C<\/strong> y soporta hasta <strong>3 usuarios simult\u00e1neos<\/strong>.<br \/>\nSu construcci\u00f3n en acero inoxidable garantiza resistencia a la corrosi\u00f3n y una larga vida \u00fatil.<\/p>","protected":false},"excerpt":{"rendered":"<p>Accesorio en <strong data-start=\"317\" data-end=\"342\">acero inoxidable AISI 304<\/strong> para sistemas de anclaje <strong data-start=\"369\" data-end=\"382\">Tipo C<\/strong>, dise\u00f1ado para permitir que el cable pase por las curvas manteniendo la continuidad del sistema.<br data-start=\"478\" data-end=\"481\" \/>Certificado conforme a la normativa <strong data-start=\"514\" data-end=\"533\">UNI EN 795:2012<\/strong>, <strong data-start=\"535\" data-end=\"560\">UNI CEN\/TS 16415:2013<\/strong> Y <strong data-start=\"563\" data-end=\"581\">UNI 11578:2015<\/strong>, admite hasta <strong data-start=\"599\" data-end=\"617\">3 usuarios<\/strong>.<\/p>","protected":false},"featured_media":987,"comment_status":"open","ping_status":"closed","template":"","meta":[],"product_brand":[],"product_cat":[27],"product_tag":[],"class_list":{"0":"post-986","1":"product","2":"type-product","3":"status-publish","4":"has-post-thumbnail","6":"product_cat-accessori-per-linee-vita","8":"first","9":"instock","10":"shipping-taxable","11":"product-type-simple"},"yoast_head":"<!-- This site is optimized with the Yoast SEO Premium plugin v26.4 (Yoast SEO v26.4) - https:\/\/yoast.com\/wordpress\/plugins\/seo\/ -->\n<title>Corner Transfer in acciaio inox - Quota Sicura<\/title>\n<meta name=\"description\" content=\"Corner Transfer in acciaio inox per deviazioni angolari delle linee vita tipo C. Accessorio certificato, resistente e compatibile con sistemi anticaduta.\" \/>\n<meta name=\"robots\" content=\"index, follow, max-snippet:-1, max-image-preview:large, max-video-preview:-1\" \/>\n<link rel=\"canonical\" href=\"https:\/\/www.quotasicura.com\/es\/product\/corner-transfer-in-acciaio-inox\/\" \/>\n<meta property=\"og:locale\" content=\"es_ES\" \/>\n<meta property=\"og:type\" content=\"article\" \/>\n<meta property=\"og:title\" content=\"Corner Transfer in acciaio inox\" \/>\n<meta property=\"og:description\" content=\"Corner Transfer in acciaio inox per deviazioni angolari delle linee vita tipo C. Accessorio certificato, resistente e compatibile con sistemi anticaduta.\" \/>\n<meta property=\"og:url\" content=\"https:\/\/www.quotasicura.com\/es\/product\/corner-transfer-in-acciaio-inox\/\" \/>\n<meta property=\"og:site_name\" content=\"Quota Sicura\" \/>\n<meta property=\"article:modified_time\" content=\"2025-11-27T11:01:55+00:00\" \/>\n<meta property=\"og:image\" content=\"https:\/\/www.quotasicura.com\/wp-content\/uploads\/2025\/11\/Screenshot-2025-11-03-100936-e1762162460383.png\" \/>\n\t<meta property=\"og:image:width\" content=\"316\" \/>\n\t<meta property=\"og:image:height\" content=\"305\" \/>\n\t<meta property=\"og:image:type\" content=\"image\/png\" \/>\n<meta name=\"twitter:card\" content=\"summary_large_image\" \/>\n<meta name=\"twitter:label1\" content=\"Tiempo de lectura\" \/>\n\t<meta name=\"twitter:data1\" content=\"1 minuto\" \/>\n<script type=\"application\/ld+json\" class=\"yoast-schema-graph\">{\"@context\":\"https:\/\/schema.org\",\"@graph\":[{\"@type\":\"WebPage\",\"@id\":\"https:\/\/www.quotasicura.com\/product\/corner-transfer-in-acciaio-inox\/\",\"url\":\"https:\/\/www.quotasicura.com\/product\/corner-transfer-in-acciaio-inox\/\",\"name\":\"Corner Transfer in acciaio inox - Quota Sicura\",\"isPartOf\":{\"@id\":\"https:\/\/www.quotasicura.com\/#website\"},\"primaryImageOfPage\":{\"@id\":\"https:\/\/www.quotasicura.com\/product\/corner-transfer-in-acciaio-inox\/#primaryimage\"},\"image\":{\"@id\":\"https:\/\/www.quotasicura.com\/product\/corner-transfer-in-acciaio-inox\/#primaryimage\"},\"thumbnailUrl\":\"https:\/\/www.quotasicura.com\/wp-content\/uploads\/2025\/11\/Screenshot-2025-11-03-100936-e1762162460383.png\",\"datePublished\":\"2025-11-03T09:33:46+00:00\",\"dateModified\":\"2025-11-27T11:01:55+00:00\",\"description\":\"Corner Transfer in acciaio inox per deviazioni angolari delle linee vita tipo C. Accessorio certificato, resistente e compatibile con sistemi anticaduta.\",\"breadcrumb\":{\"@id\":\"https:\/\/www.quotasicura.com\/product\/corner-transfer-in-acciaio-inox\/#breadcrumb\"},\"inLanguage\":\"es\",\"potentialAction\":[{\"@type\":\"ReadAction\",\"target\":[\"https:\/\/www.quotasicura.com\/product\/corner-transfer-in-acciaio-inox\/\"]}]},{\"@type\":\"ImageObject\",\"inLanguage\":\"es\",\"@id\":\"https:\/\/www.quotasicura.com\/product\/corner-transfer-in-acciaio-inox\/#primaryimage\",\"url\":\"https:\/\/www.quotasicura.com\/wp-content\/uploads\/2025\/11\/Screenshot-2025-11-03-100936-e1762162460383.png\",\"contentUrl\":\"https:\/\/www.quotasicura.com\/wp-content\/uploads\/2025\/11\/Screenshot-2025-11-03-100936-e1762162460383.png\",\"width\":316,\"height\":305},{\"@type\":\"BreadcrumbList\",\"@id\":\"https:\/\/www.quotasicura.com\/product\/corner-transfer-in-acciaio-inox\/#breadcrumb\",\"itemListElement\":[{\"@type\":\"ListItem\",\"position\":1,\"name\":\"Home\",\"item\":\"https:\/\/www.quotasicura.com\/\"},{\"@type\":\"ListItem\",\"position\":2,\"name\":\"Prodotti\",\"item\":\"https:\/\/www.quotasicura.com\/prodotti\/\"},{\"@type\":\"ListItem\",\"position\":3,\"name\":\"Corner Transfer in acciaio inox\"}]},{\"@type\":\"WebSite\",\"@id\":\"https:\/\/www.quotasicura.com\/#website\",\"url\":\"https:\/\/www.quotasicura.com\/\",\"name\":\"Quota Sicura\",\"description\":\"\",\"publisher\":{\"@id\":\"https:\/\/www.quotasicura.com\/#organization\"},\"potentialAction\":[{\"@type\":\"SearchAction\",\"target\":{\"@type\":\"EntryPoint\",\"urlTemplate\":\"https:\/\/www.quotasicura.com\/?s={search_term_string}\"},\"query-input\":{\"@type\":\"PropertyValueSpecification\",\"valueRequired\":true,\"valueName\":\"search_term_string\"}}],\"inLanguage\":\"es\"},{\"@type\":\"Organization\",\"@id\":\"https:\/\/www.quotasicura.com\/#organization\",\"name\":\"Quota Sicura\",\"url\":\"https:\/\/www.quotasicura.com\/\",\"logo\":{\"@type\":\"ImageObject\",\"inLanguage\":\"es\",\"@id\":\"https:\/\/www.quotasicura.com\/#\/schema\/logo\/image\/\",\"url\":\"https:\/\/www.quotasicura.com\/wp-content\/uploads\/2025\/10\/LOGO-QUOTA-SICURA.pdf.png\",\"contentUrl\":\"https:\/\/www.quotasicura.com\/wp-content\/uploads\/2025\/10\/LOGO-QUOTA-SICURA.pdf.png\",\"width\":2000,\"height\":614,\"caption\":\"Quota Sicura\"},\"image\":{\"@id\":\"https:\/\/www.quotasicura.com\/#\/schema\/logo\/image\/\"}}]}<\/script>\n<!-- \/ Yoast SEO Premium plugin. -->","yoast_head_json":{"title":"Corner Transfer in acciaio inox - Quota Sicura","description":"Corner Transfer in acciaio inox per deviazioni angolari delle linee vita tipo C. Accessorio certificato, resistente e compatibile con sistemi anticaduta.","robots":{"index":"index","follow":"follow","max-snippet":"max-snippet:-1","max-image-preview":"max-image-preview:large","max-video-preview":"max-video-preview:-1"},"canonical":"https:\/\/www.quotasicura.com\/es\/product\/corner-transfer-in-acciaio-inox\/","og_locale":"es_ES","og_type":"article","og_title":"Corner Transfer in acciaio inox","og_description":"Corner Transfer in acciaio inox per deviazioni angolari delle linee vita tipo C. Accessorio certificato, resistente e compatibile con sistemi anticaduta.","og_url":"https:\/\/www.quotasicura.com\/es\/product\/corner-transfer-in-acciaio-inox\/","og_site_name":"Quota Sicura","article_modified_time":"2025-11-27T11:01:55+00:00","og_image":[{"width":316,"height":305,"url":"https:\/\/www.quotasicura.com\/wp-content\/uploads\/2025\/11\/Screenshot-2025-11-03-100936-e1762162460383.png","type":"image\/png"}],"twitter_card":"summary_large_image","twitter_misc":{"Tiempo de lectura":"1 minuto"},"schema":{"@context":"https:\/\/schema.org","@graph":[{"@type":"WebPage","@id":"https:\/\/www.quotasicura.com\/product\/corner-transfer-in-acciaio-inox\/","url":"https:\/\/www.quotasicura.com\/product\/corner-transfer-in-acciaio-inox\/","name":"Corner Transfer in acciaio inox - Quota Sicura","isPartOf":{"@id":"https:\/\/www.quotasicura.com\/#website"},"primaryImageOfPage":{"@id":"https:\/\/www.quotasicura.com\/product\/corner-transfer-in-acciaio-inox\/#primaryimage"},"image":{"@id":"https:\/\/www.quotasicura.com\/product\/corner-transfer-in-acciaio-inox\/#primaryimage"},"thumbnailUrl":"https:\/\/www.quotasicura.com\/wp-content\/uploads\/2025\/11\/Screenshot-2025-11-03-100936-e1762162460383.png","datePublished":"2025-11-03T09:33:46+00:00","dateModified":"2025-11-27T11:01:55+00:00","description":"Corner Transfer in acciaio inox per deviazioni angolari delle linee vita tipo C. Accessorio certificato, resistente e compatibile con sistemi anticaduta.","breadcrumb":{"@id":"https:\/\/www.quotasicura.com\/product\/corner-transfer-in-acciaio-inox\/#breadcrumb"},"inLanguage":"es","potentialAction":[{"@type":"ReadAction","target":["https:\/\/www.quotasicura.com\/product\/corner-transfer-in-acciaio-inox\/"]}]},{"@type":"ImageObject","inLanguage":"es","@id":"https:\/\/www.quotasicura.com\/product\/corner-transfer-in-acciaio-inox\/#primaryimage","url":"https:\/\/www.quotasicura.com\/wp-content\/uploads\/2025\/11\/Screenshot-2025-11-03-100936-e1762162460383.png","contentUrl":"https:\/\/www.quotasicura.com\/wp-content\/uploads\/2025\/11\/Screenshot-2025-11-03-100936-e1762162460383.png","width":316,"height":305},{"@type":"BreadcrumbList","@id":"https:\/\/www.quotasicura.com\/product\/corner-transfer-in-acciaio-inox\/#breadcrumb","itemListElement":[{"@type":"ListItem","position":1,"name":"Home","item":"https:\/\/www.quotasicura.com\/"},{"@type":"ListItem","position":2,"name":"Prodotti","item":"https:\/\/www.quotasicura.com\/prodotti\/"},{"@type":"ListItem","position":3,"name":"Corner Transfer in acciaio inox"}]},{"@type":"WebSite","@id":"https:\/\/www.quotasicura.com\/#website","url":"https:\/\/www.quotasicura.com\/","name":"Cuota segura","description":"","publisher":{"@id":"https:\/\/www.quotasicura.com\/#organization"},"potentialAction":[{"@type":"SearchAction","target":{"@type":"EntryPoint","urlTemplate":"https:\/\/www.quotasicura.com\/?s={search_term_string}"},"query-input":{"@type":"PropertyValueSpecification","valueRequired":true,"valueName":"search_term_string"}}],"inLanguage":"es"},{"@type":"Organization","@id":"https:\/\/www.quotasicura.com\/#organization","name":"Cuota segura","url":"https:\/\/www.quotasicura.com\/","logo":{"@type":"ImageObject","inLanguage":"es","@id":"https:\/\/www.quotasicura.com\/#\/schema\/logo\/image\/","url":"https:\/\/www.quotasicura.com\/wp-content\/uploads\/2025\/10\/LOGO-QUOTA-SICURA.pdf.png","contentUrl":"https:\/\/www.quotasicura.com\/wp-content\/uploads\/2025\/10\/LOGO-QUOTA-SICURA.pdf.png","width":2000,"height":614,"caption":"Quota Sicura"},"image":{"@id":"https:\/\/www.quotasicura.com\/#\/schema\/logo\/image\/"}}]}},"_links":{"self":[{"href":"https:\/\/www.quotasicura.com\/es\/wp-json\/wp\/v2\/product\/986","targetHints":{"allow":["GET"]}}],"collection":[{"href":"https:\/\/www.quotasicura.com\/es\/wp-json\/wp\/v2\/product"}],"about":[{"href":"https:\/\/www.quotasicura.com\/es\/wp-json\/wp\/v2\/types\/product"}],"replies":[{"embeddable":true,"href":"https:\/\/www.quotasicura.com\/es\/wp-json\/wp\/v2\/comments?post=986"}],"wp:featuredmedia":[{"embeddable":true,"href":"https:\/\/www.quotasicura.com\/es\/wp-json\/wp\/v2\/media\/987"}],"wp:attachment":[{"href":"https:\/\/www.quotasicura.com\/es\/wp-json\/wp\/v2\/media?parent=986"}],"wp:term":[{"taxonomy":"product_brand","embeddable":true,"href":"https:\/\/www.quotasicura.com\/es\/wp-json\/wp\/v2\/product_brand?post=986"},{"taxonomy":"product_cat","embeddable":true,"href":"https:\/\/www.quotasicura.com\/es\/wp-json\/wp\/v2\/product_cat?post=986"},{"taxonomy":"product_tag","embeddable":true,"href":"https:\/\/www.quotasicura.com\/es\/wp-json\/wp\/v2\/product_tag?post=986"}],"curies":[{"name":"wp","href":"https:\/\/api.w.org\/{rel}","templated":true}]}}