{"id":719,"date":"2025-10-07T21:27:09","date_gmt":"2025-10-07T21:27:09","guid":{"rendered":"https:\/\/www.quotasicura.com\/?page_id=719"},"modified":"2026-01-12T11:36:17","modified_gmt":"2026-01-12T11:36:17","slug":"richiedi-preventivo","status":"publish","type":"page","link":"https:\/\/www.quotasicura.com\/fr\/richiedi-preventivo\/","title":{"rendered":"Demander un devis"},"content":{"rendered":"<div data-elementor-type=\"wp-page\" data-elementor-id=\"719\" class=\"elementor elementor-719\" data-elementor-post-type=\"page\">\n\t\t\t\t<div class=\"elementor-element elementor-element-2eae0f1 e-flex e-con-boxed e-con e-parent\" data-id=\"2eae0f1\" data-element_type=\"container\" data-settings=\"{&quot;background_background&quot;:&quot;classic&quot;}\">\n\t\t\t\t\t<div class=\"e-con-inner\">\n\t\t<div class=\"elementor-element elementor-element-1c75c1d e-con-full e-flex e-con e-child\" data-id=\"1c75c1d\" data-element_type=\"container\" data-settings=\"{&quot;background_background&quot;:&quot;classic&quot;}\">\n\t\t\t\t<div class=\"elementor-element elementor-element-f3ef918 elementor-widget elementor-widget-heading\" data-id=\"f3ef918\" data-element_type=\"widget\" data-widget_type=\"heading.default\">\n\t\t\t\t\t<h2 class=\"elementor-heading-title elementor-size-default\">Demandez votre devis<\/h2>\t\t\t\t<\/div>\n\t\t\t\t<div class=\"elementor-element elementor-element-0ab325c elementor-button-align-stretch elementor-widget elementor-widget-form\" data-id=\"0ab325c\" data-element_type=\"widget\" data-settings=\"{&quot;step_next_label&quot;:&quot;Next&quot;,&quot;step_previous_label&quot;:&quot;Previous&quot;,&quot;button_width&quot;:&quot;100&quot;,&quot;step_type&quot;:&quot;number_text&quot;,&quot;step_icon_shape&quot;:&quot;circle&quot;}\" data-widget_type=\"form.default\">\n\t\t\t\t\t\t\t<form class=\"elementor-form\" method=\"post\" name=\"New Form\" aria-label=\"Nouvelle forme\" action=\"\">\r\n\t\t\t<input type=\"hidden\" name=\"post_id\" value=\"719\"\/>\r\n\t\t\t<input type=\"hidden\" name=\"form_id\" value=\"0ab325c\"\/>\r\n\t\t\t<input type=\"hidden\" name=\"referer_title\" value=\"Richiedi Preventivo - Quota Sicura\" \/>\r\n\r\n\t\t\t\t\t\t\t<input type=\"hidden\" name=\"queried_id\" value=\"719\"\/>\r\n\t\t\t\r\n\t\t\t<div class=\"elementor-form-fields-wrapper elementor-labels-above\">\r\n\t\t\t\t\t\t\t\t<div class=\"elementor-field-type-text elementor-field-group elementor-column elementor-field-group-name elementor-col-50\">\r\n\t\t\t\t\t\t\t\t\t\t\t\t<label for=\"form-field-name\" class=\"elementor-field-label\">\r\n\t\t\t\t\t\t\t\tNom\t\t\t\t\t\t\t<\/label>\r\n\t\t\t\t\t\t\t\t\t\t\t\t\t\t<input size=\"1\" type=\"text\" name=\"form_fields[name]\" id=\"form-field-name\" class=\"elementor-field elementor-size-sm  elementor-field-textual\" placeholder=\"Nom\">\r\n\t\t\t\t\t\t\t\t\t\t\t<\/div>\r\n\t\t\t\t\t\t\t\t<div class=\"elementor-field-type-text elementor-field-group elementor-column elementor-field-group-field_536a0ba elementor-col-50\">\r\n\t\t\t\t\t\t\t\t\t\t\t\t<label for=\"form-field-field_536a0ba\" class=\"elementor-field-label\">\r\n\t\t\t\t\t\t\t\tNom de famille\t\t\t\t\t\t\t<\/label>\r\n\t\t\t\t\t\t\t\t\t\t\t\t\t\t<input size=\"1\" type=\"text\" name=\"form_fields[field_536a0ba]\" id=\"form-field-field_536a0ba\" class=\"elementor-field elementor-size-sm  elementor-field-textual\" placeholder=\"Nom de famille\">\r\n\t\t\t\t\t\t\t\t\t\t\t<\/div>\r\n\t\t\t\t\t\t\t\t<div class=\"elementor-field-type-email elementor-field-group elementor-column elementor-field-group-email elementor-col-100 elementor-field-required\">\r\n\t\t\t\t\t\t\t\t\t\t\t\t<label for=\"form-field-email\" class=\"elementor-field-label\">\r\n\t\t\t\t\t\t\t\tE-mail\t\t\t\t\t\t\t<\/label>\r\n\t\t\t\t\t\t\t\t\t\t\t\t\t\t<input size=\"1\" type=\"email\" name=\"form_fields[email]\" id=\"form-field-email\" class=\"elementor-field elementor-size-sm  elementor-field-textual\" placeholder=\"E-mail\" required=\"required\">\r\n\t\t\t\t\t\t\t\t\t\t\t<\/div>\r\n\t\t\t\t\t\t\t\t<div class=\"elementor-field-type-tel elementor-field-group elementor-column elementor-field-group-field_e7d7144 elementor-col-100 elementor-field-required\">\r\n\t\t\t\t\t\t\t\t\t\t\t\t<label for=\"form-field-field_e7d7144\" class=\"elementor-field-label\">\r\n\t\t\t\t\t\t\t\tT\u00e9l\u00e9phone\t\t\t\t\t\t\t<\/label>\r\n\t\t\t\t\t\t\t\t<input size=\"1\" type=\"tel\" name=\"form_fields[field_e7d7144]\" id=\"form-field-field_e7d7144\" class=\"elementor-field elementor-size-sm  elementor-field-textual\" placeholder=\"T\u00e9l\u00e9phone\" required=\"required\" pattern=\"[0-9()#&amp;+*-=.]+\" title=\"Seuls les chiffres et les caract\u00e8res t\u00e9l\u00e9phoniques (#, -, *, etc.) sont accept\u00e9s.\">\r\n\r\n\t\t\t\t\t\t<\/div>\r\n\t\t\t\t\t\t\t\t<div class=\"elementor-field-type-textarea elementor-field-group elementor-column elementor-field-group-message elementor-col-100\">\r\n\t\t\t\t\t\t\t\t\t\t\t\t<label for=\"form-field-message\" class=\"elementor-field-label\">\r\n\t\t\t\t\t\t\t\tNotes\/Demande\t\t\t\t\t\t\t<\/label>\r\n\t\t\t\t\t\t<textarea class=\"elementor-field-textual elementor-field  elementor-size-sm\" name=\"form_fields[message]\" id=\"form-field-message\" rows=\"4\" placeholder=\"Notes\/Demande\"><\/textarea>\t\t\t\t<\/div>\r\n\t\t\t\t\t\t\t\t<div class=\"elementor-field-type-upload elementor-field-group elementor-column elementor-field-group-field_4a8d0cf elementor-col-100\">\r\n\t\t\t\t\t\t\t\t\t\t\t\t<label for=\"form-field-field_4a8d0cf\" class=\"elementor-field-label\">\r\n\t\t\t\t\t\t\t\tPer un preventivo dettagliato invia un-immagine del tetto o della copertura\t\t\t\t\t\t\t<\/label>\r\n\t\t\t\t\t\t\t\t<input type=\"file\" name=\"form_fields[field_4a8d0cf][]\" id=\"form-field-field_4a8d0cf\" class=\"elementor-field elementor-size-sm  elementor-upload-field\" multiple=\"multiple\">\r\n\r\n\t\t\t\t\t\t<\/div>\r\n\t\t\t\t\t\t\t\t<div class=\"elementor-field-type-select elementor-field-group elementor-column elementor-field-group-field_26cddd1 elementor-col-50\">\r\n\t\t\t\t\t\t\t\t\t\t\t\t<label for=\"form-field-field_26cddd1\" class=\"elementor-field-label\">\r\n\t\t\t\t\t\t\t\tType de b\u00e2timent\t\t\t\t\t\t\t<\/label>\r\n\t\t\t\t\t\t\t\t<div class=\"elementor-field elementor-select-wrapper remove-before\">\r\n\t\t\t<div class=\"select-caret-down-wrapper\">\r\n\t\t\t\t<svg aria-hidden=\"true\" class=\"e-font-icon-svg e-eicon-caret-down\" viewbox=\"0 0 571.4 571.4\" xmlns=\"http:\/\/www.w3.org\/2000\/svg\"><path d=\"M571 393Q571 407 561 418L311 668Q300 679 286 679T261 668L11 418Q0 407 0 393T11 368 36 357H536Q550 357 561 368T571 393Z\"><\/path><\/svg>\t\t\t<\/div>\r\n\t\t\t<select name=\"form_fields[field_26cddd1]\" id=\"form-field-field_26cddd1\" class=\"elementor-field-textual elementor-size-sm\">\r\n\t\t\t\t\t\t\t\t\t<option value=\"Edificio Civile o Uffici\">B\u00e2timent civil ou bureaux<\/option>\r\n\t\t\t\t\t\t\t\t\t<option value=\"Edificio Industriale o Capannone\">B\u00e2timent industriel ou entrep\u00f4t<\/option>\r\n\t\t\t\t\t\t\t<\/select>\r\n\t\t<\/div>\r\n\t\t\t\t\t\t<\/div>\r\n\t\t\t\t\t\t\t\t<div class=\"elementor-field-type-select elementor-field-group elementor-column elementor-field-group-field_a4eb3b9 elementor-col-50\">\r\n\t\t\t\t\t\t\t\t\t\t\t\t<label for=\"form-field-field_a4eb3b9\" class=\"elementor-field-label\">\r\n\t\t\t\t\t\t\t\t\u00e9paisseur de l&#039;isolant\t\t\t\t\t\t\t<\/label>\r\n\t\t\t\t\t\t\t\t<div class=\"elementor-field elementor-select-wrapper remove-before\">\r\n\t\t\t<div class=\"select-caret-down-wrapper\">\r\n\t\t\t\t<svg aria-hidden=\"true\" class=\"e-font-icon-svg e-eicon-caret-down\" viewbox=\"0 0 571.4 571.4\" xmlns=\"http:\/\/www.w3.org\/2000\/svg\"><path d=\"M571 393Q571 407 561 418L311 668Q300 679 286 679T261 668L11 418Q0 407 0 393T11 368 36 357H536Q550 357 561 368T571 393Z\"><\/path><\/svg>\t\t\t<\/div>\r\n\t\t\t<select name=\"form_fields[field_a4eb3b9]\" id=\"form-field-field_a4eb3b9\" class=\"elementor-field-textual elementor-size-sm\">\r\n\t\t\t\t\t\t\t\t\t<option value=\"0 (non presente)\">0 (absent)<\/option>\r\n\t\t\t\t\t\t\t\t\t<option value=\"5 cm\">5 cm<\/option>\r\n\t\t\t\t\t\t\t\t\t<option value=\"10 cm\">10 cm<\/option>\r\n\t\t\t\t\t\t\t\t\t<option value=\"15 cm\">15 cm<\/option>\r\n\t\t\t\t\t\t\t\t\t<option value=\"20 cm\">20 cm<\/option>\r\n\t\t\t\t\t\t\t\t\t<option value=\"25 cm\">25 cm<\/option>\r\n\t\t\t\t\t\t\t\t\t<option value=\"30 cm\">30 cm<\/option>\r\n\t\t\t\t\t\t\t<\/select>\r\n\t\t<\/div>\r\n\t\t\t\t\t\t<\/div>\r\n\t\t\t\t\t\t\t\t<div class=\"elementor-field-type-checkbox elementor-field-group elementor-column elementor-field-group-field_c2b5e08 elementor-col-50\">\r\n\t\t\t\t\t\t\t\t\t\t\t\t<label for=\"form-field-field_c2b5e08\" class=\"elementor-field-label\">\r\n\t\t\t\t\t\t\t\tStructure du toit\t\t\t\t\t\t\t<\/label>\r\n\t\t\t\t\t\t<div class=\"elementor-field-subgroup\"><span class=\"elementor-field-option\"><input type=\"checkbox\" value=\"Cemento Armato\" id=\"form-field-field_c2b5e08-0\" name=\"form_fields[field_c2b5e08][]\"> <label for=\"form-field-field_c2b5e08-0\">B\u00e9ton arm\u00e9<\/label><\/span><span class=\"elementor-field-option\"><input type=\"checkbox\" value=\"Laterocemento\" id=\"form-field-field_c2b5e08-1\" name=\"form_fields[field_c2b5e08][]\"> <label for=\"form-field-field_c2b5e08-1\">Brique et b\u00e9ton<\/label><\/span><span class=\"elementor-field-option\"><input type=\"checkbox\" value=\"Precompresso\" id=\"form-field-field_c2b5e08-2\" name=\"form_fields[field_c2b5e08][]\"> <label for=\"form-field-field_c2b5e08-2\">Pr\u00e9contrainte<\/label><\/span><span class=\"elementor-field-option\"><input type=\"checkbox\" value=\"Legno\" id=\"form-field-field_c2b5e08-3\" name=\"form_fields[field_c2b5e08][]\"> <label for=\"form-field-field_c2b5e08-3\">Bois<\/label><\/span><span class=\"elementor-field-option\"><input type=\"checkbox\" value=\"Acciaio\" id=\"form-field-field_c2b5e08-4\" name=\"form_fields[field_c2b5e08][]\"> <label for=\"form-field-field_c2b5e08-4\">Acier<\/label><\/span><\/div>\t\t\t\t<\/div>\r\n\t\t\t\t\t\t\t\t<div class=\"elementor-field-type-checkbox elementor-field-group elementor-column elementor-field-group-field_2f650c9 elementor-col-50\">\r\n\t\t\t\t\t\t\t\t\t\t\t\t<label for=\"form-field-field_2f650c9\" class=\"elementor-field-label\">\r\n\t\t\t\t\t\t\t\tPoints d&#039;acc\u00e8s \u00e0 la couverture\t\t\t\t\t\t\t<\/label>\r\n\t\t\t\t\t\t<div class=\"elementor-field-subgroup\"><span class=\"elementor-field-option\"><input type=\"checkbox\" value=\"Accesso dall&#039;esterno\" id=\"form-field-field_2f650c9-0\" name=\"form_fields[field_2f650c9][]\"> <label for=\"form-field-field_2f650c9-0\">Acc\u00e8s depuis l&#039;ext\u00e9rieur<\/label><\/span><span class=\"elementor-field-option\"><input type=\"checkbox\" value=\"Accessi indicati nel disegno\" id=\"form-field-field_2f650c9-1\" name=\"form_fields[field_2f650c9][]\"> <label for=\"form-field-field_2f650c9-1\">Acc\u00e8s indiqu\u00e9s sur le dessin<\/label><\/span><span class=\"elementor-field-option\"><input type=\"checkbox\" value=\"Accessi non indicati nel disegno\" id=\"form-field-field_2f650c9-2\" name=\"form_fields[field_2f650c9][]\"> <label for=\"form-field-field_2f650c9-2\">Acc\u00e8s non indiqu\u00e9s sur le dessin<\/label><\/span><\/div>\t\t\t\t<\/div>\r\n\t\t\t\t\t\t\t\t<div class=\"elementor-field-type-checkbox elementor-field-group elementor-column elementor-field-group-field_944ea4f elementor-col-100\">\r\n\t\t\t\t\t\t\t\t\t\t\t\t<label for=\"form-field-field_944ea4f\" class=\"elementor-field-label\">\r\n\t\t\t\t\t\t\t\tServices demand\u00e9s\t\t\t\t\t\t\t<\/label>\r\n\t\t\t\t\t\t<div class=\"elementor-field-subgroup\"><span class=\"elementor-field-option\"><input type=\"checkbox\" value=\"Fornitura Linea Vita\" id=\"form-field-field_944ea4f-0\" name=\"form_fields[field_944ea4f][]\"> <label for=\"form-field-field_944ea4f-0\">Fournitures de secours<\/label><\/span><span class=\"elementor-field-option\"><input type=\"checkbox\" value=\"Disegno Tecnico con quote\" id=\"form-field-field_944ea4f-1\" name=\"form_fields[field_944ea4f][]\"> <label for=\"form-field-field_944ea4f-1\">Dessin technique avec dimensions<\/label><\/span><span class=\"elementor-field-option\"><input type=\"checkbox\" value=\"Calcolo struttura dell&#039;ancoraggio ad opera di Ingegnere abilitato\" id=\"form-field-field_944ea4f-2\" name=\"form_fields[field_944ea4f][]\"> <label for=\"form-field-field_944ea4f-2\">Calcul de la structure d&#039;ancrage par un ing\u00e9nieur qualifi\u00e9<\/label><\/span><span class=\"elementor-field-option\"><input type=\"checkbox\" value=\"Scale a Gabbia\" id=\"form-field-field_944ea4f-3\" name=\"form_fields[field_944ea4f][]\"> <label for=\"form-field-field_944ea4f-3\">Scale a Gabbia<\/label><\/span><span class=\"elementor-field-option\"><input type=\"checkbox\" value=\"Parapetti\" id=\"form-field-field_944ea4f-4\" name=\"form_fields[field_944ea4f][]\"> <label for=\"form-field-field_944ea4f-4\">parapets<\/label><\/span><span class=\"elementor-field-option\"><input type=\"checkbox\" value=\"Installazione\" id=\"form-field-field_944ea4f-5\" name=\"form_fields[field_944ea4f][]\"> <label for=\"form-field-field_944ea4f-5\">Installation<\/label><\/span><span class=\"elementor-field-option\"><input type=\"checkbox\" value=\"Elaborato Tecnico della Copertura (certificazione del sistema)\" id=\"form-field-field_944ea4f-6\" name=\"form_fields[field_944ea4f][]\"> <label for=\"form-field-field_944ea4f-6\">Elaborato Tecnico della Copertura (certificazione del sistema)<\/label><\/span><span class=\"elementor-field-option\"><input type=\"checkbox\" value=\"Revisione Periodica\" id=\"form-field-field_944ea4f-7\" name=\"form_fields[field_944ea4f][]\"> <label for=\"form-field-field_944ea4f-7\">Examen p\u00e9riodique<\/label><\/span><\/div>\t\t\t\t<\/div>\r\n\t\t\t\t\t\t\t\t<div class=\"elementor-field-group elementor-column elementor-field-type-submit elementor-col-100 e-form__buttons\">\r\n\t\t\t\t\t<button class=\"elementor-button elementor-size-sm\" type=\"submit\">\r\n\t\t\t\t\t\t<span class=\"elementor-button-content-wrapper\">\r\n\t\t\t\t\t\t\t\t\t\t\t\t\t\t\t\t\t\t\t\t\t\t<span class=\"elementor-button-text\">Envoyer une requ\u00eate<\/span>\r\n\t\t\t\t\t\t\t\t\t\t\t\t\t<\/span>\r\n\t\t\t\t\t<\/button>\r\n\t\t\t\t<\/div>\r\n\t\t\t<\/div>\r\n\t\t<input type=\"hidden\" name=\"trp-form-language\" value=\"fr\"\/><\/form>\r\n\t\t\t\t\t\t<\/div>\n\t\t\t\t<\/div>\n\t\t\t\t\t<\/div>\n\t\t\t\t<\/div>\n\t\t\t\t<\/div>","protected":false},"excerpt":{"rendered":"<p>Demandez votre devis<\/p>","protected":false},"author":1,"featured_media":0,"parent":0,"menu_order":0,"comment_status":"closed","ping_status":"closed","template":"","meta":{"footnotes":""},"class_list":["post-719","page","type-page","status-publish","hentry"],"yoast_head":"<!-- This site is optimized with the Yoast SEO Premium plugin v26.4 (Yoast SEO v26.4) - https:\/\/yoast.com\/wordpress\/plugins\/seo\/ -->\n<title>Richiedi Preventivo - Quota Sicura<\/title>\n<meta name=\"robots\" content=\"noindex, nofollow\" \/>\n<meta property=\"og:locale\" content=\"fr_FR\" \/>\n<meta property=\"og:type\" content=\"article\" \/>\n<meta property=\"og:title\" content=\"Richiedi Preventivo\" \/>\n<meta property=\"og:description\" content=\"Richiedi il tuo preventivo\" \/>\n<meta property=\"og:url\" content=\"https:\/\/www.quotasicura.com\/fr\/richiedi-preventivo\/\" \/>\n<meta property=\"og:site_name\" content=\"Quota Sicura\" \/>\n<meta property=\"article:modified_time\" content=\"2026-01-12T11:36:17+00:00\" \/>\n<meta name=\"twitter:card\" content=\"summary_large_image\" \/>\n<meta name=\"twitter:label1\" content=\"Dur\u00e9e de lecture estim\u00e9e\" \/>\n\t<meta name=\"twitter:data1\" content=\"1 minute\" \/>\n<script type=\"application\/ld+json\" class=\"yoast-schema-graph\">{\"@context\":\"https:\/\/schema.org\",\"@graph\":[{\"@type\":\"WebPage\",\"@id\":\"https:\/\/www.quotasicura.com\/richiedi-preventivo\/\",\"url\":\"https:\/\/www.quotasicura.com\/richiedi-preventivo\/\",\"name\":\"Richiedi Preventivo - Quota Sicura\",\"isPartOf\":{\"@id\":\"https:\/\/www.quotasicura.com\/#website\"},\"datePublished\":\"2025-10-07T21:27:09+00:00\",\"dateModified\":\"2026-01-12T11:36:17+00:00\",\"breadcrumb\":{\"@id\":\"https:\/\/www.quotasicura.com\/richiedi-preventivo\/#breadcrumb\"},\"inLanguage\":\"fr-FR\",\"potentialAction\":[{\"@type\":\"ReadAction\",\"target\":[\"https:\/\/www.quotasicura.com\/richiedi-preventivo\/\"]}]},{\"@type\":\"BreadcrumbList\",\"@id\":\"https:\/\/www.quotasicura.com\/richiedi-preventivo\/#breadcrumb\",\"itemListElement\":[{\"@type\":\"ListItem\",\"position\":1,\"name\":\"Home\",\"item\":\"https:\/\/www.quotasicura.com\/\"},{\"@type\":\"ListItem\",\"position\":2,\"name\":\"Richiedi Preventivo\"}]},{\"@type\":\"WebSite\",\"@id\":\"https:\/\/www.quotasicura.com\/#website\",\"url\":\"https:\/\/www.quotasicura.com\/\",\"name\":\"Quota Sicura\",\"description\":\"\",\"publisher\":{\"@id\":\"https:\/\/www.quotasicura.com\/#organization\"},\"potentialAction\":[{\"@type\":\"SearchAction\",\"target\":{\"@type\":\"EntryPoint\",\"urlTemplate\":\"https:\/\/www.quotasicura.com\/?s={search_term_string}\"},\"query-input\":{\"@type\":\"PropertyValueSpecification\",\"valueRequired\":true,\"valueName\":\"search_term_string\"}}],\"inLanguage\":\"fr-FR\"},{\"@type\":\"Organization\",\"@id\":\"https:\/\/www.quotasicura.com\/#organization\",\"name\":\"Quota Sicura\",\"url\":\"https:\/\/www.quotasicura.com\/\",\"logo\":{\"@type\":\"ImageObject\",\"inLanguage\":\"fr-FR\",\"@id\":\"https:\/\/www.quotasicura.com\/#\/schema\/logo\/image\/\",\"url\":\"https:\/\/www.quotasicura.com\/wp-content\/uploads\/2025\/10\/LOGO-QUOTA-SICURA.pdf.png\",\"contentUrl\":\"https:\/\/www.quotasicura.com\/wp-content\/uploads\/2025\/10\/LOGO-QUOTA-SICURA.pdf.png\",\"width\":2000,\"height\":614,\"caption\":\"Quota Sicura\"},\"image\":{\"@id\":\"https:\/\/www.quotasicura.com\/#\/schema\/logo\/image\/\"}}]}<\/script>\n<!-- \/ Yoast SEO Premium plugin. -->","yoast_head_json":{"title":"Richiedi Preventivo - Quota Sicura","robots":{"index":"noindex","follow":"nofollow"},"og_locale":"fr_FR","og_type":"article","og_title":"Richiedi Preventivo","og_description":"Richiedi il tuo preventivo","og_url":"https:\/\/www.quotasicura.com\/fr\/richiedi-preventivo\/","og_site_name":"Quota Sicura","article_modified_time":"2026-01-12T11:36:17+00:00","twitter_card":"summary_large_image","twitter_misc":{"Dur\u00e9e de lecture estim\u00e9e":"1 minute"},"schema":{"@context":"https:\/\/schema.org","@graph":[{"@type":"WebPage","@id":"https:\/\/www.quotasicura.com\/richiedi-preventivo\/","url":"https:\/\/www.quotasicura.com\/richiedi-preventivo\/","name":"Richiedi Preventivo - Quota Sicura","isPartOf":{"@id":"https:\/\/www.quotasicura.com\/#website"},"datePublished":"2025-10-07T21:27:09+00:00","dateModified":"2026-01-12T11:36:17+00:00","breadcrumb":{"@id":"https:\/\/www.quotasicura.com\/richiedi-preventivo\/#breadcrumb"},"inLanguage":"fr-FR","potentialAction":[{"@type":"ReadAction","target":["https:\/\/www.quotasicura.com\/richiedi-preventivo\/"]}]},{"@type":"BreadcrumbList","@id":"https:\/\/www.quotasicura.com\/richiedi-preventivo\/#breadcrumb","itemListElement":[{"@type":"ListItem","position":1,"name":"Home","item":"https:\/\/www.quotasicura.com\/"},{"@type":"ListItem","position":2,"name":"Richiedi Preventivo"}]},{"@type":"WebSite","@id":"https:\/\/www.quotasicura.com\/#website","url":"https:\/\/www.quotasicura.com\/","name":"Quota de s\u00e9curit\u00e9","description":"","publisher":{"@id":"https:\/\/www.quotasicura.com\/#organization"},"potentialAction":[{"@type":"SearchAction","target":{"@type":"EntryPoint","urlTemplate":"https:\/\/www.quotasicura.com\/?s={search_term_string}"},"query-input":{"@type":"PropertyValueSpecification","valueRequired":true,"valueName":"search_term_string"}}],"inLanguage":"fr-FR"},{"@type":"Organization","@id":"https:\/\/www.quotasicura.com\/#organization","name":"Quota de s\u00e9curit\u00e9","url":"https:\/\/www.quotasicura.com\/","logo":{"@type":"ImageObject","inLanguage":"fr-FR","@id":"https:\/\/www.quotasicura.com\/#\/schema\/logo\/image\/","url":"https:\/\/www.quotasicura.com\/wp-content\/uploads\/2025\/10\/LOGO-QUOTA-SICURA.pdf.png","contentUrl":"https:\/\/www.quotasicura.com\/wp-content\/uploads\/2025\/10\/LOGO-QUOTA-SICURA.pdf.png","width":2000,"height":614,"caption":"Quota Sicura"},"image":{"@id":"https:\/\/www.quotasicura.com\/#\/schema\/logo\/image\/"}}]}},"_links":{"self":[{"href":"https:\/\/www.quotasicura.com\/fr\/wp-json\/wp\/v2\/pages\/719","targetHints":{"allow":["GET"]}}],"collection":[{"href":"https:\/\/www.quotasicura.com\/fr\/wp-json\/wp\/v2\/pages"}],"about":[{"href":"https:\/\/www.quotasicura.com\/fr\/wp-json\/wp\/v2\/types\/page"}],"author":[{"embeddable":true,"href":"https:\/\/www.quotasicura.com\/fr\/wp-json\/wp\/v2\/users\/1"}],"replies":[{"embeddable":true,"href":"https:\/\/www.quotasicura.com\/fr\/wp-json\/wp\/v2\/comments?post=719"}],"version-history":[{"count":22,"href":"https:\/\/www.quotasicura.com\/fr\/wp-json\/wp\/v2\/pages\/719\/revisions"}],"predecessor-version":[{"id":1197,"href":"https:\/\/www.quotasicura.com\/fr\/wp-json\/wp\/v2\/pages\/719\/revisions\/1197"}],"wp:attachment":[{"href":"https:\/\/www.quotasicura.com\/fr\/wp-json\/wp\/v2\/media?parent=719"}],"curies":[{"name":"wp","href":"https:\/\/api.w.org\/{rel}","templated":true}]}}