{"id":171,"date":"2025-10-05T15:54:42","date_gmt":"2025-10-05T15:54:42","guid":{"rendered":"http:\/\/admin"},"modified":"2025-11-28T10:26:11","modified_gmt":"2025-11-28T10:26:11","slug":"flex-hook-single-inox","status":"publish","type":"product","link":"https:\/\/www.quotasicura.com\/fr\/product\/flex-hook-single-inox\/","title":{"rendered":"Crochet flexible simple INOX"},"content":{"rendered":"<p><strong>Crochet flexible simple INOX<\/strong> c&#039;est un <strong>dispositif d&#039;ancrage antichute de type A<\/strong>Con\u00e7u pour offrir une s\u00e9curit\u00e9 maximale \u00e0 un seul utilisateur. Fabriqu\u00e9 en <strong>acier inoxydable AISI 304\/316<\/strong>, ce syst\u00e8me est conforme \u00e0 la r\u00e9glementation <strong>UNI 11578:2015<\/strong> et garantit une haute r\u00e9sistance avec un <strong>force maximale applicable de 9,00 kN<\/strong>Il est id\u00e9al pour une installation sur b\u00e9ton arm\u00e9, bois massif et acier, et est test\u00e9 par un organisme tiers conform\u00e9ment \u00e0 la r\u00e9glementation en vigueur.<\/p>\n<div class=\"scrollable-table\" style=\"overflow-x: auto;\">\n<table style=\"width: 100%; border-collapse: collapse;\">\n<thead>\n<tr style=\"background-color: #f2f2f2;\">\n<th style=\"padding: 10px; border: 1px solid #ddd;\">Caract\u00e9ristiques<\/th>\n<th style=\"padding: 10px; border: 1px solid #ddd;\">D\u00e9tail<\/th>\n<\/tr>\n<\/thead>\n<tbody>\n<tr>\n<td style=\"padding: 10px; border: 1px solid #ddd;\">Code produit<\/td>\n<td style=\"padding: 10px; border: 1px solid #ddd;\">LVTQS700FHS \u2013 ACIER INOXYDABLE<\/td>\n<\/tr>\n<tr>\n<td style=\"padding: 10px; border: 1px solid #ddd;\">Type d&#039;appareil<\/td>\n<td style=\"padding: 10px; border: 1px solid #ddd;\">Type A<\/td>\n<\/tr>\n<tr>\n<td style=\"padding: 10px; border: 1px solid #ddd;\">Nombre maximal d&#039;utilisateurs<\/td>\n<td style=\"padding: 10px; border: 1px solid #ddd;\">1<\/td>\n<\/tr>\n<tr>\n<td style=\"padding: 10px; border: 1px solid #ddd;\">force maximale applicable<\/td>\n<td style=\"padding: 10px; border: 1px solid #ddd;\">9,00 kN<\/td>\n<\/tr>\n<tr>\n<td style=\"padding: 10px; border: 1px solid #ddd;\">Mat\u00e9riel<\/td>\n<td style=\"padding: 10px; border: 1px solid #ddd;\">ACIER INOXYDABLE AISI 304 \/ 316<\/td>\n<\/tr>\n<tr>\n<td style=\"padding: 10px; border: 1px solid #ddd;\">R\u00e8glements<\/td>\n<td style=\"padding: 10px; border: 1px solid #ddd;\">UNI 11578:2015 \u2013 UNI EN 365<\/td>\n<\/tr>\n<tr>\n<td style=\"padding: 10px; border: 1px solid #ddd;\">Rapport de test<\/td>\n<td style=\"padding: 10px; border: 1px solid #ddd;\">Ex\u00e9cut\u00e9 par un tiers<\/td>\n<\/tr>\n<\/tbody>\n<\/table>\n<\/div>\n<h3>exigences minimales d&#039;installation<\/h3>\n<div class=\"scrollable-table\" style=\"overflow-x: auto;\">\n<table style=\"width: 100%; border-collapse: collapse;\">\n<thead>\n<tr style=\"background-color: #f2f2f2;\">\n<th style=\"padding: 10px; border: 1px solid #ddd;\">Mat\u00e9riel de soutien<\/th>\n<th style=\"padding: 10px; border: 1px solid #ddd;\">Caract\u00e9ristiques<\/th>\n<th style=\"padding: 10px; border: 1px solid #ddd;\">Dimensions minimales<\/th>\n<\/tr>\n<\/thead>\n<tbody>\n<tr>\n<td style=\"padding: 10px; border: 1px solid #ddd;\">B\u00e9ton C20\/25<\/td>\n<td style=\"padding: 10px; border: 1px solid #ddd;\">Conforme \u00e0 la norme UNI EN 206-1<\/td>\n<td style=\"padding: 10px; border: 1px solid #ddd;\">120\u00d7130 mm (M\u00e9canique) \u2013 120\u00d7200 mm (Chimique)<\/td>\n<\/tr>\n<tr>\n<td style=\"padding: 10px; border: 1px solid #ddd;\">Bois massif<\/td>\n<td style=\"padding: 10px; border: 1px solid #ddd;\">Structurel C24 \u2013 UNI EN 338:2016<\/td>\n<td style=\"padding: 10px; border: 1px solid #ddd;\">120\u00d7200 mm<\/td>\n<\/tr>\n<tr>\n<td style=\"padding: 10px; border: 1px solid #ddd;\">Acier S235<\/td>\n<td style=\"padding: 10px; border: 1px solid #ddd;\">\u00c9paisseur minimale 3 mm<\/td>\n<td style=\"padding: 10px; border: 1px solid #ddd;\">Largeur minimale 55 mm<\/td>\n<\/tr>\n<\/tbody>\n<\/table>\n<\/div>\n<h3>Type de fixations minimales<\/h3>\n<div class=\"scrollable-table\" style=\"overflow-x: auto;\">\n<table style=\"width: 100%; border-collapse: collapse;\">\n<thead>\n<tr style=\"background-color: #f2f2f2;\">\n<th style=\"padding: 10px; border: 1px solid #ddd;\">Type de fixation<\/th>\n<th style=\"padding: 10px; border: 1px solid #ddd;\">Dimensions minimales<\/th>\n<\/tr>\n<\/thead>\n<tbody>\n<tr>\n<td style=\"padding: 10px; border: 1px solid #ddd;\">Tige filet\u00e9e + produit chimique<\/td>\n<td style=\"padding: 10px; border: 1px solid #ddd;\">M12x150 classe A4-80<\/td>\n<\/tr>\n<tr>\n<td style=\"padding: 10px; border: 1px solid #ddd;\">Ancre m\u00e9canique<\/td>\n<td style=\"padding: 10px; border: 1px solid #ddd;\">M12x110<\/td>\n<\/tr>\n<tr>\n<td style=\"padding: 10px; border: 1px solid #ddd;\">vis \u00e0 bois<\/td>\n<td style=\"padding: 10px; border: 1px solid #ddd;\">M12x180<\/td>\n<\/tr>\n<\/tbody>\n<\/table>\n<\/div>","protected":false},"excerpt":{"rendered":"<p>Dispositif antichute de type A en acier inoxydable AISI 304\/316 conforme \u00e0 la norme UNI 11578:2015. Crochet simple supportant une charge maximale de 9 kN, id\u00e9al pour une personne. Installation facile sur b\u00e9ton, bois ou acier.<\/p>","protected":false},"featured_media":210,"comment_status":"open","ping_status":"closed","template":"","meta":[],"product_brand":[],"product_cat":[36],"product_tag":[],"class_list":{"0":"post-171","1":"product","2":"type-product","3":"status-publish","4":"has-post-thumbnail","6":"product_cat-tipo-a","8":"first","9":"instock","10":"shipping-taxable","11":"product-type-simple"},"yoast_head":"<!-- This site is optimized with the Yoast SEO Premium plugin v26.4 (Yoast SEO v26.4) - https:\/\/yoast.com\/wordpress\/plugins\/seo\/ -->\n<title>Flex-Hook Single INOX - Quota Sicura<\/title>\n<meta name=\"description\" content=\"Flex-Hook Single INOX \u00e8 un gancio flessibile in acciaio inox progettato per l\u2019installazione di linee vita su coperture non lineari. Certificato EN 795.\" \/>\n<meta name=\"robots\" content=\"index, follow, max-snippet:-1, max-image-preview:large, max-video-preview:-1\" \/>\n<link rel=\"canonical\" href=\"https:\/\/www.quotasicura.com\/fr\/product\/flex-hook-single-inox\/\" \/>\n<meta property=\"og:locale\" content=\"fr_FR\" \/>\n<meta property=\"og:type\" content=\"article\" \/>\n<meta property=\"og:title\" content=\"Flex-Hook Single INOX\" \/>\n<meta property=\"og:description\" content=\"Flex-Hook Single INOX \u00e8 un gancio flessibile in acciaio inox progettato per l\u2019installazione di linee vita su coperture non lineari. Certificato EN 795.\" \/>\n<meta property=\"og:url\" content=\"https:\/\/www.quotasicura.com\/fr\/product\/flex-hook-single-inox\/\" \/>\n<meta property=\"og:site_name\" content=\"Quota Sicura\" \/>\n<meta property=\"article:modified_time\" content=\"2025-11-28T10:26:11+00:00\" \/>\n<meta property=\"og:image\" content=\"https:\/\/www.quotasicura.com\/wp-content\/uploads\/2025\/08\/FLEX-HOOK-SINGLE.png\" \/>\n\t<meta property=\"og:image:width\" content=\"1080\" \/>\n\t<meta property=\"og:image:height\" content=\"1350\" \/>\n\t<meta property=\"og:image:type\" content=\"image\/png\" \/>\n<meta name=\"twitter:card\" content=\"summary_large_image\" \/>\n<meta name=\"twitter:label1\" content=\"Dur\u00e9e de lecture estim\u00e9e\" \/>\n\t<meta name=\"twitter:data1\" content=\"2 minutes\" \/>\n<script type=\"application\/ld+json\" class=\"yoast-schema-graph\">{\"@context\":\"https:\/\/schema.org\",\"@graph\":[{\"@type\":\"WebPage\",\"@id\":\"https:\/\/www.quotasicura.com\/product\/flex-hook-single-inox\/\",\"url\":\"https:\/\/www.quotasicura.com\/product\/flex-hook-single-inox\/\",\"name\":\"Flex-Hook Single INOX - Quota Sicura\",\"isPartOf\":{\"@id\":\"https:\/\/www.quotasicura.com\/#website\"},\"primaryImageOfPage\":{\"@id\":\"https:\/\/www.quotasicura.com\/product\/flex-hook-single-inox\/#primaryimage\"},\"image\":{\"@id\":\"https:\/\/www.quotasicura.com\/product\/flex-hook-single-inox\/#primaryimage\"},\"thumbnailUrl\":\"https:\/\/www.quotasicura.com\/wp-content\/uploads\/2025\/08\/FLEX-HOOK-SINGLE.png\",\"datePublished\":\"2025-10-05T15:54:42+00:00\",\"dateModified\":\"2025-11-28T10:26:11+00:00\",\"description\":\"Flex-Hook Single INOX \u00e8 un gancio flessibile in acciaio inox progettato per l\u2019installazione di linee vita su coperture non lineari. Certificato EN 795.\",\"breadcrumb\":{\"@id\":\"https:\/\/www.quotasicura.com\/product\/flex-hook-single-inox\/#breadcrumb\"},\"inLanguage\":\"fr-FR\",\"potentialAction\":[{\"@type\":\"ReadAction\",\"target\":[\"https:\/\/www.quotasicura.com\/product\/flex-hook-single-inox\/\"]}]},{\"@type\":\"ImageObject\",\"inLanguage\":\"fr-FR\",\"@id\":\"https:\/\/www.quotasicura.com\/product\/flex-hook-single-inox\/#primaryimage\",\"url\":\"https:\/\/www.quotasicura.com\/wp-content\/uploads\/2025\/08\/FLEX-HOOK-SINGLE.png\",\"contentUrl\":\"https:\/\/www.quotasicura.com\/wp-content\/uploads\/2025\/08\/FLEX-HOOK-SINGLE.png\",\"width\":1080,\"height\":1350},{\"@type\":\"BreadcrumbList\",\"@id\":\"https:\/\/www.quotasicura.com\/product\/flex-hook-single-inox\/#breadcrumb\",\"itemListElement\":[{\"@type\":\"ListItem\",\"position\":1,\"name\":\"Home\",\"item\":\"https:\/\/www.quotasicura.com\/\"},{\"@type\":\"ListItem\",\"position\":2,\"name\":\"Prodotti\",\"item\":\"https:\/\/www.quotasicura.com\/prodotti\/\"},{\"@type\":\"ListItem\",\"position\":3,\"name\":\"Flex-Hook Single INOX\"}]},{\"@type\":\"WebSite\",\"@id\":\"https:\/\/www.quotasicura.com\/#website\",\"url\":\"https:\/\/www.quotasicura.com\/\",\"name\":\"Quota Sicura\",\"description\":\"\",\"publisher\":{\"@id\":\"https:\/\/www.quotasicura.com\/#organization\"},\"potentialAction\":[{\"@type\":\"SearchAction\",\"target\":{\"@type\":\"EntryPoint\",\"urlTemplate\":\"https:\/\/www.quotasicura.com\/?s={search_term_string}\"},\"query-input\":{\"@type\":\"PropertyValueSpecification\",\"valueRequired\":true,\"valueName\":\"search_term_string\"}}],\"inLanguage\":\"fr-FR\"},{\"@type\":\"Organization\",\"@id\":\"https:\/\/www.quotasicura.com\/#organization\",\"name\":\"Quota Sicura\",\"url\":\"https:\/\/www.quotasicura.com\/\",\"logo\":{\"@type\":\"ImageObject\",\"inLanguage\":\"fr-FR\",\"@id\":\"https:\/\/www.quotasicura.com\/#\/schema\/logo\/image\/\",\"url\":\"https:\/\/www.quotasicura.com\/wp-content\/uploads\/2025\/10\/LOGO-QUOTA-SICURA.pdf.png\",\"contentUrl\":\"https:\/\/www.quotasicura.com\/wp-content\/uploads\/2025\/10\/LOGO-QUOTA-SICURA.pdf.png\",\"width\":2000,\"height\":614,\"caption\":\"Quota Sicura\"},\"image\":{\"@id\":\"https:\/\/www.quotasicura.com\/#\/schema\/logo\/image\/\"}}]}<\/script>\n<!-- \/ Yoast SEO Premium plugin. -->","yoast_head_json":{"title":"Flex-Hook Single INOX - Quota Sicura","description":"Flex-Hook Single INOX \u00e8 un gancio flessibile in acciaio inox progettato per l\u2019installazione di linee vita su coperture non lineari. Certificato EN 795.","robots":{"index":"index","follow":"follow","max-snippet":"max-snippet:-1","max-image-preview":"max-image-preview:large","max-video-preview":"max-video-preview:-1"},"canonical":"https:\/\/www.quotasicura.com\/fr\/product\/flex-hook-single-inox\/","og_locale":"fr_FR","og_type":"article","og_title":"Flex-Hook Single INOX","og_description":"Flex-Hook Single INOX \u00e8 un gancio flessibile in acciaio inox progettato per l\u2019installazione di linee vita su coperture non lineari. Certificato EN 795.","og_url":"https:\/\/www.quotasicura.com\/fr\/product\/flex-hook-single-inox\/","og_site_name":"Quota Sicura","article_modified_time":"2025-11-28T10:26:11+00:00","og_image":[{"width":1080,"height":1350,"url":"https:\/\/www.quotasicura.com\/wp-content\/uploads\/2025\/08\/FLEX-HOOK-SINGLE.png","type":"image\/png"}],"twitter_card":"summary_large_image","twitter_misc":{"Dur\u00e9e de lecture estim\u00e9e":"2 minutes"},"schema":{"@context":"https:\/\/schema.org","@graph":[{"@type":"WebPage","@id":"https:\/\/www.quotasicura.com\/product\/flex-hook-single-inox\/","url":"https:\/\/www.quotasicura.com\/product\/flex-hook-single-inox\/","name":"Flex-Hook Single INOX - Quota Sicura","isPartOf":{"@id":"https:\/\/www.quotasicura.com\/#website"},"primaryImageOfPage":{"@id":"https:\/\/www.quotasicura.com\/product\/flex-hook-single-inox\/#primaryimage"},"image":{"@id":"https:\/\/www.quotasicura.com\/product\/flex-hook-single-inox\/#primaryimage"},"thumbnailUrl":"https:\/\/www.quotasicura.com\/wp-content\/uploads\/2025\/08\/FLEX-HOOK-SINGLE.png","datePublished":"2025-10-05T15:54:42+00:00","dateModified":"2025-11-28T10:26:11+00:00","description":"Flex-Hook Single INOX \u00e8 un gancio flessibile in acciaio inox progettato per l\u2019installazione di linee vita su coperture non lineari. Certificato EN 795.","breadcrumb":{"@id":"https:\/\/www.quotasicura.com\/product\/flex-hook-single-inox\/#breadcrumb"},"inLanguage":"fr-FR","potentialAction":[{"@type":"ReadAction","target":["https:\/\/www.quotasicura.com\/product\/flex-hook-single-inox\/"]}]},{"@type":"ImageObject","inLanguage":"fr-FR","@id":"https:\/\/www.quotasicura.com\/product\/flex-hook-single-inox\/#primaryimage","url":"https:\/\/www.quotasicura.com\/wp-content\/uploads\/2025\/08\/FLEX-HOOK-SINGLE.png","contentUrl":"https:\/\/www.quotasicura.com\/wp-content\/uploads\/2025\/08\/FLEX-HOOK-SINGLE.png","width":1080,"height":1350},{"@type":"BreadcrumbList","@id":"https:\/\/www.quotasicura.com\/product\/flex-hook-single-inox\/#breadcrumb","itemListElement":[{"@type":"ListItem","position":1,"name":"Home","item":"https:\/\/www.quotasicura.com\/"},{"@type":"ListItem","position":2,"name":"Prodotti","item":"https:\/\/www.quotasicura.com\/prodotti\/"},{"@type":"ListItem","position":3,"name":"Flex-Hook Single INOX"}]},{"@type":"WebSite","@id":"https:\/\/www.quotasicura.com\/#website","url":"https:\/\/www.quotasicura.com\/","name":"Quota de s\u00e9curit\u00e9","description":"","publisher":{"@id":"https:\/\/www.quotasicura.com\/#organization"},"potentialAction":[{"@type":"SearchAction","target":{"@type":"EntryPoint","urlTemplate":"https:\/\/www.quotasicura.com\/?s={search_term_string}"},"query-input":{"@type":"PropertyValueSpecification","valueRequired":true,"valueName":"search_term_string"}}],"inLanguage":"fr-FR"},{"@type":"Organization","@id":"https:\/\/www.quotasicura.com\/#organization","name":"Quota de s\u00e9curit\u00e9","url":"https:\/\/www.quotasicura.com\/","logo":{"@type":"ImageObject","inLanguage":"fr-FR","@id":"https:\/\/www.quotasicura.com\/#\/schema\/logo\/image\/","url":"https:\/\/www.quotasicura.com\/wp-content\/uploads\/2025\/10\/LOGO-QUOTA-SICURA.pdf.png","contentUrl":"https:\/\/www.quotasicura.com\/wp-content\/uploads\/2025\/10\/LOGO-QUOTA-SICURA.pdf.png","width":2000,"height":614,"caption":"Quota Sicura"},"image":{"@id":"https:\/\/www.quotasicura.com\/#\/schema\/logo\/image\/"}}]}},"_links":{"self":[{"href":"https:\/\/www.quotasicura.com\/fr\/wp-json\/wp\/v2\/product\/171","targetHints":{"allow":["GET"]}}],"collection":[{"href":"https:\/\/www.quotasicura.com\/fr\/wp-json\/wp\/v2\/product"}],"about":[{"href":"https:\/\/www.quotasicura.com\/fr\/wp-json\/wp\/v2\/types\/product"}],"replies":[{"embeddable":true,"href":"https:\/\/www.quotasicura.com\/fr\/wp-json\/wp\/v2\/comments?post=171"}],"wp:featuredmedia":[{"embeddable":true,"href":"https:\/\/www.quotasicura.com\/fr\/wp-json\/wp\/v2\/media\/210"}],"wp:attachment":[{"href":"https:\/\/www.quotasicura.com\/fr\/wp-json\/wp\/v2\/media?parent=171"}],"wp:term":[{"taxonomy":"product_brand","embeddable":true,"href":"https:\/\/www.quotasicura.com\/fr\/wp-json\/wp\/v2\/product_brand?post=171"},{"taxonomy":"product_cat","embeddable":true,"href":"https:\/\/www.quotasicura.com\/fr\/wp-json\/wp\/v2\/product_cat?post=171"},{"taxonomy":"product_tag","embeddable":true,"href":"https:\/\/www.quotasicura.com\/fr\/wp-json\/wp\/v2\/product_tag?post=171"}],"curies":[{"name":"wp","href":"https:\/\/api.w.org\/{rel}","templated":true}]}}