{"id":178,"date":"2025-10-05T15:54:42","date_gmt":"2025-10-05T15:54:42","guid":{"rendered":"http:\/\/admin"},"modified":"2025-11-28T09:56:29","modified_gmt":"2025-11-28T09:56:29","slug":"pole-60-inox-base-colmo","status":"publish","type":"product","link":"https:\/\/www.quotasicura.com\/fr\/product\/pole-60-inox-base-colmo\/","title":{"rendered":"POLE 60 INOX \u2013 BASE \u00c0 C\u00d4TE"},"content":{"rendered":"<p><strong>POLE 60 Base Colmo<\/strong> c&#039;est un <strong>dispositif antichute de type A et C<\/strong>Con\u00e7u pour \u00eatre install\u00e9 sur le fa\u00eetage des toits et garantir une s\u00e9curit\u00e9 maximale en hauteur. Fabriqu\u00e9 en <strong>acier inoxydable AISI 304<\/strong>, conform\u00e9ment \u00e0 la r\u00e9glementation <strong>UNI 11578:2015<\/strong>, est certifi\u00e9 pour <strong>jusqu&#039;\u00e0 3 utilisateurs simultan\u00e9s<\/strong>Disponible en trois variantes de hauteur (<strong>H.300 \u2013 H.500 \u2013 H.700<\/strong>), ce poteau permet un <strong>port\u00e9e maximale de 20 m<\/strong> et un <strong>Ligne maximale jusqu&#039;\u00e0 60 m<\/strong>Test\u00e9 par un tiers conform\u00e9ment \u00e0 <strong>UNI EN 795:2012<\/strong> Et <strong>UNI CEN\/TS 16415:2013<\/strong>, repr\u00e9sente une solution professionnelle pour les syst\u00e8mes de s\u00e9curit\u00e9 antichute sur toiture.<\/p>\n<h2>Caract\u00e9ristiques techniques<\/h2>\n<div class=\"scrollable-table\" style=\"overflow-x: auto;\">\n<table style=\"width: 100%; border-collapse: collapse;\">\n<thead>\n<tr style=\"background-color: #f2f2f2;\">\n<th style=\"padding: 10px; border: 1px solid #ddd;\">Caract\u00e9ristiques<\/th>\n<th style=\"padding: 10px; border: 1px solid #ddd;\">D\u00e9tail<\/th>\n<\/tr>\n<\/thead>\n<tbody>\n<tr>\n<td style=\"padding: 10px; border: 1px solid #ddd;\">Codes produits<\/td>\n<td style=\"padding: 10px; border: 1px solid #ddd;\">LVTQS300BC60 \u2013 ACIER INOXYDABLE (H.300)<br \/>\nLVTQS500BC60 \u2013 ACIER INOXYDABLE (H.500)<br \/>\nLVTQS700BC60 \u2013 ACIER INOXYDABLE (H.700)<\/td>\n<\/tr>\n<tr>\n<td style=\"padding: 10px; border: 1px solid #ddd;\">Type d&#039;appareil<\/td>\n<td style=\"padding: 10px; border: 1px solid #ddd;\">Type A et C<\/td>\n<\/tr>\n<tr>\n<td style=\"padding: 10px; border: 1px solid #ddd;\">Nombre maximal d&#039;utilisateurs<\/td>\n<td style=\"padding: 10px; border: 1px solid #ddd;\">3<\/td>\n<\/tr>\n<tr>\n<td style=\"padding: 10px; border: 1px solid #ddd;\">port\u00e9e maximale<\/td>\n<td style=\"padding: 10px; border: 1px solid #ddd;\">20 m<\/td>\n<\/tr>\n<tr>\n<td style=\"padding: 10px; border: 1px solid #ddd;\">Longueur de ligne maximale<\/td>\n<td style=\"padding: 10px; border: 1px solid #ddd;\">60 m<\/td>\n<\/tr>\n<tr>\n<td style=\"padding: 10px; border: 1px solid #ddd;\">force maximale applicable<\/td>\n<td style=\"padding: 10px; border: 1px solid #ddd;\">8 kN<\/td>\n<\/tr>\n<tr>\n<td style=\"padding: 10px; border: 1px solid #ddd;\">Mat\u00e9riel<\/td>\n<td style=\"padding: 10px; border: 1px solid #ddd;\">ACIER INOXYDABLE AISI 304<\/td>\n<\/tr>\n<tr>\n<td style=\"padding: 10px; border: 1px solid #ddd;\">Rapport de test<\/td>\n<td style=\"padding: 10px; border: 1px solid #ddd;\">UNI 11578:2015 \u2013 UNI EN 795:2012 \u2013 UNI CEN\/TS 16415:2013 (organisme tiers)<\/td>\n<\/tr>\n<tr>\n<td style=\"padding: 10px; border: 1px solid #ddd;\">Marquage<\/td>\n<td style=\"padding: 10px; border: 1px solid #ddd;\">UNI 11578:2015 \u00a76 \u2013 UNI EN 365<\/td>\n<\/tr>\n<\/tbody>\n<\/table>\n<\/div>\n<h2>Supports d&#039;installation minimum<\/h2>\n<div class=\"scrollable-table\" style=\"overflow-x: auto;\">\n<table style=\"width: 100%; border-collapse: collapse;\">\n<thead>\n<tr style=\"background-color: #f2f2f2;\">\n<th style=\"padding: 10px; border: 1px solid #ddd;\">Mat\u00e9riel de soutien<\/th>\n<th style=\"padding: 10px; border: 1px solid #ddd;\">Caract\u00e9ristiques<\/th>\n<th style=\"padding: 10px; border: 1px solid #ddd;\">Dimensions minimales<\/th>\n<\/tr>\n<\/thead>\n<tbody>\n<tr>\n<td style=\"padding: 10px; border: 1px solid #ddd;\">B\u00e9ton C20\/25<\/td>\n<td style=\"padding: 10px; border: 1px solid #ddd;\">Conforme \u00e0 UNI EN 206-1 \u2013 UNI EN 1994 \u2013 NTC 2018<\/td>\n<td style=\"padding: 10px; border: 1px solid #ddd;\">25\u00d730 cm (M\u00e9canique) \u2013 12\u00d720 cm (Chimie)<\/td>\n<\/tr>\n<tr>\n<td style=\"padding: 10px; border: 1px solid #ddd;\">Bois massif C24<\/td>\n<td style=\"padding: 10px; border: 1px solid #ddd;\">Conforme \u00e0 la norme UNI EN 338:2016<\/td>\n<td style=\"padding: 10px; border: 1px solid #ddd;\">25\u00d720 cm<\/td>\n<\/tr>\n<tr>\n<td style=\"padding: 10px; border: 1px solid #ddd;\">Acier S235<\/td>\n<td style=\"padding: 10px; border: 1px solid #ddd;\">\u00c9paisseur minimale 3 mm<\/td>\n<td style=\"padding: 10px; border: 1px solid #ddd;\">Largeur minimale 65 mm<\/td>\n<\/tr>\n<tr>\n<td style=\"padding: 10px; border: 1px solid #ddd;\">Contre-cadres<\/td>\n<td style=\"padding: 10px; border: 1px solid #ddd;\">CLS B25\/30, \u00e9paisseur minimale 50 mm, renforc\u00e9, trous traversants autoris\u00e9s<\/td>\n<td style=\"padding: 10px; border: 1px solid #ddd;\">\u00c9paisseur minimale 50 mm<\/td>\n<\/tr>\n<\/tbody>\n<\/table>\n<\/div>\n<h2>Type de fixations minimales<\/h2>\n<div class=\"scrollable-table\" style=\"overflow-x: auto;\">\n<table style=\"width: 100%; border-collapse: collapse;\">\n<thead>\n<tr style=\"background-color: #f2f2f2;\">\n<th style=\"padding: 10px; border: 1px solid #ddd;\">Type de fixation<\/th>\n<th style=\"padding: 10px; border: 1px solid #ddd;\">Dimensions minimales<\/th>\n<\/tr>\n<\/thead>\n<tbody>\n<tr>\n<td style=\"padding: 10px; border: 1px solid #ddd;\">Tige filet\u00e9e + produit chimique<\/td>\n<td style=\"padding: 10px; border: 1px solid #ddd;\">M12x160 classe A4-80<\/td>\n<\/tr>\n<tr>\n<td style=\"padding: 10px; border: 1px solid #ddd;\">Ancre m\u00e9canique<\/td>\n<td style=\"padding: 10px; border: 1px solid #ddd;\">M12x65<\/td>\n<\/tr>\n<tr>\n<td style=\"padding: 10px; border: 1px solid #ddd;\">vis \u00e0 bois<\/td>\n<td style=\"padding: 10px; border: 1px solid #ddd;\">M12x180<\/td>\n<\/tr>\n<\/tbody>\n<\/table>\n<\/div>","protected":false},"excerpt":{"rendered":"<p>Poteau antichute POLE 60 en acier inoxydable AISI 304 avec base \u00e0 cr\u00eate, disponible en hauteurs H.300 \u2013 H.500 \u2013 H.700. Dispositif d&#039;ancrage de type A et C conforme \u00e0 la norme UNI 11578:2015, certifi\u00e9 pour 3 utilisateurs, port\u00e9e jusqu&#039;\u00e0 20 m et ligne maximale 60 m.<\/p>","protected":false},"featured_media":203,"comment_status":"open","ping_status":"closed","template":"","meta":[],"product_brand":[],"product_cat":[28,37],"product_tag":[],"class_list":{"0":"post-178","1":"product","2":"type-product","3":"status-publish","4":"has-post-thumbnail","6":"product_cat-dispositivi-anticaduta","7":"product_cat-tipo-c-a","9":"first","10":"instock","11":"shipping-taxable","12":"product-type-variable"},"yoast_head":"<!-- This site is optimized with the Yoast SEO Premium plugin v26.4 (Yoast SEO v26.4) - https:\/\/yoast.com\/wordpress\/plugins\/seo\/ -->\n<title>POLE 60 INOX - BASE COLMO - Quota Sicura<\/title>\n<meta name=\"description\" content=\"POLE 60 INOX con base colmo, ancoraggio tipo A certificato EN 795 per montaggio sul colmo di tetti inclinati. Soluzione resistente in acciaio inox.\" \/>\n<meta name=\"robots\" content=\"index, follow, max-snippet:-1, max-image-preview:large, max-video-preview:-1\" \/>\n<link rel=\"canonical\" href=\"https:\/\/www.quotasicura.com\/fr\/product\/pole-60-inox-base-colmo\/\" \/>\n<meta property=\"og:locale\" content=\"fr_FR\" \/>\n<meta property=\"og:type\" content=\"article\" \/>\n<meta property=\"og:title\" content=\"POLE 60 INOX - BASE COLMO\" \/>\n<meta property=\"og:description\" content=\"POLE 60 INOX con base colmo, ancoraggio tipo A certificato EN 795 per montaggio sul colmo di tetti inclinati. Soluzione resistente in acciaio inox.\" \/>\n<meta property=\"og:url\" content=\"https:\/\/www.quotasicura.com\/fr\/product\/pole-60-inox-base-colmo\/\" \/>\n<meta property=\"og:site_name\" content=\"Quota Sicura\" \/>\n<meta property=\"article:modified_time\" content=\"2025-11-28T09:56:29+00:00\" \/>\n<meta property=\"og:image\" content=\"https:\/\/www.quotasicura.com\/wp-content\/uploads\/2025\/08\/POLE-60-BASE-COLMO.png\" \/>\n\t<meta property=\"og:image:width\" content=\"1080\" \/>\n\t<meta property=\"og:image:height\" content=\"1350\" \/>\n\t<meta property=\"og:image:type\" content=\"image\/png\" \/>\n<meta name=\"twitter:card\" content=\"summary_large_image\" \/>\n<meta name=\"twitter:label1\" content=\"Dur\u00e9e de lecture estim\u00e9e\" \/>\n\t<meta name=\"twitter:data1\" content=\"2 minutes\" \/>\n<script type=\"application\/ld+json\" class=\"yoast-schema-graph\">{\"@context\":\"https:\/\/schema.org\",\"@graph\":[{\"@type\":\"WebPage\",\"@id\":\"https:\/\/www.quotasicura.com\/product\/pole-60-inox-base-colmo\/\",\"url\":\"https:\/\/www.quotasicura.com\/product\/pole-60-inox-base-colmo\/\",\"name\":\"POLE 60 INOX - BASE COLMO - Quota Sicura\",\"isPartOf\":{\"@id\":\"https:\/\/www.quotasicura.com\/#website\"},\"primaryImageOfPage\":{\"@id\":\"https:\/\/www.quotasicura.com\/product\/pole-60-inox-base-colmo\/#primaryimage\"},\"image\":{\"@id\":\"https:\/\/www.quotasicura.com\/product\/pole-60-inox-base-colmo\/#primaryimage\"},\"thumbnailUrl\":\"https:\/\/www.quotasicura.com\/wp-content\/uploads\/2025\/08\/POLE-60-BASE-COLMO.png\",\"datePublished\":\"2025-10-05T15:54:42+00:00\",\"dateModified\":\"2025-11-28T09:56:29+00:00\",\"description\":\"POLE 60 INOX con base colmo, ancoraggio tipo A certificato EN 795 per montaggio sul colmo di tetti inclinati. Soluzione resistente in acciaio inox.\",\"breadcrumb\":{\"@id\":\"https:\/\/www.quotasicura.com\/product\/pole-60-inox-base-colmo\/#breadcrumb\"},\"inLanguage\":\"fr-FR\",\"potentialAction\":[{\"@type\":\"ReadAction\",\"target\":[\"https:\/\/www.quotasicura.com\/product\/pole-60-inox-base-colmo\/\"]}]},{\"@type\":\"ImageObject\",\"inLanguage\":\"fr-FR\",\"@id\":\"https:\/\/www.quotasicura.com\/product\/pole-60-inox-base-colmo\/#primaryimage\",\"url\":\"https:\/\/www.quotasicura.com\/wp-content\/uploads\/2025\/08\/POLE-60-BASE-COLMO.png\",\"contentUrl\":\"https:\/\/www.quotasicura.com\/wp-content\/uploads\/2025\/08\/POLE-60-BASE-COLMO.png\",\"width\":1080,\"height\":1350},{\"@type\":\"BreadcrumbList\",\"@id\":\"https:\/\/www.quotasicura.com\/product\/pole-60-inox-base-colmo\/#breadcrumb\",\"itemListElement\":[{\"@type\":\"ListItem\",\"position\":1,\"name\":\"Home\",\"item\":\"https:\/\/www.quotasicura.com\/\"},{\"@type\":\"ListItem\",\"position\":2,\"name\":\"Prodotti\",\"item\":\"https:\/\/www.quotasicura.com\/prodotti\/\"},{\"@type\":\"ListItem\",\"position\":3,\"name\":\"POLE 60 INOX &#8211; BASE COLMO\"}]},{\"@type\":\"WebSite\",\"@id\":\"https:\/\/www.quotasicura.com\/#website\",\"url\":\"https:\/\/www.quotasicura.com\/\",\"name\":\"Quota Sicura\",\"description\":\"\",\"publisher\":{\"@id\":\"https:\/\/www.quotasicura.com\/#organization\"},\"potentialAction\":[{\"@type\":\"SearchAction\",\"target\":{\"@type\":\"EntryPoint\",\"urlTemplate\":\"https:\/\/www.quotasicura.com\/?s={search_term_string}\"},\"query-input\":{\"@type\":\"PropertyValueSpecification\",\"valueRequired\":true,\"valueName\":\"search_term_string\"}}],\"inLanguage\":\"fr-FR\"},{\"@type\":\"Organization\",\"@id\":\"https:\/\/www.quotasicura.com\/#organization\",\"name\":\"Quota Sicura\",\"url\":\"https:\/\/www.quotasicura.com\/\",\"logo\":{\"@type\":\"ImageObject\",\"inLanguage\":\"fr-FR\",\"@id\":\"https:\/\/www.quotasicura.com\/#\/schema\/logo\/image\/\",\"url\":\"https:\/\/www.quotasicura.com\/wp-content\/uploads\/2025\/10\/LOGO-QUOTA-SICURA.pdf.png\",\"contentUrl\":\"https:\/\/www.quotasicura.com\/wp-content\/uploads\/2025\/10\/LOGO-QUOTA-SICURA.pdf.png\",\"width\":2000,\"height\":614,\"caption\":\"Quota Sicura\"},\"image\":{\"@id\":\"https:\/\/www.quotasicura.com\/#\/schema\/logo\/image\/\"}}]}<\/script>\n<!-- \/ Yoast SEO Premium plugin. -->","yoast_head_json":{"title":"POLE 60 INOX - BASE COLMO - Quota Sicura","description":"POLE 60 INOX con base colmo, ancoraggio tipo A certificato EN 795 per montaggio sul colmo di tetti inclinati. Soluzione resistente in acciaio inox.","robots":{"index":"index","follow":"follow","max-snippet":"max-snippet:-1","max-image-preview":"max-image-preview:large","max-video-preview":"max-video-preview:-1"},"canonical":"https:\/\/www.quotasicura.com\/fr\/product\/pole-60-inox-base-colmo\/","og_locale":"fr_FR","og_type":"article","og_title":"POLE 60 INOX - BASE COLMO","og_description":"POLE 60 INOX con base colmo, ancoraggio tipo A certificato EN 795 per montaggio sul colmo di tetti inclinati. Soluzione resistente in acciaio inox.","og_url":"https:\/\/www.quotasicura.com\/fr\/product\/pole-60-inox-base-colmo\/","og_site_name":"Quota Sicura","article_modified_time":"2025-11-28T09:56:29+00:00","og_image":[{"width":1080,"height":1350,"url":"https:\/\/www.quotasicura.com\/wp-content\/uploads\/2025\/08\/POLE-60-BASE-COLMO.png","type":"image\/png"}],"twitter_card":"summary_large_image","twitter_misc":{"Dur\u00e9e de lecture estim\u00e9e":"2 minutes"},"schema":{"@context":"https:\/\/schema.org","@graph":[{"@type":"WebPage","@id":"https:\/\/www.quotasicura.com\/product\/pole-60-inox-base-colmo\/","url":"https:\/\/www.quotasicura.com\/product\/pole-60-inox-base-colmo\/","name":"POLE 60 INOX - BASE COLMO - Quota Sicura","isPartOf":{"@id":"https:\/\/www.quotasicura.com\/#website"},"primaryImageOfPage":{"@id":"https:\/\/www.quotasicura.com\/product\/pole-60-inox-base-colmo\/#primaryimage"},"image":{"@id":"https:\/\/www.quotasicura.com\/product\/pole-60-inox-base-colmo\/#primaryimage"},"thumbnailUrl":"https:\/\/www.quotasicura.com\/wp-content\/uploads\/2025\/08\/POLE-60-BASE-COLMO.png","datePublished":"2025-10-05T15:54:42+00:00","dateModified":"2025-11-28T09:56:29+00:00","description":"POLE 60 INOX con base colmo, ancoraggio tipo A certificato EN 795 per montaggio sul colmo di tetti inclinati. Soluzione resistente in acciaio inox.","breadcrumb":{"@id":"https:\/\/www.quotasicura.com\/product\/pole-60-inox-base-colmo\/#breadcrumb"},"inLanguage":"fr-FR","potentialAction":[{"@type":"ReadAction","target":["https:\/\/www.quotasicura.com\/product\/pole-60-inox-base-colmo\/"]}]},{"@type":"ImageObject","inLanguage":"fr-FR","@id":"https:\/\/www.quotasicura.com\/product\/pole-60-inox-base-colmo\/#primaryimage","url":"https:\/\/www.quotasicura.com\/wp-content\/uploads\/2025\/08\/POLE-60-BASE-COLMO.png","contentUrl":"https:\/\/www.quotasicura.com\/wp-content\/uploads\/2025\/08\/POLE-60-BASE-COLMO.png","width":1080,"height":1350},{"@type":"BreadcrumbList","@id":"https:\/\/www.quotasicura.com\/product\/pole-60-inox-base-colmo\/#breadcrumb","itemListElement":[{"@type":"ListItem","position":1,"name":"Home","item":"https:\/\/www.quotasicura.com\/"},{"@type":"ListItem","position":2,"name":"Prodotti","item":"https:\/\/www.quotasicura.com\/prodotti\/"},{"@type":"ListItem","position":3,"name":"POLE 60 INOX &#8211; BASE COLMO"}]},{"@type":"WebSite","@id":"https:\/\/www.quotasicura.com\/#website","url":"https:\/\/www.quotasicura.com\/","name":"Quota de s\u00e9curit\u00e9","description":"","publisher":{"@id":"https:\/\/www.quotasicura.com\/#organization"},"potentialAction":[{"@type":"SearchAction","target":{"@type":"EntryPoint","urlTemplate":"https:\/\/www.quotasicura.com\/?s={search_term_string}"},"query-input":{"@type":"PropertyValueSpecification","valueRequired":true,"valueName":"search_term_string"}}],"inLanguage":"fr-FR"},{"@type":"Organization","@id":"https:\/\/www.quotasicura.com\/#organization","name":"Quota de s\u00e9curit\u00e9","url":"https:\/\/www.quotasicura.com\/","logo":{"@type":"ImageObject","inLanguage":"fr-FR","@id":"https:\/\/www.quotasicura.com\/#\/schema\/logo\/image\/","url":"https:\/\/www.quotasicura.com\/wp-content\/uploads\/2025\/10\/LOGO-QUOTA-SICURA.pdf.png","contentUrl":"https:\/\/www.quotasicura.com\/wp-content\/uploads\/2025\/10\/LOGO-QUOTA-SICURA.pdf.png","width":2000,"height":614,"caption":"Quota Sicura"},"image":{"@id":"https:\/\/www.quotasicura.com\/#\/schema\/logo\/image\/"}}]}},"_links":{"self":[{"href":"https:\/\/www.quotasicura.com\/fr\/wp-json\/wp\/v2\/product\/178","targetHints":{"allow":["GET"]}}],"collection":[{"href":"https:\/\/www.quotasicura.com\/fr\/wp-json\/wp\/v2\/product"}],"about":[{"href":"https:\/\/www.quotasicura.com\/fr\/wp-json\/wp\/v2\/types\/product"}],"replies":[{"embeddable":true,"href":"https:\/\/www.quotasicura.com\/fr\/wp-json\/wp\/v2\/comments?post=178"}],"wp:featuredmedia":[{"embeddable":true,"href":"https:\/\/www.quotasicura.com\/fr\/wp-json\/wp\/v2\/media\/203"}],"wp:attachment":[{"href":"https:\/\/www.quotasicura.com\/fr\/wp-json\/wp\/v2\/media?parent=178"}],"wp:term":[{"taxonomy":"product_brand","embeddable":true,"href":"https:\/\/www.quotasicura.com\/fr\/wp-json\/wp\/v2\/product_brand?post=178"},{"taxonomy":"product_cat","embeddable":true,"href":"https:\/\/www.quotasicura.com\/fr\/wp-json\/wp\/v2\/product_cat?post=178"},{"taxonomy":"product_tag","embeddable":true,"href":"https:\/\/www.quotasicura.com\/fr\/wp-json\/wp\/v2\/product_tag?post=178"}],"curies":[{"name":"wp","href":"https:\/\/api.w.org\/{rel}","templated":true}]}}