{"id":188,"date":"2025-10-05T15:54:42","date_gmt":"2025-10-05T15:54:42","guid":{"rendered":"http:\/\/admin"},"modified":"2025-11-28T10:20:06","modified_gmt":"2025-11-28T10:20:06","slug":"targa-colmo-inox","status":"publish","type":"product","link":"https:\/\/www.quotasicura.com\/fr\/product\/targa-colmo-inox\/","title":{"rendered":"PLAQUE DE HAUTEUR EN ACIER INOXYDABLE"},"content":{"rendered":"<p><strong>TARGA COLMO<\/strong> c&#039;est un <strong>dispositivo anticaduta tipo C<\/strong> specifico per installazione su colmo di coperture. Progettato per garantire sicurezza in quota, \u00e8 realizzato in <strong>acier inoxydable AISI 304<\/strong>, materiale altamente resistente alla corrosione e agli agenti atmosferici. Conforme alla normativa <strong>UNI 11578:2015<\/strong>, est certifi\u00e9 pour <strong>2 utilisateurs simultan\u00e9s<\/strong>, avec une port\u00e9e maximale de 10 m et des lignes de vie jusqu&#039;\u00e0 30 m.<\/p>\n<h2>Caract\u00e9ristiques techniques<\/h2>\n<div class=\"scrollable-table\" style=\"overflow-x: auto;\">\n<table style=\"width: 100%; border-collapse: collapse;\">\n<thead>\n<tr style=\"background-color: #f2f2f2;\">\n<th style=\"padding: 10px; border: 1px solid #ddd;\">Caract\u00e9ristiques<\/th>\n<th style=\"padding: 10px; border: 1px solid #ddd;\">D\u00e9tail<\/th>\n<\/tr>\n<\/thead>\n<tbody>\n<tr>\n<td style=\"padding: 10px; border: 1px solid #ddd;\">Code produit<\/td>\n<td style=\"padding: 10px; border: 1px solid #ddd;\">LVTQSCOLTRG \u2013 INOX<\/td>\n<\/tr>\n<tr>\n<td style=\"padding: 10px; border: 1px solid #ddd;\">Type d&#039;appareil<\/td>\n<td style=\"padding: 10px; border: 1px solid #ddd;\">Type C<\/td>\n<\/tr>\n<tr>\n<td style=\"padding: 10px; border: 1px solid #ddd;\">Nombre maximal d&#039;utilisateurs<\/td>\n<td style=\"padding: 10px; border: 1px solid #ddd;\">2<\/td>\n<\/tr>\n<tr>\n<td style=\"padding: 10px; border: 1px solid #ddd;\">port\u00e9e maximale<\/td>\n<td style=\"padding: 10px; border: 1px solid #ddd;\">10 m<\/td>\n<\/tr>\n<tr>\n<td style=\"padding: 10px; border: 1px solid #ddd;\">Longueur de ligne maximale<\/td>\n<td style=\"padding: 10px; border: 1px solid #ddd;\">30 m<\/td>\n<\/tr>\n<tr>\n<td style=\"padding: 10px; border: 1px solid #ddd;\">force maximale applicable<\/td>\n<td style=\"padding: 10px; border: 1px solid #ddd;\">8 kN<\/td>\n<\/tr>\n<tr>\n<td style=\"padding: 10px; border: 1px solid #ddd;\">Mat\u00e9riel<\/td>\n<td style=\"padding: 10px; border: 1px solid #ddd;\">ACIER INOXYDABLE AISI 304<\/td>\n<\/tr>\n<tr>\n<td style=\"padding: 10px; border: 1px solid #ddd;\">Rapport de test<\/td>\n<td style=\"padding: 10px; border: 1px solid #ddd;\">UNI 11578:2015 \u2013 UNI EN 795:2012 \u2013 UNI CEN\/TS 16415:2013 (organisme tiers)<\/td>\n<\/tr>\n<tr>\n<td style=\"padding: 10px; border: 1px solid #ddd;\">Marquage<\/td>\n<td style=\"padding: 10px; border: 1px solid #ddd;\">UNI 11578:2015 \u00a76 \u2013 UNI EN 365<\/td>\n<\/tr>\n<\/tbody>\n<\/table>\n<\/div>\n<h2>Supports d&#039;installation minimum<\/h2>\n<div class=\"scrollable-table\" style=\"overflow-x: auto;\">\n<table style=\"width: 100%; border-collapse: collapse;\">\n<thead>\n<tr style=\"background-color: #f2f2f2;\">\n<th style=\"padding: 10px; border: 1px solid #ddd;\">Mat\u00e9riel de soutien<\/th>\n<th style=\"padding: 10px; border: 1px solid #ddd;\">Caract\u00e9ristiques<\/th>\n<th style=\"padding: 10px; border: 1px solid #ddd;\">Dimensions minimales<\/th>\n<\/tr>\n<\/thead>\n<tbody>\n<tr>\n<td style=\"padding: 10px; border: 1px solid #ddd;\">T\u00f4le<\/td>\n<td style=\"padding: 10px; border: 1px solid #ddd;\">Acier S 250 GD conforme \u00e0 la norme UNI EN 10346:2009, f<sub>t<\/sub>=330 N\/mm\u00b2, f<sub>y<\/sub>=260 N\/mm\u00b2, min. allongement A80=19% (UNI EN 10143)<\/td>\n<td style=\"padding: 10px; border: 1px solid #ddd;\">4\/10<\/td>\n<\/tr>\n<tr>\n<td style=\"padding: 10px; border: 1px solid #ddd;\">feuille d&#039;aluminium<\/td>\n<td style=\"padding: 10px; border: 1px solid #ddd;\">Aluminium 3105 H16 conforme \u00e0 la norme UNI EN 485, f<sub>t<\/sub>=150-200 N\/mm\u00b2<\/td>\n<td style=\"padding: 10px; border: 1px solid #ddd;\">7\/10<\/td>\n<\/tr>\n<\/tbody>\n<\/table>\n<\/div>\n<h2>Type de fixations minimales<\/h2>\n<p>Rivets produits par l&#039;entreprise <strong>SFS INTEC<\/strong> Mod\u00e8le BULB-TITE r\u00e9f. RV6604\/4.6W A5-2, corps en aluminium Al-Mg-5 \u00d8 5,2 \u00d7 16 mm avec rondelle EPDM, \u00e9paisseur de serrage de 1,5 \u00e0 5,4 mm. Diam\u00e8tre minimal des t\u00eates florales ferm\u00e9es\u00a0: 8,5 mm. Les autres marques sont autoris\u00e9es sous r\u00e9serve de leur conformit\u00e9 aux normes en vigueur. <strong>valeurs de r\u00e9sistance \u00e9quivalentes<\/strong>.<\/p>","protected":false},"excerpt":{"rendered":"<p>TARGA COLMO \u00e8 un dispositivo di ancoraggio per linee vita tipo C, progettato per installazioni su colmo di coperture metalliche e in alluminio. Realizzato in inox AISI 304, conforme UNI 11578:2015, certificato per 2 utilizzatori. Campata massima 10 m, linea vita fino a 30 m.<\/p>","protected":false},"featured_media":193,"comment_status":"open","ping_status":"closed","template":"","meta":[],"product_brand":[],"product_cat":[28,37],"product_tag":[],"class_list":{"0":"post-188","1":"product","2":"type-product","3":"status-publish","4":"has-post-thumbnail","6":"product_cat-dispositivi-anticaduta","7":"product_cat-tipo-c-a","9":"first","10":"instock","11":"shipping-taxable","12":"product-type-simple"},"yoast_head":"<!-- This site is optimized with the Yoast SEO Premium plugin v26.4 (Yoast SEO v26.4) - https:\/\/yoast.com\/wordpress\/plugins\/seo\/ -->\n<title>TARGA COLMO INOX - Quota Sicura<\/title>\n<meta name=\"description\" content=\"Targa Colmo Inox per la segnalazione di dispositivi linea vita installati sul colmo del tetto. In acciaio inox resistente, conforme alle normative.\" \/>\n<meta name=\"robots\" content=\"index, follow, max-snippet:-1, max-image-preview:large, max-video-preview:-1\" \/>\n<link rel=\"canonical\" href=\"https:\/\/www.quotasicura.com\/fr\/product\/targa-colmo-inox\/\" \/>\n<meta property=\"og:locale\" content=\"fr_FR\" \/>\n<meta property=\"og:type\" content=\"article\" \/>\n<meta property=\"og:title\" content=\"TARGA COLMO INOX\" \/>\n<meta property=\"og:description\" content=\"Targa Colmo Inox per la segnalazione di dispositivi linea vita installati sul colmo del tetto. In acciaio inox resistente, conforme alle normative.\" \/>\n<meta property=\"og:url\" content=\"https:\/\/www.quotasicura.com\/fr\/product\/targa-colmo-inox\/\" \/>\n<meta property=\"og:site_name\" content=\"Quota Sicura\" \/>\n<meta property=\"article:modified_time\" content=\"2025-11-28T10:20:06+00:00\" \/>\n<meta property=\"og:image\" content=\"https:\/\/www.quotasicura.com\/wp-content\/uploads\/2025\/08\/TARGA-COLMO.png\" \/>\n\t<meta property=\"og:image:width\" content=\"1080\" \/>\n\t<meta property=\"og:image:height\" content=\"1350\" \/>\n\t<meta property=\"og:image:type\" content=\"image\/png\" \/>\n<meta name=\"twitter:card\" content=\"summary_large_image\" \/>\n<meta name=\"twitter:label1\" content=\"Dur\u00e9e de lecture estim\u00e9e\" \/>\n\t<meta name=\"twitter:data1\" content=\"2 minutes\" \/>\n<script type=\"application\/ld+json\" class=\"yoast-schema-graph\">{\"@context\":\"https:\/\/schema.org\",\"@graph\":[{\"@type\":\"WebPage\",\"@id\":\"https:\/\/www.quotasicura.com\/product\/targa-colmo-inox\/\",\"url\":\"https:\/\/www.quotasicura.com\/product\/targa-colmo-inox\/\",\"name\":\"TARGA COLMO INOX - Quota Sicura\",\"isPartOf\":{\"@id\":\"https:\/\/www.quotasicura.com\/#website\"},\"primaryImageOfPage\":{\"@id\":\"https:\/\/www.quotasicura.com\/product\/targa-colmo-inox\/#primaryimage\"},\"image\":{\"@id\":\"https:\/\/www.quotasicura.com\/product\/targa-colmo-inox\/#primaryimage\"},\"thumbnailUrl\":\"https:\/\/www.quotasicura.com\/wp-content\/uploads\/2025\/08\/TARGA-COLMO.png\",\"datePublished\":\"2025-10-05T15:54:42+00:00\",\"dateModified\":\"2025-11-28T10:20:06+00:00\",\"description\":\"Targa Colmo Inox per la segnalazione di dispositivi linea vita installati sul colmo del tetto. In acciaio inox resistente, conforme alle normative.\",\"breadcrumb\":{\"@id\":\"https:\/\/www.quotasicura.com\/product\/targa-colmo-inox\/#breadcrumb\"},\"inLanguage\":\"fr-FR\",\"potentialAction\":[{\"@type\":\"ReadAction\",\"target\":[\"https:\/\/www.quotasicura.com\/product\/targa-colmo-inox\/\"]}]},{\"@type\":\"ImageObject\",\"inLanguage\":\"fr-FR\",\"@id\":\"https:\/\/www.quotasicura.com\/product\/targa-colmo-inox\/#primaryimage\",\"url\":\"https:\/\/www.quotasicura.com\/wp-content\/uploads\/2025\/08\/TARGA-COLMO.png\",\"contentUrl\":\"https:\/\/www.quotasicura.com\/wp-content\/uploads\/2025\/08\/TARGA-COLMO.png\",\"width\":1080,\"height\":1350},{\"@type\":\"BreadcrumbList\",\"@id\":\"https:\/\/www.quotasicura.com\/product\/targa-colmo-inox\/#breadcrumb\",\"itemListElement\":[{\"@type\":\"ListItem\",\"position\":1,\"name\":\"Home\",\"item\":\"https:\/\/www.quotasicura.com\/\"},{\"@type\":\"ListItem\",\"position\":2,\"name\":\"Prodotti\",\"item\":\"https:\/\/www.quotasicura.com\/prodotti\/\"},{\"@type\":\"ListItem\",\"position\":3,\"name\":\"TARGA COLMO INOX\"}]},{\"@type\":\"WebSite\",\"@id\":\"https:\/\/www.quotasicura.com\/#website\",\"url\":\"https:\/\/www.quotasicura.com\/\",\"name\":\"Quota Sicura\",\"description\":\"\",\"publisher\":{\"@id\":\"https:\/\/www.quotasicura.com\/#organization\"},\"potentialAction\":[{\"@type\":\"SearchAction\",\"target\":{\"@type\":\"EntryPoint\",\"urlTemplate\":\"https:\/\/www.quotasicura.com\/?s={search_term_string}\"},\"query-input\":{\"@type\":\"PropertyValueSpecification\",\"valueRequired\":true,\"valueName\":\"search_term_string\"}}],\"inLanguage\":\"fr-FR\"},{\"@type\":\"Organization\",\"@id\":\"https:\/\/www.quotasicura.com\/#organization\",\"name\":\"Quota Sicura\",\"url\":\"https:\/\/www.quotasicura.com\/\",\"logo\":{\"@type\":\"ImageObject\",\"inLanguage\":\"fr-FR\",\"@id\":\"https:\/\/www.quotasicura.com\/#\/schema\/logo\/image\/\",\"url\":\"https:\/\/www.quotasicura.com\/wp-content\/uploads\/2025\/10\/LOGO-QUOTA-SICURA.pdf.png\",\"contentUrl\":\"https:\/\/www.quotasicura.com\/wp-content\/uploads\/2025\/10\/LOGO-QUOTA-SICURA.pdf.png\",\"width\":2000,\"height\":614,\"caption\":\"Quota Sicura\"},\"image\":{\"@id\":\"https:\/\/www.quotasicura.com\/#\/schema\/logo\/image\/\"}}]}<\/script>\n<!-- \/ Yoast SEO Premium plugin. -->","yoast_head_json":{"title":"TARGA COLMO INOX - Quota Sicura","description":"Targa Colmo Inox per la segnalazione di dispositivi linea vita installati sul colmo del tetto. In acciaio inox resistente, conforme alle normative.","robots":{"index":"index","follow":"follow","max-snippet":"max-snippet:-1","max-image-preview":"max-image-preview:large","max-video-preview":"max-video-preview:-1"},"canonical":"https:\/\/www.quotasicura.com\/fr\/product\/targa-colmo-inox\/","og_locale":"fr_FR","og_type":"article","og_title":"TARGA COLMO INOX","og_description":"Targa Colmo Inox per la segnalazione di dispositivi linea vita installati sul colmo del tetto. In acciaio inox resistente, conforme alle normative.","og_url":"https:\/\/www.quotasicura.com\/fr\/product\/targa-colmo-inox\/","og_site_name":"Quota Sicura","article_modified_time":"2025-11-28T10:20:06+00:00","og_image":[{"width":1080,"height":1350,"url":"https:\/\/www.quotasicura.com\/wp-content\/uploads\/2025\/08\/TARGA-COLMO.png","type":"image\/png"}],"twitter_card":"summary_large_image","twitter_misc":{"Dur\u00e9e de lecture estim\u00e9e":"2 minutes"},"schema":{"@context":"https:\/\/schema.org","@graph":[{"@type":"WebPage","@id":"https:\/\/www.quotasicura.com\/product\/targa-colmo-inox\/","url":"https:\/\/www.quotasicura.com\/product\/targa-colmo-inox\/","name":"TARGA COLMO INOX - Quota Sicura","isPartOf":{"@id":"https:\/\/www.quotasicura.com\/#website"},"primaryImageOfPage":{"@id":"https:\/\/www.quotasicura.com\/product\/targa-colmo-inox\/#primaryimage"},"image":{"@id":"https:\/\/www.quotasicura.com\/product\/targa-colmo-inox\/#primaryimage"},"thumbnailUrl":"https:\/\/www.quotasicura.com\/wp-content\/uploads\/2025\/08\/TARGA-COLMO.png","datePublished":"2025-10-05T15:54:42+00:00","dateModified":"2025-11-28T10:20:06+00:00","description":"Targa Colmo Inox per la segnalazione di dispositivi linea vita installati sul colmo del tetto. In acciaio inox resistente, conforme alle normative.","breadcrumb":{"@id":"https:\/\/www.quotasicura.com\/product\/targa-colmo-inox\/#breadcrumb"},"inLanguage":"fr-FR","potentialAction":[{"@type":"ReadAction","target":["https:\/\/www.quotasicura.com\/product\/targa-colmo-inox\/"]}]},{"@type":"ImageObject","inLanguage":"fr-FR","@id":"https:\/\/www.quotasicura.com\/product\/targa-colmo-inox\/#primaryimage","url":"https:\/\/www.quotasicura.com\/wp-content\/uploads\/2025\/08\/TARGA-COLMO.png","contentUrl":"https:\/\/www.quotasicura.com\/wp-content\/uploads\/2025\/08\/TARGA-COLMO.png","width":1080,"height":1350},{"@type":"BreadcrumbList","@id":"https:\/\/www.quotasicura.com\/product\/targa-colmo-inox\/#breadcrumb","itemListElement":[{"@type":"ListItem","position":1,"name":"Home","item":"https:\/\/www.quotasicura.com\/"},{"@type":"ListItem","position":2,"name":"Prodotti","item":"https:\/\/www.quotasicura.com\/prodotti\/"},{"@type":"ListItem","position":3,"name":"TARGA COLMO INOX"}]},{"@type":"WebSite","@id":"https:\/\/www.quotasicura.com\/#website","url":"https:\/\/www.quotasicura.com\/","name":"Quota de s\u00e9curit\u00e9","description":"","publisher":{"@id":"https:\/\/www.quotasicura.com\/#organization"},"potentialAction":[{"@type":"SearchAction","target":{"@type":"EntryPoint","urlTemplate":"https:\/\/www.quotasicura.com\/?s={search_term_string}"},"query-input":{"@type":"PropertyValueSpecification","valueRequired":true,"valueName":"search_term_string"}}],"inLanguage":"fr-FR"},{"@type":"Organization","@id":"https:\/\/www.quotasicura.com\/#organization","name":"Quota de s\u00e9curit\u00e9","url":"https:\/\/www.quotasicura.com\/","logo":{"@type":"ImageObject","inLanguage":"fr-FR","@id":"https:\/\/www.quotasicura.com\/#\/schema\/logo\/image\/","url":"https:\/\/www.quotasicura.com\/wp-content\/uploads\/2025\/10\/LOGO-QUOTA-SICURA.pdf.png","contentUrl":"https:\/\/www.quotasicura.com\/wp-content\/uploads\/2025\/10\/LOGO-QUOTA-SICURA.pdf.png","width":2000,"height":614,"caption":"Quota Sicura"},"image":{"@id":"https:\/\/www.quotasicura.com\/#\/schema\/logo\/image\/"}}]}},"_links":{"self":[{"href":"https:\/\/www.quotasicura.com\/fr\/wp-json\/wp\/v2\/product\/188","targetHints":{"allow":["GET"]}}],"collection":[{"href":"https:\/\/www.quotasicura.com\/fr\/wp-json\/wp\/v2\/product"}],"about":[{"href":"https:\/\/www.quotasicura.com\/fr\/wp-json\/wp\/v2\/types\/product"}],"replies":[{"embeddable":true,"href":"https:\/\/www.quotasicura.com\/fr\/wp-json\/wp\/v2\/comments?post=188"}],"wp:featuredmedia":[{"embeddable":true,"href":"https:\/\/www.quotasicura.com\/fr\/wp-json\/wp\/v2\/media\/193"}],"wp:attachment":[{"href":"https:\/\/www.quotasicura.com\/fr\/wp-json\/wp\/v2\/media?parent=188"}],"wp:term":[{"taxonomy":"product_brand","embeddable":true,"href":"https:\/\/www.quotasicura.com\/fr\/wp-json\/wp\/v2\/product_brand?post=188"},{"taxonomy":"product_cat","embeddable":true,"href":"https:\/\/www.quotasicura.com\/fr\/wp-json\/wp\/v2\/product_cat?post=188"},{"taxonomy":"product_tag","embeddable":true,"href":"https:\/\/www.quotasicura.com\/fr\/wp-json\/wp\/v2\/product_tag?post=188"}],"curies":[{"name":"wp","href":"https:\/\/api.w.org\/{rel}","templated":true}]}}