{"id":505,"date":"2025-10-07T15:26:31","date_gmt":"2025-10-07T15:26:31","guid":{"rendered":"https:\/\/www.quotasicura.com\/?post_type=product&#038;p=505"},"modified":"2025-11-28T08:05:56","modified_gmt":"2025-11-28T08:05:56","slug":"starting-element-double-qs-girevole-qs","status":"publish","type":"product","link":"https:\/\/www.quotasicura.com\/fr\/product\/starting-element-double-qs-girevole-qs\/","title":{"rendered":"\u00c9L\u00c9MENT DE D\u00c9PART DOUBLE \u2013 PIVOTANT"},"content":{"rendered":"<p><strong>\u00c9L\u00c9MENT DE D\u00c9PART \u00ab DOUBLE \u00bb QS \u2013 PIVOTANT \u2013 QS<\/strong> c&#039;est un <strong>Accessoire de d\u00e9marrage pivotant pour lignes de vie de type C<\/strong>Con\u00e7u pour garantir une polyvalence et une s\u00e9curit\u00e9 maximales. Compatible avec les appareils de la s\u00e9rie <strong>POLE 25, POLE 60, CROSS HOOK, SINGLE PLATE et COLMO PLATE<\/strong>, permet une utilisation dans divers contextes de toiture.<\/p>\n<p>Fabriqu\u00e9 en <strong>acier inoxydable AISI 304<\/strong>R\u00e9sistant \u00e0 la corrosion et aux agents atmosph\u00e9riques, il garantit une fiabilit\u00e9 durable. Conforme \u00e0 la r\u00e9glementation. <strong>UNI 11578:2015<\/strong> et test\u00e9 par un tiers, il convient \u00e0 l&#039;utilisation par <strong>jusqu&#039;\u00e0 3 op\u00e9rateurs simultan\u00e9s<\/strong>.<\/p>\n<h2>Caract\u00e9ristiques techniques<\/h2>\n<div class=\"scrollable-table\" style=\"overflow-x: auto;\">\n<table style=\"width: 100%; border-collapse: collapse;\">\n<thead>\n<tr style=\"background-color: #f2f2f2;\">\n<th style=\"padding: 10px; border: 1px solid #ddd;\">Caract\u00e9ristiques<\/th>\n<th style=\"padding: 10px; border: 1px solid #ddd;\">D\u00e9tail<\/th>\n<\/tr>\n<\/thead>\n<tbody>\n<tr>\n<td style=\"padding: 10px; border: 1px solid #ddd;\">Code produit<\/td>\n<td style=\"padding: 10px; border: 1px solid #ddd;\">LVTQS750SED<\/td>\n<\/tr>\n<tr>\n<td style=\"padding: 10px; border: 1px solid #ddd;\">Type d&#039;appareil<\/td>\n<td style=\"padding: 10px; border: 1px solid #ddd;\">Accessoire pour appareil de type C<\/td>\n<\/tr>\n<tr>\n<td style=\"padding: 10px; border: 1px solid #ddd;\">Compatibilit\u00e9<\/td>\n<td style=\"padding: 10px; border: 1px solid #ddd;\">S\u00e9rie POLE 25 \/ POLE 60 \/ CROCHET CROIS\u00c9 \/ PLAQUE SIMPLE \/ PLAQUE DE HAUTEUR<\/td>\n<\/tr>\n<tr>\n<td style=\"padding: 10px; border: 1px solid #ddd;\">Nombre maximal d&#039;utilisateurs<\/td>\n<td style=\"padding: 10px; border: 1px solid #ddd;\">3<\/td>\n<\/tr>\n<tr>\n<td style=\"padding: 10px; border: 1px solid #ddd;\">Mat\u00e9riel<\/td>\n<td style=\"padding: 10px; border: 1px solid #ddd;\">ACIER INOXYDABLE AISI 304<\/td>\n<\/tr>\n<tr>\n<td style=\"padding: 10px; border: 1px solid #ddd;\">Rapport de test<\/td>\n<td style=\"padding: 10px; border: 1px solid #ddd;\">UNI 11578:2015 \u2013 UNI EN 795:2012 \u2013 UNI CEN\/TS 16415:2013 (organisme tiers)<\/td>\n<\/tr>\n<tr>\n<td style=\"padding: 10px; border: 1px solid #ddd;\">Marquage<\/td>\n<td style=\"padding: 10px; border: 1px solid #ddd;\">UNI 11578:2015 \u00a76 \u2013 UNI EN 365<\/td>\n<\/tr>\n<\/tbody>\n<\/table>\n<\/div>","protected":false},"excerpt":{"rendered":"<p>L&#039;\u00e9merillon \u00ab\u00a0Double\u00a0\u00bb QS de d\u00e9part est un accessoire pour les syst\u00e8mes de ligne de vie de type C, compatible avec les mod\u00e8les POLE 25, POLE 60, CROSS HOOK, TARGA UNICA et TARGA COLMO. Fabriqu\u00e9 en acier inoxydable AISI 304, il est conforme \u00e0 la norme UNI 11578:2015 et certifi\u00e9 pour 3 utilisateurs.<\/p>","protected":false},"featured_media":529,"comment_status":"open","ping_status":"closed","template":"","meta":[],"product_brand":[],"product_cat":[27,30],"product_tag":[],"class_list":{"0":"post-505","1":"product","2":"type-product","3":"status-publish","4":"has-post-thumbnail","6":"product_cat-accessori-per-linee-vita","7":"product_cat-elementi-di-testa","9":"first","10":"instock","11":"shipping-taxable","12":"product-type-variable"},"yoast_head":"<!-- This site is optimized with the Yoast SEO Premium plugin v26.4 (Yoast SEO v26.4) - https:\/\/yoast.com\/wordpress\/plugins\/seo\/ -->\n<title>STARTING ELEMENT DOUBLE - GIREVOLE - Quota Sicura<\/title>\n<meta name=\"description\" content=\"Starting Element Double girevole in acciaio inox per l\u2019avvio di linee vita flessibili tipo C. Sistema doppio con funzione di assorbimento e rotazione.\" \/>\n<meta name=\"robots\" content=\"index, follow, max-snippet:-1, max-image-preview:large, max-video-preview:-1\" \/>\n<link rel=\"canonical\" href=\"https:\/\/www.quotasicura.com\/fr\/product\/starting-element-double-qs-girevole-qs\/\" \/>\n<meta property=\"og:locale\" content=\"fr_FR\" \/>\n<meta property=\"og:type\" content=\"article\" \/>\n<meta property=\"og:title\" content=\"STARTING ELEMENT DOUBLE - GIREVOLE\" \/>\n<meta property=\"og:description\" content=\"Starting Element Double girevole in acciaio inox per l\u2019avvio di linee vita flessibili tipo C. Sistema doppio con funzione di assorbimento e rotazione.\" \/>\n<meta property=\"og:url\" content=\"https:\/\/www.quotasicura.com\/fr\/product\/starting-element-double-qs-girevole-qs\/\" \/>\n<meta property=\"og:site_name\" content=\"Quota Sicura\" \/>\n<meta property=\"article:modified_time\" content=\"2025-11-28T08:05:56+00:00\" \/>\n<meta property=\"og:image\" content=\"https:\/\/www.quotasicura.com\/wp-content\/uploads\/2025\/10\/STARTING-ELEMENT-SINGLE-QS.png\" \/>\n\t<meta property=\"og:image:width\" content=\"1080\" \/>\n\t<meta property=\"og:image:height\" content=\"1350\" \/>\n\t<meta property=\"og:image:type\" content=\"image\/png\" \/>\n<meta name=\"twitter:card\" content=\"summary_large_image\" \/>\n<meta name=\"twitter:label1\" content=\"Dur\u00e9e de lecture estim\u00e9e\" \/>\n\t<meta name=\"twitter:data1\" content=\"1 minute\" \/>\n<script type=\"application\/ld+json\" class=\"yoast-schema-graph\">{\"@context\":\"https:\/\/schema.org\",\"@graph\":[{\"@type\":\"WebPage\",\"@id\":\"https:\/\/www.quotasicura.com\/product\/starting-element-double-qs-girevole-qs\/\",\"url\":\"https:\/\/www.quotasicura.com\/product\/starting-element-double-qs-girevole-qs\/\",\"name\":\"STARTING ELEMENT DOUBLE - GIREVOLE - Quota Sicura\",\"isPartOf\":{\"@id\":\"https:\/\/www.quotasicura.com\/#website\"},\"primaryImageOfPage\":{\"@id\":\"https:\/\/www.quotasicura.com\/product\/starting-element-double-qs-girevole-qs\/#primaryimage\"},\"image\":{\"@id\":\"https:\/\/www.quotasicura.com\/product\/starting-element-double-qs-girevole-qs\/#primaryimage\"},\"thumbnailUrl\":\"https:\/\/www.quotasicura.com\/wp-content\/uploads\/2025\/10\/STARTING-ELEMENT-SINGLE-QS.png\",\"datePublished\":\"2025-10-07T15:26:31+00:00\",\"dateModified\":\"2025-11-28T08:05:56+00:00\",\"description\":\"Starting Element Double girevole in acciaio inox per l\u2019avvio di linee vita flessibili tipo C. Sistema doppio con funzione di assorbimento e rotazione.\",\"breadcrumb\":{\"@id\":\"https:\/\/www.quotasicura.com\/product\/starting-element-double-qs-girevole-qs\/#breadcrumb\"},\"inLanguage\":\"fr-FR\",\"potentialAction\":[{\"@type\":\"ReadAction\",\"target\":[\"https:\/\/www.quotasicura.com\/product\/starting-element-double-qs-girevole-qs\/\"]}]},{\"@type\":\"ImageObject\",\"inLanguage\":\"fr-FR\",\"@id\":\"https:\/\/www.quotasicura.com\/product\/starting-element-double-qs-girevole-qs\/#primaryimage\",\"url\":\"https:\/\/www.quotasicura.com\/wp-content\/uploads\/2025\/10\/STARTING-ELEMENT-SINGLE-QS.png\",\"contentUrl\":\"https:\/\/www.quotasicura.com\/wp-content\/uploads\/2025\/10\/STARTING-ELEMENT-SINGLE-QS.png\",\"width\":1080,\"height\":1350},{\"@type\":\"BreadcrumbList\",\"@id\":\"https:\/\/www.quotasicura.com\/product\/starting-element-double-qs-girevole-qs\/#breadcrumb\",\"itemListElement\":[{\"@type\":\"ListItem\",\"position\":1,\"name\":\"Home\",\"item\":\"https:\/\/www.quotasicura.com\/\"},{\"@type\":\"ListItem\",\"position\":2,\"name\":\"Prodotti\",\"item\":\"https:\/\/www.quotasicura.com\/prodotti\/\"},{\"@type\":\"ListItem\",\"position\":3,\"name\":\"STARTING ELEMENT DOUBLE &#8211; GIREVOLE\"}]},{\"@type\":\"WebSite\",\"@id\":\"https:\/\/www.quotasicura.com\/#website\",\"url\":\"https:\/\/www.quotasicura.com\/\",\"name\":\"Quota Sicura\",\"description\":\"\",\"publisher\":{\"@id\":\"https:\/\/www.quotasicura.com\/#organization\"},\"potentialAction\":[{\"@type\":\"SearchAction\",\"target\":{\"@type\":\"EntryPoint\",\"urlTemplate\":\"https:\/\/www.quotasicura.com\/?s={search_term_string}\"},\"query-input\":{\"@type\":\"PropertyValueSpecification\",\"valueRequired\":true,\"valueName\":\"search_term_string\"}}],\"inLanguage\":\"fr-FR\"},{\"@type\":\"Organization\",\"@id\":\"https:\/\/www.quotasicura.com\/#organization\",\"name\":\"Quota Sicura\",\"url\":\"https:\/\/www.quotasicura.com\/\",\"logo\":{\"@type\":\"ImageObject\",\"inLanguage\":\"fr-FR\",\"@id\":\"https:\/\/www.quotasicura.com\/#\/schema\/logo\/image\/\",\"url\":\"https:\/\/www.quotasicura.com\/wp-content\/uploads\/2025\/10\/LOGO-QUOTA-SICURA.pdf.png\",\"contentUrl\":\"https:\/\/www.quotasicura.com\/wp-content\/uploads\/2025\/10\/LOGO-QUOTA-SICURA.pdf.png\",\"width\":2000,\"height\":614,\"caption\":\"Quota Sicura\"},\"image\":{\"@id\":\"https:\/\/www.quotasicura.com\/#\/schema\/logo\/image\/\"}}]}<\/script>\n<!-- \/ Yoast SEO Premium plugin. -->","yoast_head_json":{"title":"STARTING ELEMENT DOUBLE - GIREVOLE - Quota Sicura","description":"Starting Element Double girevole in acciaio inox per l\u2019avvio di linee vita flessibili tipo C. Sistema doppio con funzione di assorbimento e rotazione.","robots":{"index":"index","follow":"follow","max-snippet":"max-snippet:-1","max-image-preview":"max-image-preview:large","max-video-preview":"max-video-preview:-1"},"canonical":"https:\/\/www.quotasicura.com\/fr\/product\/starting-element-double-qs-girevole-qs\/","og_locale":"fr_FR","og_type":"article","og_title":"STARTING ELEMENT DOUBLE - GIREVOLE","og_description":"Starting Element Double girevole in acciaio inox per l\u2019avvio di linee vita flessibili tipo C. Sistema doppio con funzione di assorbimento e rotazione.","og_url":"https:\/\/www.quotasicura.com\/fr\/product\/starting-element-double-qs-girevole-qs\/","og_site_name":"Quota Sicura","article_modified_time":"2025-11-28T08:05:56+00:00","og_image":[{"width":1080,"height":1350,"url":"https:\/\/www.quotasicura.com\/wp-content\/uploads\/2025\/10\/STARTING-ELEMENT-SINGLE-QS.png","type":"image\/png"}],"twitter_card":"summary_large_image","twitter_misc":{"Dur\u00e9e de lecture estim\u00e9e":"1 minute"},"schema":{"@context":"https:\/\/schema.org","@graph":[{"@type":"WebPage","@id":"https:\/\/www.quotasicura.com\/product\/starting-element-double-qs-girevole-qs\/","url":"https:\/\/www.quotasicura.com\/product\/starting-element-double-qs-girevole-qs\/","name":"STARTING ELEMENT DOUBLE - GIREVOLE - Quota Sicura","isPartOf":{"@id":"https:\/\/www.quotasicura.com\/#website"},"primaryImageOfPage":{"@id":"https:\/\/www.quotasicura.com\/product\/starting-element-double-qs-girevole-qs\/#primaryimage"},"image":{"@id":"https:\/\/www.quotasicura.com\/product\/starting-element-double-qs-girevole-qs\/#primaryimage"},"thumbnailUrl":"https:\/\/www.quotasicura.com\/wp-content\/uploads\/2025\/10\/STARTING-ELEMENT-SINGLE-QS.png","datePublished":"2025-10-07T15:26:31+00:00","dateModified":"2025-11-28T08:05:56+00:00","description":"Starting Element Double girevole in acciaio inox per l\u2019avvio di linee vita flessibili tipo C. Sistema doppio con funzione di assorbimento e rotazione.","breadcrumb":{"@id":"https:\/\/www.quotasicura.com\/product\/starting-element-double-qs-girevole-qs\/#breadcrumb"},"inLanguage":"fr-FR","potentialAction":[{"@type":"ReadAction","target":["https:\/\/www.quotasicura.com\/product\/starting-element-double-qs-girevole-qs\/"]}]},{"@type":"ImageObject","inLanguage":"fr-FR","@id":"https:\/\/www.quotasicura.com\/product\/starting-element-double-qs-girevole-qs\/#primaryimage","url":"https:\/\/www.quotasicura.com\/wp-content\/uploads\/2025\/10\/STARTING-ELEMENT-SINGLE-QS.png","contentUrl":"https:\/\/www.quotasicura.com\/wp-content\/uploads\/2025\/10\/STARTING-ELEMENT-SINGLE-QS.png","width":1080,"height":1350},{"@type":"BreadcrumbList","@id":"https:\/\/www.quotasicura.com\/product\/starting-element-double-qs-girevole-qs\/#breadcrumb","itemListElement":[{"@type":"ListItem","position":1,"name":"Home","item":"https:\/\/www.quotasicura.com\/"},{"@type":"ListItem","position":2,"name":"Prodotti","item":"https:\/\/www.quotasicura.com\/prodotti\/"},{"@type":"ListItem","position":3,"name":"STARTING ELEMENT DOUBLE &#8211; GIREVOLE"}]},{"@type":"WebSite","@id":"https:\/\/www.quotasicura.com\/#website","url":"https:\/\/www.quotasicura.com\/","name":"Quota de s\u00e9curit\u00e9","description":"","publisher":{"@id":"https:\/\/www.quotasicura.com\/#organization"},"potentialAction":[{"@type":"SearchAction","target":{"@type":"EntryPoint","urlTemplate":"https:\/\/www.quotasicura.com\/?s={search_term_string}"},"query-input":{"@type":"PropertyValueSpecification","valueRequired":true,"valueName":"search_term_string"}}],"inLanguage":"fr-FR"},{"@type":"Organization","@id":"https:\/\/www.quotasicura.com\/#organization","name":"Quota de s\u00e9curit\u00e9","url":"https:\/\/www.quotasicura.com\/","logo":{"@type":"ImageObject","inLanguage":"fr-FR","@id":"https:\/\/www.quotasicura.com\/#\/schema\/logo\/image\/","url":"https:\/\/www.quotasicura.com\/wp-content\/uploads\/2025\/10\/LOGO-QUOTA-SICURA.pdf.png","contentUrl":"https:\/\/www.quotasicura.com\/wp-content\/uploads\/2025\/10\/LOGO-QUOTA-SICURA.pdf.png","width":2000,"height":614,"caption":"Quota Sicura"},"image":{"@id":"https:\/\/www.quotasicura.com\/#\/schema\/logo\/image\/"}}]}},"_links":{"self":[{"href":"https:\/\/www.quotasicura.com\/fr\/wp-json\/wp\/v2\/product\/505","targetHints":{"allow":["GET"]}}],"collection":[{"href":"https:\/\/www.quotasicura.com\/fr\/wp-json\/wp\/v2\/product"}],"about":[{"href":"https:\/\/www.quotasicura.com\/fr\/wp-json\/wp\/v2\/types\/product"}],"replies":[{"embeddable":true,"href":"https:\/\/www.quotasicura.com\/fr\/wp-json\/wp\/v2\/comments?post=505"}],"wp:featuredmedia":[{"embeddable":true,"href":"https:\/\/www.quotasicura.com\/fr\/wp-json\/wp\/v2\/media\/529"}],"wp:attachment":[{"href":"https:\/\/www.quotasicura.com\/fr\/wp-json\/wp\/v2\/media?parent=505"}],"wp:term":[{"taxonomy":"product_brand","embeddable":true,"href":"https:\/\/www.quotasicura.com\/fr\/wp-json\/wp\/v2\/product_brand?post=505"},{"taxonomy":"product_cat","embeddable":true,"href":"https:\/\/www.quotasicura.com\/fr\/wp-json\/wp\/v2\/product_cat?post=505"},{"taxonomy":"product_tag","embeddable":true,"href":"https:\/\/www.quotasicura.com\/fr\/wp-json\/wp\/v2\/product_tag?post=505"}],"curies":[{"name":"wp","href":"https:\/\/api.w.org\/{rel}","templated":true}]}}