{"id":509,"date":"2025-10-07T15:26:31","date_gmt":"2025-10-07T15:26:31","guid":{"rendered":"https:\/\/www.quotasicura.com\/?post_type=product&#038;p=509"},"modified":"2025-11-28T08:33:02","modified_gmt":"2025-11-28T08:33:02","slug":"tensioner-m12-inox","status":"publish","type":"product","link":"https:\/\/www.quotasicura.com\/fr\/product\/tensioner-m12-inox\/","title":{"rendered":"TENSION EN ACIER INOXYDABLE M12"},"content":{"rendered":"<p><strong>Tendeur M12 en acier inoxydable AISI 304<\/strong>Con\u00e7u pour les cordes de \u00d88 mm, id\u00e9al pour le r\u00e9glage de la tension dans les syst\u00e8mes <strong>lignes de vie de type C<\/strong>Durable et conforme aux normes de s\u00e9curit\u00e9, il garantit la fiabilit\u00e9 des installations sur toitures et structures.<\/p>\n<p>Compatible avec <strong>POLE 25, POLE 60, CROCHET EN CROIX, CROCHET MURAL, PLAQUE SIMPLE et PLAQUE COLMO<\/strong>Conforme \u00e0 la r\u00e9glementation <strong>UNI 11578:2015<\/strong> et test\u00e9s conform\u00e9ment aux normes europ\u00e9ennes.<\/p>\n<h2>Caract\u00e9ristiques techniques<\/h2>\n<div class=\"scrollable-table\" style=\"overflow-x: auto;\">\n<table style=\"width: 100%; border-collapse: collapse;\">\n<thead>\n<tr style=\"background-color: #f2f2f2;\">\n<th style=\"padding: 10px; border: 1px solid #ddd;\">Caract\u00e9ristiques<\/th>\n<th style=\"padding: 10px; border: 1px solid #ddd;\">D\u00e9tail<\/th>\n<\/tr>\n<\/thead>\n<tbody>\n<tr>\n<td style=\"padding: 10px; border: 1px solid #ddd;\">Code produit<\/td>\n<td style=\"padding: 10px; border: 1px solid #ddd;\">LVTQS 400T12-ZN<\/td>\n<\/tr>\n<tr>\n<td style=\"padding: 10px; border: 1px solid #ddd;\">Type d&#039;appareil<\/td>\n<td style=\"padding: 10px; border: 1px solid #ddd;\">Accessoire pour appareil de type C<\/td>\n<\/tr>\n<tr>\n<td style=\"padding: 10px; border: 1px solid #ddd;\">Compatibilit\u00e9<\/td>\n<td style=\"padding: 10px; border: 1px solid #ddd;\">S\u00e9rie POLE 25 \/ POLE 60 \/ CROCHET EN CROIX \/ CROCHET MURAL \/ PLAQUE SIMPLE \/ PLAQUE DE CR\u00caTE<\/td>\n<\/tr>\n<tr>\n<td style=\"padding: 10px; border: 1px solid #ddd;\">Nombre maximal d&#039;utilisateurs<\/td>\n<td style=\"padding: 10px; border: 1px solid #ddd;\">3<\/td>\n<\/tr>\n<tr>\n<td style=\"padding: 10px; border: 1px solid #ddd;\">Mat\u00e9riel<\/td>\n<td style=\"padding: 10px; border: 1px solid #ddd;\">ACIER INOXYDABLE AISI 304<\/td>\n<\/tr>\n<tr>\n<td style=\"padding: 10px; border: 1px solid #ddd;\">R\u00e8glements<\/td>\n<td style=\"padding: 10px; border: 1px solid #ddd;\">UNI 11578:2015 \u2013 UNI EN 795:2012 \u2013 UNI CEN\/TS 16415:2013<\/td>\n<\/tr>\n<tr>\n<td style=\"padding: 10px; border: 1px solid #ddd;\">Marquage<\/td>\n<td style=\"padding: 10px; border: 1px solid #ddd;\">UNI 11578:2015 \u00a76 \u2013 UNI EN 365<\/td>\n<\/tr>\n<\/tbody>\n<\/table>\n<\/div>","protected":false},"excerpt":{"rendered":"<p>Tendeur M12 en acier inoxydable AISI 304 pour corde de \u00d88, certifi\u00e9 UNI 11578:2015. Accessoire pour lignes de vie de type C, compatible avec les s\u00e9ries POLE 25, POLE 60, CROSS HOOK, WALL HOOK, TARGA UNICA et TARGA COLMO. Supporte jusqu&#039;\u00e0 3 utilisateurs.<\/p>","protected":false},"featured_media":533,"comment_status":"open","ping_status":"closed","template":"","meta":[],"product_brand":[],"product_cat":[27,31],"product_tag":[],"class_list":{"0":"post-509","1":"product","2":"type-product","3":"status-publish","4":"has-post-thumbnail","6":"product_cat-accessori-per-linee-vita","7":"product_cat-elementi-per-fune","9":"first","10":"instock","11":"shipping-taxable","12":"product-type-simple"},"yoast_head":"<!-- This site is optimized with the Yoast SEO Premium plugin v26.4 (Yoast SEO v26.4) - https:\/\/yoast.com\/wordpress\/plugins\/seo\/ -->\n<title>TENSIONER M12 INOX - Quota Sicura<\/title>\n<meta name=\"description\" content=\"Tensioner M12 in acciaio inox per la regolazione della tensione del cavo in sistemi di linea vita flessibile tipo C. Robusto e anticorrosione.\" \/>\n<meta name=\"robots\" content=\"index, follow, max-snippet:-1, max-image-preview:large, max-video-preview:-1\" \/>\n<link rel=\"canonical\" href=\"https:\/\/www.quotasicura.com\/fr\/product\/tensioner-m12-inox\/\" \/>\n<meta property=\"og:locale\" content=\"fr_FR\" \/>\n<meta property=\"og:type\" content=\"article\" \/>\n<meta property=\"og:title\" content=\"TENSIONER M12 INOX\" \/>\n<meta property=\"og:description\" content=\"Tensioner M12 in acciaio inox per la regolazione della tensione del cavo in sistemi di linea vita flessibile tipo C. Robusto e anticorrosione.\" \/>\n<meta property=\"og:url\" content=\"https:\/\/www.quotasicura.com\/fr\/product\/tensioner-m12-inox\/\" \/>\n<meta property=\"og:site_name\" content=\"Quota Sicura\" \/>\n<meta property=\"article:modified_time\" content=\"2025-11-28T08:33:02+00:00\" \/>\n<meta property=\"og:image\" content=\"https:\/\/www.quotasicura.com\/wp-content\/uploads\/2025\/10\/TENSIONERM12.png\" \/>\n\t<meta property=\"og:image:width\" content=\"1080\" \/>\n\t<meta property=\"og:image:height\" content=\"1350\" \/>\n\t<meta property=\"og:image:type\" content=\"image\/png\" \/>\n<meta name=\"twitter:card\" content=\"summary_large_image\" \/>\n<meta name=\"twitter:label1\" content=\"Dur\u00e9e de lecture estim\u00e9e\" \/>\n\t<meta name=\"twitter:data1\" content=\"1 minute\" \/>\n<script type=\"application\/ld+json\" class=\"yoast-schema-graph\">{\"@context\":\"https:\/\/schema.org\",\"@graph\":[{\"@type\":\"WebPage\",\"@id\":\"https:\/\/www.quotasicura.com\/product\/tensioner-m12-inox\/\",\"url\":\"https:\/\/www.quotasicura.com\/product\/tensioner-m12-inox\/\",\"name\":\"TENSIONER M12 INOX - Quota Sicura\",\"isPartOf\":{\"@id\":\"https:\/\/www.quotasicura.com\/#website\"},\"primaryImageOfPage\":{\"@id\":\"https:\/\/www.quotasicura.com\/product\/tensioner-m12-inox\/#primaryimage\"},\"image\":{\"@id\":\"https:\/\/www.quotasicura.com\/product\/tensioner-m12-inox\/#primaryimage\"},\"thumbnailUrl\":\"https:\/\/www.quotasicura.com\/wp-content\/uploads\/2025\/10\/TENSIONERM12.png\",\"datePublished\":\"2025-10-07T15:26:31+00:00\",\"dateModified\":\"2025-11-28T08:33:02+00:00\",\"description\":\"Tensioner M12 in acciaio inox per la regolazione della tensione del cavo in sistemi di linea vita flessibile tipo C. Robusto e anticorrosione.\",\"breadcrumb\":{\"@id\":\"https:\/\/www.quotasicura.com\/product\/tensioner-m12-inox\/#breadcrumb\"},\"inLanguage\":\"fr-FR\",\"potentialAction\":[{\"@type\":\"ReadAction\",\"target\":[\"https:\/\/www.quotasicura.com\/product\/tensioner-m12-inox\/\"]}]},{\"@type\":\"ImageObject\",\"inLanguage\":\"fr-FR\",\"@id\":\"https:\/\/www.quotasicura.com\/product\/tensioner-m12-inox\/#primaryimage\",\"url\":\"https:\/\/www.quotasicura.com\/wp-content\/uploads\/2025\/10\/TENSIONERM12.png\",\"contentUrl\":\"https:\/\/www.quotasicura.com\/wp-content\/uploads\/2025\/10\/TENSIONERM12.png\",\"width\":1080,\"height\":1350},{\"@type\":\"BreadcrumbList\",\"@id\":\"https:\/\/www.quotasicura.com\/product\/tensioner-m12-inox\/#breadcrumb\",\"itemListElement\":[{\"@type\":\"ListItem\",\"position\":1,\"name\":\"Home\",\"item\":\"https:\/\/www.quotasicura.com\/\"},{\"@type\":\"ListItem\",\"position\":2,\"name\":\"Prodotti\",\"item\":\"https:\/\/www.quotasicura.com\/prodotti\/\"},{\"@type\":\"ListItem\",\"position\":3,\"name\":\"TENSIONER M12 INOX\"}]},{\"@type\":\"WebSite\",\"@id\":\"https:\/\/www.quotasicura.com\/#website\",\"url\":\"https:\/\/www.quotasicura.com\/\",\"name\":\"Quota Sicura\",\"description\":\"\",\"publisher\":{\"@id\":\"https:\/\/www.quotasicura.com\/#organization\"},\"potentialAction\":[{\"@type\":\"SearchAction\",\"target\":{\"@type\":\"EntryPoint\",\"urlTemplate\":\"https:\/\/www.quotasicura.com\/?s={search_term_string}\"},\"query-input\":{\"@type\":\"PropertyValueSpecification\",\"valueRequired\":true,\"valueName\":\"search_term_string\"}}],\"inLanguage\":\"fr-FR\"},{\"@type\":\"Organization\",\"@id\":\"https:\/\/www.quotasicura.com\/#organization\",\"name\":\"Quota Sicura\",\"url\":\"https:\/\/www.quotasicura.com\/\",\"logo\":{\"@type\":\"ImageObject\",\"inLanguage\":\"fr-FR\",\"@id\":\"https:\/\/www.quotasicura.com\/#\/schema\/logo\/image\/\",\"url\":\"https:\/\/www.quotasicura.com\/wp-content\/uploads\/2025\/10\/LOGO-QUOTA-SICURA.pdf.png\",\"contentUrl\":\"https:\/\/www.quotasicura.com\/wp-content\/uploads\/2025\/10\/LOGO-QUOTA-SICURA.pdf.png\",\"width\":2000,\"height\":614,\"caption\":\"Quota Sicura\"},\"image\":{\"@id\":\"https:\/\/www.quotasicura.com\/#\/schema\/logo\/image\/\"}}]}<\/script>\n<!-- \/ Yoast SEO Premium plugin. -->","yoast_head_json":{"title":"TENSIONER M12 INOX - Quota Sicura","description":"Tensioner M12 in acciaio inox per la regolazione della tensione del cavo in sistemi di linea vita flessibile tipo C. Robusto e anticorrosione.","robots":{"index":"index","follow":"follow","max-snippet":"max-snippet:-1","max-image-preview":"max-image-preview:large","max-video-preview":"max-video-preview:-1"},"canonical":"https:\/\/www.quotasicura.com\/fr\/product\/tensioner-m12-inox\/","og_locale":"fr_FR","og_type":"article","og_title":"TENSIONER M12 INOX","og_description":"Tensioner M12 in acciaio inox per la regolazione della tensione del cavo in sistemi di linea vita flessibile tipo C. Robusto e anticorrosione.","og_url":"https:\/\/www.quotasicura.com\/fr\/product\/tensioner-m12-inox\/","og_site_name":"Quota Sicura","article_modified_time":"2025-11-28T08:33:02+00:00","og_image":[{"width":1080,"height":1350,"url":"https:\/\/www.quotasicura.com\/wp-content\/uploads\/2025\/10\/TENSIONERM12.png","type":"image\/png"}],"twitter_card":"summary_large_image","twitter_misc":{"Dur\u00e9e de lecture estim\u00e9e":"1 minute"},"schema":{"@context":"https:\/\/schema.org","@graph":[{"@type":"WebPage","@id":"https:\/\/www.quotasicura.com\/product\/tensioner-m12-inox\/","url":"https:\/\/www.quotasicura.com\/product\/tensioner-m12-inox\/","name":"TENSIONER M12 INOX - Quota Sicura","isPartOf":{"@id":"https:\/\/www.quotasicura.com\/#website"},"primaryImageOfPage":{"@id":"https:\/\/www.quotasicura.com\/product\/tensioner-m12-inox\/#primaryimage"},"image":{"@id":"https:\/\/www.quotasicura.com\/product\/tensioner-m12-inox\/#primaryimage"},"thumbnailUrl":"https:\/\/www.quotasicura.com\/wp-content\/uploads\/2025\/10\/TENSIONERM12.png","datePublished":"2025-10-07T15:26:31+00:00","dateModified":"2025-11-28T08:33:02+00:00","description":"Tensioner M12 in acciaio inox per la regolazione della tensione del cavo in sistemi di linea vita flessibile tipo C. Robusto e anticorrosione.","breadcrumb":{"@id":"https:\/\/www.quotasicura.com\/product\/tensioner-m12-inox\/#breadcrumb"},"inLanguage":"fr-FR","potentialAction":[{"@type":"ReadAction","target":["https:\/\/www.quotasicura.com\/product\/tensioner-m12-inox\/"]}]},{"@type":"ImageObject","inLanguage":"fr-FR","@id":"https:\/\/www.quotasicura.com\/product\/tensioner-m12-inox\/#primaryimage","url":"https:\/\/www.quotasicura.com\/wp-content\/uploads\/2025\/10\/TENSIONERM12.png","contentUrl":"https:\/\/www.quotasicura.com\/wp-content\/uploads\/2025\/10\/TENSIONERM12.png","width":1080,"height":1350},{"@type":"BreadcrumbList","@id":"https:\/\/www.quotasicura.com\/product\/tensioner-m12-inox\/#breadcrumb","itemListElement":[{"@type":"ListItem","position":1,"name":"Home","item":"https:\/\/www.quotasicura.com\/"},{"@type":"ListItem","position":2,"name":"Prodotti","item":"https:\/\/www.quotasicura.com\/prodotti\/"},{"@type":"ListItem","position":3,"name":"TENSIONER M12 INOX"}]},{"@type":"WebSite","@id":"https:\/\/www.quotasicura.com\/#website","url":"https:\/\/www.quotasicura.com\/","name":"Quota de s\u00e9curit\u00e9","description":"","publisher":{"@id":"https:\/\/www.quotasicura.com\/#organization"},"potentialAction":[{"@type":"SearchAction","target":{"@type":"EntryPoint","urlTemplate":"https:\/\/www.quotasicura.com\/?s={search_term_string}"},"query-input":{"@type":"PropertyValueSpecification","valueRequired":true,"valueName":"search_term_string"}}],"inLanguage":"fr-FR"},{"@type":"Organization","@id":"https:\/\/www.quotasicura.com\/#organization","name":"Quota de s\u00e9curit\u00e9","url":"https:\/\/www.quotasicura.com\/","logo":{"@type":"ImageObject","inLanguage":"fr-FR","@id":"https:\/\/www.quotasicura.com\/#\/schema\/logo\/image\/","url":"https:\/\/www.quotasicura.com\/wp-content\/uploads\/2025\/10\/LOGO-QUOTA-SICURA.pdf.png","contentUrl":"https:\/\/www.quotasicura.com\/wp-content\/uploads\/2025\/10\/LOGO-QUOTA-SICURA.pdf.png","width":2000,"height":614,"caption":"Quota Sicura"},"image":{"@id":"https:\/\/www.quotasicura.com\/#\/schema\/logo\/image\/"}}]}},"_links":{"self":[{"href":"https:\/\/www.quotasicura.com\/fr\/wp-json\/wp\/v2\/product\/509","targetHints":{"allow":["GET"]}}],"collection":[{"href":"https:\/\/www.quotasicura.com\/fr\/wp-json\/wp\/v2\/product"}],"about":[{"href":"https:\/\/www.quotasicura.com\/fr\/wp-json\/wp\/v2\/types\/product"}],"replies":[{"embeddable":true,"href":"https:\/\/www.quotasicura.com\/fr\/wp-json\/wp\/v2\/comments?post=509"}],"wp:featuredmedia":[{"embeddable":true,"href":"https:\/\/www.quotasicura.com\/fr\/wp-json\/wp\/v2\/media\/533"}],"wp:attachment":[{"href":"https:\/\/www.quotasicura.com\/fr\/wp-json\/wp\/v2\/media?parent=509"}],"wp:term":[{"taxonomy":"product_brand","embeddable":true,"href":"https:\/\/www.quotasicura.com\/fr\/wp-json\/wp\/v2\/product_brand?post=509"},{"taxonomy":"product_cat","embeddable":true,"href":"https:\/\/www.quotasicura.com\/fr\/wp-json\/wp\/v2\/product_cat?post=509"},{"taxonomy":"product_tag","embeddable":true,"href":"https:\/\/www.quotasicura.com\/fr\/wp-json\/wp\/v2\/product_tag?post=509"}],"curies":[{"name":"wp","href":"https:\/\/api.w.org\/{rel}","templated":true}]}}