{"id":512,"date":"2025-10-07T15:26:31","date_gmt":"2025-10-07T15:26:31","guid":{"rendered":"https:\/\/www.quotasicura.com\/?post_type=product&#038;p=512"},"modified":"2025-11-28T08:42:12","modified_gmt":"2025-11-28T08:42:12","slug":"blocco-fune","status":"publish","type":"product","link":"https:\/\/www.quotasicura.com\/fr\/product\/blocco-fune\/","title":{"rendered":"Bloc de corde"},"content":{"rendered":"<p><strong>Poulie de corde pour lignes de vie<\/strong> en alliage d&#039;aluminium anodis\u00e9, avec <strong>vis de serrage en acier inoxydable A2<\/strong> Dot\u00e9 d&#039;un traitement anti-d\u00e9chirure. Con\u00e7u pour assurer une fixation s\u00fbre et r\u00e9sistante des c\u00e2bles d&#039;acier dans les syst\u00e8mes. <strong>Ligne de vie de type C<\/strong>.<\/p>\n<p>Compatible avec <strong>S\u00e9ries POLE 25, POLE 60, CROSS HOOK, SINGLE PLATE et COLMO PLATE<\/strong>Fabriqu\u00e9 \u00e0 partir de mat\u00e9riaux haute r\u00e9sistance et test\u00e9 selon les normes europ\u00e9ennes de s\u00e9curit\u00e9 au travail.<\/p>\n<h2>Caract\u00e9ristiques techniques<\/h2>\n<div class=\"scrollable-table\" style=\"overflow-x: auto;\">\n<table style=\"width: 100%; border-collapse: collapse;\">\n<thead>\n<tr style=\"background-color: #f2f2f2;\">\n<th style=\"padding: 10px; border: 1px solid #ddd;\">Caract\u00e9ristiques<\/th>\n<th style=\"padding: 10px; border: 1px solid #ddd;\">D\u00e9tail<\/th>\n<\/tr>\n<\/thead>\n<tbody>\n<tr>\n<td style=\"padding: 10px; border: 1px solid #ddd;\">Code produit<\/td>\n<td style=\"padding: 10px; border: 1px solid #ddd;\">LVTQSCABLELOCK<\/td>\n<\/tr>\n<tr>\n<td style=\"padding: 10px; border: 1px solid #ddd;\">Type d&#039;appareil<\/td>\n<td style=\"padding: 10px; border: 1px solid #ddd;\">Accessoire pour appareil de type C<\/td>\n<\/tr>\n<tr>\n<td style=\"padding: 10px; border: 1px solid #ddd;\">Compatibilit\u00e9<\/td>\n<td style=\"padding: 10px; border: 1px solid #ddd;\">S\u00e9rie POLE 25 \/ POLE 60 \/ CROCHET CROIS\u00c9 \/ PLAQUE SIMPLE \/ PLAQUE DE HAUTEUR<\/td>\n<\/tr>\n<tr>\n<td style=\"padding: 10px; border: 1px solid #ddd;\">Mati\u00e8re corporelle<\/td>\n<td style=\"padding: 10px; border: 1px solid #ddd;\">Alliage d&#039;aluminium anodis\u00e9 anticorrosion<\/td>\n<\/tr>\n<tr>\n<td style=\"padding: 10px; border: 1px solid #ddd;\">Vis de serrage<\/td>\n<td style=\"padding: 10px; border: 1px solid #ddd;\">Acier inoxydable A2 avec traitement anti-d\u00e9chirure<\/td>\n<\/tr>\n<tr>\n<td style=\"padding: 10px; border: 1px solid #ddd;\">R\u00e8glements<\/td>\n<td style=\"padding: 10px; border: 1px solid #ddd;\">EN 795\/12 \u2013 TS16415 \u2013 UNI 11578\/15 \u2013 EN ISO 6892-1<\/td>\n<\/tr>\n<\/tbody>\n<\/table>\n<\/div>","protected":false},"excerpt":{"rendered":"<p data-start=\"304\" data-end=\"488\">Poulie de renvoi en alliage d&#039;aluminium anodis\u00e9 avec vis de serrage en acier inoxydable A2 r\u00e9sistant \u00e0 la d\u00e9chirure. Accessoire pour syst\u00e8mes de ligne de vie de type C, certifi\u00e9 conforme aux normes UNI 11578:2015 et EN ISO 6892-1.<\/p>","protected":false},"featured_media":536,"comment_status":"open","ping_status":"closed","template":"","meta":[],"product_brand":[],"product_cat":[27,31],"product_tag":[],"class_list":{"0":"post-512","1":"product","2":"type-product","3":"status-publish","4":"has-post-thumbnail","6":"product_cat-accessori-per-linee-vita","7":"product_cat-elementi-per-fune","9":"first","10":"instock","11":"shipping-taxable","12":"product-type-simple"},"yoast_head":"<!-- This site is optimized with the Yoast SEO Premium plugin v26.4 (Yoast SEO v26.4) - https:\/\/yoast.com\/wordpress\/plugins\/seo\/ -->\n<title>BLOCCO FUNE - Quota Sicura<\/title>\n<meta name=\"description\" content=\"Blocco fune in acciaio inox per la stabilizzazione del cavo in sistemi di linea vita tipo C. Accessorio essenziale per garantire tensione e sicurezza.\" \/>\n<meta name=\"robots\" content=\"index, follow, max-snippet:-1, max-image-preview:large, max-video-preview:-1\" \/>\n<link rel=\"canonical\" href=\"https:\/\/www.quotasicura.com\/fr\/product\/blocco-fune\/\" \/>\n<meta property=\"og:locale\" content=\"fr_FR\" \/>\n<meta property=\"og:type\" content=\"article\" \/>\n<meta property=\"og:title\" content=\"BLOCCO FUNE\" \/>\n<meta property=\"og:description\" content=\"Blocco fune in acciaio inox per la stabilizzazione del cavo in sistemi di linea vita tipo C. Accessorio essenziale per garantire tensione e sicurezza.\" \/>\n<meta property=\"og:url\" content=\"https:\/\/www.quotasicura.com\/fr\/product\/blocco-fune\/\" \/>\n<meta property=\"og:site_name\" content=\"Quota Sicura\" \/>\n<meta property=\"article:modified_time\" content=\"2025-11-28T08:42:12+00:00\" \/>\n<meta property=\"og:image\" content=\"https:\/\/www.quotasicura.com\/wp-content\/uploads\/2025\/10\/BLOCCO-FUNET-CLAMPS-REDANCE.png\" \/>\n\t<meta property=\"og:image:width\" content=\"1080\" \/>\n\t<meta property=\"og:image:height\" content=\"1350\" \/>\n\t<meta property=\"og:image:type\" content=\"image\/png\" \/>\n<meta name=\"twitter:card\" content=\"summary_large_image\" \/>\n<meta name=\"twitter:label1\" content=\"Dur\u00e9e de lecture estim\u00e9e\" \/>\n\t<meta name=\"twitter:data1\" content=\"1 minute\" \/>\n<script type=\"application\/ld+json\" class=\"yoast-schema-graph\">{\"@context\":\"https:\/\/schema.org\",\"@graph\":[{\"@type\":\"WebPage\",\"@id\":\"https:\/\/www.quotasicura.com\/product\/blocco-fune\/\",\"url\":\"https:\/\/www.quotasicura.com\/product\/blocco-fune\/\",\"name\":\"BLOCCO FUNE - Quota Sicura\",\"isPartOf\":{\"@id\":\"https:\/\/www.quotasicura.com\/#website\"},\"primaryImageOfPage\":{\"@id\":\"https:\/\/www.quotasicura.com\/product\/blocco-fune\/#primaryimage\"},\"image\":{\"@id\":\"https:\/\/www.quotasicura.com\/product\/blocco-fune\/#primaryimage\"},\"thumbnailUrl\":\"https:\/\/www.quotasicura.com\/wp-content\/uploads\/2025\/10\/BLOCCO-FUNET-CLAMPS-REDANCE.png\",\"datePublished\":\"2025-10-07T15:26:31+00:00\",\"dateModified\":\"2025-11-28T08:42:12+00:00\",\"description\":\"Blocco fune in acciaio inox per la stabilizzazione del cavo in sistemi di linea vita tipo C. Accessorio essenziale per garantire tensione e sicurezza.\",\"breadcrumb\":{\"@id\":\"https:\/\/www.quotasicura.com\/product\/blocco-fune\/#breadcrumb\"},\"inLanguage\":\"fr-FR\",\"potentialAction\":[{\"@type\":\"ReadAction\",\"target\":[\"https:\/\/www.quotasicura.com\/product\/blocco-fune\/\"]}]},{\"@type\":\"ImageObject\",\"inLanguage\":\"fr-FR\",\"@id\":\"https:\/\/www.quotasicura.com\/product\/blocco-fune\/#primaryimage\",\"url\":\"https:\/\/www.quotasicura.com\/wp-content\/uploads\/2025\/10\/BLOCCO-FUNET-CLAMPS-REDANCE.png\",\"contentUrl\":\"https:\/\/www.quotasicura.com\/wp-content\/uploads\/2025\/10\/BLOCCO-FUNET-CLAMPS-REDANCE.png\",\"width\":1080,\"height\":1350},{\"@type\":\"BreadcrumbList\",\"@id\":\"https:\/\/www.quotasicura.com\/product\/blocco-fune\/#breadcrumb\",\"itemListElement\":[{\"@type\":\"ListItem\",\"position\":1,\"name\":\"Home\",\"item\":\"https:\/\/www.quotasicura.com\/\"},{\"@type\":\"ListItem\",\"position\":2,\"name\":\"Prodotti\",\"item\":\"https:\/\/www.quotasicura.com\/prodotti\/\"},{\"@type\":\"ListItem\",\"position\":3,\"name\":\"BLOCCO FUNE\"}]},{\"@type\":\"WebSite\",\"@id\":\"https:\/\/www.quotasicura.com\/#website\",\"url\":\"https:\/\/www.quotasicura.com\/\",\"name\":\"Quota Sicura\",\"description\":\"\",\"publisher\":{\"@id\":\"https:\/\/www.quotasicura.com\/#organization\"},\"potentialAction\":[{\"@type\":\"SearchAction\",\"target\":{\"@type\":\"EntryPoint\",\"urlTemplate\":\"https:\/\/www.quotasicura.com\/?s={search_term_string}\"},\"query-input\":{\"@type\":\"PropertyValueSpecification\",\"valueRequired\":true,\"valueName\":\"search_term_string\"}}],\"inLanguage\":\"fr-FR\"},{\"@type\":\"Organization\",\"@id\":\"https:\/\/www.quotasicura.com\/#organization\",\"name\":\"Quota Sicura\",\"url\":\"https:\/\/www.quotasicura.com\/\",\"logo\":{\"@type\":\"ImageObject\",\"inLanguage\":\"fr-FR\",\"@id\":\"https:\/\/www.quotasicura.com\/#\/schema\/logo\/image\/\",\"url\":\"https:\/\/www.quotasicura.com\/wp-content\/uploads\/2025\/10\/LOGO-QUOTA-SICURA.pdf.png\",\"contentUrl\":\"https:\/\/www.quotasicura.com\/wp-content\/uploads\/2025\/10\/LOGO-QUOTA-SICURA.pdf.png\",\"width\":2000,\"height\":614,\"caption\":\"Quota Sicura\"},\"image\":{\"@id\":\"https:\/\/www.quotasicura.com\/#\/schema\/logo\/image\/\"}}]}<\/script>\n<!-- \/ Yoast SEO Premium plugin. -->","yoast_head_json":{"title":"BLOCCO FUNE - Quota Sicura","description":"Blocco fune in acciaio inox per la stabilizzazione del cavo in sistemi di linea vita tipo C. Accessorio essenziale per garantire tensione e sicurezza.","robots":{"index":"index","follow":"follow","max-snippet":"max-snippet:-1","max-image-preview":"max-image-preview:large","max-video-preview":"max-video-preview:-1"},"canonical":"https:\/\/www.quotasicura.com\/fr\/product\/blocco-fune\/","og_locale":"fr_FR","og_type":"article","og_title":"BLOCCO FUNE","og_description":"Blocco fune in acciaio inox per la stabilizzazione del cavo in sistemi di linea vita tipo C. Accessorio essenziale per garantire tensione e sicurezza.","og_url":"https:\/\/www.quotasicura.com\/fr\/product\/blocco-fune\/","og_site_name":"Quota Sicura","article_modified_time":"2025-11-28T08:42:12+00:00","og_image":[{"width":1080,"height":1350,"url":"https:\/\/www.quotasicura.com\/wp-content\/uploads\/2025\/10\/BLOCCO-FUNET-CLAMPS-REDANCE.png","type":"image\/png"}],"twitter_card":"summary_large_image","twitter_misc":{"Dur\u00e9e de lecture estim\u00e9e":"1 minute"},"schema":{"@context":"https:\/\/schema.org","@graph":[{"@type":"WebPage","@id":"https:\/\/www.quotasicura.com\/product\/blocco-fune\/","url":"https:\/\/www.quotasicura.com\/product\/blocco-fune\/","name":"BLOCCO FUNE - Quota Sicura","isPartOf":{"@id":"https:\/\/www.quotasicura.com\/#website"},"primaryImageOfPage":{"@id":"https:\/\/www.quotasicura.com\/product\/blocco-fune\/#primaryimage"},"image":{"@id":"https:\/\/www.quotasicura.com\/product\/blocco-fune\/#primaryimage"},"thumbnailUrl":"https:\/\/www.quotasicura.com\/wp-content\/uploads\/2025\/10\/BLOCCO-FUNET-CLAMPS-REDANCE.png","datePublished":"2025-10-07T15:26:31+00:00","dateModified":"2025-11-28T08:42:12+00:00","description":"Blocco fune in acciaio inox per la stabilizzazione del cavo in sistemi di linea vita tipo C. Accessorio essenziale per garantire tensione e sicurezza.","breadcrumb":{"@id":"https:\/\/www.quotasicura.com\/product\/blocco-fune\/#breadcrumb"},"inLanguage":"fr-FR","potentialAction":[{"@type":"ReadAction","target":["https:\/\/www.quotasicura.com\/product\/blocco-fune\/"]}]},{"@type":"ImageObject","inLanguage":"fr-FR","@id":"https:\/\/www.quotasicura.com\/product\/blocco-fune\/#primaryimage","url":"https:\/\/www.quotasicura.com\/wp-content\/uploads\/2025\/10\/BLOCCO-FUNET-CLAMPS-REDANCE.png","contentUrl":"https:\/\/www.quotasicura.com\/wp-content\/uploads\/2025\/10\/BLOCCO-FUNET-CLAMPS-REDANCE.png","width":1080,"height":1350},{"@type":"BreadcrumbList","@id":"https:\/\/www.quotasicura.com\/product\/blocco-fune\/#breadcrumb","itemListElement":[{"@type":"ListItem","position":1,"name":"Home","item":"https:\/\/www.quotasicura.com\/"},{"@type":"ListItem","position":2,"name":"Prodotti","item":"https:\/\/www.quotasicura.com\/prodotti\/"},{"@type":"ListItem","position":3,"name":"BLOCCO FUNE"}]},{"@type":"WebSite","@id":"https:\/\/www.quotasicura.com\/#website","url":"https:\/\/www.quotasicura.com\/","name":"Quota de s\u00e9curit\u00e9","description":"","publisher":{"@id":"https:\/\/www.quotasicura.com\/#organization"},"potentialAction":[{"@type":"SearchAction","target":{"@type":"EntryPoint","urlTemplate":"https:\/\/www.quotasicura.com\/?s={search_term_string}"},"query-input":{"@type":"PropertyValueSpecification","valueRequired":true,"valueName":"search_term_string"}}],"inLanguage":"fr-FR"},{"@type":"Organization","@id":"https:\/\/www.quotasicura.com\/#organization","name":"Quota de s\u00e9curit\u00e9","url":"https:\/\/www.quotasicura.com\/","logo":{"@type":"ImageObject","inLanguage":"fr-FR","@id":"https:\/\/www.quotasicura.com\/#\/schema\/logo\/image\/","url":"https:\/\/www.quotasicura.com\/wp-content\/uploads\/2025\/10\/LOGO-QUOTA-SICURA.pdf.png","contentUrl":"https:\/\/www.quotasicura.com\/wp-content\/uploads\/2025\/10\/LOGO-QUOTA-SICURA.pdf.png","width":2000,"height":614,"caption":"Quota Sicura"},"image":{"@id":"https:\/\/www.quotasicura.com\/#\/schema\/logo\/image\/"}}]}},"_links":{"self":[{"href":"https:\/\/www.quotasicura.com\/fr\/wp-json\/wp\/v2\/product\/512","targetHints":{"allow":["GET"]}}],"collection":[{"href":"https:\/\/www.quotasicura.com\/fr\/wp-json\/wp\/v2\/product"}],"about":[{"href":"https:\/\/www.quotasicura.com\/fr\/wp-json\/wp\/v2\/types\/product"}],"replies":[{"embeddable":true,"href":"https:\/\/www.quotasicura.com\/fr\/wp-json\/wp\/v2\/comments?post=512"}],"wp:featuredmedia":[{"embeddable":true,"href":"https:\/\/www.quotasicura.com\/fr\/wp-json\/wp\/v2\/media\/536"}],"wp:attachment":[{"href":"https:\/\/www.quotasicura.com\/fr\/wp-json\/wp\/v2\/media?parent=512"}],"wp:term":[{"taxonomy":"product_brand","embeddable":true,"href":"https:\/\/www.quotasicura.com\/fr\/wp-json\/wp\/v2\/product_brand?post=512"},{"taxonomy":"product_cat","embeddable":true,"href":"https:\/\/www.quotasicura.com\/fr\/wp-json\/wp\/v2\/product_cat?post=512"},{"taxonomy":"product_tag","embeddable":true,"href":"https:\/\/www.quotasicura.com\/fr\/wp-json\/wp\/v2\/product_tag?post=512"}],"curies":[{"name":"wp","href":"https:\/\/api.w.org\/{rel}","templated":true}]}}