{"id":515,"date":"2025-10-07T15:26:31","date_gmt":"2025-10-07T15:26:31","guid":{"rendered":"https:\/\/www.quotasicura.com\/?post_type=product&#038;p=515"},"modified":"2025-11-28T09:12:10","modified_gmt":"2025-11-28T09:12:10","slug":"fune-o8-inox","status":"publish","type":"product","link":"https:\/\/www.quotasicura.com\/fr\/product\/fune-o8-inox\/","title":{"rendered":"CORDE EN ACIER INOXYDABLE \u00f88"},"content":{"rendered":"<p><strong>Corde en acier inoxydable AISI 316 \u00d88<\/strong>, con\u00e7u comme <strong>accessoire pour appareils de type C<\/strong> (S\u00e9rie POLE 25 \/ POLE 60 \/ TARGA \/ CROSS HOOK \/ WALL HOOK).<br \/>\nCela garantit <strong>r\u00e9sistance m\u00e9canique maximale<\/strong> et durable, id\u00e9al pour les syst\u00e8mes <strong>Ligne de vie UNI 11578:2015<\/strong>.<\/p>\n<p>Gr\u00e2ce \u00e0 sa capacit\u00e9 de charge \u00e9lev\u00e9e, la corde repr\u00e9sente un \u00e9l\u00e9ment essentiel pour le <strong>protection antichute<\/strong>, avec un <strong>charge de rupture minimale de 36,56 kN<\/strong>.<\/p>\n<h2>Caract\u00e9ristiques techniques<\/h2>\n<div class=\"scrollable-table\" style=\"overflow-x: auto;\">\n<table style=\"width: 100%; border-collapse: collapse;\">\n<thead>\n<tr style=\"background-color: #f2f2f2;\">\n<th style=\"padding: 10px; border: 1px solid #ddd;\">Caract\u00e9ristiques<\/th>\n<th style=\"padding: 10px; border: 1px solid #ddd;\">D\u00e9tail<\/th>\n<\/tr>\n<\/thead>\n<tbody>\n<tr>\n<td style=\"padding: 10px; border: 1px solid #ddd;\">R\u00e8glements<\/td>\n<td style=\"padding: 10px; border: 1px solid #ddd;\">UNI 11578:2015<\/td>\n<\/tr>\n<tr>\n<td style=\"padding: 10px; border: 1px solid #ddd;\">Mat\u00e9riel<\/td>\n<td style=\"padding: 10px; border: 1px solid #ddd;\">acier inoxydable AISI 316<\/td>\n<\/tr>\n<tr>\n<td style=\"padding: 10px; border: 1px solid #ddd;\">Diam\u00e8tre<\/td>\n<td style=\"padding: 10px; border: 1px solid #ddd;\">\u00d8 8 mm<\/td>\n<\/tr>\n<tr>\n<td style=\"padding: 10px; border: 1px solid #ddd;\">force de rupture minimale<\/td>\n<td style=\"padding: 10px; border: 1px solid #ddd;\">36,56 kN<\/td>\n<\/tr>\n<tr>\n<td style=\"padding: 10px; border: 1px solid #ddd;\">Longueurs disponibles<\/td>\n<td style=\"padding: 10px; border: 1px solid #ddd;\">10,30 m \u2013 R\u00e9f. LVTQS1030F<br \/>\n16,30 m \u2013 R\u00e9f. LVTQS1630F<br \/>\n20,30 m \u2013 R\u00e9f. LVTQS2030F<br \/>\n26,30 m \u2013 R\u00e9f. LVTQS2630F<br \/>\n30,30 m \u2013 R\u00e9f. LVTQS3030F<br \/>\n36,30 m \u2013 R\u00e9f. LVTQS3630F<br \/>\n40,30 m \u2013 R\u00e9f. LVTQS4030F<br \/>\n46,30 m \u2013 R\u00e9f. LVTQS4630F<br \/>\n50,30 m \u2013 R\u00e9f. LVTQS5030F<br \/>\n56,30 m \u2013 R\u00e9f. LVTQS5630F<br \/>\n60,30 m \u2013 R\u00e9f. LVTQS6030F<\/td>\n<\/tr>\n<\/tbody>\n<\/table>\n<\/div>","protected":false},"excerpt":{"rendered":"<p data-start=\"305\" data-end=\"453\">C\u00e2ble en acier inoxydable AISI 316 \u00d88 mm pour syst\u00e8mes de lignes de vie UNI 11578. Haute r\u00e9sistance \u00e0 la traction (36,56 kN), disponible en diff\u00e9rentes longueurs.<\/p>","protected":false},"featured_media":539,"comment_status":"open","ping_status":"closed","template":"","meta":[],"product_brand":[],"product_cat":[27],"product_tag":[],"class_list":{"0":"post-515","1":"product","2":"type-product","3":"status-publish","4":"has-post-thumbnail","6":"product_cat-accessori-per-linee-vita","8":"first","9":"instock","10":"shipping-taxable","11":"product-type-variable"},"yoast_head":"<!-- This site is optimized with the Yoast SEO Premium plugin v26.4 (Yoast SEO v26.4) - https:\/\/yoast.com\/wordpress\/plugins\/seo\/ -->\n<title>FUNE \u00f88 INOX - Quota Sicura<\/title>\n<meta name=\"description\" content=\"Fune in acciaio inox \u00d88 mm per sistemi linea vita flessibile tipo C. Alta resistenza alla trazione e alla corrosione, conforme alla normativa EN 795.\" \/>\n<meta name=\"robots\" content=\"index, follow, max-snippet:-1, max-image-preview:large, max-video-preview:-1\" \/>\n<link rel=\"canonical\" href=\"https:\/\/www.quotasicura.com\/fr\/product\/fune-o8-inox\/\" \/>\n<meta property=\"og:locale\" content=\"fr_FR\" \/>\n<meta property=\"og:type\" content=\"article\" \/>\n<meta property=\"og:title\" content=\"FUNE \u00f88 INOX\" \/>\n<meta property=\"og:description\" content=\"Fune in acciaio inox \u00d88 mm per sistemi linea vita flessibile tipo C. Alta resistenza alla trazione e alla corrosione, conforme alla normativa EN 795.\" \/>\n<meta property=\"og:url\" content=\"https:\/\/www.quotasicura.com\/fr\/product\/fune-o8-inox\/\" \/>\n<meta property=\"og:site_name\" content=\"Quota Sicura\" \/>\n<meta property=\"article:modified_time\" content=\"2025-11-28T09:12:10+00:00\" \/>\n<meta property=\"og:image\" content=\"https:\/\/www.quotasicura.com\/wp-content\/uploads\/2025\/10\/FUNE-o8-INOX.png\" \/>\n\t<meta property=\"og:image:width\" content=\"1080\" \/>\n\t<meta property=\"og:image:height\" content=\"1350\" \/>\n\t<meta property=\"og:image:type\" content=\"image\/png\" \/>\n<meta name=\"twitter:card\" content=\"summary_large_image\" \/>\n<meta name=\"twitter:label1\" content=\"Dur\u00e9e de lecture estim\u00e9e\" \/>\n\t<meta name=\"twitter:data1\" content=\"1 minute\" \/>\n<script type=\"application\/ld+json\" class=\"yoast-schema-graph\">{\"@context\":\"https:\/\/schema.org\",\"@graph\":[{\"@type\":\"WebPage\",\"@id\":\"https:\/\/www.quotasicura.com\/product\/fune-o8-inox\/\",\"url\":\"https:\/\/www.quotasicura.com\/product\/fune-o8-inox\/\",\"name\":\"FUNE \u00f88 INOX - Quota Sicura\",\"isPartOf\":{\"@id\":\"https:\/\/www.quotasicura.com\/#website\"},\"primaryImageOfPage\":{\"@id\":\"https:\/\/www.quotasicura.com\/product\/fune-o8-inox\/#primaryimage\"},\"image\":{\"@id\":\"https:\/\/www.quotasicura.com\/product\/fune-o8-inox\/#primaryimage\"},\"thumbnailUrl\":\"https:\/\/www.quotasicura.com\/wp-content\/uploads\/2025\/10\/FUNE-o8-INOX.png\",\"datePublished\":\"2025-10-07T15:26:31+00:00\",\"dateModified\":\"2025-11-28T09:12:10+00:00\",\"description\":\"Fune in acciaio inox \u00d88 mm per sistemi linea vita flessibile tipo C. Alta resistenza alla trazione e alla corrosione, conforme alla normativa EN 795.\",\"breadcrumb\":{\"@id\":\"https:\/\/www.quotasicura.com\/product\/fune-o8-inox\/#breadcrumb\"},\"inLanguage\":\"fr-FR\",\"potentialAction\":[{\"@type\":\"ReadAction\",\"target\":[\"https:\/\/www.quotasicura.com\/product\/fune-o8-inox\/\"]}]},{\"@type\":\"ImageObject\",\"inLanguage\":\"fr-FR\",\"@id\":\"https:\/\/www.quotasicura.com\/product\/fune-o8-inox\/#primaryimage\",\"url\":\"https:\/\/www.quotasicura.com\/wp-content\/uploads\/2025\/10\/FUNE-o8-INOX.png\",\"contentUrl\":\"https:\/\/www.quotasicura.com\/wp-content\/uploads\/2025\/10\/FUNE-o8-INOX.png\",\"width\":1080,\"height\":1350},{\"@type\":\"BreadcrumbList\",\"@id\":\"https:\/\/www.quotasicura.com\/product\/fune-o8-inox\/#breadcrumb\",\"itemListElement\":[{\"@type\":\"ListItem\",\"position\":1,\"name\":\"Home\",\"item\":\"https:\/\/www.quotasicura.com\/\"},{\"@type\":\"ListItem\",\"position\":2,\"name\":\"Prodotti\",\"item\":\"https:\/\/www.quotasicura.com\/prodotti\/\"},{\"@type\":\"ListItem\",\"position\":3,\"name\":\"FUNE \u00f88 INOX\"}]},{\"@type\":\"WebSite\",\"@id\":\"https:\/\/www.quotasicura.com\/#website\",\"url\":\"https:\/\/www.quotasicura.com\/\",\"name\":\"Quota Sicura\",\"description\":\"\",\"publisher\":{\"@id\":\"https:\/\/www.quotasicura.com\/#organization\"},\"potentialAction\":[{\"@type\":\"SearchAction\",\"target\":{\"@type\":\"EntryPoint\",\"urlTemplate\":\"https:\/\/www.quotasicura.com\/?s={search_term_string}\"},\"query-input\":{\"@type\":\"PropertyValueSpecification\",\"valueRequired\":true,\"valueName\":\"search_term_string\"}}],\"inLanguage\":\"fr-FR\"},{\"@type\":\"Organization\",\"@id\":\"https:\/\/www.quotasicura.com\/#organization\",\"name\":\"Quota Sicura\",\"url\":\"https:\/\/www.quotasicura.com\/\",\"logo\":{\"@type\":\"ImageObject\",\"inLanguage\":\"fr-FR\",\"@id\":\"https:\/\/www.quotasicura.com\/#\/schema\/logo\/image\/\",\"url\":\"https:\/\/www.quotasicura.com\/wp-content\/uploads\/2025\/10\/LOGO-QUOTA-SICURA.pdf.png\",\"contentUrl\":\"https:\/\/www.quotasicura.com\/wp-content\/uploads\/2025\/10\/LOGO-QUOTA-SICURA.pdf.png\",\"width\":2000,\"height\":614,\"caption\":\"Quota Sicura\"},\"image\":{\"@id\":\"https:\/\/www.quotasicura.com\/#\/schema\/logo\/image\/\"}}]}<\/script>\n<!-- \/ Yoast SEO Premium plugin. -->","yoast_head_json":{"title":"FUNE \u00f88 INOX - Quota Sicura","description":"Fune in acciaio inox \u00d88 mm per sistemi linea vita flessibile tipo C. Alta resistenza alla trazione e alla corrosione, conforme alla normativa EN 795.","robots":{"index":"index","follow":"follow","max-snippet":"max-snippet:-1","max-image-preview":"max-image-preview:large","max-video-preview":"max-video-preview:-1"},"canonical":"https:\/\/www.quotasicura.com\/fr\/product\/fune-o8-inox\/","og_locale":"fr_FR","og_type":"article","og_title":"FUNE \u00f88 INOX","og_description":"Fune in acciaio inox \u00d88 mm per sistemi linea vita flessibile tipo C. Alta resistenza alla trazione e alla corrosione, conforme alla normativa EN 795.","og_url":"https:\/\/www.quotasicura.com\/fr\/product\/fune-o8-inox\/","og_site_name":"Quota Sicura","article_modified_time":"2025-11-28T09:12:10+00:00","og_image":[{"width":1080,"height":1350,"url":"https:\/\/www.quotasicura.com\/wp-content\/uploads\/2025\/10\/FUNE-o8-INOX.png","type":"image\/png"}],"twitter_card":"summary_large_image","twitter_misc":{"Dur\u00e9e de lecture estim\u00e9e":"1 minute"},"schema":{"@context":"https:\/\/schema.org","@graph":[{"@type":"WebPage","@id":"https:\/\/www.quotasicura.com\/product\/fune-o8-inox\/","url":"https:\/\/www.quotasicura.com\/product\/fune-o8-inox\/","name":"FUNE \u00f88 INOX - Quota Sicura","isPartOf":{"@id":"https:\/\/www.quotasicura.com\/#website"},"primaryImageOfPage":{"@id":"https:\/\/www.quotasicura.com\/product\/fune-o8-inox\/#primaryimage"},"image":{"@id":"https:\/\/www.quotasicura.com\/product\/fune-o8-inox\/#primaryimage"},"thumbnailUrl":"https:\/\/www.quotasicura.com\/wp-content\/uploads\/2025\/10\/FUNE-o8-INOX.png","datePublished":"2025-10-07T15:26:31+00:00","dateModified":"2025-11-28T09:12:10+00:00","description":"Fune in acciaio inox \u00d88 mm per sistemi linea vita flessibile tipo C. Alta resistenza alla trazione e alla corrosione, conforme alla normativa EN 795.","breadcrumb":{"@id":"https:\/\/www.quotasicura.com\/product\/fune-o8-inox\/#breadcrumb"},"inLanguage":"fr-FR","potentialAction":[{"@type":"ReadAction","target":["https:\/\/www.quotasicura.com\/product\/fune-o8-inox\/"]}]},{"@type":"ImageObject","inLanguage":"fr-FR","@id":"https:\/\/www.quotasicura.com\/product\/fune-o8-inox\/#primaryimage","url":"https:\/\/www.quotasicura.com\/wp-content\/uploads\/2025\/10\/FUNE-o8-INOX.png","contentUrl":"https:\/\/www.quotasicura.com\/wp-content\/uploads\/2025\/10\/FUNE-o8-INOX.png","width":1080,"height":1350},{"@type":"BreadcrumbList","@id":"https:\/\/www.quotasicura.com\/product\/fune-o8-inox\/#breadcrumb","itemListElement":[{"@type":"ListItem","position":1,"name":"Home","item":"https:\/\/www.quotasicura.com\/"},{"@type":"ListItem","position":2,"name":"Prodotti","item":"https:\/\/www.quotasicura.com\/prodotti\/"},{"@type":"ListItem","position":3,"name":"FUNE \u00f88 INOX"}]},{"@type":"WebSite","@id":"https:\/\/www.quotasicura.com\/#website","url":"https:\/\/www.quotasicura.com\/","name":"Quota de s\u00e9curit\u00e9","description":"","publisher":{"@id":"https:\/\/www.quotasicura.com\/#organization"},"potentialAction":[{"@type":"SearchAction","target":{"@type":"EntryPoint","urlTemplate":"https:\/\/www.quotasicura.com\/?s={search_term_string}"},"query-input":{"@type":"PropertyValueSpecification","valueRequired":true,"valueName":"search_term_string"}}],"inLanguage":"fr-FR"},{"@type":"Organization","@id":"https:\/\/www.quotasicura.com\/#organization","name":"Quota de s\u00e9curit\u00e9","url":"https:\/\/www.quotasicura.com\/","logo":{"@type":"ImageObject","inLanguage":"fr-FR","@id":"https:\/\/www.quotasicura.com\/#\/schema\/logo\/image\/","url":"https:\/\/www.quotasicura.com\/wp-content\/uploads\/2025\/10\/LOGO-QUOTA-SICURA.pdf.png","contentUrl":"https:\/\/www.quotasicura.com\/wp-content\/uploads\/2025\/10\/LOGO-QUOTA-SICURA.pdf.png","width":2000,"height":614,"caption":"Quota Sicura"},"image":{"@id":"https:\/\/www.quotasicura.com\/#\/schema\/logo\/image\/"}}]}},"_links":{"self":[{"href":"https:\/\/www.quotasicura.com\/fr\/wp-json\/wp\/v2\/product\/515","targetHints":{"allow":["GET"]}}],"collection":[{"href":"https:\/\/www.quotasicura.com\/fr\/wp-json\/wp\/v2\/product"}],"about":[{"href":"https:\/\/www.quotasicura.com\/fr\/wp-json\/wp\/v2\/types\/product"}],"replies":[{"embeddable":true,"href":"https:\/\/www.quotasicura.com\/fr\/wp-json\/wp\/v2\/comments?post=515"}],"wp:featuredmedia":[{"embeddable":true,"href":"https:\/\/www.quotasicura.com\/fr\/wp-json\/wp\/v2\/media\/539"}],"wp:attachment":[{"href":"https:\/\/www.quotasicura.com\/fr\/wp-json\/wp\/v2\/media?parent=515"}],"wp:term":[{"taxonomy":"product_brand","embeddable":true,"href":"https:\/\/www.quotasicura.com\/fr\/wp-json\/wp\/v2\/product_brand?post=515"},{"taxonomy":"product_cat","embeddable":true,"href":"https:\/\/www.quotasicura.com\/fr\/wp-json\/wp\/v2\/product_cat?post=515"},{"taxonomy":"product_tag","embeddable":true,"href":"https:\/\/www.quotasicura.com\/fr\/wp-json\/wp\/v2\/product_tag?post=515"}],"curies":[{"name":"wp","href":"https:\/\/api.w.org\/{rel}","templated":true}]}}