{"id":547,"date":"2025-10-07T15:26:49","date_gmt":"2025-10-07T15:26:49","guid":{"rendered":"https:\/\/www.quotasicura.com\/?post_type=product&#038;p=547"},"modified":"2025-11-27T17:57:35","modified_gmt":"2025-11-27T17:57:35","slug":"viti-per-legno-con-rondella-fissaggi-linea-vita-inox","status":"publish","type":"product","link":"https:\/\/www.quotasicura.com\/fr\/product\/viti-per-legno-con-rondella-fissaggi-linea-vita-inox\/","title":{"rendered":"Vis \u00e0 bois avec rondelle"},"content":{"rendered":"<p>&lt;div class=&quot;&rdquo;scrollable-table&rdquo;&quot; style=&quot;&rdquo;overflow-x:auto;&rdquo;&quot;&gt;<br \/>\n&lt;table style=&quot;&rdquo;width:100%;&quot; border-collapse:collapse; font-size:15px;&rdquo;&gt;<br \/>\n&lt;thead&gt;<br \/>\n&lt;tr style=&quot;&rdquo;background:#f2f2f2;&rdquo;&quot;&gt;<br \/>\n&lt;th style=&quot;&rdquo;padding:10px;&quot; border:1px solid #ddd;&rdquo;&gt;Mod&egrave;le&lt;\/th&gt;<br \/>\n&lt;th style=&quot;&rdquo;padding:10px;&quot; border:1px solid #ddd;&rdquo;&gt;Description&lt;\/th&gt;<br \/>\n&lt;\/tr&gt;<br \/>\n&lt;\/thead&gt;<br \/>\n&lt;tbody&gt;<br \/>\n&lt;tr&gt;<br \/>\n&lt;td style=&quot;&rdquo;padding:10px;&quot; border:1px solid #ddd;&rdquo;&gt;Vis &agrave; bois M10x100 + rondelle conique&lt;\/td&gt;<br \/>\n&lt;td style=&quot;&rdquo;padding:10px;&quot; border:1px solid #ddd;&rdquo;&gt;Id&eacute;al pour les fixations l&eacute;g&egrave;res et les structures en bois massif.&lt;\/td&gt;<br \/>\n&lt;\/tr&gt;<br \/>\n&lt;tr&gt;<br \/>\n&lt;td style=&quot;&rdquo;padding:10px;&quot; border:1px solid #ddd;&rdquo;&gt;Vis &agrave; bois M10x140 + rondelle conique&lt;\/td&gt;<br \/>\n&lt;td style=&quot;&rdquo;padding:10px;&quot; border:1px solid #ddd;&rdquo;&gt;Utilis&eacute; pour les liaisons interm&eacute;diaires dans les supports en bois ou mixtes.&lt;\/td&gt;<br \/>\n&lt;\/tr&gt;<br \/>\n&lt;tr&gt;<br \/>\n&lt;td style=&quot;&rdquo;padding:10px;&quot; border:1px solid #ddd;&rdquo;&gt;Vis &agrave; bois M10x160 + rondelle conique&lt;\/td&gt;<br \/>\n&lt;td style=&quot;&rdquo;padding:10px;&quot; border:1px solid #ddd;&rdquo;&gt;Offre une r&eacute;sistance &agrave; la traction &eacute;lev&eacute;e pour les applications structurelles.&lt;\/td&gt;<br \/>\n&lt;\/tr&gt;<br \/>\n&lt;tr&gt;<br \/>\n&lt;td style=&quot;&rdquo;padding:10px;&quot; border:1px solid #ddd;&rdquo;&gt;Vis &agrave; bois M12x180 + rondelle Gembrialina&lt;\/td&gt;<br \/>\n&lt;td style=&quot;&rdquo;padding:10px;&quot; border:1px solid #ddd;&rdquo;&gt;Solution robuste pour l&amp;#039;ancrage lourd et la fixation de pi&egrave;ces de bois porteuses.&lt;\/td&gt;<br \/>\n&lt;\/tr&gt;<br \/>\n&lt;\/tbody&gt;<br \/>\n&lt;\/table&gt;<br \/>\n&lt;\/div&gt;<\/p>\n<p>&lt;p style=&quot;&rdquo;margin-top:15px;&rdquo;&quot;&gt;<br \/>\nLe &lt;strong&gt;vis &agrave; bois avec rondelle&lt;\/strong&gt; Ce sont des &eacute;l&eacute;ments essentiels pour la fixation s&eacute;curis&eacute;e des dispositifs antichute et des lignes de vie.<br \/>\nFabriqu&eacute; &agrave; partir de mat&eacute;riaux haute r&eacute;sistance et conforme aux normes de certification &lt;strong&gt;ETA-12\/0373&lt;\/strong&gt;, assurer un assemblage stable et durable.<br \/>\nDisponible en diff\u00e9rentes tailles pour s&#039;adapter \u00e0 tout type d&#039;application et avec support en bois.<br \/>\n&lt;\/p&gt;<\/p>","protected":false},"excerpt":{"rendered":"<p data-start=\"292\" data-end=\"454\">Vis \u00e0 bois haute r\u00e9sistance compl\u00e8tes avec <strong data-start=\"283\" data-end=\"317\">rondelle conique ou ghembriale<\/strong>, id\u00e9al pour les fixations structurelles dans les syst\u00e8mes antichute et les lignes de vie.<br data-start=\"386\" data-end=\"389\" \/>Conforme \u00e0 la certification <strong data-start=\"418\" data-end=\"433\">ETA-12\/0373<\/strong>, garantissent une tenue et une durabilit\u00e9 maximales dans le temps.<\/p>","protected":false},"featured_media":571,"comment_status":"open","ping_status":"closed","template":"","meta":[],"product_brand":[],"product_cat":[27,32],"product_tag":[],"class_list":{"0":"post-547","1":"product","2":"type-product","3":"status-publish","4":"has-post-thumbnail","6":"product_cat-accessori-per-linee-vita","7":"product_cat-fixing","9":"first","10":"instock","11":"shipping-taxable","12":"product-type-variable"},"yoast_head":"<!-- This site is optimized with the Yoast SEO Premium plugin v26.4 (Yoast SEO v26.4) - https:\/\/yoast.com\/wordpress\/plugins\/seo\/ -->\n<title>Viti per Legno con Rondella - Quota Sicura<\/title>\n<meta name=\"description\" content=\"Viti per legno con rondella, ideali per il fissaggio certificato di linee vita e parapetti su supporti lignei. Elevata tenuta meccanica.\" \/>\n<meta name=\"robots\" content=\"index, follow, max-snippet:-1, max-image-preview:large, max-video-preview:-1\" \/>\n<link rel=\"canonical\" href=\"https:\/\/www.quotasicura.com\/fr\/product\/viti-per-legno-con-rondella-fissaggi-linea-vita-inox\/\" \/>\n<meta property=\"og:locale\" content=\"fr_FR\" \/>\n<meta property=\"og:type\" content=\"article\" \/>\n<meta property=\"og:title\" content=\"Viti per Legno con Rondella\" \/>\n<meta property=\"og:description\" content=\"Viti per legno con rondella, ideali per il fissaggio certificato di linee vita e parapetti su supporti lignei. Elevata tenuta meccanica.\" \/>\n<meta property=\"og:url\" content=\"https:\/\/www.quotasicura.com\/fr\/product\/viti-per-legno-con-rondella-fissaggi-linea-vita-inox\/\" \/>\n<meta property=\"og:site_name\" content=\"Quota Sicura\" \/>\n<meta property=\"article:modified_time\" content=\"2025-11-27T17:57:35+00:00\" \/>\n<meta property=\"og:image\" content=\"https:\/\/www.quotasicura.com\/wp-content\/uploads\/2025\/10\/VITE-PER-LEGNO.png\" \/>\n\t<meta property=\"og:image:width\" content=\"1080\" \/>\n\t<meta property=\"og:image:height\" content=\"1350\" \/>\n\t<meta property=\"og:image:type\" content=\"image\/png\" \/>\n<meta name=\"twitter:card\" content=\"summary_large_image\" \/>\n<meta name=\"twitter:label1\" content=\"Dur\u00e9e de lecture estim\u00e9e\" \/>\n\t<meta name=\"twitter:data1\" content=\"1 minute\" \/>\n<script type=\"application\/ld+json\" class=\"yoast-schema-graph\">{\"@context\":\"https:\/\/schema.org\",\"@graph\":[{\"@type\":\"WebPage\",\"@id\":\"https:\/\/www.quotasicura.com\/product\/viti-per-legno-con-rondella-fissaggi-linea-vita-inox\/\",\"url\":\"https:\/\/www.quotasicura.com\/product\/viti-per-legno-con-rondella-fissaggi-linea-vita-inox\/\",\"name\":\"Viti per Legno con Rondella - Quota Sicura\",\"isPartOf\":{\"@id\":\"https:\/\/www.quotasicura.com\/#website\"},\"primaryImageOfPage\":{\"@id\":\"https:\/\/www.quotasicura.com\/product\/viti-per-legno-con-rondella-fissaggi-linea-vita-inox\/#primaryimage\"},\"image\":{\"@id\":\"https:\/\/www.quotasicura.com\/product\/viti-per-legno-con-rondella-fissaggi-linea-vita-inox\/#primaryimage\"},\"thumbnailUrl\":\"https:\/\/www.quotasicura.com\/wp-content\/uploads\/2025\/10\/VITE-PER-LEGNO.png\",\"datePublished\":\"2025-10-07T15:26:49+00:00\",\"dateModified\":\"2025-11-27T17:57:35+00:00\",\"description\":\"Viti per legno con rondella, ideali per il fissaggio certificato di linee vita e parapetti su supporti lignei. Elevata tenuta meccanica.\",\"breadcrumb\":{\"@id\":\"https:\/\/www.quotasicura.com\/product\/viti-per-legno-con-rondella-fissaggi-linea-vita-inox\/#breadcrumb\"},\"inLanguage\":\"fr-FR\",\"potentialAction\":[{\"@type\":\"ReadAction\",\"target\":[\"https:\/\/www.quotasicura.com\/product\/viti-per-legno-con-rondella-fissaggi-linea-vita-inox\/\"]}]},{\"@type\":\"ImageObject\",\"inLanguage\":\"fr-FR\",\"@id\":\"https:\/\/www.quotasicura.com\/product\/viti-per-legno-con-rondella-fissaggi-linea-vita-inox\/#primaryimage\",\"url\":\"https:\/\/www.quotasicura.com\/wp-content\/uploads\/2025\/10\/VITE-PER-LEGNO.png\",\"contentUrl\":\"https:\/\/www.quotasicura.com\/wp-content\/uploads\/2025\/10\/VITE-PER-LEGNO.png\",\"width\":1080,\"height\":1350},{\"@type\":\"BreadcrumbList\",\"@id\":\"https:\/\/www.quotasicura.com\/product\/viti-per-legno-con-rondella-fissaggi-linea-vita-inox\/#breadcrumb\",\"itemListElement\":[{\"@type\":\"ListItem\",\"position\":1,\"name\":\"Home\",\"item\":\"https:\/\/www.quotasicura.com\/\"},{\"@type\":\"ListItem\",\"position\":2,\"name\":\"Prodotti\",\"item\":\"https:\/\/www.quotasicura.com\/prodotti\/\"},{\"@type\":\"ListItem\",\"position\":3,\"name\":\"Viti per Legno con Rondella\"}]},{\"@type\":\"WebSite\",\"@id\":\"https:\/\/www.quotasicura.com\/#website\",\"url\":\"https:\/\/www.quotasicura.com\/\",\"name\":\"Quota Sicura\",\"description\":\"\",\"publisher\":{\"@id\":\"https:\/\/www.quotasicura.com\/#organization\"},\"potentialAction\":[{\"@type\":\"SearchAction\",\"target\":{\"@type\":\"EntryPoint\",\"urlTemplate\":\"https:\/\/www.quotasicura.com\/?s={search_term_string}\"},\"query-input\":{\"@type\":\"PropertyValueSpecification\",\"valueRequired\":true,\"valueName\":\"search_term_string\"}}],\"inLanguage\":\"fr-FR\"},{\"@type\":\"Organization\",\"@id\":\"https:\/\/www.quotasicura.com\/#organization\",\"name\":\"Quota Sicura\",\"url\":\"https:\/\/www.quotasicura.com\/\",\"logo\":{\"@type\":\"ImageObject\",\"inLanguage\":\"fr-FR\",\"@id\":\"https:\/\/www.quotasicura.com\/#\/schema\/logo\/image\/\",\"url\":\"https:\/\/www.quotasicura.com\/wp-content\/uploads\/2025\/10\/LOGO-QUOTA-SICURA.pdf.png\",\"contentUrl\":\"https:\/\/www.quotasicura.com\/wp-content\/uploads\/2025\/10\/LOGO-QUOTA-SICURA.pdf.png\",\"width\":2000,\"height\":614,\"caption\":\"Quota Sicura\"},\"image\":{\"@id\":\"https:\/\/www.quotasicura.com\/#\/schema\/logo\/image\/\"}}]}<\/script>\n<!-- \/ Yoast SEO Premium plugin. -->","yoast_head_json":{"title":"Viti per Legno con Rondella - Quota Sicura","description":"Viti per legno con rondella, ideali per il fissaggio certificato di linee vita e parapetti su supporti lignei. Elevata tenuta meccanica.","robots":{"index":"index","follow":"follow","max-snippet":"max-snippet:-1","max-image-preview":"max-image-preview:large","max-video-preview":"max-video-preview:-1"},"canonical":"https:\/\/www.quotasicura.com\/fr\/product\/viti-per-legno-con-rondella-fissaggi-linea-vita-inox\/","og_locale":"fr_FR","og_type":"article","og_title":"Viti per Legno con Rondella","og_description":"Viti per legno con rondella, ideali per il fissaggio certificato di linee vita e parapetti su supporti lignei. Elevata tenuta meccanica.","og_url":"https:\/\/www.quotasicura.com\/fr\/product\/viti-per-legno-con-rondella-fissaggi-linea-vita-inox\/","og_site_name":"Quota Sicura","article_modified_time":"2025-11-27T17:57:35+00:00","og_image":[{"width":1080,"height":1350,"url":"https:\/\/www.quotasicura.com\/wp-content\/uploads\/2025\/10\/VITE-PER-LEGNO.png","type":"image\/png"}],"twitter_card":"summary_large_image","twitter_misc":{"Dur\u00e9e de lecture estim\u00e9e":"1 minute"},"schema":{"@context":"https:\/\/schema.org","@graph":[{"@type":"WebPage","@id":"https:\/\/www.quotasicura.com\/product\/viti-per-legno-con-rondella-fissaggi-linea-vita-inox\/","url":"https:\/\/www.quotasicura.com\/product\/viti-per-legno-con-rondella-fissaggi-linea-vita-inox\/","name":"Viti per Legno con Rondella - Quota Sicura","isPartOf":{"@id":"https:\/\/www.quotasicura.com\/#website"},"primaryImageOfPage":{"@id":"https:\/\/www.quotasicura.com\/product\/viti-per-legno-con-rondella-fissaggi-linea-vita-inox\/#primaryimage"},"image":{"@id":"https:\/\/www.quotasicura.com\/product\/viti-per-legno-con-rondella-fissaggi-linea-vita-inox\/#primaryimage"},"thumbnailUrl":"https:\/\/www.quotasicura.com\/wp-content\/uploads\/2025\/10\/VITE-PER-LEGNO.png","datePublished":"2025-10-07T15:26:49+00:00","dateModified":"2025-11-27T17:57:35+00:00","description":"Viti per legno con rondella, ideali per il fissaggio certificato di linee vita e parapetti su supporti lignei. Elevata tenuta meccanica.","breadcrumb":{"@id":"https:\/\/www.quotasicura.com\/product\/viti-per-legno-con-rondella-fissaggi-linea-vita-inox\/#breadcrumb"},"inLanguage":"fr-FR","potentialAction":[{"@type":"ReadAction","target":["https:\/\/www.quotasicura.com\/product\/viti-per-legno-con-rondella-fissaggi-linea-vita-inox\/"]}]},{"@type":"ImageObject","inLanguage":"fr-FR","@id":"https:\/\/www.quotasicura.com\/product\/viti-per-legno-con-rondella-fissaggi-linea-vita-inox\/#primaryimage","url":"https:\/\/www.quotasicura.com\/wp-content\/uploads\/2025\/10\/VITE-PER-LEGNO.png","contentUrl":"https:\/\/www.quotasicura.com\/wp-content\/uploads\/2025\/10\/VITE-PER-LEGNO.png","width":1080,"height":1350},{"@type":"BreadcrumbList","@id":"https:\/\/www.quotasicura.com\/product\/viti-per-legno-con-rondella-fissaggi-linea-vita-inox\/#breadcrumb","itemListElement":[{"@type":"ListItem","position":1,"name":"Home","item":"https:\/\/www.quotasicura.com\/"},{"@type":"ListItem","position":2,"name":"Prodotti","item":"https:\/\/www.quotasicura.com\/prodotti\/"},{"@type":"ListItem","position":3,"name":"Viti per Legno con Rondella"}]},{"@type":"WebSite","@id":"https:\/\/www.quotasicura.com\/#website","url":"https:\/\/www.quotasicura.com\/","name":"Quota de s\u00e9curit\u00e9","description":"","publisher":{"@id":"https:\/\/www.quotasicura.com\/#organization"},"potentialAction":[{"@type":"SearchAction","target":{"@type":"EntryPoint","urlTemplate":"https:\/\/www.quotasicura.com\/?s={search_term_string}"},"query-input":{"@type":"PropertyValueSpecification","valueRequired":true,"valueName":"search_term_string"}}],"inLanguage":"fr-FR"},{"@type":"Organization","@id":"https:\/\/www.quotasicura.com\/#organization","name":"Quota de s\u00e9curit\u00e9","url":"https:\/\/www.quotasicura.com\/","logo":{"@type":"ImageObject","inLanguage":"fr-FR","@id":"https:\/\/www.quotasicura.com\/#\/schema\/logo\/image\/","url":"https:\/\/www.quotasicura.com\/wp-content\/uploads\/2025\/10\/LOGO-QUOTA-SICURA.pdf.png","contentUrl":"https:\/\/www.quotasicura.com\/wp-content\/uploads\/2025\/10\/LOGO-QUOTA-SICURA.pdf.png","width":2000,"height":614,"caption":"Quota Sicura"},"image":{"@id":"https:\/\/www.quotasicura.com\/#\/schema\/logo\/image\/"}}]}},"_links":{"self":[{"href":"https:\/\/www.quotasicura.com\/fr\/wp-json\/wp\/v2\/product\/547","targetHints":{"allow":["GET"]}}],"collection":[{"href":"https:\/\/www.quotasicura.com\/fr\/wp-json\/wp\/v2\/product"}],"about":[{"href":"https:\/\/www.quotasicura.com\/fr\/wp-json\/wp\/v2\/types\/product"}],"replies":[{"embeddable":true,"href":"https:\/\/www.quotasicura.com\/fr\/wp-json\/wp\/v2\/comments?post=547"}],"wp:featuredmedia":[{"embeddable":true,"href":"https:\/\/www.quotasicura.com\/fr\/wp-json\/wp\/v2\/media\/571"}],"wp:attachment":[{"href":"https:\/\/www.quotasicura.com\/fr\/wp-json\/wp\/v2\/media?parent=547"}],"wp:term":[{"taxonomy":"product_brand","embeddable":true,"href":"https:\/\/www.quotasicura.com\/fr\/wp-json\/wp\/v2\/product_brand?post=547"},{"taxonomy":"product_cat","embeddable":true,"href":"https:\/\/www.quotasicura.com\/fr\/wp-json\/wp\/v2\/product_cat?post=547"},{"taxonomy":"product_tag","embeddable":true,"href":"https:\/\/www.quotasicura.com\/fr\/wp-json\/wp\/v2\/product_tag?post=547"}],"curies":[{"name":"wp","href":"https:\/\/api.w.org\/{rel}","templated":true}]}}