{"id":553,"date":"2025-10-07T15:26:50","date_gmt":"2025-10-07T15:26:50","guid":{"rendered":"https:\/\/www.quotasicura.com\/?post_type=product&#038;p=553"},"modified":"2025-11-27T17:45:54","modified_gmt":"2025-11-27T17:45:54","slug":"rivetti-o52-con-rondella","status":"publish","type":"product","link":"https:\/\/www.quotasicura.com\/fr\/product\/rivetti-o52-con-rondella\/","title":{"rendered":"RIVETS \u00f85,2 avec RONDELLE"},"content":{"rendered":"<div class=\"scrollable-table\" style=\"overflow-x: auto;\">\n<table style=\"width: 100%; border-collapse: collapse;\">\n<thead>\n<tr style=\"background-color: #f2f2f2;\">\n<th style=\"padding: 10px; border: 1px solid #ddd;\">Caract\u00e9ristiques<\/th>\n<th style=\"padding: 10px; border: 1px solid #ddd;\">D\u00e9tail<\/th>\n<\/tr>\n<\/thead>\n<tbody>\n<tr>\n<td style=\"padding: 10px; border: 1px solid #ddd;\">Code produit<\/td>\n<td style=\"padding: 10px; border: 1px solid #ddd;\">LVT520RVD<\/td>\n<\/tr>\n<tr>\n<td style=\"padding: 10px; border: 1px solid #ddd;\">Description<\/td>\n<td style=\"padding: 10px; border: 1px solid #ddd;\">Rivets \u00d85,2 avec rondelle<\/td>\n<\/tr>\n<tr>\n<td style=\"padding: 10px; border: 1px solid #ddd;\">Mat\u00e9riel<\/td>\n<td style=\"padding: 10px; border: 1px solid #ddd;\">Aluminium Al-Mg-5<\/td>\n<\/tr>\n<tr>\n<td style=\"padding: 10px; border: 1px solid #ddd;\">L\u00e9gislation de r\u00e9f\u00e9rence<\/td>\n<td style=\"padding: 10px; border: 1px solid #ddd;\">ETA-13\/0255<\/td>\n<\/tr>\n<tr>\n<td style=\"padding: 10px; border: 1px solid #ddd;\">Conditionnement<\/td>\n<td style=\"padding: 10px; border: 1px solid #ddd;\">Conforme \u00e0 la norme UNI EN 365<\/td>\n<\/tr>\n<tr>\n<td style=\"padding: 10px; border: 1px solid #ddd;\">Usage<\/td>\n<td style=\"padding: 10px; border: 1px solid #ddd;\">Fixation des accessoires et composants pour les syst\u00e8mes de lignes de vie (dispositifs de type C)<\/td>\n<\/tr>\n<\/tbody>\n<\/table>\n<\/div>","protected":false},"excerpt":{"rendered":"<p data-start=\"290\" data-end=\"463\">Rivets \u00f85,2 avec rondelle dans <strong data-start=\"319\" data-end=\"340\">aluminium Al-Mg-5<\/strong>, conforme \u00e0 <strong data-start=\"353\" data-end=\"368\">ETA-13\/0255<\/strong> et emball\u00e9 conform\u00e9ment \u00e0 <strong data-start=\"392\" data-end=\"406\">UNI EN 365<\/strong>Id\u00e9al pour fixer solidement les accessoires de ligne de vie.<\/p>","protected":false},"featured_media":572,"comment_status":"open","ping_status":"closed","template":"","meta":[],"product_brand":[],"product_cat":[27,32],"product_tag":[],"class_list":{"0":"post-553","1":"product","2":"type-product","3":"status-publish","4":"has-post-thumbnail","6":"product_cat-accessori-per-linee-vita","7":"product_cat-fixing","9":"first","10":"instock","11":"shipping-taxable","12":"product-type-simple"},"yoast_head":"<!-- This site is optimized with the Yoast SEO Premium plugin v26.4 (Yoast SEO v26.4) - https:\/\/yoast.com\/wordpress\/plugins\/seo\/ -->\n<title>RIVETTI \u00f85,2 con RONDELLA - Quota Sicura<\/title>\n<meta name=\"description\" content=\"Rivetti \u00f85,2 mm in lega metallica con rondella, ideali per il fissaggio sicuro di parapetti e dispositivi anticaduta.\" \/>\n<meta name=\"robots\" content=\"index, follow, max-snippet:-1, max-image-preview:large, max-video-preview:-1\" \/>\n<link rel=\"canonical\" href=\"https:\/\/www.quotasicura.com\/fr\/product\/rivetti-o52-con-rondella\/\" \/>\n<meta property=\"og:locale\" content=\"fr_FR\" \/>\n<meta property=\"og:type\" content=\"article\" \/>\n<meta property=\"og:title\" content=\"RIVETTI \u00f85,2 con RONDELLA\" \/>\n<meta property=\"og:description\" content=\"Rivetti \u00f85,2 mm in lega metallica con rondella, ideali per il fissaggio sicuro di parapetti e dispositivi anticaduta.\" \/>\n<meta property=\"og:url\" content=\"https:\/\/www.quotasicura.com\/fr\/product\/rivetti-o52-con-rondella\/\" \/>\n<meta property=\"og:site_name\" content=\"Quota Sicura\" \/>\n<meta property=\"article:modified_time\" content=\"2025-11-27T17:45:54+00:00\" \/>\n<meta property=\"og:image\" content=\"https:\/\/www.quotasicura.com\/wp-content\/uploads\/2025\/10\/RIVETTI-o52-con-RONDELLA.png\" \/>\n\t<meta property=\"og:image:width\" content=\"1080\" \/>\n\t<meta property=\"og:image:height\" content=\"1350\" \/>\n\t<meta property=\"og:image:type\" content=\"image\/png\" \/>\n<meta name=\"twitter:card\" content=\"summary_large_image\" \/>\n<meta name=\"twitter:label1\" content=\"Dur\u00e9e de lecture estim\u00e9e\" \/>\n\t<meta name=\"twitter:data1\" content=\"1 minute\" \/>\n<script type=\"application\/ld+json\" class=\"yoast-schema-graph\">{\"@context\":\"https:\/\/schema.org\",\"@graph\":[{\"@type\":\"WebPage\",\"@id\":\"https:\/\/www.quotasicura.com\/product\/rivetti-o52-con-rondella\/\",\"url\":\"https:\/\/www.quotasicura.com\/product\/rivetti-o52-con-rondella\/\",\"name\":\"RIVETTI \u00f85,2 con RONDELLA - Quota Sicura\",\"isPartOf\":{\"@id\":\"https:\/\/www.quotasicura.com\/#website\"},\"primaryImageOfPage\":{\"@id\":\"https:\/\/www.quotasicura.com\/product\/rivetti-o52-con-rondella\/#primaryimage\"},\"image\":{\"@id\":\"https:\/\/www.quotasicura.com\/product\/rivetti-o52-con-rondella\/#primaryimage\"},\"thumbnailUrl\":\"https:\/\/www.quotasicura.com\/wp-content\/uploads\/2025\/10\/RIVETTI-o52-con-RONDELLA.png\",\"datePublished\":\"2025-10-07T15:26:50+00:00\",\"dateModified\":\"2025-11-27T17:45:54+00:00\",\"description\":\"Rivetti \u00f85,2 mm in lega metallica con rondella, ideali per il fissaggio sicuro di parapetti e dispositivi anticaduta.\",\"breadcrumb\":{\"@id\":\"https:\/\/www.quotasicura.com\/product\/rivetti-o52-con-rondella\/#breadcrumb\"},\"inLanguage\":\"fr-FR\",\"potentialAction\":[{\"@type\":\"ReadAction\",\"target\":[\"https:\/\/www.quotasicura.com\/product\/rivetti-o52-con-rondella\/\"]}]},{\"@type\":\"ImageObject\",\"inLanguage\":\"fr-FR\",\"@id\":\"https:\/\/www.quotasicura.com\/product\/rivetti-o52-con-rondella\/#primaryimage\",\"url\":\"https:\/\/www.quotasicura.com\/wp-content\/uploads\/2025\/10\/RIVETTI-o52-con-RONDELLA.png\",\"contentUrl\":\"https:\/\/www.quotasicura.com\/wp-content\/uploads\/2025\/10\/RIVETTI-o52-con-RONDELLA.png\",\"width\":1080,\"height\":1350},{\"@type\":\"BreadcrumbList\",\"@id\":\"https:\/\/www.quotasicura.com\/product\/rivetti-o52-con-rondella\/#breadcrumb\",\"itemListElement\":[{\"@type\":\"ListItem\",\"position\":1,\"name\":\"Home\",\"item\":\"https:\/\/www.quotasicura.com\/\"},{\"@type\":\"ListItem\",\"position\":2,\"name\":\"Prodotti\",\"item\":\"https:\/\/www.quotasicura.com\/prodotti\/\"},{\"@type\":\"ListItem\",\"position\":3,\"name\":\"RIVETTI \u00f85,2 con RONDELLA\"}]},{\"@type\":\"WebSite\",\"@id\":\"https:\/\/www.quotasicura.com\/#website\",\"url\":\"https:\/\/www.quotasicura.com\/\",\"name\":\"Quota Sicura\",\"description\":\"\",\"publisher\":{\"@id\":\"https:\/\/www.quotasicura.com\/#organization\"},\"potentialAction\":[{\"@type\":\"SearchAction\",\"target\":{\"@type\":\"EntryPoint\",\"urlTemplate\":\"https:\/\/www.quotasicura.com\/?s={search_term_string}\"},\"query-input\":{\"@type\":\"PropertyValueSpecification\",\"valueRequired\":true,\"valueName\":\"search_term_string\"}}],\"inLanguage\":\"fr-FR\"},{\"@type\":\"Organization\",\"@id\":\"https:\/\/www.quotasicura.com\/#organization\",\"name\":\"Quota Sicura\",\"url\":\"https:\/\/www.quotasicura.com\/\",\"logo\":{\"@type\":\"ImageObject\",\"inLanguage\":\"fr-FR\",\"@id\":\"https:\/\/www.quotasicura.com\/#\/schema\/logo\/image\/\",\"url\":\"https:\/\/www.quotasicura.com\/wp-content\/uploads\/2025\/10\/LOGO-QUOTA-SICURA.pdf.png\",\"contentUrl\":\"https:\/\/www.quotasicura.com\/wp-content\/uploads\/2025\/10\/LOGO-QUOTA-SICURA.pdf.png\",\"width\":2000,\"height\":614,\"caption\":\"Quota Sicura\"},\"image\":{\"@id\":\"https:\/\/www.quotasicura.com\/#\/schema\/logo\/image\/\"}}]}<\/script>\n<!-- \/ Yoast SEO Premium plugin. -->","yoast_head_json":{"title":"RIVETTI \u00f85,2 con RONDELLA - Quota Sicura","description":"Rivetti \u00f85,2 mm in lega metallica con rondella, ideali per il fissaggio sicuro di parapetti e dispositivi anticaduta.","robots":{"index":"index","follow":"follow","max-snippet":"max-snippet:-1","max-image-preview":"max-image-preview:large","max-video-preview":"max-video-preview:-1"},"canonical":"https:\/\/www.quotasicura.com\/fr\/product\/rivetti-o52-con-rondella\/","og_locale":"fr_FR","og_type":"article","og_title":"RIVETTI \u00f85,2 con RONDELLA","og_description":"Rivetti \u00f85,2 mm in lega metallica con rondella, ideali per il fissaggio sicuro di parapetti e dispositivi anticaduta.","og_url":"https:\/\/www.quotasicura.com\/fr\/product\/rivetti-o52-con-rondella\/","og_site_name":"Quota Sicura","article_modified_time":"2025-11-27T17:45:54+00:00","og_image":[{"width":1080,"height":1350,"url":"https:\/\/www.quotasicura.com\/wp-content\/uploads\/2025\/10\/RIVETTI-o52-con-RONDELLA.png","type":"image\/png"}],"twitter_card":"summary_large_image","twitter_misc":{"Dur\u00e9e de lecture estim\u00e9e":"1 minute"},"schema":{"@context":"https:\/\/schema.org","@graph":[{"@type":"WebPage","@id":"https:\/\/www.quotasicura.com\/product\/rivetti-o52-con-rondella\/","url":"https:\/\/www.quotasicura.com\/product\/rivetti-o52-con-rondella\/","name":"RIVETTI \u00f85,2 con RONDELLA - Quota Sicura","isPartOf":{"@id":"https:\/\/www.quotasicura.com\/#website"},"primaryImageOfPage":{"@id":"https:\/\/www.quotasicura.com\/product\/rivetti-o52-con-rondella\/#primaryimage"},"image":{"@id":"https:\/\/www.quotasicura.com\/product\/rivetti-o52-con-rondella\/#primaryimage"},"thumbnailUrl":"https:\/\/www.quotasicura.com\/wp-content\/uploads\/2025\/10\/RIVETTI-o52-con-RONDELLA.png","datePublished":"2025-10-07T15:26:50+00:00","dateModified":"2025-11-27T17:45:54+00:00","description":"Rivetti \u00f85,2 mm in lega metallica con rondella, ideali per il fissaggio sicuro di parapetti e dispositivi anticaduta.","breadcrumb":{"@id":"https:\/\/www.quotasicura.com\/product\/rivetti-o52-con-rondella\/#breadcrumb"},"inLanguage":"fr-FR","potentialAction":[{"@type":"ReadAction","target":["https:\/\/www.quotasicura.com\/product\/rivetti-o52-con-rondella\/"]}]},{"@type":"ImageObject","inLanguage":"fr-FR","@id":"https:\/\/www.quotasicura.com\/product\/rivetti-o52-con-rondella\/#primaryimage","url":"https:\/\/www.quotasicura.com\/wp-content\/uploads\/2025\/10\/RIVETTI-o52-con-RONDELLA.png","contentUrl":"https:\/\/www.quotasicura.com\/wp-content\/uploads\/2025\/10\/RIVETTI-o52-con-RONDELLA.png","width":1080,"height":1350},{"@type":"BreadcrumbList","@id":"https:\/\/www.quotasicura.com\/product\/rivetti-o52-con-rondella\/#breadcrumb","itemListElement":[{"@type":"ListItem","position":1,"name":"Home","item":"https:\/\/www.quotasicura.com\/"},{"@type":"ListItem","position":2,"name":"Prodotti","item":"https:\/\/www.quotasicura.com\/prodotti\/"},{"@type":"ListItem","position":3,"name":"RIVETTI \u00f85,2 con RONDELLA"}]},{"@type":"WebSite","@id":"https:\/\/www.quotasicura.com\/#website","url":"https:\/\/www.quotasicura.com\/","name":"Quota de s\u00e9curit\u00e9","description":"","publisher":{"@id":"https:\/\/www.quotasicura.com\/#organization"},"potentialAction":[{"@type":"SearchAction","target":{"@type":"EntryPoint","urlTemplate":"https:\/\/www.quotasicura.com\/?s={search_term_string}"},"query-input":{"@type":"PropertyValueSpecification","valueRequired":true,"valueName":"search_term_string"}}],"inLanguage":"fr-FR"},{"@type":"Organization","@id":"https:\/\/www.quotasicura.com\/#organization","name":"Quota de s\u00e9curit\u00e9","url":"https:\/\/www.quotasicura.com\/","logo":{"@type":"ImageObject","inLanguage":"fr-FR","@id":"https:\/\/www.quotasicura.com\/#\/schema\/logo\/image\/","url":"https:\/\/www.quotasicura.com\/wp-content\/uploads\/2025\/10\/LOGO-QUOTA-SICURA.pdf.png","contentUrl":"https:\/\/www.quotasicura.com\/wp-content\/uploads\/2025\/10\/LOGO-QUOTA-SICURA.pdf.png","width":2000,"height":614,"caption":"Quota Sicura"},"image":{"@id":"https:\/\/www.quotasicura.com\/#\/schema\/logo\/image\/"}}]}},"_links":{"self":[{"href":"https:\/\/www.quotasicura.com\/fr\/wp-json\/wp\/v2\/product\/553","targetHints":{"allow":["GET"]}}],"collection":[{"href":"https:\/\/www.quotasicura.com\/fr\/wp-json\/wp\/v2\/product"}],"about":[{"href":"https:\/\/www.quotasicura.com\/fr\/wp-json\/wp\/v2\/types\/product"}],"replies":[{"embeddable":true,"href":"https:\/\/www.quotasicura.com\/fr\/wp-json\/wp\/v2\/comments?post=553"}],"wp:featuredmedia":[{"embeddable":true,"href":"https:\/\/www.quotasicura.com\/fr\/wp-json\/wp\/v2\/media\/572"}],"wp:attachment":[{"href":"https:\/\/www.quotasicura.com\/fr\/wp-json\/wp\/v2\/media?parent=553"}],"wp:term":[{"taxonomy":"product_brand","embeddable":true,"href":"https:\/\/www.quotasicura.com\/fr\/wp-json\/wp\/v2\/product_brand?post=553"},{"taxonomy":"product_cat","embeddable":true,"href":"https:\/\/www.quotasicura.com\/fr\/wp-json\/wp\/v2\/product_cat?post=553"},{"taxonomy":"product_tag","embeddable":true,"href":"https:\/\/www.quotasicura.com\/fr\/wp-json\/wp\/v2\/product_tag?post=553"}],"curies":[{"name":"wp","href":"https:\/\/api.w.org\/{rel}","templated":true}]}}