{"id":559,"date":"2025-10-07T15:26:50","date_gmt":"2025-10-07T15:26:50","guid":{"rendered":"https:\/\/www.quotasicura.com\/?post_type=product&#038;p=559"},"modified":"2025-11-27T17:22:01","modified_gmt":"2025-11-27T17:22:01","slug":"cage-stairs-scala-con-gabbia-di-sicurezza-in-alluminio","status":"publish","type":"product","link":"https:\/\/www.quotasicura.com\/fr\/product\/cage-stairs-scala-con-gabbia-di-sicurezza-in-alluminio\/","title":{"rendered":"Escaliers \u00e0 cage \u2013 Escaliers de s\u00e9curit\u00e9 \u00e0 cage en aluminium"},"content":{"rendered":"<div class=\"scrollable-table\" style=\"overflow-x: auto;\">\n<table style=\"width: 100%; border-collapse: collapse;\">\n<thead>\n<tr style=\"background-color: #f2f2f2;\">\n<th style=\"padding: 10px; border: 1px solid #ddd;\">Caract\u00e9ristiques<\/th>\n<th style=\"padding: 10px; border: 1px solid #ddd;\">D\u00e9tail<\/th>\n<\/tr>\n<\/thead>\n<tbody>\n<tr>\n<td style=\"padding: 10px; border: 1px solid #ddd;\">Produit<\/td>\n<td style=\"padding: 10px; border: 1px solid #ddd;\">Escaliers en cage<\/td>\n<\/tr>\n<tr>\n<td style=\"padding: 10px; border: 1px solid #ddd;\">Taper<\/td>\n<td style=\"padding: 10px; border: 1px solid #ddd;\">\u00c9chelle avec cage de protection<\/td>\n<\/tr>\n<tr>\n<td style=\"padding: 10px; border: 1px solid #ddd;\">Mat\u00e9riel<\/td>\n<td style=\"padding: 10px; border: 1px solid #ddd;\">Aluminium<\/td>\n<\/tr>\n<tr>\n<td style=\"padding: 10px; border: 1px solid #ddd;\">R\u00e9f\u00e9rences r\u00e9glementaires<\/td>\n<td style=\"padding: 10px; border: 1px solid #ddd;\">D\u00e9cret l\u00e9gislatif 81\/2008 \u2013 UNI EN 14122-4<\/td>\n<\/tr>\n<tr>\n<td style=\"padding: 10px; border: 1px solid #ddd;\">Syst\u00e8me<\/td>\n<td style=\"padding: 10px; border: 1px solid #ddd;\">Modulaire<\/td>\n<\/tr>\n<tr>\n<td style=\"padding: 10px; border: 1px solid #ddd;\">Montants<\/td>\n<td style=\"padding: 10px; border: 1px solid #ddd;\">Augmentation de 84\u00d727 mm<\/td>\n<\/tr>\n<tr>\n<td style=\"padding: 10px; border: 1px solid #ddd;\">Application<\/td>\n<td style=\"padding: 10px; border: 1px solid #ddd;\">Acc\u00e8s s\u00e9curis\u00e9 aux toits et aux syst\u00e8mes a\u00e9riens<\/td>\n<\/tr>\n<\/tbody>\n<\/table>\n<\/div>","protected":false},"excerpt":{"rendered":"<p>\u00c9chelle de s\u00e9curit\u00e9 avec cage de protection dans <strong data-start=\"315\" data-end=\"328\">aluminium<\/strong>, conform\u00e9ment \u00e0 <strong data-start=\"342\" data-end=\"359\">D\u00e9cret l\u00e9gislatif 81\/2008<\/strong> Et <strong data-start=\"362\" data-end=\"380\">UNI EN 14122-4<\/strong>Structure modulaire avec montants surdimensionn\u00e9s de 84 x 27 mm pour une stabilit\u00e9 maximale.<\/p>","protected":false},"featured_media":576,"comment_status":"open","ping_status":"closed","template":"","meta":[],"product_brand":[],"product_cat":[35],"product_tag":[],"class_list":{"0":"post-559","1":"product","2":"type-product","3":"status-publish","4":"has-post-thumbnail","6":"product_cat-scale-e-passerelle","8":"first","9":"instock","10":"shipping-taxable","11":"product-type-simple"},"yoast_head":"<!-- This site is optimized with the Yoast SEO Premium plugin v26.4 (Yoast SEO v26.4) - https:\/\/yoast.com\/wordpress\/plugins\/seo\/ -->\n<title>Cage Stairs \u2013 Scala con Gabbia di Sicurezza in Alluminio - Quota Sicura<\/title>\n<meta name=\"description\" content=\"Cage Stairs \u00e8 una scala verticale con gabbia di sicurezza in alluminio, ideale per accessi in quota su tetti, impianti e facciate.\" \/>\n<meta name=\"robots\" content=\"index, follow, max-snippet:-1, max-image-preview:large, max-video-preview:-1\" \/>\n<link rel=\"canonical\" href=\"https:\/\/www.quotasicura.com\/fr\/product\/cage-stairs-scala-con-gabbia-di-sicurezza-in-alluminio\/\" \/>\n<meta property=\"og:locale\" content=\"fr_FR\" \/>\n<meta property=\"og:type\" content=\"article\" \/>\n<meta property=\"og:title\" content=\"Cage Stairs \u2013 Scala con Gabbia di Sicurezza in Alluminio\" \/>\n<meta property=\"og:description\" content=\"Cage Stairs \u00e8 una scala verticale con gabbia di sicurezza in alluminio, ideale per accessi in quota su tetti, impianti e facciate.\" \/>\n<meta property=\"og:url\" content=\"https:\/\/www.quotasicura.com\/fr\/product\/cage-stairs-scala-con-gabbia-di-sicurezza-in-alluminio\/\" \/>\n<meta property=\"og:site_name\" content=\"Quota Sicura\" \/>\n<meta property=\"article:modified_time\" content=\"2025-11-27T17:22:01+00:00\" \/>\n<meta property=\"og:image\" content=\"https:\/\/www.quotasicura.com\/wp-content\/uploads\/2025\/10\/CAGE-STAIRS.png\" \/>\n\t<meta property=\"og:image:width\" content=\"1080\" \/>\n\t<meta property=\"og:image:height\" content=\"1350\" \/>\n\t<meta property=\"og:image:type\" content=\"image\/png\" \/>\n<meta name=\"twitter:card\" content=\"summary_large_image\" \/>\n<meta name=\"twitter:label1\" content=\"Dur\u00e9e de lecture estim\u00e9e\" \/>\n\t<meta name=\"twitter:data1\" content=\"1 minute\" \/>\n<script type=\"application\/ld+json\" class=\"yoast-schema-graph\">{\"@context\":\"https:\/\/schema.org\",\"@graph\":[{\"@type\":\"WebPage\",\"@id\":\"https:\/\/www.quotasicura.com\/product\/cage-stairs-scala-con-gabbia-di-sicurezza-in-alluminio\/\",\"url\":\"https:\/\/www.quotasicura.com\/product\/cage-stairs-scala-con-gabbia-di-sicurezza-in-alluminio\/\",\"name\":\"Cage Stairs \u2013 Scala con Gabbia di Sicurezza in Alluminio - Quota Sicura\",\"isPartOf\":{\"@id\":\"https:\/\/www.quotasicura.com\/#website\"},\"primaryImageOfPage\":{\"@id\":\"https:\/\/www.quotasicura.com\/product\/cage-stairs-scala-con-gabbia-di-sicurezza-in-alluminio\/#primaryimage\"},\"image\":{\"@id\":\"https:\/\/www.quotasicura.com\/product\/cage-stairs-scala-con-gabbia-di-sicurezza-in-alluminio\/#primaryimage\"},\"thumbnailUrl\":\"https:\/\/www.quotasicura.com\/wp-content\/uploads\/2025\/10\/CAGE-STAIRS.png\",\"datePublished\":\"2025-10-07T15:26:50+00:00\",\"dateModified\":\"2025-11-27T17:22:01+00:00\",\"description\":\"Cage Stairs \u00e8 una scala verticale con gabbia di sicurezza in alluminio, ideale per accessi in quota su tetti, impianti e facciate.\",\"breadcrumb\":{\"@id\":\"https:\/\/www.quotasicura.com\/product\/cage-stairs-scala-con-gabbia-di-sicurezza-in-alluminio\/#breadcrumb\"},\"inLanguage\":\"fr-FR\",\"potentialAction\":[{\"@type\":\"ReadAction\",\"target\":[\"https:\/\/www.quotasicura.com\/product\/cage-stairs-scala-con-gabbia-di-sicurezza-in-alluminio\/\"]}]},{\"@type\":\"ImageObject\",\"inLanguage\":\"fr-FR\",\"@id\":\"https:\/\/www.quotasicura.com\/product\/cage-stairs-scala-con-gabbia-di-sicurezza-in-alluminio\/#primaryimage\",\"url\":\"https:\/\/www.quotasicura.com\/wp-content\/uploads\/2025\/10\/CAGE-STAIRS.png\",\"contentUrl\":\"https:\/\/www.quotasicura.com\/wp-content\/uploads\/2025\/10\/CAGE-STAIRS.png\",\"width\":1080,\"height\":1350},{\"@type\":\"BreadcrumbList\",\"@id\":\"https:\/\/www.quotasicura.com\/product\/cage-stairs-scala-con-gabbia-di-sicurezza-in-alluminio\/#breadcrumb\",\"itemListElement\":[{\"@type\":\"ListItem\",\"position\":1,\"name\":\"Home\",\"item\":\"https:\/\/www.quotasicura.com\/\"},{\"@type\":\"ListItem\",\"position\":2,\"name\":\"Prodotti\",\"item\":\"https:\/\/www.quotasicura.com\/prodotti\/\"},{\"@type\":\"ListItem\",\"position\":3,\"name\":\"Cage Stairs \u2013 Scala con Gabbia di Sicurezza in Alluminio\"}]},{\"@type\":\"WebSite\",\"@id\":\"https:\/\/www.quotasicura.com\/#website\",\"url\":\"https:\/\/www.quotasicura.com\/\",\"name\":\"Quota Sicura\",\"description\":\"\",\"publisher\":{\"@id\":\"https:\/\/www.quotasicura.com\/#organization\"},\"potentialAction\":[{\"@type\":\"SearchAction\",\"target\":{\"@type\":\"EntryPoint\",\"urlTemplate\":\"https:\/\/www.quotasicura.com\/?s={search_term_string}\"},\"query-input\":{\"@type\":\"PropertyValueSpecification\",\"valueRequired\":true,\"valueName\":\"search_term_string\"}}],\"inLanguage\":\"fr-FR\"},{\"@type\":\"Organization\",\"@id\":\"https:\/\/www.quotasicura.com\/#organization\",\"name\":\"Quota Sicura\",\"url\":\"https:\/\/www.quotasicura.com\/\",\"logo\":{\"@type\":\"ImageObject\",\"inLanguage\":\"fr-FR\",\"@id\":\"https:\/\/www.quotasicura.com\/#\/schema\/logo\/image\/\",\"url\":\"https:\/\/www.quotasicura.com\/wp-content\/uploads\/2025\/10\/LOGO-QUOTA-SICURA.pdf.png\",\"contentUrl\":\"https:\/\/www.quotasicura.com\/wp-content\/uploads\/2025\/10\/LOGO-QUOTA-SICURA.pdf.png\",\"width\":2000,\"height\":614,\"caption\":\"Quota Sicura\"},\"image\":{\"@id\":\"https:\/\/www.quotasicura.com\/#\/schema\/logo\/image\/\"}}]}<\/script>\n<!-- \/ Yoast SEO Premium plugin. -->","yoast_head_json":{"title":"Cage Stairs \u2013 Scala con Gabbia di Sicurezza in Alluminio - Quota Sicura","description":"Cage Stairs \u00e8 una scala verticale con gabbia di sicurezza in alluminio, ideale per accessi in quota su tetti, impianti e facciate.","robots":{"index":"index","follow":"follow","max-snippet":"max-snippet:-1","max-image-preview":"max-image-preview:large","max-video-preview":"max-video-preview:-1"},"canonical":"https:\/\/www.quotasicura.com\/fr\/product\/cage-stairs-scala-con-gabbia-di-sicurezza-in-alluminio\/","og_locale":"fr_FR","og_type":"article","og_title":"Cage Stairs \u2013 Scala con Gabbia di Sicurezza in Alluminio","og_description":"Cage Stairs \u00e8 una scala verticale con gabbia di sicurezza in alluminio, ideale per accessi in quota su tetti, impianti e facciate.","og_url":"https:\/\/www.quotasicura.com\/fr\/product\/cage-stairs-scala-con-gabbia-di-sicurezza-in-alluminio\/","og_site_name":"Quota Sicura","article_modified_time":"2025-11-27T17:22:01+00:00","og_image":[{"width":1080,"height":1350,"url":"https:\/\/www.quotasicura.com\/wp-content\/uploads\/2025\/10\/CAGE-STAIRS.png","type":"image\/png"}],"twitter_card":"summary_large_image","twitter_misc":{"Dur\u00e9e de lecture estim\u00e9e":"1 minute"},"schema":{"@context":"https:\/\/schema.org","@graph":[{"@type":"WebPage","@id":"https:\/\/www.quotasicura.com\/product\/cage-stairs-scala-con-gabbia-di-sicurezza-in-alluminio\/","url":"https:\/\/www.quotasicura.com\/product\/cage-stairs-scala-con-gabbia-di-sicurezza-in-alluminio\/","name":"Cage Stairs \u2013 Scala con Gabbia di Sicurezza in Alluminio - Quota Sicura","isPartOf":{"@id":"https:\/\/www.quotasicura.com\/#website"},"primaryImageOfPage":{"@id":"https:\/\/www.quotasicura.com\/product\/cage-stairs-scala-con-gabbia-di-sicurezza-in-alluminio\/#primaryimage"},"image":{"@id":"https:\/\/www.quotasicura.com\/product\/cage-stairs-scala-con-gabbia-di-sicurezza-in-alluminio\/#primaryimage"},"thumbnailUrl":"https:\/\/www.quotasicura.com\/wp-content\/uploads\/2025\/10\/CAGE-STAIRS.png","datePublished":"2025-10-07T15:26:50+00:00","dateModified":"2025-11-27T17:22:01+00:00","description":"Cage Stairs \u00e8 una scala verticale con gabbia di sicurezza in alluminio, ideale per accessi in quota su tetti, impianti e facciate.","breadcrumb":{"@id":"https:\/\/www.quotasicura.com\/product\/cage-stairs-scala-con-gabbia-di-sicurezza-in-alluminio\/#breadcrumb"},"inLanguage":"fr-FR","potentialAction":[{"@type":"ReadAction","target":["https:\/\/www.quotasicura.com\/product\/cage-stairs-scala-con-gabbia-di-sicurezza-in-alluminio\/"]}]},{"@type":"ImageObject","inLanguage":"fr-FR","@id":"https:\/\/www.quotasicura.com\/product\/cage-stairs-scala-con-gabbia-di-sicurezza-in-alluminio\/#primaryimage","url":"https:\/\/www.quotasicura.com\/wp-content\/uploads\/2025\/10\/CAGE-STAIRS.png","contentUrl":"https:\/\/www.quotasicura.com\/wp-content\/uploads\/2025\/10\/CAGE-STAIRS.png","width":1080,"height":1350},{"@type":"BreadcrumbList","@id":"https:\/\/www.quotasicura.com\/product\/cage-stairs-scala-con-gabbia-di-sicurezza-in-alluminio\/#breadcrumb","itemListElement":[{"@type":"ListItem","position":1,"name":"Home","item":"https:\/\/www.quotasicura.com\/"},{"@type":"ListItem","position":2,"name":"Prodotti","item":"https:\/\/www.quotasicura.com\/prodotti\/"},{"@type":"ListItem","position":3,"name":"Cage Stairs \u2013 Scala con Gabbia di Sicurezza in Alluminio"}]},{"@type":"WebSite","@id":"https:\/\/www.quotasicura.com\/#website","url":"https:\/\/www.quotasicura.com\/","name":"Quota de s\u00e9curit\u00e9","description":"","publisher":{"@id":"https:\/\/www.quotasicura.com\/#organization"},"potentialAction":[{"@type":"SearchAction","target":{"@type":"EntryPoint","urlTemplate":"https:\/\/www.quotasicura.com\/?s={search_term_string}"},"query-input":{"@type":"PropertyValueSpecification","valueRequired":true,"valueName":"search_term_string"}}],"inLanguage":"fr-FR"},{"@type":"Organization","@id":"https:\/\/www.quotasicura.com\/#organization","name":"Quota de s\u00e9curit\u00e9","url":"https:\/\/www.quotasicura.com\/","logo":{"@type":"ImageObject","inLanguage":"fr-FR","@id":"https:\/\/www.quotasicura.com\/#\/schema\/logo\/image\/","url":"https:\/\/www.quotasicura.com\/wp-content\/uploads\/2025\/10\/LOGO-QUOTA-SICURA.pdf.png","contentUrl":"https:\/\/www.quotasicura.com\/wp-content\/uploads\/2025\/10\/LOGO-QUOTA-SICURA.pdf.png","width":2000,"height":614,"caption":"Quota Sicura"},"image":{"@id":"https:\/\/www.quotasicura.com\/#\/schema\/logo\/image\/"}}]}},"_links":{"self":[{"href":"https:\/\/www.quotasicura.com\/fr\/wp-json\/wp\/v2\/product\/559","targetHints":{"allow":["GET"]}}],"collection":[{"href":"https:\/\/www.quotasicura.com\/fr\/wp-json\/wp\/v2\/product"}],"about":[{"href":"https:\/\/www.quotasicura.com\/fr\/wp-json\/wp\/v2\/types\/product"}],"replies":[{"embeddable":true,"href":"https:\/\/www.quotasicura.com\/fr\/wp-json\/wp\/v2\/comments?post=559"}],"wp:featuredmedia":[{"embeddable":true,"href":"https:\/\/www.quotasicura.com\/fr\/wp-json\/wp\/v2\/media\/576"}],"wp:attachment":[{"href":"https:\/\/www.quotasicura.com\/fr\/wp-json\/wp\/v2\/media?parent=559"}],"wp:term":[{"taxonomy":"product_brand","embeddable":true,"href":"https:\/\/www.quotasicura.com\/fr\/wp-json\/wp\/v2\/product_brand?post=559"},{"taxonomy":"product_cat","embeddable":true,"href":"https:\/\/www.quotasicura.com\/fr\/wp-json\/wp\/v2\/product_cat?post=559"},{"taxonomy":"product_tag","embeddable":true,"href":"https:\/\/www.quotasicura.com\/fr\/wp-json\/wp\/v2\/product_tag?post=559"}],"curies":[{"name":"wp","href":"https:\/\/api.w.org\/{rel}","templated":true}]}}