{"id":562,"date":"2025-10-07T15:26:50","date_gmt":"2025-10-07T15:26:50","guid":{"rendered":"https:\/\/www.quotasicura.com\/?post_type=product&#038;p=562"},"modified":"2025-11-27T17:32:29","modified_gmt":"2025-11-27T17:32:29","slug":"passerelle-anticaduta-in-alluminio","status":"publish","type":"product","link":"https:\/\/www.quotasicura.com\/fr\/product\/passerelle-anticaduta-in-alluminio\/","title":{"rendered":"Passerelles de protection antichute en aluminium"},"content":{"rendered":"<div class=\"scrollable-table\" style=\"overflow-x: auto;\">\n<table style=\"width: 100%; border-collapse: collapse;\">\n<thead>\n<tr style=\"background-color: #f2f2f2;\">\n<th style=\"padding: 10px; border: 1px solid #ddd;\">Caract\u00e9ristiques<\/th>\n<th style=\"padding: 10px; border: 1px solid #ddd;\">D\u00e9tail<\/th>\n<\/tr>\n<\/thead>\n<tbody>\n<tr>\n<td style=\"padding: 10px; border: 1px solid #ddd;\">Produit<\/td>\n<td style=\"padding: 10px; border: 1px solid #ddd;\">Passerelles pi\u00e9tonnes s\u00e9curis\u00e9es contre les chutes<\/td>\n<\/tr>\n<tr>\n<td style=\"padding: 10px; border: 1px solid #ddd;\">Largeurs standard<\/td>\n<td style=\"padding: 10px; border: 1px solid #ddd;\">600 \/ 800 \/ 1000 mm (hauteur utile)<\/td>\n<\/tr>\n<tr>\n<td style=\"padding: 10px; border: 1px solid #ddd;\">largeurs sp\u00e9ciales<\/td>\n<td style=\"padding: 10px; border: 1px solid #ddd;\">700 \/ 900 mm (hauteur utile)<\/td>\n<\/tr>\n<tr>\n<td style=\"padding: 10px; border: 1px solid #ddd;\">Longueurs des modules<\/td>\n<td style=\"padding: 10px; border: 1px solid #ddd;\">1000 \/ 2000 \/ 3000 mm (modulaire)<\/td>\n<\/tr>\n<tr>\n<td style=\"padding: 10px; border: 1px solid #ddd;\">d\u00e9bit<\/td>\n<td style=\"padding: 10px; border: 1px solid #ddd;\">Support maximal de 1500 mm \u2013 Charge lin\u00e9aire r\u00e9partie de 100 kg\/m<\/td>\n<\/tr>\n<tr>\n<td style=\"padding: 10px; border: 1px solid #ddd;\">hauteur du parapet<\/td>\n<td style=\"padding: 10px; border: 1px solid #ddd;\">1100 mm \u2013 embout 174 mm<\/td>\n<\/tr>\n<tr>\n<td style=\"padding: 10px; border: 1px solid #ddd;\">variantes de plancher<\/td>\n<td style=\"padding: 10px; border: 1px solid #ddd;\">Amande - Grille d&#039;\u00e9gouttage<\/td>\n<\/tr>\n<tr>\n<td style=\"padding: 10px; border: 1px solid #ddd;\">Configurations de parapet<\/td>\n<td style=\"padding: 10px; border: 1px solid #ddd;\">Sans parapet \u2013 Parapet d&#039;un c\u00f4t\u00e9 \u2013 Parapet des deux c\u00f4t\u00e9s<\/td>\n<\/tr>\n<tr>\n<td style=\"padding: 10px; border: 1px solid #ddd;\">Applications<\/td>\n<td style=\"padding: 10px; border: 1px solid #ddd;\">Toitures fragiles, passerelles au-dessus de puits de lumi\u00e8re, installations industrielles et navales et applications sp\u00e9ciales<\/td>\n<\/tr>\n<\/tbody>\n<\/table>\n<\/div>","protected":false},"excerpt":{"rendered":"<p>Les passerelles pi\u00e9tonnes sont con\u00e7ues pour garantir la s\u00e9curit\u00e9 des d\u00e9placements en hauteur, m\u00eame sur les toitures fragiles ou inclin\u00e9es. Elles sont disponibles avec des caillebotis antid\u00e9rapants ou \u00e0 drainage, avec ou sans garde-corps.<\/p>","protected":false},"featured_media":579,"comment_status":"open","ping_status":"closed","template":"","meta":[],"product_brand":[],"product_cat":[35],"product_tag":[],"class_list":{"0":"post-562","1":"product","2":"type-product","3":"status-publish","4":"has-post-thumbnail","6":"product_cat-scale-e-passerelle","8":"first","9":"instock","10":"shipping-taxable","11":"product-type-simple"},"yoast_head":"<!-- This site is optimized with the Yoast SEO Premium plugin v26.4 (Yoast SEO v26.4) - https:\/\/yoast.com\/wordpress\/plugins\/seo\/ -->\n<title>Passerelle anticaduta in alluminio - Quota Sicura<\/title>\n<meta name=\"description\" content=\"Passerelle anticaduta in alluminio per accessi sicuri su coperture, tetti industriali e impianti. Soluzioni leggere, antiscivolo e certificate EN 516.\" \/>\n<meta name=\"robots\" content=\"index, follow, max-snippet:-1, max-image-preview:large, max-video-preview:-1\" \/>\n<link rel=\"canonical\" href=\"https:\/\/www.quotasicura.com\/fr\/product\/passerelle-anticaduta-in-alluminio\/\" \/>\n<meta property=\"og:locale\" content=\"fr_FR\" \/>\n<meta property=\"og:type\" content=\"article\" \/>\n<meta property=\"og:title\" content=\"Passerelle anticaduta in alluminio\" \/>\n<meta property=\"og:description\" content=\"Passerelle anticaduta in alluminio per accessi sicuri su coperture, tetti industriali e impianti. Soluzioni leggere, antiscivolo e certificate EN 516.\" \/>\n<meta property=\"og:url\" content=\"https:\/\/www.quotasicura.com\/fr\/product\/passerelle-anticaduta-in-alluminio\/\" \/>\n<meta property=\"og:site_name\" content=\"Quota Sicura\" \/>\n<meta property=\"article:modified_time\" content=\"2025-11-27T17:32:29+00:00\" \/>\n<meta property=\"og:image\" content=\"https:\/\/www.quotasicura.com\/wp-content\/uploads\/2025\/10\/PASSERELLE.png\" \/>\n\t<meta property=\"og:image:width\" content=\"1080\" \/>\n\t<meta property=\"og:image:height\" content=\"1350\" \/>\n\t<meta property=\"og:image:type\" content=\"image\/png\" \/>\n<meta name=\"twitter:card\" content=\"summary_large_image\" \/>\n<meta name=\"twitter:label1\" content=\"Dur\u00e9e de lecture estim\u00e9e\" \/>\n\t<meta name=\"twitter:data1\" content=\"1 minute\" \/>\n<script type=\"application\/ld+json\" class=\"yoast-schema-graph\">{\"@context\":\"https:\/\/schema.org\",\"@graph\":[{\"@type\":\"WebPage\",\"@id\":\"https:\/\/www.quotasicura.com\/product\/passerelle-anticaduta-in-alluminio\/\",\"url\":\"https:\/\/www.quotasicura.com\/product\/passerelle-anticaduta-in-alluminio\/\",\"name\":\"Passerelle anticaduta in alluminio - Quota Sicura\",\"isPartOf\":{\"@id\":\"https:\/\/www.quotasicura.com\/#website\"},\"primaryImageOfPage\":{\"@id\":\"https:\/\/www.quotasicura.com\/product\/passerelle-anticaduta-in-alluminio\/#primaryimage\"},\"image\":{\"@id\":\"https:\/\/www.quotasicura.com\/product\/passerelle-anticaduta-in-alluminio\/#primaryimage\"},\"thumbnailUrl\":\"https:\/\/www.quotasicura.com\/wp-content\/uploads\/2025\/10\/PASSERELLE.png\",\"datePublished\":\"2025-10-07T15:26:50+00:00\",\"dateModified\":\"2025-11-27T17:32:29+00:00\",\"description\":\"Passerelle anticaduta in alluminio per accessi sicuri su coperture, tetti industriali e impianti. Soluzioni leggere, antiscivolo e certificate EN 516.\",\"breadcrumb\":{\"@id\":\"https:\/\/www.quotasicura.com\/product\/passerelle-anticaduta-in-alluminio\/#breadcrumb\"},\"inLanguage\":\"fr-FR\",\"potentialAction\":[{\"@type\":\"ReadAction\",\"target\":[\"https:\/\/www.quotasicura.com\/product\/passerelle-anticaduta-in-alluminio\/\"]}]},{\"@type\":\"ImageObject\",\"inLanguage\":\"fr-FR\",\"@id\":\"https:\/\/www.quotasicura.com\/product\/passerelle-anticaduta-in-alluminio\/#primaryimage\",\"url\":\"https:\/\/www.quotasicura.com\/wp-content\/uploads\/2025\/10\/PASSERELLE.png\",\"contentUrl\":\"https:\/\/www.quotasicura.com\/wp-content\/uploads\/2025\/10\/PASSERELLE.png\",\"width\":1080,\"height\":1350},{\"@type\":\"BreadcrumbList\",\"@id\":\"https:\/\/www.quotasicura.com\/product\/passerelle-anticaduta-in-alluminio\/#breadcrumb\",\"itemListElement\":[{\"@type\":\"ListItem\",\"position\":1,\"name\":\"Home\",\"item\":\"https:\/\/www.quotasicura.com\/\"},{\"@type\":\"ListItem\",\"position\":2,\"name\":\"Prodotti\",\"item\":\"https:\/\/www.quotasicura.com\/prodotti\/\"},{\"@type\":\"ListItem\",\"position\":3,\"name\":\"Passerelle anticaduta in alluminio\"}]},{\"@type\":\"WebSite\",\"@id\":\"https:\/\/www.quotasicura.com\/#website\",\"url\":\"https:\/\/www.quotasicura.com\/\",\"name\":\"Quota Sicura\",\"description\":\"\",\"publisher\":{\"@id\":\"https:\/\/www.quotasicura.com\/#organization\"},\"potentialAction\":[{\"@type\":\"SearchAction\",\"target\":{\"@type\":\"EntryPoint\",\"urlTemplate\":\"https:\/\/www.quotasicura.com\/?s={search_term_string}\"},\"query-input\":{\"@type\":\"PropertyValueSpecification\",\"valueRequired\":true,\"valueName\":\"search_term_string\"}}],\"inLanguage\":\"fr-FR\"},{\"@type\":\"Organization\",\"@id\":\"https:\/\/www.quotasicura.com\/#organization\",\"name\":\"Quota Sicura\",\"url\":\"https:\/\/www.quotasicura.com\/\",\"logo\":{\"@type\":\"ImageObject\",\"inLanguage\":\"fr-FR\",\"@id\":\"https:\/\/www.quotasicura.com\/#\/schema\/logo\/image\/\",\"url\":\"https:\/\/www.quotasicura.com\/wp-content\/uploads\/2025\/10\/LOGO-QUOTA-SICURA.pdf.png\",\"contentUrl\":\"https:\/\/www.quotasicura.com\/wp-content\/uploads\/2025\/10\/LOGO-QUOTA-SICURA.pdf.png\",\"width\":2000,\"height\":614,\"caption\":\"Quota Sicura\"},\"image\":{\"@id\":\"https:\/\/www.quotasicura.com\/#\/schema\/logo\/image\/\"}}]}<\/script>\n<!-- \/ Yoast SEO Premium plugin. -->","yoast_head_json":{"title":"Passerelle anticaduta in alluminio - Quota Sicura","description":"Passerelle anticaduta in alluminio per accessi sicuri su coperture, tetti industriali e impianti. Soluzioni leggere, antiscivolo e certificate EN 516.","robots":{"index":"index","follow":"follow","max-snippet":"max-snippet:-1","max-image-preview":"max-image-preview:large","max-video-preview":"max-video-preview:-1"},"canonical":"https:\/\/www.quotasicura.com\/fr\/product\/passerelle-anticaduta-in-alluminio\/","og_locale":"fr_FR","og_type":"article","og_title":"Passerelle anticaduta in alluminio","og_description":"Passerelle anticaduta in alluminio per accessi sicuri su coperture, tetti industriali e impianti. Soluzioni leggere, antiscivolo e certificate EN 516.","og_url":"https:\/\/www.quotasicura.com\/fr\/product\/passerelle-anticaduta-in-alluminio\/","og_site_name":"Quota Sicura","article_modified_time":"2025-11-27T17:32:29+00:00","og_image":[{"width":1080,"height":1350,"url":"https:\/\/www.quotasicura.com\/wp-content\/uploads\/2025\/10\/PASSERELLE.png","type":"image\/png"}],"twitter_card":"summary_large_image","twitter_misc":{"Dur\u00e9e de lecture estim\u00e9e":"1 minute"},"schema":{"@context":"https:\/\/schema.org","@graph":[{"@type":"WebPage","@id":"https:\/\/www.quotasicura.com\/product\/passerelle-anticaduta-in-alluminio\/","url":"https:\/\/www.quotasicura.com\/product\/passerelle-anticaduta-in-alluminio\/","name":"Passerelle anticaduta in alluminio - Quota Sicura","isPartOf":{"@id":"https:\/\/www.quotasicura.com\/#website"},"primaryImageOfPage":{"@id":"https:\/\/www.quotasicura.com\/product\/passerelle-anticaduta-in-alluminio\/#primaryimage"},"image":{"@id":"https:\/\/www.quotasicura.com\/product\/passerelle-anticaduta-in-alluminio\/#primaryimage"},"thumbnailUrl":"https:\/\/www.quotasicura.com\/wp-content\/uploads\/2025\/10\/PASSERELLE.png","datePublished":"2025-10-07T15:26:50+00:00","dateModified":"2025-11-27T17:32:29+00:00","description":"Passerelle anticaduta in alluminio per accessi sicuri su coperture, tetti industriali e impianti. Soluzioni leggere, antiscivolo e certificate EN 516.","breadcrumb":{"@id":"https:\/\/www.quotasicura.com\/product\/passerelle-anticaduta-in-alluminio\/#breadcrumb"},"inLanguage":"fr-FR","potentialAction":[{"@type":"ReadAction","target":["https:\/\/www.quotasicura.com\/product\/passerelle-anticaduta-in-alluminio\/"]}]},{"@type":"ImageObject","inLanguage":"fr-FR","@id":"https:\/\/www.quotasicura.com\/product\/passerelle-anticaduta-in-alluminio\/#primaryimage","url":"https:\/\/www.quotasicura.com\/wp-content\/uploads\/2025\/10\/PASSERELLE.png","contentUrl":"https:\/\/www.quotasicura.com\/wp-content\/uploads\/2025\/10\/PASSERELLE.png","width":1080,"height":1350},{"@type":"BreadcrumbList","@id":"https:\/\/www.quotasicura.com\/product\/passerelle-anticaduta-in-alluminio\/#breadcrumb","itemListElement":[{"@type":"ListItem","position":1,"name":"Home","item":"https:\/\/www.quotasicura.com\/"},{"@type":"ListItem","position":2,"name":"Prodotti","item":"https:\/\/www.quotasicura.com\/prodotti\/"},{"@type":"ListItem","position":3,"name":"Passerelle anticaduta in alluminio"}]},{"@type":"WebSite","@id":"https:\/\/www.quotasicura.com\/#website","url":"https:\/\/www.quotasicura.com\/","name":"Quota de s\u00e9curit\u00e9","description":"","publisher":{"@id":"https:\/\/www.quotasicura.com\/#organization"},"potentialAction":[{"@type":"SearchAction","target":{"@type":"EntryPoint","urlTemplate":"https:\/\/www.quotasicura.com\/?s={search_term_string}"},"query-input":{"@type":"PropertyValueSpecification","valueRequired":true,"valueName":"search_term_string"}}],"inLanguage":"fr-FR"},{"@type":"Organization","@id":"https:\/\/www.quotasicura.com\/#organization","name":"Quota de s\u00e9curit\u00e9","url":"https:\/\/www.quotasicura.com\/","logo":{"@type":"ImageObject","inLanguage":"fr-FR","@id":"https:\/\/www.quotasicura.com\/#\/schema\/logo\/image\/","url":"https:\/\/www.quotasicura.com\/wp-content\/uploads\/2025\/10\/LOGO-QUOTA-SICURA.pdf.png","contentUrl":"https:\/\/www.quotasicura.com\/wp-content\/uploads\/2025\/10\/LOGO-QUOTA-SICURA.pdf.png","width":2000,"height":614,"caption":"Quota Sicura"},"image":{"@id":"https:\/\/www.quotasicura.com\/#\/schema\/logo\/image\/"}}]}},"_links":{"self":[{"href":"https:\/\/www.quotasicura.com\/fr\/wp-json\/wp\/v2\/product\/562","targetHints":{"allow":["GET"]}}],"collection":[{"href":"https:\/\/www.quotasicura.com\/fr\/wp-json\/wp\/v2\/product"}],"about":[{"href":"https:\/\/www.quotasicura.com\/fr\/wp-json\/wp\/v2\/types\/product"}],"replies":[{"embeddable":true,"href":"https:\/\/www.quotasicura.com\/fr\/wp-json\/wp\/v2\/comments?post=562"}],"wp:featuredmedia":[{"embeddable":true,"href":"https:\/\/www.quotasicura.com\/fr\/wp-json\/wp\/v2\/media\/579"}],"wp:attachment":[{"href":"https:\/\/www.quotasicura.com\/fr\/wp-json\/wp\/v2\/media?parent=562"}],"wp:term":[{"taxonomy":"product_brand","embeddable":true,"href":"https:\/\/www.quotasicura.com\/fr\/wp-json\/wp\/v2\/product_brand?post=562"},{"taxonomy":"product_cat","embeddable":true,"href":"https:\/\/www.quotasicura.com\/fr\/wp-json\/wp\/v2\/product_cat?post=562"},{"taxonomy":"product_tag","embeddable":true,"href":"https:\/\/www.quotasicura.com\/fr\/wp-json\/wp\/v2\/product_tag?post=562"}],"curies":[{"name":"wp","href":"https:\/\/api.w.org\/{rel}","templated":true}]}}