{"id":569,"date":"2025-10-07T15:26:51","date_gmt":"2025-10-07T15:26:51","guid":{"rendered":"https:\/\/www.quotasicura.com\/?post_type=product&#038;p=569"},"modified":"2025-11-27T17:14:05","modified_gmt":"2025-11-27T17:14:05","slug":"imbracatura-anticaduta-irudek-light-plus-2","status":"publish","type":"product","link":"https:\/\/www.quotasicura.com\/fr\/product\/imbracatura-anticaduta-irudek-light-plus-2\/","title":{"rendered":"Harnais antichute Irudek Light Plus 2"},"content":{"rendered":"<div class=\"scrollable-table\" style=\"overflow-x: auto;\">\n<table style=\"width: 100%; border-collapse: collapse;\">\n<thead>\n<tr style=\"background-color: #f2f2f2;\">\n<th style=\"padding: 10px; border: 1px solid #ddd;\">Caract\u00e9ristiques<\/th>\n<th style=\"padding: 10px; border: 1px solid #ddd;\">D\u00e9tail<\/th>\n<\/tr>\n<\/thead>\n<tbody>\n<tr>\n<td style=\"padding: 10px; border: 1px solid #ddd;\">Produit<\/td>\n<td style=\"padding: 10px; border: 1px solid #ddd;\">Irudek Light Plus 2<\/td>\n<\/tr>\n<tr>\n<td style=\"padding: 10px; border: 1px solid #ddd;\">Typologie<\/td>\n<td style=\"padding: 10px; border: 1px solid #ddd;\">Harnais antichute l\u00e9ger<\/td>\n<\/tr>\n<tr>\n<td style=\"padding: 10px; border: 1px solid #ddd;\">Ancres<\/td>\n<td style=\"padding: 10px; border: 1px solid #ddd;\">Anneau dorsal + 2 anneaux sternaux en textile<\/td>\n<\/tr>\n<tr>\n<td style=\"padding: 10px; border: 1px solid #ddd;\">Ajustements<\/td>\n<td style=\"padding: 10px; border: 1px solid #ddd;\">Bretelles r\u00e9glables sur la poitrine et les cuisses<\/td>\n<\/tr>\n<tr>\n<td style=\"padding: 10px; border: 1px solid #ddd;\">Mat\u00e9riels<\/td>\n<td style=\"padding: 10px; border: 1px solid #ddd;\">Acier galvanis\u00e9 \u00e0 haute r\u00e9sistance<\/td>\n<\/tr>\n<tr>\n<td style=\"padding: 10px; border: 1px solid #ddd;\">Technologie<\/td>\n<td style=\"padding: 10px; border: 1px solid #ddd;\">Irudek NFC Irukcheck int\u00e9gr\u00e9<\/td>\n<\/tr>\n<tr>\n<td style=\"padding: 10px; border: 1px solid #ddd;\">Avantages<\/td>\n<td style=\"padding: 10px; border: 1px solid #ddd;\">L\u00e9ger, durable et conforme aux normes de s\u00e9curit\u00e9<\/td>\n<\/tr>\n<\/tbody>\n<\/table>\n<\/div>","protected":false},"excerpt":{"rendered":"<p>Le harnais antichute Irudek Light Plus 2 est con\u00e7u pour offrir protection, confort et durabilit\u00e9. Il est dot\u00e9 d&#039;une boucle dorsale antichute, de deux sangles sternales en textile, de sangles r\u00e9glables et de composants en acier galvanis\u00e9 haute r\u00e9sistance. Il int\u00e8gre la technologie NFC Irukcheck pour la tra\u00e7abilit\u00e9.<\/p>","protected":false},"featured_media":590,"comment_status":"open","ping_status":"closed","template":"","meta":[],"product_brand":[],"product_cat":[29],"product_tag":[],"class_list":{"0":"post-569","1":"product","2":"type-product","3":"status-publish","4":"has-post-thumbnail","6":"product_cat-dpi-dispositivi-di-protezione-individuale","8":"first","9":"instock","10":"shipping-taxable","11":"product-type-simple"},"yoast_head":"<!-- This site is optimized with the Yoast SEO Premium plugin v26.4 (Yoast SEO v26.4) - https:\/\/yoast.com\/wordpress\/plugins\/seo\/ -->\n<title>Imbracatura anticaduta Irudek Light Plus 2 - Quota Sicura<\/title>\n<meta name=\"description\" content=\"Imbracatura Irudek Light Plus 2 con 2 punti di attacco e fibbie regolabili. DPI leggero e confortevole, certificato EN 361 per lavori in quota.\" \/>\n<meta name=\"robots\" content=\"index, follow, max-snippet:-1, max-image-preview:large, max-video-preview:-1\" \/>\n<link rel=\"canonical\" href=\"https:\/\/www.quotasicura.com\/fr\/product\/imbracatura-anticaduta-irudek-light-plus-2\/\" \/>\n<meta property=\"og:locale\" content=\"fr_FR\" \/>\n<meta property=\"og:type\" content=\"article\" \/>\n<meta property=\"og:title\" content=\"Imbracatura anticaduta Irudek Light Plus 2\" \/>\n<meta property=\"og:description\" content=\"Imbracatura Irudek Light Plus 2 con 2 punti di attacco e fibbie regolabili. DPI leggero e confortevole, certificato EN 361 per lavori in quota.\" \/>\n<meta property=\"og:url\" content=\"https:\/\/www.quotasicura.com\/fr\/product\/imbracatura-anticaduta-irudek-light-plus-2\/\" \/>\n<meta property=\"og:site_name\" content=\"Quota Sicura\" \/>\n<meta property=\"article:modified_time\" content=\"2025-11-27T17:14:05+00:00\" \/>\n<meta property=\"og:image\" content=\"https:\/\/www.quotasicura.com\/wp-content\/uploads\/2025\/10\/IRUDEK-LIGHT-PLUS-2.png\" \/>\n\t<meta property=\"og:image:width\" content=\"1080\" \/>\n\t<meta property=\"og:image:height\" content=\"1350\" \/>\n\t<meta property=\"og:image:type\" content=\"image\/png\" \/>\n<meta name=\"twitter:card\" content=\"summary_large_image\" \/>\n<meta name=\"twitter:label1\" content=\"Dur\u00e9e de lecture estim\u00e9e\" \/>\n\t<meta name=\"twitter:data1\" content=\"1 minute\" \/>\n<script type=\"application\/ld+json\" class=\"yoast-schema-graph\">{\"@context\":\"https:\/\/schema.org\",\"@graph\":[{\"@type\":\"WebPage\",\"@id\":\"https:\/\/www.quotasicura.com\/product\/imbracatura-anticaduta-irudek-light-plus-2\/\",\"url\":\"https:\/\/www.quotasicura.com\/product\/imbracatura-anticaduta-irudek-light-plus-2\/\",\"name\":\"Imbracatura anticaduta Irudek Light Plus 2 - Quota Sicura\",\"isPartOf\":{\"@id\":\"https:\/\/www.quotasicura.com\/#website\"},\"primaryImageOfPage\":{\"@id\":\"https:\/\/www.quotasicura.com\/product\/imbracatura-anticaduta-irudek-light-plus-2\/#primaryimage\"},\"image\":{\"@id\":\"https:\/\/www.quotasicura.com\/product\/imbracatura-anticaduta-irudek-light-plus-2\/#primaryimage\"},\"thumbnailUrl\":\"https:\/\/www.quotasicura.com\/wp-content\/uploads\/2025\/10\/IRUDEK-LIGHT-PLUS-2.png\",\"datePublished\":\"2025-10-07T15:26:51+00:00\",\"dateModified\":\"2025-11-27T17:14:05+00:00\",\"description\":\"Imbracatura Irudek Light Plus 2 con 2 punti di attacco e fibbie regolabili. DPI leggero e confortevole, certificato EN 361 per lavori in quota.\",\"breadcrumb\":{\"@id\":\"https:\/\/www.quotasicura.com\/product\/imbracatura-anticaduta-irudek-light-plus-2\/#breadcrumb\"},\"inLanguage\":\"fr-FR\",\"potentialAction\":[{\"@type\":\"ReadAction\",\"target\":[\"https:\/\/www.quotasicura.com\/product\/imbracatura-anticaduta-irudek-light-plus-2\/\"]}]},{\"@type\":\"ImageObject\",\"inLanguage\":\"fr-FR\",\"@id\":\"https:\/\/www.quotasicura.com\/product\/imbracatura-anticaduta-irudek-light-plus-2\/#primaryimage\",\"url\":\"https:\/\/www.quotasicura.com\/wp-content\/uploads\/2025\/10\/IRUDEK-LIGHT-PLUS-2.png\",\"contentUrl\":\"https:\/\/www.quotasicura.com\/wp-content\/uploads\/2025\/10\/IRUDEK-LIGHT-PLUS-2.png\",\"width\":1080,\"height\":1350},{\"@type\":\"BreadcrumbList\",\"@id\":\"https:\/\/www.quotasicura.com\/product\/imbracatura-anticaduta-irudek-light-plus-2\/#breadcrumb\",\"itemListElement\":[{\"@type\":\"ListItem\",\"position\":1,\"name\":\"Home\",\"item\":\"https:\/\/www.quotasicura.com\/\"},{\"@type\":\"ListItem\",\"position\":2,\"name\":\"Prodotti\",\"item\":\"https:\/\/www.quotasicura.com\/prodotti\/\"},{\"@type\":\"ListItem\",\"position\":3,\"name\":\"Imbracatura anticaduta Irudek Light Plus 2\"}]},{\"@type\":\"WebSite\",\"@id\":\"https:\/\/www.quotasicura.com\/#website\",\"url\":\"https:\/\/www.quotasicura.com\/\",\"name\":\"Quota Sicura\",\"description\":\"\",\"publisher\":{\"@id\":\"https:\/\/www.quotasicura.com\/#organization\"},\"potentialAction\":[{\"@type\":\"SearchAction\",\"target\":{\"@type\":\"EntryPoint\",\"urlTemplate\":\"https:\/\/www.quotasicura.com\/?s={search_term_string}\"},\"query-input\":{\"@type\":\"PropertyValueSpecification\",\"valueRequired\":true,\"valueName\":\"search_term_string\"}}],\"inLanguage\":\"fr-FR\"},{\"@type\":\"Organization\",\"@id\":\"https:\/\/www.quotasicura.com\/#organization\",\"name\":\"Quota Sicura\",\"url\":\"https:\/\/www.quotasicura.com\/\",\"logo\":{\"@type\":\"ImageObject\",\"inLanguage\":\"fr-FR\",\"@id\":\"https:\/\/www.quotasicura.com\/#\/schema\/logo\/image\/\",\"url\":\"https:\/\/www.quotasicura.com\/wp-content\/uploads\/2025\/10\/LOGO-QUOTA-SICURA.pdf.png\",\"contentUrl\":\"https:\/\/www.quotasicura.com\/wp-content\/uploads\/2025\/10\/LOGO-QUOTA-SICURA.pdf.png\",\"width\":2000,\"height\":614,\"caption\":\"Quota Sicura\"},\"image\":{\"@id\":\"https:\/\/www.quotasicura.com\/#\/schema\/logo\/image\/\"}}]}<\/script>\n<!-- \/ Yoast SEO Premium plugin. -->","yoast_head_json":{"title":"Imbracatura anticaduta Irudek Light Plus 2 - Quota Sicura","description":"Imbracatura Irudek Light Plus 2 con 2 punti di attacco e fibbie regolabili. DPI leggero e confortevole, certificato EN 361 per lavori in quota.","robots":{"index":"index","follow":"follow","max-snippet":"max-snippet:-1","max-image-preview":"max-image-preview:large","max-video-preview":"max-video-preview:-1"},"canonical":"https:\/\/www.quotasicura.com\/fr\/product\/imbracatura-anticaduta-irudek-light-plus-2\/","og_locale":"fr_FR","og_type":"article","og_title":"Imbracatura anticaduta Irudek Light Plus 2","og_description":"Imbracatura Irudek Light Plus 2 con 2 punti di attacco e fibbie regolabili. DPI leggero e confortevole, certificato EN 361 per lavori in quota.","og_url":"https:\/\/www.quotasicura.com\/fr\/product\/imbracatura-anticaduta-irudek-light-plus-2\/","og_site_name":"Quota Sicura","article_modified_time":"2025-11-27T17:14:05+00:00","og_image":[{"width":1080,"height":1350,"url":"https:\/\/www.quotasicura.com\/wp-content\/uploads\/2025\/10\/IRUDEK-LIGHT-PLUS-2.png","type":"image\/png"}],"twitter_card":"summary_large_image","twitter_misc":{"Dur\u00e9e de lecture estim\u00e9e":"1 minute"},"schema":{"@context":"https:\/\/schema.org","@graph":[{"@type":"WebPage","@id":"https:\/\/www.quotasicura.com\/product\/imbracatura-anticaduta-irudek-light-plus-2\/","url":"https:\/\/www.quotasicura.com\/product\/imbracatura-anticaduta-irudek-light-plus-2\/","name":"Imbracatura anticaduta Irudek Light Plus 2 - Quota Sicura","isPartOf":{"@id":"https:\/\/www.quotasicura.com\/#website"},"primaryImageOfPage":{"@id":"https:\/\/www.quotasicura.com\/product\/imbracatura-anticaduta-irudek-light-plus-2\/#primaryimage"},"image":{"@id":"https:\/\/www.quotasicura.com\/product\/imbracatura-anticaduta-irudek-light-plus-2\/#primaryimage"},"thumbnailUrl":"https:\/\/www.quotasicura.com\/wp-content\/uploads\/2025\/10\/IRUDEK-LIGHT-PLUS-2.png","datePublished":"2025-10-07T15:26:51+00:00","dateModified":"2025-11-27T17:14:05+00:00","description":"Imbracatura Irudek Light Plus 2 con 2 punti di attacco e fibbie regolabili. DPI leggero e confortevole, certificato EN 361 per lavori in quota.","breadcrumb":{"@id":"https:\/\/www.quotasicura.com\/product\/imbracatura-anticaduta-irudek-light-plus-2\/#breadcrumb"},"inLanguage":"fr-FR","potentialAction":[{"@type":"ReadAction","target":["https:\/\/www.quotasicura.com\/product\/imbracatura-anticaduta-irudek-light-plus-2\/"]}]},{"@type":"ImageObject","inLanguage":"fr-FR","@id":"https:\/\/www.quotasicura.com\/product\/imbracatura-anticaduta-irudek-light-plus-2\/#primaryimage","url":"https:\/\/www.quotasicura.com\/wp-content\/uploads\/2025\/10\/IRUDEK-LIGHT-PLUS-2.png","contentUrl":"https:\/\/www.quotasicura.com\/wp-content\/uploads\/2025\/10\/IRUDEK-LIGHT-PLUS-2.png","width":1080,"height":1350},{"@type":"BreadcrumbList","@id":"https:\/\/www.quotasicura.com\/product\/imbracatura-anticaduta-irudek-light-plus-2\/#breadcrumb","itemListElement":[{"@type":"ListItem","position":1,"name":"Home","item":"https:\/\/www.quotasicura.com\/"},{"@type":"ListItem","position":2,"name":"Prodotti","item":"https:\/\/www.quotasicura.com\/prodotti\/"},{"@type":"ListItem","position":3,"name":"Imbracatura anticaduta Irudek Light Plus 2"}]},{"@type":"WebSite","@id":"https:\/\/www.quotasicura.com\/#website","url":"https:\/\/www.quotasicura.com\/","name":"Quota de s\u00e9curit\u00e9","description":"","publisher":{"@id":"https:\/\/www.quotasicura.com\/#organization"},"potentialAction":[{"@type":"SearchAction","target":{"@type":"EntryPoint","urlTemplate":"https:\/\/www.quotasicura.com\/?s={search_term_string}"},"query-input":{"@type":"PropertyValueSpecification","valueRequired":true,"valueName":"search_term_string"}}],"inLanguage":"fr-FR"},{"@type":"Organization","@id":"https:\/\/www.quotasicura.com\/#organization","name":"Quota de s\u00e9curit\u00e9","url":"https:\/\/www.quotasicura.com\/","logo":{"@type":"ImageObject","inLanguage":"fr-FR","@id":"https:\/\/www.quotasicura.com\/#\/schema\/logo\/image\/","url":"https:\/\/www.quotasicura.com\/wp-content\/uploads\/2025\/10\/LOGO-QUOTA-SICURA.pdf.png","contentUrl":"https:\/\/www.quotasicura.com\/wp-content\/uploads\/2025\/10\/LOGO-QUOTA-SICURA.pdf.png","width":2000,"height":614,"caption":"Quota Sicura"},"image":{"@id":"https:\/\/www.quotasicura.com\/#\/schema\/logo\/image\/"}}]}},"_links":{"self":[{"href":"https:\/\/www.quotasicura.com\/fr\/wp-json\/wp\/v2\/product\/569","targetHints":{"allow":["GET"]}}],"collection":[{"href":"https:\/\/www.quotasicura.com\/fr\/wp-json\/wp\/v2\/product"}],"about":[{"href":"https:\/\/www.quotasicura.com\/fr\/wp-json\/wp\/v2\/types\/product"}],"replies":[{"embeddable":true,"href":"https:\/\/www.quotasicura.com\/fr\/wp-json\/wp\/v2\/comments?post=569"}],"wp:featuredmedia":[{"embeddable":true,"href":"https:\/\/www.quotasicura.com\/fr\/wp-json\/wp\/v2\/media\/590"}],"wp:attachment":[{"href":"https:\/\/www.quotasicura.com\/fr\/wp-json\/wp\/v2\/media?parent=569"}],"wp:term":[{"taxonomy":"product_brand","embeddable":true,"href":"https:\/\/www.quotasicura.com\/fr\/wp-json\/wp\/v2\/product_brand?post=569"},{"taxonomy":"product_cat","embeddable":true,"href":"https:\/\/www.quotasicura.com\/fr\/wp-json\/wp\/v2\/product_cat?post=569"},{"taxonomy":"product_tag","embeddable":true,"href":"https:\/\/www.quotasicura.com\/fr\/wp-json\/wp\/v2\/product_tag?post=569"}],"curies":[{"name":"wp","href":"https:\/\/api.w.org\/{rel}","templated":true}]}}