{"id":586,"date":"2025-10-07T15:27:13","date_gmt":"2025-10-07T15:27:13","guid":{"rendered":"https:\/\/www.quotasicura.com\/?post_type=product&#038;p=586"},"modified":"2025-11-27T16:43:45","modified_gmt":"2025-11-27T16:43:45","slug":"irudek-abe-362-assorbitore-di-energia","status":"publish","type":"product","link":"https:\/\/www.quotasicura.com\/fr\/product\/irudek-abe-362-assorbitore-di-energia\/","title":{"rendered":"Irudek ABE 362 \u2013 Absorbeur d&#039;\u00e9nergie"},"content":{"rendered":"<div class=\"scrollable-table\" style=\"overflow-x: auto;\">\n<table style=\"width: 100%; border-collapse: collapse;\">\n<thead>\n<tr style=\"background-color: #f2f2f2;\">\n<th style=\"padding: 10px; border: 1px solid #ddd;\">Caract\u00e9ristiques<\/th>\n<th style=\"padding: 10px; border: 1px solid #ddd;\">D\u00e9tail<\/th>\n<\/tr>\n<\/thead>\n<tbody>\n<tr>\n<td style=\"padding: 10px; border: 1px solid #ddd;\">Produit<\/td>\n<td style=\"padding: 10px; border: 1px solid #ddd;\">Irudek ABE 362<\/td>\n<\/tr>\n<tr>\n<td style=\"padding: 10px; border: 1px solid #ddd;\">Typologie<\/td>\n<td style=\"padding: 10px; border: 1px solid #ddd;\">Absorbeur d&#039;\u00e9nergie avec corde<\/td>\n<\/tr>\n<tr>\n<td style=\"padding: 10px; border: 1px solid #ddd;\">Mat\u00e9riau de connecteur<\/td>\n<td style=\"padding: 10px; border: 1px solid #ddd;\">Acier avec ouverture de 50 mm<\/td>\n<\/tr>\n<tr>\n<td style=\"padding: 10px; border: 1px solid #ddd;\">Corde<\/td>\n<td style=\"padding: 10px; border: 1px solid #ddd;\">Semi-\u00e9tatiste<\/td>\n<\/tr>\n<tr>\n<td style=\"padding: 10px; border: 1px solid #ddd;\">force d&#039;impact<\/td>\n<td style=\"padding: 10px; border: 1px solid #ddd;\">&lt; 6 kN<\/td>\n<\/tr>\n<tr>\n<td style=\"padding: 10px; border: 1px solid #ddd;\">Technologie<\/td>\n<td style=\"padding: 10px; border: 1px solid #ddd;\">Irucheck NFC pour la gestion et l&#039;examen<\/td>\n<\/tr>\n<tr>\n<td style=\"padding: 10px; border: 1px solid #ddd;\">Usage<\/td>\n<td style=\"padding: 10px; border: 1px solid #ddd;\">Dispositif antichute pour travaux en hauteur<\/td>\n<\/tr>\n<\/tbody>\n<\/table>\n<\/div>","protected":false},"excerpt":{"rendered":"<p data-start=\"239\" data-end=\"574\">L&#039;absorbeur d&#039;\u00e9nergie <strong data-start=\"264\" data-end=\"282\">Irudek ABE 362<\/strong> Con\u00e7u pour stopper les chutes en r\u00e9duisant la force d&#039;impact transmise \u00e0 l&#039;op\u00e9rateur \u00e0 moins de 6 kN, ce syst\u00e8me est \u00e9quip\u00e9 d&#039;un c\u00e2ble semi-statique et d&#039;un connecteur en acier de 50 mm de diam\u00e8tre. Il est id\u00e9al pour les travaux en hauteur et int\u00e8gre la technologie NFC Iruscheck pour une gestion et une maintenance simplifi\u00e9es.<\/p>\n<h3 data-start=\"576\" data-end=\"607\"><\/h3>","protected":false},"featured_media":595,"comment_status":"open","ping_status":"closed","template":"","meta":[],"product_brand":[],"product_cat":[29],"product_tag":[],"class_list":{"0":"post-586","1":"product","2":"type-product","3":"status-publish","4":"has-post-thumbnail","6":"product_cat-dpi-dispositivi-di-protezione-individuale","8":"first","9":"instock","10":"shipping-taxable","11":"product-type-simple"},"yoast_head":"<!-- This site is optimized with the Yoast SEO Premium plugin v26.4 (Yoast SEO v26.4) - https:\/\/yoast.com\/wordpress\/plugins\/seo\/ -->\n<title>Irudek ABE 362 \u2013 Assorbitore di energia - Quota Sicura<\/title>\n<meta name=\"description\" content=\"Irudek ABE 362, assorbitore di energia compatibile con cordini e DPI. Riduce l\u2019impatto in caso di caduta. Certificato EN 355 per lavori in quota.\" \/>\n<meta name=\"robots\" content=\"index, follow, max-snippet:-1, max-image-preview:large, max-video-preview:-1\" \/>\n<link rel=\"canonical\" href=\"https:\/\/www.quotasicura.com\/fr\/product\/irudek-abe-362-assorbitore-di-energia\/\" \/>\n<meta property=\"og:locale\" content=\"fr_FR\" \/>\n<meta property=\"og:type\" content=\"article\" \/>\n<meta property=\"og:title\" content=\"Irudek ABE 362 \u2013 Assorbitore di energia\" \/>\n<meta property=\"og:description\" content=\"Irudek ABE 362, assorbitore di energia compatibile con cordini e DPI. Riduce l\u2019impatto in caso di caduta. Certificato EN 355 per lavori in quota.\" \/>\n<meta property=\"og:url\" content=\"https:\/\/www.quotasicura.com\/fr\/product\/irudek-abe-362-assorbitore-di-energia\/\" \/>\n<meta property=\"og:site_name\" content=\"Quota Sicura\" \/>\n<meta property=\"article:modified_time\" content=\"2025-11-27T16:43:45+00:00\" \/>\n<meta property=\"og:image\" content=\"https:\/\/www.quotasicura.com\/wp-content\/uploads\/2025\/10\/IRUDEKABE-\u2013-362.png\" \/>\n\t<meta property=\"og:image:width\" content=\"1080\" \/>\n\t<meta property=\"og:image:height\" content=\"1350\" \/>\n\t<meta property=\"og:image:type\" content=\"image\/png\" \/>\n<meta name=\"twitter:card\" content=\"summary_large_image\" \/>\n<meta name=\"twitter:label1\" content=\"Dur\u00e9e de lecture estim\u00e9e\" \/>\n\t<meta name=\"twitter:data1\" content=\"1 minute\" \/>\n<script type=\"application\/ld+json\" class=\"yoast-schema-graph\">{\"@context\":\"https:\/\/schema.org\",\"@graph\":[{\"@type\":\"WebPage\",\"@id\":\"https:\/\/www.quotasicura.com\/product\/irudek-abe-362-assorbitore-di-energia\/\",\"url\":\"https:\/\/www.quotasicura.com\/product\/irudek-abe-362-assorbitore-di-energia\/\",\"name\":\"Irudek ABE 362 \u2013 Assorbitore di energia - Quota Sicura\",\"isPartOf\":{\"@id\":\"https:\/\/www.quotasicura.com\/#website\"},\"primaryImageOfPage\":{\"@id\":\"https:\/\/www.quotasicura.com\/product\/irudek-abe-362-assorbitore-di-energia\/#primaryimage\"},\"image\":{\"@id\":\"https:\/\/www.quotasicura.com\/product\/irudek-abe-362-assorbitore-di-energia\/#primaryimage\"},\"thumbnailUrl\":\"https:\/\/www.quotasicura.com\/wp-content\/uploads\/2025\/10\/IRUDEKABE-\u2013-362.png\",\"datePublished\":\"2025-10-07T15:27:13+00:00\",\"dateModified\":\"2025-11-27T16:43:45+00:00\",\"description\":\"Irudek ABE 362, assorbitore di energia compatibile con cordini e DPI. Riduce l\u2019impatto in caso di caduta. Certificato EN 355 per lavori in quota.\",\"breadcrumb\":{\"@id\":\"https:\/\/www.quotasicura.com\/product\/irudek-abe-362-assorbitore-di-energia\/#breadcrumb\"},\"inLanguage\":\"fr-FR\",\"potentialAction\":[{\"@type\":\"ReadAction\",\"target\":[\"https:\/\/www.quotasicura.com\/product\/irudek-abe-362-assorbitore-di-energia\/\"]}]},{\"@type\":\"ImageObject\",\"inLanguage\":\"fr-FR\",\"@id\":\"https:\/\/www.quotasicura.com\/product\/irudek-abe-362-assorbitore-di-energia\/#primaryimage\",\"url\":\"https:\/\/www.quotasicura.com\/wp-content\/uploads\/2025\/10\/IRUDEKABE-\u2013-362.png\",\"contentUrl\":\"https:\/\/www.quotasicura.com\/wp-content\/uploads\/2025\/10\/IRUDEKABE-\u2013-362.png\",\"width\":1080,\"height\":1350},{\"@type\":\"BreadcrumbList\",\"@id\":\"https:\/\/www.quotasicura.com\/product\/irudek-abe-362-assorbitore-di-energia\/#breadcrumb\",\"itemListElement\":[{\"@type\":\"ListItem\",\"position\":1,\"name\":\"Home\",\"item\":\"https:\/\/www.quotasicura.com\/\"},{\"@type\":\"ListItem\",\"position\":2,\"name\":\"Prodotti\",\"item\":\"https:\/\/www.quotasicura.com\/prodotti\/\"},{\"@type\":\"ListItem\",\"position\":3,\"name\":\"Irudek ABE 362 \u2013 Assorbitore di energia\"}]},{\"@type\":\"WebSite\",\"@id\":\"https:\/\/www.quotasicura.com\/#website\",\"url\":\"https:\/\/www.quotasicura.com\/\",\"name\":\"Quota Sicura\",\"description\":\"\",\"publisher\":{\"@id\":\"https:\/\/www.quotasicura.com\/#organization\"},\"potentialAction\":[{\"@type\":\"SearchAction\",\"target\":{\"@type\":\"EntryPoint\",\"urlTemplate\":\"https:\/\/www.quotasicura.com\/?s={search_term_string}\"},\"query-input\":{\"@type\":\"PropertyValueSpecification\",\"valueRequired\":true,\"valueName\":\"search_term_string\"}}],\"inLanguage\":\"fr-FR\"},{\"@type\":\"Organization\",\"@id\":\"https:\/\/www.quotasicura.com\/#organization\",\"name\":\"Quota Sicura\",\"url\":\"https:\/\/www.quotasicura.com\/\",\"logo\":{\"@type\":\"ImageObject\",\"inLanguage\":\"fr-FR\",\"@id\":\"https:\/\/www.quotasicura.com\/#\/schema\/logo\/image\/\",\"url\":\"https:\/\/www.quotasicura.com\/wp-content\/uploads\/2025\/10\/LOGO-QUOTA-SICURA.pdf.png\",\"contentUrl\":\"https:\/\/www.quotasicura.com\/wp-content\/uploads\/2025\/10\/LOGO-QUOTA-SICURA.pdf.png\",\"width\":2000,\"height\":614,\"caption\":\"Quota Sicura\"},\"image\":{\"@id\":\"https:\/\/www.quotasicura.com\/#\/schema\/logo\/image\/\"}}]}<\/script>\n<!-- \/ Yoast SEO Premium plugin. -->","yoast_head_json":{"title":"Irudek ABE 362 \u2013 Assorbitore di energia - Quota Sicura","description":"Irudek ABE 362, assorbitore di energia compatibile con cordini e DPI. Riduce l\u2019impatto in caso di caduta. Certificato EN 355 per lavori in quota.","robots":{"index":"index","follow":"follow","max-snippet":"max-snippet:-1","max-image-preview":"max-image-preview:large","max-video-preview":"max-video-preview:-1"},"canonical":"https:\/\/www.quotasicura.com\/fr\/product\/irudek-abe-362-assorbitore-di-energia\/","og_locale":"fr_FR","og_type":"article","og_title":"Irudek ABE 362 \u2013 Assorbitore di energia","og_description":"Irudek ABE 362, assorbitore di energia compatibile con cordini e DPI. Riduce l\u2019impatto in caso di caduta. Certificato EN 355 per lavori in quota.","og_url":"https:\/\/www.quotasicura.com\/fr\/product\/irudek-abe-362-assorbitore-di-energia\/","og_site_name":"Quota Sicura","article_modified_time":"2025-11-27T16:43:45+00:00","og_image":[{"width":1080,"height":1350,"url":"https:\/\/www.quotasicura.com\/wp-content\/uploads\/2025\/10\/IRUDEKABE-\u2013-362.png","type":"image\/png"}],"twitter_card":"summary_large_image","twitter_misc":{"Dur\u00e9e de lecture estim\u00e9e":"1 minute"},"schema":{"@context":"https:\/\/schema.org","@graph":[{"@type":"WebPage","@id":"https:\/\/www.quotasicura.com\/product\/irudek-abe-362-assorbitore-di-energia\/","url":"https:\/\/www.quotasicura.com\/product\/irudek-abe-362-assorbitore-di-energia\/","name":"Irudek ABE 362 \u2013 Assorbitore di energia - Quota Sicura","isPartOf":{"@id":"https:\/\/www.quotasicura.com\/#website"},"primaryImageOfPage":{"@id":"https:\/\/www.quotasicura.com\/product\/irudek-abe-362-assorbitore-di-energia\/#primaryimage"},"image":{"@id":"https:\/\/www.quotasicura.com\/product\/irudek-abe-362-assorbitore-di-energia\/#primaryimage"},"thumbnailUrl":"https:\/\/www.quotasicura.com\/wp-content\/uploads\/2025\/10\/IRUDEKABE-\u2013-362.png","datePublished":"2025-10-07T15:27:13+00:00","dateModified":"2025-11-27T16:43:45+00:00","description":"Irudek ABE 362, assorbitore di energia compatibile con cordini e DPI. Riduce l\u2019impatto in caso di caduta. Certificato EN 355 per lavori in quota.","breadcrumb":{"@id":"https:\/\/www.quotasicura.com\/product\/irudek-abe-362-assorbitore-di-energia\/#breadcrumb"},"inLanguage":"fr-FR","potentialAction":[{"@type":"ReadAction","target":["https:\/\/www.quotasicura.com\/product\/irudek-abe-362-assorbitore-di-energia\/"]}]},{"@type":"ImageObject","inLanguage":"fr-FR","@id":"https:\/\/www.quotasicura.com\/product\/irudek-abe-362-assorbitore-di-energia\/#primaryimage","url":"https:\/\/www.quotasicura.com\/wp-content\/uploads\/2025\/10\/IRUDEKABE-\u2013-362.png","contentUrl":"https:\/\/www.quotasicura.com\/wp-content\/uploads\/2025\/10\/IRUDEKABE-\u2013-362.png","width":1080,"height":1350},{"@type":"BreadcrumbList","@id":"https:\/\/www.quotasicura.com\/product\/irudek-abe-362-assorbitore-di-energia\/#breadcrumb","itemListElement":[{"@type":"ListItem","position":1,"name":"Home","item":"https:\/\/www.quotasicura.com\/"},{"@type":"ListItem","position":2,"name":"Prodotti","item":"https:\/\/www.quotasicura.com\/prodotti\/"},{"@type":"ListItem","position":3,"name":"Irudek ABE 362 \u2013 Assorbitore di energia"}]},{"@type":"WebSite","@id":"https:\/\/www.quotasicura.com\/#website","url":"https:\/\/www.quotasicura.com\/","name":"Quota de s\u00e9curit\u00e9","description":"","publisher":{"@id":"https:\/\/www.quotasicura.com\/#organization"},"potentialAction":[{"@type":"SearchAction","target":{"@type":"EntryPoint","urlTemplate":"https:\/\/www.quotasicura.com\/?s={search_term_string}"},"query-input":{"@type":"PropertyValueSpecification","valueRequired":true,"valueName":"search_term_string"}}],"inLanguage":"fr-FR"},{"@type":"Organization","@id":"https:\/\/www.quotasicura.com\/#organization","name":"Quota de s\u00e9curit\u00e9","url":"https:\/\/www.quotasicura.com\/","logo":{"@type":"ImageObject","inLanguage":"fr-FR","@id":"https:\/\/www.quotasicura.com\/#\/schema\/logo\/image\/","url":"https:\/\/www.quotasicura.com\/wp-content\/uploads\/2025\/10\/LOGO-QUOTA-SICURA.pdf.png","contentUrl":"https:\/\/www.quotasicura.com\/wp-content\/uploads\/2025\/10\/LOGO-QUOTA-SICURA.pdf.png","width":2000,"height":614,"caption":"Quota Sicura"},"image":{"@id":"https:\/\/www.quotasicura.com\/#\/schema\/logo\/image\/"}}]}},"_links":{"self":[{"href":"https:\/\/www.quotasicura.com\/fr\/wp-json\/wp\/v2\/product\/586","targetHints":{"allow":["GET"]}}],"collection":[{"href":"https:\/\/www.quotasicura.com\/fr\/wp-json\/wp\/v2\/product"}],"about":[{"href":"https:\/\/www.quotasicura.com\/fr\/wp-json\/wp\/v2\/types\/product"}],"replies":[{"embeddable":true,"href":"https:\/\/www.quotasicura.com\/fr\/wp-json\/wp\/v2\/comments?post=586"}],"wp:featuredmedia":[{"embeddable":true,"href":"https:\/\/www.quotasicura.com\/fr\/wp-json\/wp\/v2\/media\/595"}],"wp:attachment":[{"href":"https:\/\/www.quotasicura.com\/fr\/wp-json\/wp\/v2\/media?parent=586"}],"wp:term":[{"taxonomy":"product_brand","embeddable":true,"href":"https:\/\/www.quotasicura.com\/fr\/wp-json\/wp\/v2\/product_brand?post=586"},{"taxonomy":"product_cat","embeddable":true,"href":"https:\/\/www.quotasicura.com\/fr\/wp-json\/wp\/v2\/product_cat?post=586"},{"taxonomy":"product_tag","embeddable":true,"href":"https:\/\/www.quotasicura.com\/fr\/wp-json\/wp\/v2\/product_tag?post=586"}],"curies":[{"name":"wp","href":"https:\/\/api.w.org\/{rel}","templated":true}]}}