{"id":599,"date":"2025-10-07T16:18:10","date_gmt":"2025-10-07T16:18:10","guid":{"rendered":"https:\/\/www.quotasicura.com\/?post_type=product&#038;p=599"},"modified":"2025-11-27T11:56:10","modified_gmt":"2025-11-27T11:56:10","slug":"unflex-dispositivo-di-ancoraggio-in-acciaio-inox","status":"publish","type":"product","link":"https:\/\/www.quotasicura.com\/fr\/product\/unflex-dispositivo-di-ancoraggio-in-acciaio-inox\/","title":{"rendered":"Dispositif d&#039;ancrage Unflex en acier inoxydable"},"content":{"rendered":"<div class=\"scrollable-table\" style=\"overflow-x: auto;\">\n<table style=\"width: 100%; border-collapse: collapse;\">\n<thead>\n<tr style=\"background-color: #f2f2f2;\">\n<th style=\"padding: 10px; border: 1px solid #ddd;\">Caract\u00e9ristiques<\/th>\n<th style=\"padding: 10px; border: 1px solid #ddd;\">D\u00e9tail<\/th>\n<\/tr>\n<\/thead>\n<tbody>\n<tr>\n<td style=\"padding: 10px; border: 1px solid #ddd;\">Produit<\/td>\n<td style=\"padding: 10px; border: 1px solid #ddd;\">D\u00c9FLEXER<\/td>\n<\/tr>\n<tr>\n<td style=\"padding: 10px; border: 1px solid #ddd;\">Code<\/td>\n<td style=\"padding: 10px; border: 1px solid #ddd;\">LVTQS700UNFLEX<\/td>\n<\/tr>\n<tr>\n<td style=\"padding: 10px; border: 1px solid #ddd;\">R\u00e8glements<\/td>\n<td style=\"padding: 10px; border: 1px solid #ddd;\">UNI EN 795:2012 \u2013 UNI CEN\/TS 16415:2013 \u2013 UNI 11578:2015<\/td>\n<\/tr>\n<tr>\n<td style=\"padding: 10px; border: 1px solid #ddd;\">Type d&#039;appareil<\/td>\n<td style=\"padding: 10px; border: 1px solid #ddd;\">Type A<\/td>\n<\/tr>\n<tr>\n<td style=\"padding: 10px; border: 1px solid #ddd;\">Nombre maximal d&#039;utilisateurs<\/td>\n<td style=\"padding: 10px; border: 1px solid #ddd;\">1<\/td>\n<\/tr>\n<tr>\n<td style=\"padding: 10px; border: 1px solid #ddd;\">force maximale applicable<\/td>\n<td style=\"padding: 10px; border: 1px solid #ddd;\">9,50 kN<\/td>\n<\/tr>\n<tr>\n<td style=\"padding: 10px; border: 1px solid #ddd;\">Mat\u00e9riel<\/td>\n<td style=\"padding: 10px; border: 1px solid #ddd;\">Acier inoxydable AISI 304\/316<\/td>\n<\/tr>\n<tr>\n<td style=\"padding: 10px; border: 1px solid #ddd;\">Rapport de test<\/td>\n<td style=\"padding: 10px; border: 1px solid #ddd;\">01829 ex\u00e9cut\u00e9 par Laboratorio Sigma Srl<\/td>\n<\/tr>\n<tr>\n<td style=\"padding: 10px; border: 1px solid #ddd;\">Marquage<\/td>\n<td style=\"padding: 10px; border: 1px solid #ddd;\">UNI 11578:2015 \u2013 UNI EN 365<\/td>\n<\/tr>\n<\/tbody>\n<\/table>\n<\/div>","protected":false},"excerpt":{"rendered":"<p>L&#039;appareil <strong data-start=\"249\" data-end=\"259\">D\u00c9FLEXER<\/strong> Il s&#039;agit d&#039;une ancre de type A certifi\u00e9e UNI EN 795:2012, con\u00e7ue pour un utilisateur unique. Fabriqu\u00e9e en <strong data-start=\"366\" data-end=\"395\">acier inoxydable AISI 304\/316<\/strong>Ce produit offre robustesse et fiabilit\u00e9, avec une force maximale applicable de 9,50 kN. Test\u00e9 et certifi\u00e9 conforme aux r\u00e9glementations en vigueur.<\/p>","protected":false},"featured_media":600,"comment_status":"open","ping_status":"closed","template":"","meta":[],"product_brand":[],"product_cat":[36],"product_tag":[],"class_list":{"0":"post-599","1":"product","2":"type-product","3":"status-publish","4":"has-post-thumbnail","6":"product_cat-tipo-a","8":"first","9":"instock","10":"shipping-taxable","11":"product-type-simple"},"yoast_head":"<!-- This site is optimized with the Yoast SEO Premium plugin v26.4 (Yoast SEO v26.4) - https:\/\/yoast.com\/wordpress\/plugins\/seo\/ -->\n<title>Unflex \u2013 Dispositivo di ancoraggio in acciaio inox - Quota Sicura<\/title>\n<meta name=\"description\" content=\"Unflex \u00e8 un ancoraggio tipo A in acciaio inox per dispositivi anticaduta. Certificato EN 795, ideale per tetti, facciate e superfici portanti.\" \/>\n<meta name=\"robots\" content=\"index, follow, max-snippet:-1, max-image-preview:large, max-video-preview:-1\" \/>\n<link rel=\"canonical\" href=\"https:\/\/www.quotasicura.com\/fr\/product\/unflex-dispositivo-di-ancoraggio-in-acciaio-inox\/\" \/>\n<meta property=\"og:locale\" content=\"fr_FR\" \/>\n<meta property=\"og:type\" content=\"article\" \/>\n<meta property=\"og:title\" content=\"Unflex \u2013 Dispositivo di ancoraggio in acciaio inox\" \/>\n<meta property=\"og:description\" content=\"Unflex \u00e8 un ancoraggio tipo A in acciaio inox per dispositivi anticaduta. Certificato EN 795, ideale per tetti, facciate e superfici portanti.\" \/>\n<meta property=\"og:url\" content=\"https:\/\/www.quotasicura.com\/fr\/product\/unflex-dispositivo-di-ancoraggio-in-acciaio-inox\/\" \/>\n<meta property=\"og:site_name\" content=\"Quota Sicura\" \/>\n<meta property=\"article:modified_time\" content=\"2025-11-27T11:56:10+00:00\" \/>\n<meta property=\"og:image\" content=\"https:\/\/www.quotasicura.com\/wp-content\/uploads\/2025\/10\/Screenshot-2025-10-07-181511-e1759853780808.png\" \/>\n\t<meta property=\"og:image:width\" content=\"581\" \/>\n\t<meta property=\"og:image:height\" content=\"514\" \/>\n\t<meta property=\"og:image:type\" content=\"image\/png\" \/>\n<meta name=\"twitter:card\" content=\"summary_large_image\" \/>\n<meta name=\"twitter:label1\" content=\"Dur\u00e9e de lecture estim\u00e9e\" \/>\n\t<meta name=\"twitter:data1\" content=\"1 minute\" \/>\n<script type=\"application\/ld+json\" class=\"yoast-schema-graph\">{\"@context\":\"https:\/\/schema.org\",\"@graph\":[{\"@type\":\"WebPage\",\"@id\":\"https:\/\/www.quotasicura.com\/product\/unflex-dispositivo-di-ancoraggio-in-acciaio-inox\/\",\"url\":\"https:\/\/www.quotasicura.com\/product\/unflex-dispositivo-di-ancoraggio-in-acciaio-inox\/\",\"name\":\"Unflex \u2013 Dispositivo di ancoraggio in acciaio inox - Quota Sicura\",\"isPartOf\":{\"@id\":\"https:\/\/www.quotasicura.com\/#website\"},\"primaryImageOfPage\":{\"@id\":\"https:\/\/www.quotasicura.com\/product\/unflex-dispositivo-di-ancoraggio-in-acciaio-inox\/#primaryimage\"},\"image\":{\"@id\":\"https:\/\/www.quotasicura.com\/product\/unflex-dispositivo-di-ancoraggio-in-acciaio-inox\/#primaryimage\"},\"thumbnailUrl\":\"https:\/\/www.quotasicura.com\/wp-content\/uploads\/2025\/10\/Screenshot-2025-10-07-181511-e1759853780808.png\",\"datePublished\":\"2025-10-07T16:18:10+00:00\",\"dateModified\":\"2025-11-27T11:56:10+00:00\",\"description\":\"Unflex \u00e8 un ancoraggio tipo A in acciaio inox per dispositivi anticaduta. Certificato EN 795, ideale per tetti, facciate e superfici portanti.\",\"breadcrumb\":{\"@id\":\"https:\/\/www.quotasicura.com\/product\/unflex-dispositivo-di-ancoraggio-in-acciaio-inox\/#breadcrumb\"},\"inLanguage\":\"fr-FR\",\"potentialAction\":[{\"@type\":\"ReadAction\",\"target\":[\"https:\/\/www.quotasicura.com\/product\/unflex-dispositivo-di-ancoraggio-in-acciaio-inox\/\"]}]},{\"@type\":\"ImageObject\",\"inLanguage\":\"fr-FR\",\"@id\":\"https:\/\/www.quotasicura.com\/product\/unflex-dispositivo-di-ancoraggio-in-acciaio-inox\/#primaryimage\",\"url\":\"https:\/\/www.quotasicura.com\/wp-content\/uploads\/2025\/10\/Screenshot-2025-10-07-181511-e1759853780808.png\",\"contentUrl\":\"https:\/\/www.quotasicura.com\/wp-content\/uploads\/2025\/10\/Screenshot-2025-10-07-181511-e1759853780808.png\",\"width\":581,\"height\":514},{\"@type\":\"BreadcrumbList\",\"@id\":\"https:\/\/www.quotasicura.com\/product\/unflex-dispositivo-di-ancoraggio-in-acciaio-inox\/#breadcrumb\",\"itemListElement\":[{\"@type\":\"ListItem\",\"position\":1,\"name\":\"Home\",\"item\":\"https:\/\/www.quotasicura.com\/\"},{\"@type\":\"ListItem\",\"position\":2,\"name\":\"Prodotti\",\"item\":\"https:\/\/www.quotasicura.com\/prodotti\/\"},{\"@type\":\"ListItem\",\"position\":3,\"name\":\"Unflex \u2013 Dispositivo di ancoraggio in acciaio inox\"}]},{\"@type\":\"WebSite\",\"@id\":\"https:\/\/www.quotasicura.com\/#website\",\"url\":\"https:\/\/www.quotasicura.com\/\",\"name\":\"Quota Sicura\",\"description\":\"\",\"publisher\":{\"@id\":\"https:\/\/www.quotasicura.com\/#organization\"},\"potentialAction\":[{\"@type\":\"SearchAction\",\"target\":{\"@type\":\"EntryPoint\",\"urlTemplate\":\"https:\/\/www.quotasicura.com\/?s={search_term_string}\"},\"query-input\":{\"@type\":\"PropertyValueSpecification\",\"valueRequired\":true,\"valueName\":\"search_term_string\"}}],\"inLanguage\":\"fr-FR\"},{\"@type\":\"Organization\",\"@id\":\"https:\/\/www.quotasicura.com\/#organization\",\"name\":\"Quota Sicura\",\"url\":\"https:\/\/www.quotasicura.com\/\",\"logo\":{\"@type\":\"ImageObject\",\"inLanguage\":\"fr-FR\",\"@id\":\"https:\/\/www.quotasicura.com\/#\/schema\/logo\/image\/\",\"url\":\"https:\/\/www.quotasicura.com\/wp-content\/uploads\/2025\/10\/LOGO-QUOTA-SICURA.pdf.png\",\"contentUrl\":\"https:\/\/www.quotasicura.com\/wp-content\/uploads\/2025\/10\/LOGO-QUOTA-SICURA.pdf.png\",\"width\":2000,\"height\":614,\"caption\":\"Quota Sicura\"},\"image\":{\"@id\":\"https:\/\/www.quotasicura.com\/#\/schema\/logo\/image\/\"}}]}<\/script>\n<!-- \/ Yoast SEO Premium plugin. -->","yoast_head_json":{"title":"Unflex \u2013 Dispositivo di ancoraggio in acciaio inox - Quota Sicura","description":"Unflex \u00e8 un ancoraggio tipo A in acciaio inox per dispositivi anticaduta. Certificato EN 795, ideale per tetti, facciate e superfici portanti.","robots":{"index":"index","follow":"follow","max-snippet":"max-snippet:-1","max-image-preview":"max-image-preview:large","max-video-preview":"max-video-preview:-1"},"canonical":"https:\/\/www.quotasicura.com\/fr\/product\/unflex-dispositivo-di-ancoraggio-in-acciaio-inox\/","og_locale":"fr_FR","og_type":"article","og_title":"Unflex \u2013 Dispositivo di ancoraggio in acciaio inox","og_description":"Unflex \u00e8 un ancoraggio tipo A in acciaio inox per dispositivi anticaduta. Certificato EN 795, ideale per tetti, facciate e superfici portanti.","og_url":"https:\/\/www.quotasicura.com\/fr\/product\/unflex-dispositivo-di-ancoraggio-in-acciaio-inox\/","og_site_name":"Quota Sicura","article_modified_time":"2025-11-27T11:56:10+00:00","og_image":[{"width":581,"height":514,"url":"https:\/\/www.quotasicura.com\/wp-content\/uploads\/2025\/10\/Screenshot-2025-10-07-181511-e1759853780808.png","type":"image\/png"}],"twitter_card":"summary_large_image","twitter_misc":{"Dur\u00e9e de lecture estim\u00e9e":"1 minute"},"schema":{"@context":"https:\/\/schema.org","@graph":[{"@type":"WebPage","@id":"https:\/\/www.quotasicura.com\/product\/unflex-dispositivo-di-ancoraggio-in-acciaio-inox\/","url":"https:\/\/www.quotasicura.com\/product\/unflex-dispositivo-di-ancoraggio-in-acciaio-inox\/","name":"Unflex \u2013 Dispositivo di ancoraggio in acciaio inox - Quota Sicura","isPartOf":{"@id":"https:\/\/www.quotasicura.com\/#website"},"primaryImageOfPage":{"@id":"https:\/\/www.quotasicura.com\/product\/unflex-dispositivo-di-ancoraggio-in-acciaio-inox\/#primaryimage"},"image":{"@id":"https:\/\/www.quotasicura.com\/product\/unflex-dispositivo-di-ancoraggio-in-acciaio-inox\/#primaryimage"},"thumbnailUrl":"https:\/\/www.quotasicura.com\/wp-content\/uploads\/2025\/10\/Screenshot-2025-10-07-181511-e1759853780808.png","datePublished":"2025-10-07T16:18:10+00:00","dateModified":"2025-11-27T11:56:10+00:00","description":"Unflex \u00e8 un ancoraggio tipo A in acciaio inox per dispositivi anticaduta. Certificato EN 795, ideale per tetti, facciate e superfici portanti.","breadcrumb":{"@id":"https:\/\/www.quotasicura.com\/product\/unflex-dispositivo-di-ancoraggio-in-acciaio-inox\/#breadcrumb"},"inLanguage":"fr-FR","potentialAction":[{"@type":"ReadAction","target":["https:\/\/www.quotasicura.com\/product\/unflex-dispositivo-di-ancoraggio-in-acciaio-inox\/"]}]},{"@type":"ImageObject","inLanguage":"fr-FR","@id":"https:\/\/www.quotasicura.com\/product\/unflex-dispositivo-di-ancoraggio-in-acciaio-inox\/#primaryimage","url":"https:\/\/www.quotasicura.com\/wp-content\/uploads\/2025\/10\/Screenshot-2025-10-07-181511-e1759853780808.png","contentUrl":"https:\/\/www.quotasicura.com\/wp-content\/uploads\/2025\/10\/Screenshot-2025-10-07-181511-e1759853780808.png","width":581,"height":514},{"@type":"BreadcrumbList","@id":"https:\/\/www.quotasicura.com\/product\/unflex-dispositivo-di-ancoraggio-in-acciaio-inox\/#breadcrumb","itemListElement":[{"@type":"ListItem","position":1,"name":"Home","item":"https:\/\/www.quotasicura.com\/"},{"@type":"ListItem","position":2,"name":"Prodotti","item":"https:\/\/www.quotasicura.com\/prodotti\/"},{"@type":"ListItem","position":3,"name":"Unflex \u2013 Dispositivo di ancoraggio in acciaio inox"}]},{"@type":"WebSite","@id":"https:\/\/www.quotasicura.com\/#website","url":"https:\/\/www.quotasicura.com\/","name":"Quota de s\u00e9curit\u00e9","description":"","publisher":{"@id":"https:\/\/www.quotasicura.com\/#organization"},"potentialAction":[{"@type":"SearchAction","target":{"@type":"EntryPoint","urlTemplate":"https:\/\/www.quotasicura.com\/?s={search_term_string}"},"query-input":{"@type":"PropertyValueSpecification","valueRequired":true,"valueName":"search_term_string"}}],"inLanguage":"fr-FR"},{"@type":"Organization","@id":"https:\/\/www.quotasicura.com\/#organization","name":"Quota de s\u00e9curit\u00e9","url":"https:\/\/www.quotasicura.com\/","logo":{"@type":"ImageObject","inLanguage":"fr-FR","@id":"https:\/\/www.quotasicura.com\/#\/schema\/logo\/image\/","url":"https:\/\/www.quotasicura.com\/wp-content\/uploads\/2025\/10\/LOGO-QUOTA-SICURA.pdf.png","contentUrl":"https:\/\/www.quotasicura.com\/wp-content\/uploads\/2025\/10\/LOGO-QUOTA-SICURA.pdf.png","width":2000,"height":614,"caption":"Quota Sicura"},"image":{"@id":"https:\/\/www.quotasicura.com\/#\/schema\/logo\/image\/"}}]}},"_links":{"self":[{"href":"https:\/\/www.quotasicura.com\/fr\/wp-json\/wp\/v2\/product\/599","targetHints":{"allow":["GET"]}}],"collection":[{"href":"https:\/\/www.quotasicura.com\/fr\/wp-json\/wp\/v2\/product"}],"about":[{"href":"https:\/\/www.quotasicura.com\/fr\/wp-json\/wp\/v2\/types\/product"}],"replies":[{"embeddable":true,"href":"https:\/\/www.quotasicura.com\/fr\/wp-json\/wp\/v2\/comments?post=599"}],"wp:featuredmedia":[{"embeddable":true,"href":"https:\/\/www.quotasicura.com\/fr\/wp-json\/wp\/v2\/media\/600"}],"wp:attachment":[{"href":"https:\/\/www.quotasicura.com\/fr\/wp-json\/wp\/v2\/media?parent=599"}],"wp:term":[{"taxonomy":"product_brand","embeddable":true,"href":"https:\/\/www.quotasicura.com\/fr\/wp-json\/wp\/v2\/product_brand?post=599"},{"taxonomy":"product_cat","embeddable":true,"href":"https:\/\/www.quotasicura.com\/fr\/wp-json\/wp\/v2\/product_cat?post=599"},{"taxonomy":"product_tag","embeddable":true,"href":"https:\/\/www.quotasicura.com\/fr\/wp-json\/wp\/v2\/product_tag?post=599"}],"curies":[{"name":"wp","href":"https:\/\/api.w.org\/{rel}","templated":true}]}}