{"id":606,"date":"2025-10-07T16:29:16","date_gmt":"2025-10-07T16:29:16","guid":{"rendered":"https:\/\/www.quotasicura.com\/?post_type=product&#038;p=606"},"modified":"2025-11-27T11:49:24","modified_gmt":"2025-11-27T11:49:24","slug":"pole-60-h-3000-ancoraggio-tipo-a-girevole-in-acciaio","status":"publish","type":"product","link":"https:\/\/www.quotasicura.com\/fr\/product\/pole-60-h-3000-ancoraggio-tipo-a-girevole-in-acciaio\/","title":{"rendered":"POLE 60 H.3000 \u2013 Ancre pivotante en acier de type A"},"content":{"rendered":"<div class=\"scrollable-table\" style=\"overflow-x: auto;\">\n<table style=\"width: 100%; border-collapse: collapse; font-size: 15px;\">\n<thead>\n<tr style=\"background: #f2f2f2;\">\n<th style=\"padding: 10px; border: 1px solid #ddd;\">Caract\u00e9ristiques<\/th>\n<th style=\"padding: 10px; border: 1px solid #ddd;\">D\u00e9tail<\/th>\n<\/tr>\n<\/thead>\n<tbody>\n<tr>\n<td style=\"padding: 10px; border: 1px solid #ddd;\">Produit \/ Code<\/td>\n<td style=\"padding: 10px; border: 1px solid #ddd;\">P\u00d4LE 60 H.3000 \u2013 <strong>LVTQS3000PL60 \u2013 ACIER INOXYDABLE<\/strong><\/td>\n<\/tr>\n<tr>\n<td style=\"padding: 10px; border: 1px solid #ddd;\">R\u00e8glements<\/td>\n<td style=\"padding: 10px; border: 1px solid #ddd;\">UNI EN 795:2012 \u2013 UNI CEN\/TS 16415:2013 \u2013 UNI 11578:2015<\/td>\n<\/tr>\n<tr>\n<td style=\"padding: 10px; border: 1px solid #ddd;\">Type d&#039;appareil<\/td>\n<td style=\"padding: 10px; border: 1px solid #ddd;\">Type A<\/td>\n<\/tr>\n<tr>\n<td style=\"padding: 10px; border: 1px solid #ddd;\">Type de t\u00eate<\/td>\n<td style=\"padding: 10px; border: 1px solid #ddd;\">Pivot<\/td>\n<\/tr>\n<tr>\n<td style=\"padding: 10px; border: 1px solid #ddd;\">Mat\u00e9riel<\/td>\n<td style=\"padding: 10px; border: 1px solid #ddd;\">Acier S275JR \/ Acier inoxydable AISI 304<\/td>\n<\/tr>\n<tr>\n<td style=\"padding: 10px; border: 1px solid #ddd;\">Traitement<\/td>\n<td style=\"padding: 10px; border: 1px solid #ddd;\">Zincage galvanique (UNI 11678:2016 \u00a7 4.2.11 \u2013 UNI EN ISO 9227)<\/td>\n<\/tr>\n<tr>\n<td style=\"padding: 10px; border: 1px solid #ddd;\">Rapport de test<\/td>\n<td style=\"padding: 10px; border: 1px solid #ddd;\">UNI 11678:2016 \u00a78 \u2013 ex\u00e9cut\u00e9 par un tiers<\/td>\n<\/tr>\n<tr>\n<td style=\"padding: 10px; border: 1px solid #ddd;\">Marquage<\/td>\n<td style=\"padding: 10px; border: 1px solid #ddd;\">UNI 11678:2016 \u2013 UNI EN 365<\/td>\n<\/tr>\n<tr>\n<td style=\"padding: 10px; border: 1px solid #ddd;\">Utilisateurs max<\/td>\n<td style=\"padding: 10px; border: 1px solid #ddd;\">2<\/td>\n<\/tr>\n<tr>\n<td style=\"padding: 10px; border: 1px solid #ddd;\">force maximale applicable<\/td>\n<td style=\"padding: 10px; border: 1px solid #ddd;\">7,5 kN<\/td>\n<\/tr>\n<\/tbody>\n<\/table>\n<\/div>\n<p style=\"margin-top: 15px;\">Le m\u00e2t d&#039;ancrage <strong>POTEAU 60 H.3000<\/strong> Il est con\u00e7u pour les applications de protection antichute sur les structures en ma\u00e7onnerie, en b\u00e9ton ou en acier.<br \/>\nGr\u00e2ce \u00e0 sa t\u00eate pivotante et \u00e0 sa certification pour 2 utilisateurs, il offre une flexibilit\u00e9 et une r\u00e9sistance maximales.<br \/>\nLe traitement anticorrosion par galvanisation \u00e0 chaud garantit durabilit\u00e9 et protection dans le temps.<\/p>","protected":false},"excerpt":{"rendered":"<p>Poteau d&#039;ancrage <strong data-start=\"292\" data-end=\"302\">Type A<\/strong> avec <strong data-start=\"307\" data-end=\"325\">t\u00eate pivotante<\/strong>, hauteur 3 m. Fabriqu\u00e9 en <strong data-start=\"354\" data-end=\"388\">Acier S275JR \/ Acier inoxydable AISI 304<\/strong> avec traitement <strong data-start=\"405\" data-end=\"428\">zingage galvanique<\/strong>Certifi\u00e9 UNI EN 795:2012 \u2013 UNI CEN\/TS 16415:2013 \u2013 UNI 11578:2015. <strong data-start=\"500\" data-end=\"518\">2 utilisateurs<\/strong>, force maximale <strong data-start=\"534\" data-end=\"544\">7,5 kN<\/strong>Installation sur structures en ma\u00e7onnerie, en b\u00e9ton ou en acier.<\/p>","protected":false},"featured_media":607,"comment_status":"open","ping_status":"closed","template":"","meta":[],"product_brand":[],"product_cat":[36],"product_tag":[],"class_list":{"0":"post-606","1":"product","2":"type-product","3":"status-publish","4":"has-post-thumbnail","6":"product_cat-tipo-a","8":"first","9":"instock","10":"shipping-taxable","11":"product-type-simple"},"yoast_head":"<!-- This site is optimized with the Yoast SEO Premium plugin v26.4 (Yoast SEO v26.4) - https:\/\/yoast.com\/wordpress\/plugins\/seo\/ -->\n<title>POLE 60 H.3000 \u2013 Ancoraggio Tipo A girevole in acciaio - Quota Sicura<\/title>\n<meta name=\"description\" content=\"Elemento d\u2019angolo in acciaio inox AISI 304 per sistemi linea vita tipo C. Permette la deviazione sicura del cavo in percorsi con cambio direzione.\" \/>\n<meta name=\"robots\" content=\"index, follow, max-snippet:-1, max-image-preview:large, max-video-preview:-1\" \/>\n<link rel=\"canonical\" href=\"https:\/\/www.quotasicura.com\/fr\/product\/pole-60-h-3000-ancoraggio-tipo-a-girevole-in-acciaio\/\" \/>\n<meta property=\"og:locale\" content=\"fr_FR\" \/>\n<meta property=\"og:type\" content=\"article\" \/>\n<meta property=\"og:title\" content=\"POLE 60 H.3000 \u2013 Ancoraggio Tipo A girevole in acciaio\" \/>\n<meta property=\"og:description\" content=\"Elemento d\u2019angolo in acciaio inox AISI 304 per sistemi linea vita tipo C. Permette la deviazione sicura del cavo in percorsi con cambio direzione.\" \/>\n<meta property=\"og:url\" content=\"https:\/\/www.quotasicura.com\/fr\/product\/pole-60-h-3000-ancoraggio-tipo-a-girevole-in-acciaio\/\" \/>\n<meta property=\"og:site_name\" content=\"Quota Sicura\" \/>\n<meta property=\"article:modified_time\" content=\"2025-11-27T11:49:24+00:00\" \/>\n<meta property=\"og:image\" content=\"https:\/\/www.quotasicura.com\/wp-content\/uploads\/2025\/10\/Screenshot-2025-10-07-182723-e1759854727918.png\" \/>\n\t<meta property=\"og:image:width\" content=\"367\" \/>\n\t<meta property=\"og:image:height\" content=\"453\" \/>\n\t<meta property=\"og:image:type\" content=\"image\/png\" \/>\n<meta name=\"twitter:card\" content=\"summary_large_image\" \/>\n<meta name=\"twitter:label1\" content=\"Dur\u00e9e de lecture estim\u00e9e\" \/>\n\t<meta name=\"twitter:data1\" content=\"1 minute\" \/>\n<script type=\"application\/ld+json\" class=\"yoast-schema-graph\">{\"@context\":\"https:\/\/schema.org\",\"@graph\":[{\"@type\":\"WebPage\",\"@id\":\"https:\/\/www.quotasicura.com\/product\/pole-60-h-3000-ancoraggio-tipo-a-girevole-in-acciaio\/\",\"url\":\"https:\/\/www.quotasicura.com\/product\/pole-60-h-3000-ancoraggio-tipo-a-girevole-in-acciaio\/\",\"name\":\"POLE 60 H.3000 \u2013 Ancoraggio Tipo A girevole in acciaio - Quota Sicura\",\"isPartOf\":{\"@id\":\"https:\/\/www.quotasicura.com\/#website\"},\"primaryImageOfPage\":{\"@id\":\"https:\/\/www.quotasicura.com\/product\/pole-60-h-3000-ancoraggio-tipo-a-girevole-in-acciaio\/#primaryimage\"},\"image\":{\"@id\":\"https:\/\/www.quotasicura.com\/product\/pole-60-h-3000-ancoraggio-tipo-a-girevole-in-acciaio\/#primaryimage\"},\"thumbnailUrl\":\"https:\/\/www.quotasicura.com\/wp-content\/uploads\/2025\/10\/Screenshot-2025-10-07-182723-e1759854727918.png\",\"datePublished\":\"2025-10-07T16:29:16+00:00\",\"dateModified\":\"2025-11-27T11:49:24+00:00\",\"description\":\"Elemento d\u2019angolo in acciaio inox AISI 304 per sistemi linea vita tipo C. Permette la deviazione sicura del cavo in percorsi con cambio direzione.\",\"breadcrumb\":{\"@id\":\"https:\/\/www.quotasicura.com\/product\/pole-60-h-3000-ancoraggio-tipo-a-girevole-in-acciaio\/#breadcrumb\"},\"inLanguage\":\"fr-FR\",\"potentialAction\":[{\"@type\":\"ReadAction\",\"target\":[\"https:\/\/www.quotasicura.com\/product\/pole-60-h-3000-ancoraggio-tipo-a-girevole-in-acciaio\/\"]}]},{\"@type\":\"ImageObject\",\"inLanguage\":\"fr-FR\",\"@id\":\"https:\/\/www.quotasicura.com\/product\/pole-60-h-3000-ancoraggio-tipo-a-girevole-in-acciaio\/#primaryimage\",\"url\":\"https:\/\/www.quotasicura.com\/wp-content\/uploads\/2025\/10\/Screenshot-2025-10-07-182723-e1759854727918.png\",\"contentUrl\":\"https:\/\/www.quotasicura.com\/wp-content\/uploads\/2025\/10\/Screenshot-2025-10-07-182723-e1759854727918.png\",\"width\":367,\"height\":453},{\"@type\":\"BreadcrumbList\",\"@id\":\"https:\/\/www.quotasicura.com\/product\/pole-60-h-3000-ancoraggio-tipo-a-girevole-in-acciaio\/#breadcrumb\",\"itemListElement\":[{\"@type\":\"ListItem\",\"position\":1,\"name\":\"Home\",\"item\":\"https:\/\/www.quotasicura.com\/\"},{\"@type\":\"ListItem\",\"position\":2,\"name\":\"Prodotti\",\"item\":\"https:\/\/www.quotasicura.com\/prodotti\/\"},{\"@type\":\"ListItem\",\"position\":3,\"name\":\"POLE 60 H.3000 \u2013 Ancoraggio Tipo A girevole in acciaio\"}]},{\"@type\":\"WebSite\",\"@id\":\"https:\/\/www.quotasicura.com\/#website\",\"url\":\"https:\/\/www.quotasicura.com\/\",\"name\":\"Quota Sicura\",\"description\":\"\",\"publisher\":{\"@id\":\"https:\/\/www.quotasicura.com\/#organization\"},\"potentialAction\":[{\"@type\":\"SearchAction\",\"target\":{\"@type\":\"EntryPoint\",\"urlTemplate\":\"https:\/\/www.quotasicura.com\/?s={search_term_string}\"},\"query-input\":{\"@type\":\"PropertyValueSpecification\",\"valueRequired\":true,\"valueName\":\"search_term_string\"}}],\"inLanguage\":\"fr-FR\"},{\"@type\":\"Organization\",\"@id\":\"https:\/\/www.quotasicura.com\/#organization\",\"name\":\"Quota Sicura\",\"url\":\"https:\/\/www.quotasicura.com\/\",\"logo\":{\"@type\":\"ImageObject\",\"inLanguage\":\"fr-FR\",\"@id\":\"https:\/\/www.quotasicura.com\/#\/schema\/logo\/image\/\",\"url\":\"https:\/\/www.quotasicura.com\/wp-content\/uploads\/2025\/10\/LOGO-QUOTA-SICURA.pdf.png\",\"contentUrl\":\"https:\/\/www.quotasicura.com\/wp-content\/uploads\/2025\/10\/LOGO-QUOTA-SICURA.pdf.png\",\"width\":2000,\"height\":614,\"caption\":\"Quota Sicura\"},\"image\":{\"@id\":\"https:\/\/www.quotasicura.com\/#\/schema\/logo\/image\/\"}}]}<\/script>\n<!-- \/ Yoast SEO Premium plugin. -->","yoast_head_json":{"title":"POLE 60 H.3000 \u2013 Ancoraggio Tipo A girevole in acciaio - Quota Sicura","description":"Elemento d\u2019angolo in acciaio inox AISI 304 per sistemi linea vita tipo C. Permette la deviazione sicura del cavo in percorsi con cambio direzione.","robots":{"index":"index","follow":"follow","max-snippet":"max-snippet:-1","max-image-preview":"max-image-preview:large","max-video-preview":"max-video-preview:-1"},"canonical":"https:\/\/www.quotasicura.com\/fr\/product\/pole-60-h-3000-ancoraggio-tipo-a-girevole-in-acciaio\/","og_locale":"fr_FR","og_type":"article","og_title":"POLE 60 H.3000 \u2013 Ancoraggio Tipo A girevole in acciaio","og_description":"Elemento d\u2019angolo in acciaio inox AISI 304 per sistemi linea vita tipo C. Permette la deviazione sicura del cavo in percorsi con cambio direzione.","og_url":"https:\/\/www.quotasicura.com\/fr\/product\/pole-60-h-3000-ancoraggio-tipo-a-girevole-in-acciaio\/","og_site_name":"Quota Sicura","article_modified_time":"2025-11-27T11:49:24+00:00","og_image":[{"width":367,"height":453,"url":"https:\/\/www.quotasicura.com\/wp-content\/uploads\/2025\/10\/Screenshot-2025-10-07-182723-e1759854727918.png","type":"image\/png"}],"twitter_card":"summary_large_image","twitter_misc":{"Dur\u00e9e de lecture estim\u00e9e":"1 minute"},"schema":{"@context":"https:\/\/schema.org","@graph":[{"@type":"WebPage","@id":"https:\/\/www.quotasicura.com\/product\/pole-60-h-3000-ancoraggio-tipo-a-girevole-in-acciaio\/","url":"https:\/\/www.quotasicura.com\/product\/pole-60-h-3000-ancoraggio-tipo-a-girevole-in-acciaio\/","name":"POLE 60 H.3000 \u2013 Ancoraggio Tipo A girevole in acciaio - Quota Sicura","isPartOf":{"@id":"https:\/\/www.quotasicura.com\/#website"},"primaryImageOfPage":{"@id":"https:\/\/www.quotasicura.com\/product\/pole-60-h-3000-ancoraggio-tipo-a-girevole-in-acciaio\/#primaryimage"},"image":{"@id":"https:\/\/www.quotasicura.com\/product\/pole-60-h-3000-ancoraggio-tipo-a-girevole-in-acciaio\/#primaryimage"},"thumbnailUrl":"https:\/\/www.quotasicura.com\/wp-content\/uploads\/2025\/10\/Screenshot-2025-10-07-182723-e1759854727918.png","datePublished":"2025-10-07T16:29:16+00:00","dateModified":"2025-11-27T11:49:24+00:00","description":"Elemento d\u2019angolo in acciaio inox AISI 304 per sistemi linea vita tipo C. Permette la deviazione sicura del cavo in percorsi con cambio direzione.","breadcrumb":{"@id":"https:\/\/www.quotasicura.com\/product\/pole-60-h-3000-ancoraggio-tipo-a-girevole-in-acciaio\/#breadcrumb"},"inLanguage":"fr-FR","potentialAction":[{"@type":"ReadAction","target":["https:\/\/www.quotasicura.com\/product\/pole-60-h-3000-ancoraggio-tipo-a-girevole-in-acciaio\/"]}]},{"@type":"ImageObject","inLanguage":"fr-FR","@id":"https:\/\/www.quotasicura.com\/product\/pole-60-h-3000-ancoraggio-tipo-a-girevole-in-acciaio\/#primaryimage","url":"https:\/\/www.quotasicura.com\/wp-content\/uploads\/2025\/10\/Screenshot-2025-10-07-182723-e1759854727918.png","contentUrl":"https:\/\/www.quotasicura.com\/wp-content\/uploads\/2025\/10\/Screenshot-2025-10-07-182723-e1759854727918.png","width":367,"height":453},{"@type":"BreadcrumbList","@id":"https:\/\/www.quotasicura.com\/product\/pole-60-h-3000-ancoraggio-tipo-a-girevole-in-acciaio\/#breadcrumb","itemListElement":[{"@type":"ListItem","position":1,"name":"Home","item":"https:\/\/www.quotasicura.com\/"},{"@type":"ListItem","position":2,"name":"Prodotti","item":"https:\/\/www.quotasicura.com\/prodotti\/"},{"@type":"ListItem","position":3,"name":"POLE 60 H.3000 \u2013 Ancoraggio Tipo A girevole in acciaio"}]},{"@type":"WebSite","@id":"https:\/\/www.quotasicura.com\/#website","url":"https:\/\/www.quotasicura.com\/","name":"Quota de s\u00e9curit\u00e9","description":"","publisher":{"@id":"https:\/\/www.quotasicura.com\/#organization"},"potentialAction":[{"@type":"SearchAction","target":{"@type":"EntryPoint","urlTemplate":"https:\/\/www.quotasicura.com\/?s={search_term_string}"},"query-input":{"@type":"PropertyValueSpecification","valueRequired":true,"valueName":"search_term_string"}}],"inLanguage":"fr-FR"},{"@type":"Organization","@id":"https:\/\/www.quotasicura.com\/#organization","name":"Quota de s\u00e9curit\u00e9","url":"https:\/\/www.quotasicura.com\/","logo":{"@type":"ImageObject","inLanguage":"fr-FR","@id":"https:\/\/www.quotasicura.com\/#\/schema\/logo\/image\/","url":"https:\/\/www.quotasicura.com\/wp-content\/uploads\/2025\/10\/LOGO-QUOTA-SICURA.pdf.png","contentUrl":"https:\/\/www.quotasicura.com\/wp-content\/uploads\/2025\/10\/LOGO-QUOTA-SICURA.pdf.png","width":2000,"height":614,"caption":"Quota Sicura"},"image":{"@id":"https:\/\/www.quotasicura.com\/#\/schema\/logo\/image\/"}}]}},"_links":{"self":[{"href":"https:\/\/www.quotasicura.com\/fr\/wp-json\/wp\/v2\/product\/606","targetHints":{"allow":["GET"]}}],"collection":[{"href":"https:\/\/www.quotasicura.com\/fr\/wp-json\/wp\/v2\/product"}],"about":[{"href":"https:\/\/www.quotasicura.com\/fr\/wp-json\/wp\/v2\/types\/product"}],"replies":[{"embeddable":true,"href":"https:\/\/www.quotasicura.com\/fr\/wp-json\/wp\/v2\/comments?post=606"}],"wp:featuredmedia":[{"embeddable":true,"href":"https:\/\/www.quotasicura.com\/fr\/wp-json\/wp\/v2\/media\/607"}],"wp:attachment":[{"href":"https:\/\/www.quotasicura.com\/fr\/wp-json\/wp\/v2\/media?parent=606"}],"wp:term":[{"taxonomy":"product_brand","embeddable":true,"href":"https:\/\/www.quotasicura.com\/fr\/wp-json\/wp\/v2\/product_brand?post=606"},{"taxonomy":"product_cat","embeddable":true,"href":"https:\/\/www.quotasicura.com\/fr\/wp-json\/wp\/v2\/product_cat?post=606"},{"taxonomy":"product_tag","embeddable":true,"href":"https:\/\/www.quotasicura.com\/fr\/wp-json\/wp\/v2\/product_tag?post=606"}],"curies":[{"name":"wp","href":"https:\/\/api.w.org\/{rel}","templated":true}]}}