{"id":609,"date":"2025-10-07T16:34:22","date_gmt":"2025-10-07T16:34:22","guid":{"rendered":"https:\/\/www.quotasicura.com\/?post_type=product&#038;p=609"},"modified":"2025-11-27T11:47:31","modified_gmt":"2025-11-27T11:47:31","slug":"elemento-dangolo-in-acciaio-inox-aisi-304","status":"publish","type":"product","link":"https:\/\/www.quotasicura.com\/fr\/product\/elemento-dangolo-in-acciaio-inox-aisi-304\/","title":{"rendered":"\u00e9l\u00e9ment d&#039;angle en acier inoxydable AISI 304"},"content":{"rendered":"<div class=\"scrollable-table\" style=\"overflow-x: auto;\">\n<table style=\"width: 100%; border-collapse: collapse; font-size: 15px;\">\n<thead>\n<tr style=\"background: #f2f2f2;\">\n<th style=\"padding: 10px; border: 1px solid #ddd;\">Caract\u00e9ristiques<\/th>\n<th style=\"padding: 10px; border: 1px solid #ddd;\">D\u00e9tail<\/th>\n<\/tr>\n<\/thead>\n<tbody>\n<tr>\n<td style=\"padding: 10px; border: 1px solid #ddd;\">Produit \/ Code<\/td>\n<td style=\"padding: 10px; border: 1px solid #ddd;\">\u00c9l\u00e9ment d&#039;angle \u2013 <strong>LVTQS750ME \u2013 ACIER INOXYDABLE<\/strong><\/td>\n<\/tr>\n<tr>\n<td style=\"padding: 10px; border: 1px solid #ddd;\">R\u00e8glements<\/td>\n<td style=\"padding: 10px; border: 1px solid #ddd;\">UNI 11578:2015 \u2013 UNI EN 365<\/td>\n<\/tr>\n<tr>\n<td style=\"padding: 10px; border: 1px solid #ddd;\">Type d&#039;appareil<\/td>\n<td style=\"padding: 10px; border: 1px solid #ddd;\">Accessoire pour appareil de type C<\/td>\n<\/tr>\n<tr>\n<td style=\"padding: 10px; border: 1px solid #ddd;\">Compatibilit\u00e9<\/td>\n<td style=\"padding: 10px; border: 1px solid #ddd;\">POLE S\u00e9rie 60 \/ CROCHET EN CROIS\u00c9E \/ PLAQUE SIMPLE \/ PLAQUE DE HAUTEUR<\/td>\n<\/tr>\n<tr>\n<td style=\"padding: 10px; border: 1px solid #ddd;\">Mat\u00e9riel<\/td>\n<td style=\"padding: 10px; border: 1px solid #ddd;\">acier inoxydable AISI 304<\/td>\n<\/tr>\n<tr>\n<td style=\"padding: 10px; border: 1px solid #ddd;\">Usage<\/td>\n<td style=\"padding: 10px; border: 1px solid #ddd;\">Installation sur les bords et les angles de la ma\u00e7onnerie ou du b\u00e9ton<\/td>\n<\/tr>\n<\/tbody>\n<\/table>\n<\/div>\n<p style=\"margin-top: 15px;\">LE&#039;<strong>\u00c9l\u00e9ment d&#039;angle<\/strong> en acier inoxydable AISI 304 est un composant con\u00e7u pour la connexion et la d\u00e9viation des lignes de vie et des syst\u00e8mes d&#039;arr\u00eat de chute. <strong>Type C<\/strong>.<br \/>\nSa robustesse et sa conformit\u00e9 r\u00e9glementaire en font la solution id\u00e9ale pour les points critiques tels que les angles et les bords des b\u00e2timents, o\u00f9 la continuit\u00e9 et la s\u00e9curit\u00e9 du syst\u00e8me doivent \u00eatre maintenues.<br \/>\nElle garantit une longue dur\u00e9e de vie gr\u00e2ce \u00e0 sa r\u00e9sistance \u00e0 la corrosion.<\/p>","protected":false},"excerpt":{"rendered":"<p>Accessoire d&#039;ancrage pour syst\u00e8mes de s\u00e9curit\u00e9 <strong data-start=\"353\" data-end=\"363\">Type C<\/strong>, compatible avec <strong data-start=\"381\" data-end=\"431\">Poteau 60, crochet crois\u00e9, plaque simple et plaque Colmo<\/strong>Fabriqu\u00e9 en <strong data-start=\"447\" data-end=\"464\">acier inoxydable AISI 304<\/strong>, conform\u00e9ment \u00e0 la r\u00e9glementation <strong data-start=\"490\" data-end=\"521\">UNI 11578:2015 \u2013 UNI EN 365<\/strong>Id\u00e9al pour une installation sur les bords et les angles de la ma\u00e7onnerie et du b\u00e9ton.<\/p>","protected":false},"featured_media":608,"comment_status":"open","ping_status":"closed","template":"","meta":[],"product_brand":[],"product_cat":[37],"product_tag":[],"class_list":{"0":"post-609","1":"product","2":"type-product","3":"status-publish","4":"has-post-thumbnail","6":"product_cat-tipo-c-a","8":"first","9":"instock","10":"shipping-taxable","11":"product-type-simple"},"yoast_head":"<!-- This site is optimized with the Yoast SEO Premium plugin v26.4 (Yoast SEO v26.4) - https:\/\/yoast.com\/wordpress\/plugins\/seo\/ -->\n<title>Elemento d\u2019angolo in acciaio inox AISI 304 - Quota Sicura<\/title>\n<meta name=\"description\" content=\"Elemento d\u2019angolo in acciaio inox AISI 304 per sistemi linea vita tipo C. Permette la deviazione sicura del cavo in percorsi con cambio direzione.\" \/>\n<meta name=\"robots\" content=\"index, follow, max-snippet:-1, max-image-preview:large, max-video-preview:-1\" \/>\n<link rel=\"canonical\" href=\"https:\/\/www.quotasicura.com\/fr\/product\/elemento-dangolo-in-acciaio-inox-aisi-304\/\" \/>\n<meta property=\"og:locale\" content=\"fr_FR\" \/>\n<meta property=\"og:type\" content=\"article\" \/>\n<meta property=\"og:title\" content=\"Elemento d\u2019angolo in acciaio inox AISI 304\" \/>\n<meta property=\"og:description\" content=\"Elemento d\u2019angolo in acciaio inox AISI 304 per sistemi linea vita tipo C. Permette la deviazione sicura del cavo in percorsi con cambio direzione.\" \/>\n<meta property=\"og:url\" content=\"https:\/\/www.quotasicura.com\/fr\/product\/elemento-dangolo-in-acciaio-inox-aisi-304\/\" \/>\n<meta property=\"og:site_name\" content=\"Quota Sicura\" \/>\n<meta property=\"article:modified_time\" content=\"2025-11-27T11:47:31+00:00\" \/>\n<meta property=\"og:image\" content=\"https:\/\/www.quotasicura.com\/wp-content\/uploads\/2025\/10\/Screenshot-2025-10-07-183103-e1759854845815.png\" \/>\n\t<meta property=\"og:image:width\" content=\"424\" \/>\n\t<meta property=\"og:image:height\" content=\"318\" \/>\n\t<meta property=\"og:image:type\" content=\"image\/png\" \/>\n<meta name=\"twitter:card\" content=\"summary_large_image\" \/>\n<meta name=\"twitter:label1\" content=\"Dur\u00e9e de lecture estim\u00e9e\" \/>\n\t<meta name=\"twitter:data1\" content=\"1 minute\" \/>\n<script type=\"application\/ld+json\" class=\"yoast-schema-graph\">{\"@context\":\"https:\/\/schema.org\",\"@graph\":[{\"@type\":\"WebPage\",\"@id\":\"https:\/\/www.quotasicura.com\/product\/elemento-dangolo-in-acciaio-inox-aisi-304\/\",\"url\":\"https:\/\/www.quotasicura.com\/product\/elemento-dangolo-in-acciaio-inox-aisi-304\/\",\"name\":\"Elemento d\u2019angolo in acciaio inox AISI 304 - Quota Sicura\",\"isPartOf\":{\"@id\":\"https:\/\/www.quotasicura.com\/#website\"},\"primaryImageOfPage\":{\"@id\":\"https:\/\/www.quotasicura.com\/product\/elemento-dangolo-in-acciaio-inox-aisi-304\/#primaryimage\"},\"image\":{\"@id\":\"https:\/\/www.quotasicura.com\/product\/elemento-dangolo-in-acciaio-inox-aisi-304\/#primaryimage\"},\"thumbnailUrl\":\"https:\/\/www.quotasicura.com\/wp-content\/uploads\/2025\/10\/Screenshot-2025-10-07-183103-e1759854845815.png\",\"datePublished\":\"2025-10-07T16:34:22+00:00\",\"dateModified\":\"2025-11-27T11:47:31+00:00\",\"description\":\"Elemento d\u2019angolo in acciaio inox AISI 304 per sistemi linea vita tipo C. Permette la deviazione sicura del cavo in percorsi con cambio direzione.\",\"breadcrumb\":{\"@id\":\"https:\/\/www.quotasicura.com\/product\/elemento-dangolo-in-acciaio-inox-aisi-304\/#breadcrumb\"},\"inLanguage\":\"fr-FR\",\"potentialAction\":[{\"@type\":\"ReadAction\",\"target\":[\"https:\/\/www.quotasicura.com\/product\/elemento-dangolo-in-acciaio-inox-aisi-304\/\"]}]},{\"@type\":\"ImageObject\",\"inLanguage\":\"fr-FR\",\"@id\":\"https:\/\/www.quotasicura.com\/product\/elemento-dangolo-in-acciaio-inox-aisi-304\/#primaryimage\",\"url\":\"https:\/\/www.quotasicura.com\/wp-content\/uploads\/2025\/10\/Screenshot-2025-10-07-183103-e1759854845815.png\",\"contentUrl\":\"https:\/\/www.quotasicura.com\/wp-content\/uploads\/2025\/10\/Screenshot-2025-10-07-183103-e1759854845815.png\",\"width\":424,\"height\":318},{\"@type\":\"BreadcrumbList\",\"@id\":\"https:\/\/www.quotasicura.com\/product\/elemento-dangolo-in-acciaio-inox-aisi-304\/#breadcrumb\",\"itemListElement\":[{\"@type\":\"ListItem\",\"position\":1,\"name\":\"Home\",\"item\":\"https:\/\/www.quotasicura.com\/\"},{\"@type\":\"ListItem\",\"position\":2,\"name\":\"Prodotti\",\"item\":\"https:\/\/www.quotasicura.com\/prodotti\/\"},{\"@type\":\"ListItem\",\"position\":3,\"name\":\"Elemento d\u2019angolo in acciaio inox AISI 304\"}]},{\"@type\":\"WebSite\",\"@id\":\"https:\/\/www.quotasicura.com\/#website\",\"url\":\"https:\/\/www.quotasicura.com\/\",\"name\":\"Quota Sicura\",\"description\":\"\",\"publisher\":{\"@id\":\"https:\/\/www.quotasicura.com\/#organization\"},\"potentialAction\":[{\"@type\":\"SearchAction\",\"target\":{\"@type\":\"EntryPoint\",\"urlTemplate\":\"https:\/\/www.quotasicura.com\/?s={search_term_string}\"},\"query-input\":{\"@type\":\"PropertyValueSpecification\",\"valueRequired\":true,\"valueName\":\"search_term_string\"}}],\"inLanguage\":\"fr-FR\"},{\"@type\":\"Organization\",\"@id\":\"https:\/\/www.quotasicura.com\/#organization\",\"name\":\"Quota Sicura\",\"url\":\"https:\/\/www.quotasicura.com\/\",\"logo\":{\"@type\":\"ImageObject\",\"inLanguage\":\"fr-FR\",\"@id\":\"https:\/\/www.quotasicura.com\/#\/schema\/logo\/image\/\",\"url\":\"https:\/\/www.quotasicura.com\/wp-content\/uploads\/2025\/10\/LOGO-QUOTA-SICURA.pdf.png\",\"contentUrl\":\"https:\/\/www.quotasicura.com\/wp-content\/uploads\/2025\/10\/LOGO-QUOTA-SICURA.pdf.png\",\"width\":2000,\"height\":614,\"caption\":\"Quota Sicura\"},\"image\":{\"@id\":\"https:\/\/www.quotasicura.com\/#\/schema\/logo\/image\/\"}}]}<\/script>\n<!-- \/ Yoast SEO Premium plugin. -->","yoast_head_json":{"title":"Elemento d\u2019angolo in acciaio inox AISI 304 - Quota Sicura","description":"Elemento d\u2019angolo in acciaio inox AISI 304 per sistemi linea vita tipo C. Permette la deviazione sicura del cavo in percorsi con cambio direzione.","robots":{"index":"index","follow":"follow","max-snippet":"max-snippet:-1","max-image-preview":"max-image-preview:large","max-video-preview":"max-video-preview:-1"},"canonical":"https:\/\/www.quotasicura.com\/fr\/product\/elemento-dangolo-in-acciaio-inox-aisi-304\/","og_locale":"fr_FR","og_type":"article","og_title":"Elemento d\u2019angolo in acciaio inox AISI 304","og_description":"Elemento d\u2019angolo in acciaio inox AISI 304 per sistemi linea vita tipo C. Permette la deviazione sicura del cavo in percorsi con cambio direzione.","og_url":"https:\/\/www.quotasicura.com\/fr\/product\/elemento-dangolo-in-acciaio-inox-aisi-304\/","og_site_name":"Quota Sicura","article_modified_time":"2025-11-27T11:47:31+00:00","og_image":[{"width":424,"height":318,"url":"https:\/\/www.quotasicura.com\/wp-content\/uploads\/2025\/10\/Screenshot-2025-10-07-183103-e1759854845815.png","type":"image\/png"}],"twitter_card":"summary_large_image","twitter_misc":{"Dur\u00e9e de lecture estim\u00e9e":"1 minute"},"schema":{"@context":"https:\/\/schema.org","@graph":[{"@type":"WebPage","@id":"https:\/\/www.quotasicura.com\/product\/elemento-dangolo-in-acciaio-inox-aisi-304\/","url":"https:\/\/www.quotasicura.com\/product\/elemento-dangolo-in-acciaio-inox-aisi-304\/","name":"Elemento d\u2019angolo in acciaio inox AISI 304 - Quota Sicura","isPartOf":{"@id":"https:\/\/www.quotasicura.com\/#website"},"primaryImageOfPage":{"@id":"https:\/\/www.quotasicura.com\/product\/elemento-dangolo-in-acciaio-inox-aisi-304\/#primaryimage"},"image":{"@id":"https:\/\/www.quotasicura.com\/product\/elemento-dangolo-in-acciaio-inox-aisi-304\/#primaryimage"},"thumbnailUrl":"https:\/\/www.quotasicura.com\/wp-content\/uploads\/2025\/10\/Screenshot-2025-10-07-183103-e1759854845815.png","datePublished":"2025-10-07T16:34:22+00:00","dateModified":"2025-11-27T11:47:31+00:00","description":"Elemento d\u2019angolo in acciaio inox AISI 304 per sistemi linea vita tipo C. Permette la deviazione sicura del cavo in percorsi con cambio direzione.","breadcrumb":{"@id":"https:\/\/www.quotasicura.com\/product\/elemento-dangolo-in-acciaio-inox-aisi-304\/#breadcrumb"},"inLanguage":"fr-FR","potentialAction":[{"@type":"ReadAction","target":["https:\/\/www.quotasicura.com\/product\/elemento-dangolo-in-acciaio-inox-aisi-304\/"]}]},{"@type":"ImageObject","inLanguage":"fr-FR","@id":"https:\/\/www.quotasicura.com\/product\/elemento-dangolo-in-acciaio-inox-aisi-304\/#primaryimage","url":"https:\/\/www.quotasicura.com\/wp-content\/uploads\/2025\/10\/Screenshot-2025-10-07-183103-e1759854845815.png","contentUrl":"https:\/\/www.quotasicura.com\/wp-content\/uploads\/2025\/10\/Screenshot-2025-10-07-183103-e1759854845815.png","width":424,"height":318},{"@type":"BreadcrumbList","@id":"https:\/\/www.quotasicura.com\/product\/elemento-dangolo-in-acciaio-inox-aisi-304\/#breadcrumb","itemListElement":[{"@type":"ListItem","position":1,"name":"Home","item":"https:\/\/www.quotasicura.com\/"},{"@type":"ListItem","position":2,"name":"Prodotti","item":"https:\/\/www.quotasicura.com\/prodotti\/"},{"@type":"ListItem","position":3,"name":"Elemento d\u2019angolo in acciaio inox AISI 304"}]},{"@type":"WebSite","@id":"https:\/\/www.quotasicura.com\/#website","url":"https:\/\/www.quotasicura.com\/","name":"Quota de s\u00e9curit\u00e9","description":"","publisher":{"@id":"https:\/\/www.quotasicura.com\/#organization"},"potentialAction":[{"@type":"SearchAction","target":{"@type":"EntryPoint","urlTemplate":"https:\/\/www.quotasicura.com\/?s={search_term_string}"},"query-input":{"@type":"PropertyValueSpecification","valueRequired":true,"valueName":"search_term_string"}}],"inLanguage":"fr-FR"},{"@type":"Organization","@id":"https:\/\/www.quotasicura.com\/#organization","name":"Quota de s\u00e9curit\u00e9","url":"https:\/\/www.quotasicura.com\/","logo":{"@type":"ImageObject","inLanguage":"fr-FR","@id":"https:\/\/www.quotasicura.com\/#\/schema\/logo\/image\/","url":"https:\/\/www.quotasicura.com\/wp-content\/uploads\/2025\/10\/LOGO-QUOTA-SICURA.pdf.png","contentUrl":"https:\/\/www.quotasicura.com\/wp-content\/uploads\/2025\/10\/LOGO-QUOTA-SICURA.pdf.png","width":2000,"height":614,"caption":"Quota Sicura"},"image":{"@id":"https:\/\/www.quotasicura.com\/#\/schema\/logo\/image\/"}}]}},"_links":{"self":[{"href":"https:\/\/www.quotasicura.com\/fr\/wp-json\/wp\/v2\/product\/609","targetHints":{"allow":["GET"]}}],"collection":[{"href":"https:\/\/www.quotasicura.com\/fr\/wp-json\/wp\/v2\/product"}],"about":[{"href":"https:\/\/www.quotasicura.com\/fr\/wp-json\/wp\/v2\/types\/product"}],"replies":[{"embeddable":true,"href":"https:\/\/www.quotasicura.com\/fr\/wp-json\/wp\/v2\/comments?post=609"}],"wp:featuredmedia":[{"embeddable":true,"href":"https:\/\/www.quotasicura.com\/fr\/wp-json\/wp\/v2\/media\/608"}],"wp:attachment":[{"href":"https:\/\/www.quotasicura.com\/fr\/wp-json\/wp\/v2\/media?parent=609"}],"wp:term":[{"taxonomy":"product_brand","embeddable":true,"href":"https:\/\/www.quotasicura.com\/fr\/wp-json\/wp\/v2\/product_brand?post=609"},{"taxonomy":"product_cat","embeddable":true,"href":"https:\/\/www.quotasicura.com\/fr\/wp-json\/wp\/v2\/product_cat?post=609"},{"taxonomy":"product_tag","embeddable":true,"href":"https:\/\/www.quotasicura.com\/fr\/wp-json\/wp\/v2\/product_tag?post=609"}],"curies":[{"name":"wp","href":"https:\/\/api.w.org\/{rel}","templated":true}]}}