{"id":610,"date":"2025-10-07T16:38:10","date_gmt":"2025-10-07T16:38:10","guid":{"rendered":"https:\/\/www.quotasicura.com\/?post_type=product&#038;p=610"},"modified":"2025-11-27T11:45:19","modified_gmt":"2025-11-27T11:45:19","slug":"piastrina-di-ripartizione-in-acciaio-inox-aisi-304-per-flex-hook","status":"publish","type":"product","link":"https:\/\/www.quotasicura.com\/fr\/product\/piastrina-di-ripartizione-in-acciaio-inox-aisi-304-per-flex-hook\/","title":{"rendered":"Plaque de distribution en acier inoxydable AISI 304 pour crochet flexible"},"content":{"rendered":"<div class=\"scrollable-table\" style=\"overflow-x: auto;\">\n<table style=\"width: 100%; border-collapse: collapse; font-size: 15px;\">\n<thead>\n<tr style=\"background: #f2f2f2;\">\n<th style=\"padding: 10px; border: 1px solid #ddd;\">Caract\u00e9ristiques<\/th>\n<th style=\"padding: 10px; border: 1px solid #ddd;\">D\u00e9tail<\/th>\n<\/tr>\n<\/thead>\n<tbody>\n<tr>\n<td style=\"padding: 10px; border: 1px solid #ddd;\">Produit \/ Code<\/td>\n<td style=\"padding: 10px; border: 1px solid #ddd;\">Plaque de r\u00e9partition pour crochet flexible \u2013 <strong>LVTQS750ME \u2013 ACIER INOXYDABLE<\/strong><\/td>\n<\/tr>\n<tr>\n<td style=\"padding: 10px; border: 1px solid #ddd;\">R\u00e8glements<\/td>\n<td style=\"padding: 10px; border: 1px solid #ddd;\">UNI 11578:2015 \u2013 UNI EN 365<\/td>\n<\/tr>\n<tr>\n<td style=\"padding: 10px; border: 1px solid #ddd;\">Type d&#039;appareil<\/td>\n<td style=\"padding: 10px; border: 1px solid #ddd;\">Accessoire pour appareil de type C<\/td>\n<\/tr>\n<tr>\n<td style=\"padding: 10px; border: 1px solid #ddd;\">Compatibilit\u00e9<\/td>\n<td style=\"padding: 10px; border: 1px solid #ddd;\">S\u00e9rie POLE 25 \/ POLE 60 \/ CROCHET CROIS\u00c9 \/ PLAQUE SIMPLE \/ PLAQUE DE HAUTEUR<\/td>\n<\/tr>\n<tr>\n<td style=\"padding: 10px; border: 1px solid #ddd;\">Mat\u00e9riel<\/td>\n<td style=\"padding: 10px; border: 1px solid #ddd;\">acier inoxydable AISI 304<\/td>\n<\/tr>\n<tr>\n<td style=\"padding: 10px; border: 1px solid #ddd;\">Nombre maximal d&#039;utilisateurs<\/td>\n<td style=\"padding: 10px; border: 1px solid #ddd;\"><strong>3 op\u00e9rateurs<\/strong><\/td>\n<\/tr>\n<\/tbody>\n<\/table>\n<\/div>\n<p style=\"margin-top: 15px;\">L\u00e0 <strong>Plaque de r\u00e9partition pour crochet flexible<\/strong> Il s&#039;agit d&#039;un \u00e9l\u00e9ment fondamental pour garantir la s\u00e9curit\u00e9 et la r\u00e9sistance des syst\u00e8mes antichute. <strong>Type C<\/strong>.<br \/>\nSa fonction est de r\u00e9partir la charge uniform\u00e9ment sur les points d&#039;ancrage, augmentant ainsi la fiabilit\u00e9 globale du syst\u00e8me et r\u00e9duisant les contraintes sur les fixations individuelles.<br \/>\nR\u00e9sistant \u00e0 la corrosion gr\u00e2ce \u00e0 sa construction en acier inoxydable AISI 304, il est id\u00e9al pour les installations sur les toits et les structures de b\u00e2timents expos\u00e9s aux agents atmosph\u00e9riques.<\/p>","protected":false},"excerpt":{"rendered":"<p>Accessoire d&#039;ancrage dans <strong data-start=\"377\" data-end=\"402\">acier inoxydable AISI 304<\/strong>, con\u00e7us pour r\u00e9partir la charge sur plusieurs points de fixation dans les syst\u00e8mes de s\u00e9curit\u00e9 antichute <strong data-start=\"506\" data-end=\"516\">Type C<\/strong>Compatible avec <strong data-start=\"534\" data-end=\"593\">Poteau 25, Poteau 60, Crochet en croix, Plaque simple et Plaque Colmo<\/strong>Conforme \u00e0 la r\u00e9glementation <strong data-start=\"619\" data-end=\"650\">UNI 11578:2015 \u2013 UNI EN 365<\/strong> et certifi\u00e9 pour une utilisation par maximum <strong data-start=\"695\" data-end=\"710\">3 op\u00e9rateurs<\/strong>.<\/p>","protected":false},"featured_media":611,"comment_status":"open","ping_status":"closed","template":"","meta":[],"product_brand":[],"product_cat":[27],"product_tag":[],"class_list":{"0":"post-610","1":"product","2":"type-product","3":"status-publish","4":"has-post-thumbnail","6":"product_cat-accessori-per-linee-vita","8":"first","9":"instock","10":"shipping-taxable","11":"product-type-simple"},"yoast_head":"<!-- This site is optimized with the Yoast SEO Premium plugin v26.4 (Yoast SEO v26.4) - https:\/\/yoast.com\/wordpress\/plugins\/seo\/ -->\n<title>Piastrina di ripartizione in acciaio inox AISI 304 per Flex Hook - Quota Sicura<\/title>\n<meta name=\"description\" content=\"Piastrina di ripartizione in acciaio inox AISI 304 per il montaggio del Flex Hook. Garantisce stabilit\u00e0 e distribuzione del carico per sistemi anticaduta.\" \/>\n<meta name=\"robots\" content=\"index, follow, max-snippet:-1, max-image-preview:large, max-video-preview:-1\" \/>\n<link rel=\"canonical\" href=\"https:\/\/www.quotasicura.com\/fr\/product\/piastrina-di-ripartizione-in-acciaio-inox-aisi-304-per-flex-hook\/\" \/>\n<meta property=\"og:locale\" content=\"fr_FR\" \/>\n<meta property=\"og:type\" content=\"article\" \/>\n<meta property=\"og:title\" content=\"Piastrina di ripartizione in acciaio inox AISI 304 per Flex Hook\" \/>\n<meta property=\"og:description\" content=\"Piastrina di ripartizione in acciaio inox AISI 304 per il montaggio del Flex Hook. Garantisce stabilit\u00e0 e distribuzione del carico per sistemi anticaduta.\" \/>\n<meta property=\"og:url\" content=\"https:\/\/www.quotasicura.com\/fr\/product\/piastrina-di-ripartizione-in-acciaio-inox-aisi-304-per-flex-hook\/\" \/>\n<meta property=\"og:site_name\" content=\"Quota Sicura\" \/>\n<meta property=\"article:modified_time\" content=\"2025-11-27T11:45:19+00:00\" \/>\n<meta property=\"og:image\" content=\"https:\/\/www.quotasicura.com\/wp-content\/uploads\/2025\/10\/Screenshot-2025-10-07-183606-e1759854992936.png\" \/>\n\t<meta property=\"og:image:width\" content=\"351\" \/>\n\t<meta property=\"og:image:height\" content=\"336\" \/>\n\t<meta property=\"og:image:type\" content=\"image\/png\" \/>\n<meta name=\"twitter:card\" content=\"summary_large_image\" \/>\n<meta name=\"twitter:label1\" content=\"Dur\u00e9e de lecture estim\u00e9e\" \/>\n\t<meta name=\"twitter:data1\" content=\"1 minute\" \/>\n<script type=\"application\/ld+json\" class=\"yoast-schema-graph\">{\"@context\":\"https:\/\/schema.org\",\"@graph\":[{\"@type\":\"WebPage\",\"@id\":\"https:\/\/www.quotasicura.com\/product\/piastrina-di-ripartizione-in-acciaio-inox-aisi-304-per-flex-hook\/\",\"url\":\"https:\/\/www.quotasicura.com\/product\/piastrina-di-ripartizione-in-acciaio-inox-aisi-304-per-flex-hook\/\",\"name\":\"Piastrina di ripartizione in acciaio inox AISI 304 per Flex Hook - Quota Sicura\",\"isPartOf\":{\"@id\":\"https:\/\/www.quotasicura.com\/#website\"},\"primaryImageOfPage\":{\"@id\":\"https:\/\/www.quotasicura.com\/product\/piastrina-di-ripartizione-in-acciaio-inox-aisi-304-per-flex-hook\/#primaryimage\"},\"image\":{\"@id\":\"https:\/\/www.quotasicura.com\/product\/piastrina-di-ripartizione-in-acciaio-inox-aisi-304-per-flex-hook\/#primaryimage\"},\"thumbnailUrl\":\"https:\/\/www.quotasicura.com\/wp-content\/uploads\/2025\/10\/Screenshot-2025-10-07-183606-e1759854992936.png\",\"datePublished\":\"2025-10-07T16:38:10+00:00\",\"dateModified\":\"2025-11-27T11:45:19+00:00\",\"description\":\"Piastrina di ripartizione in acciaio inox AISI 304 per il montaggio del Flex Hook. Garantisce stabilit\u00e0 e distribuzione del carico per sistemi anticaduta.\",\"breadcrumb\":{\"@id\":\"https:\/\/www.quotasicura.com\/product\/piastrina-di-ripartizione-in-acciaio-inox-aisi-304-per-flex-hook\/#breadcrumb\"},\"inLanguage\":\"fr-FR\",\"potentialAction\":[{\"@type\":\"ReadAction\",\"target\":[\"https:\/\/www.quotasicura.com\/product\/piastrina-di-ripartizione-in-acciaio-inox-aisi-304-per-flex-hook\/\"]}]},{\"@type\":\"ImageObject\",\"inLanguage\":\"fr-FR\",\"@id\":\"https:\/\/www.quotasicura.com\/product\/piastrina-di-ripartizione-in-acciaio-inox-aisi-304-per-flex-hook\/#primaryimage\",\"url\":\"https:\/\/www.quotasicura.com\/wp-content\/uploads\/2025\/10\/Screenshot-2025-10-07-183606-e1759854992936.png\",\"contentUrl\":\"https:\/\/www.quotasicura.com\/wp-content\/uploads\/2025\/10\/Screenshot-2025-10-07-183606-e1759854992936.png\",\"width\":351,\"height\":336},{\"@type\":\"BreadcrumbList\",\"@id\":\"https:\/\/www.quotasicura.com\/product\/piastrina-di-ripartizione-in-acciaio-inox-aisi-304-per-flex-hook\/#breadcrumb\",\"itemListElement\":[{\"@type\":\"ListItem\",\"position\":1,\"name\":\"Home\",\"item\":\"https:\/\/www.quotasicura.com\/\"},{\"@type\":\"ListItem\",\"position\":2,\"name\":\"Prodotti\",\"item\":\"https:\/\/www.quotasicura.com\/prodotti\/\"},{\"@type\":\"ListItem\",\"position\":3,\"name\":\"Piastrina di ripartizione in acciaio inox AISI 304 per Flex Hook\"}]},{\"@type\":\"WebSite\",\"@id\":\"https:\/\/www.quotasicura.com\/#website\",\"url\":\"https:\/\/www.quotasicura.com\/\",\"name\":\"Quota Sicura\",\"description\":\"\",\"publisher\":{\"@id\":\"https:\/\/www.quotasicura.com\/#organization\"},\"potentialAction\":[{\"@type\":\"SearchAction\",\"target\":{\"@type\":\"EntryPoint\",\"urlTemplate\":\"https:\/\/www.quotasicura.com\/?s={search_term_string}\"},\"query-input\":{\"@type\":\"PropertyValueSpecification\",\"valueRequired\":true,\"valueName\":\"search_term_string\"}}],\"inLanguage\":\"fr-FR\"},{\"@type\":\"Organization\",\"@id\":\"https:\/\/www.quotasicura.com\/#organization\",\"name\":\"Quota Sicura\",\"url\":\"https:\/\/www.quotasicura.com\/\",\"logo\":{\"@type\":\"ImageObject\",\"inLanguage\":\"fr-FR\",\"@id\":\"https:\/\/www.quotasicura.com\/#\/schema\/logo\/image\/\",\"url\":\"https:\/\/www.quotasicura.com\/wp-content\/uploads\/2025\/10\/LOGO-QUOTA-SICURA.pdf.png\",\"contentUrl\":\"https:\/\/www.quotasicura.com\/wp-content\/uploads\/2025\/10\/LOGO-QUOTA-SICURA.pdf.png\",\"width\":2000,\"height\":614,\"caption\":\"Quota Sicura\"},\"image\":{\"@id\":\"https:\/\/www.quotasicura.com\/#\/schema\/logo\/image\/\"}}]}<\/script>\n<!-- \/ Yoast SEO Premium plugin. -->","yoast_head_json":{"title":"Piastrina di ripartizione in acciaio inox AISI 304 per Flex Hook - Quota Sicura","description":"Piastrina di ripartizione in acciaio inox AISI 304 per il montaggio del Flex Hook. Garantisce stabilit\u00e0 e distribuzione del carico per sistemi anticaduta.","robots":{"index":"index","follow":"follow","max-snippet":"max-snippet:-1","max-image-preview":"max-image-preview:large","max-video-preview":"max-video-preview:-1"},"canonical":"https:\/\/www.quotasicura.com\/fr\/product\/piastrina-di-ripartizione-in-acciaio-inox-aisi-304-per-flex-hook\/","og_locale":"fr_FR","og_type":"article","og_title":"Piastrina di ripartizione in acciaio inox AISI 304 per Flex Hook","og_description":"Piastrina di ripartizione in acciaio inox AISI 304 per il montaggio del Flex Hook. Garantisce stabilit\u00e0 e distribuzione del carico per sistemi anticaduta.","og_url":"https:\/\/www.quotasicura.com\/fr\/product\/piastrina-di-ripartizione-in-acciaio-inox-aisi-304-per-flex-hook\/","og_site_name":"Quota Sicura","article_modified_time":"2025-11-27T11:45:19+00:00","og_image":[{"width":351,"height":336,"url":"https:\/\/www.quotasicura.com\/wp-content\/uploads\/2025\/10\/Screenshot-2025-10-07-183606-e1759854992936.png","type":"image\/png"}],"twitter_card":"summary_large_image","twitter_misc":{"Dur\u00e9e de lecture estim\u00e9e":"1 minute"},"schema":{"@context":"https:\/\/schema.org","@graph":[{"@type":"WebPage","@id":"https:\/\/www.quotasicura.com\/product\/piastrina-di-ripartizione-in-acciaio-inox-aisi-304-per-flex-hook\/","url":"https:\/\/www.quotasicura.com\/product\/piastrina-di-ripartizione-in-acciaio-inox-aisi-304-per-flex-hook\/","name":"Piastrina di ripartizione in acciaio inox AISI 304 per Flex Hook - Quota Sicura","isPartOf":{"@id":"https:\/\/www.quotasicura.com\/#website"},"primaryImageOfPage":{"@id":"https:\/\/www.quotasicura.com\/product\/piastrina-di-ripartizione-in-acciaio-inox-aisi-304-per-flex-hook\/#primaryimage"},"image":{"@id":"https:\/\/www.quotasicura.com\/product\/piastrina-di-ripartizione-in-acciaio-inox-aisi-304-per-flex-hook\/#primaryimage"},"thumbnailUrl":"https:\/\/www.quotasicura.com\/wp-content\/uploads\/2025\/10\/Screenshot-2025-10-07-183606-e1759854992936.png","datePublished":"2025-10-07T16:38:10+00:00","dateModified":"2025-11-27T11:45:19+00:00","description":"Piastrina di ripartizione in acciaio inox AISI 304 per il montaggio del Flex Hook. Garantisce stabilit\u00e0 e distribuzione del carico per sistemi anticaduta.","breadcrumb":{"@id":"https:\/\/www.quotasicura.com\/product\/piastrina-di-ripartizione-in-acciaio-inox-aisi-304-per-flex-hook\/#breadcrumb"},"inLanguage":"fr-FR","potentialAction":[{"@type":"ReadAction","target":["https:\/\/www.quotasicura.com\/product\/piastrina-di-ripartizione-in-acciaio-inox-aisi-304-per-flex-hook\/"]}]},{"@type":"ImageObject","inLanguage":"fr-FR","@id":"https:\/\/www.quotasicura.com\/product\/piastrina-di-ripartizione-in-acciaio-inox-aisi-304-per-flex-hook\/#primaryimage","url":"https:\/\/www.quotasicura.com\/wp-content\/uploads\/2025\/10\/Screenshot-2025-10-07-183606-e1759854992936.png","contentUrl":"https:\/\/www.quotasicura.com\/wp-content\/uploads\/2025\/10\/Screenshot-2025-10-07-183606-e1759854992936.png","width":351,"height":336},{"@type":"BreadcrumbList","@id":"https:\/\/www.quotasicura.com\/product\/piastrina-di-ripartizione-in-acciaio-inox-aisi-304-per-flex-hook\/#breadcrumb","itemListElement":[{"@type":"ListItem","position":1,"name":"Home","item":"https:\/\/www.quotasicura.com\/"},{"@type":"ListItem","position":2,"name":"Prodotti","item":"https:\/\/www.quotasicura.com\/prodotti\/"},{"@type":"ListItem","position":3,"name":"Piastrina di ripartizione in acciaio inox AISI 304 per Flex Hook"}]},{"@type":"WebSite","@id":"https:\/\/www.quotasicura.com\/#website","url":"https:\/\/www.quotasicura.com\/","name":"Quota de s\u00e9curit\u00e9","description":"","publisher":{"@id":"https:\/\/www.quotasicura.com\/#organization"},"potentialAction":[{"@type":"SearchAction","target":{"@type":"EntryPoint","urlTemplate":"https:\/\/www.quotasicura.com\/?s={search_term_string}"},"query-input":{"@type":"PropertyValueSpecification","valueRequired":true,"valueName":"search_term_string"}}],"inLanguage":"fr-FR"},{"@type":"Organization","@id":"https:\/\/www.quotasicura.com\/#organization","name":"Quota de s\u00e9curit\u00e9","url":"https:\/\/www.quotasicura.com\/","logo":{"@type":"ImageObject","inLanguage":"fr-FR","@id":"https:\/\/www.quotasicura.com\/#\/schema\/logo\/image\/","url":"https:\/\/www.quotasicura.com\/wp-content\/uploads\/2025\/10\/LOGO-QUOTA-SICURA.pdf.png","contentUrl":"https:\/\/www.quotasicura.com\/wp-content\/uploads\/2025\/10\/LOGO-QUOTA-SICURA.pdf.png","width":2000,"height":614,"caption":"Quota Sicura"},"image":{"@id":"https:\/\/www.quotasicura.com\/#\/schema\/logo\/image\/"}}]}},"_links":{"self":[{"href":"https:\/\/www.quotasicura.com\/fr\/wp-json\/wp\/v2\/product\/610","targetHints":{"allow":["GET"]}}],"collection":[{"href":"https:\/\/www.quotasicura.com\/fr\/wp-json\/wp\/v2\/product"}],"about":[{"href":"https:\/\/www.quotasicura.com\/fr\/wp-json\/wp\/v2\/types\/product"}],"replies":[{"embeddable":true,"href":"https:\/\/www.quotasicura.com\/fr\/wp-json\/wp\/v2\/comments?post=610"}],"wp:featuredmedia":[{"embeddable":true,"href":"https:\/\/www.quotasicura.com\/fr\/wp-json\/wp\/v2\/media\/611"}],"wp:attachment":[{"href":"https:\/\/www.quotasicura.com\/fr\/wp-json\/wp\/v2\/media?parent=610"}],"wp:term":[{"taxonomy":"product_brand","embeddable":true,"href":"https:\/\/www.quotasicura.com\/fr\/wp-json\/wp\/v2\/product_brand?post=610"},{"taxonomy":"product_cat","embeddable":true,"href":"https:\/\/www.quotasicura.com\/fr\/wp-json\/wp\/v2\/product_cat?post=610"},{"taxonomy":"product_tag","embeddable":true,"href":"https:\/\/www.quotasicura.com\/fr\/wp-json\/wp\/v2\/product_tag?post=610"}],"curies":[{"name":"wp","href":"https:\/\/api.w.org\/{rel}","templated":true}]}}