{"id":978,"date":"2025-11-03T09:04:52","date_gmt":"2025-11-03T09:04:52","guid":{"rendered":"https:\/\/www.quotasicura.com\/?post_type=product&#038;p=978"},"modified":"2025-11-27T11:15:15","modified_gmt":"2025-11-27T11:15:15","slug":"piastra-di-ripartizione-in-acciaio-inox-2","status":"publish","type":"product","link":"https:\/\/www.quotasicura.com\/fr\/product\/piastra-di-ripartizione-in-acciaio-inox-2\/","title":{"rendered":"Plaque de distribution en acier inoxydable"},"content":{"rendered":"<div class=\"scrollable-table\" style=\"overflow-x: auto;\">\n<table style=\"width: 100%; border-collapse: collapse; font-size: 15px;\">\n<thead>\n<tr style=\"background: #f2f2f2;\">\n<th style=\"padding: 10px; border: 1px solid #ddd;\">Caract\u00e9ristiques<\/th>\n<th style=\"padding: 10px; border: 1px solid #ddd;\">D\u00e9tail<\/th>\n<\/tr>\n<\/thead>\n<tbody>\n<tr>\n<td style=\"padding: 10px; border: 1px solid #ddd;\">Produit<\/td>\n<td style=\"padding: 10px; border: 1px solid #ddd;\">Plaque de distribution<\/td>\n<\/tr>\n<tr>\n<td style=\"padding: 10px; border: 1px solid #ddd;\">Code<\/td>\n<td style=\"padding: 10px; border: 1px solid #ddd;\">LVTQSRIPAR \u2013 INOX<\/td>\n<\/tr>\n<tr>\n<td style=\"padding: 10px; border: 1px solid #ddd;\">R\u00e9f\u00e9rences r\u00e9glementaires<\/td>\n<td style=\"padding: 10px; border: 1px solid #ddd;\">UNI EN 795:2012 \u2013 UNI CEN\/TS 16415:2013 \u2013 UNI 11578:2015<\/td>\n<\/tr>\n<tr>\n<td style=\"padding: 10px; border: 1px solid #ddd;\">Type d&#039;appareil<\/td>\n<td style=\"padding: 10px; border: 1px solid #ddd;\">Accessoire pour l&#039;extension et la distribution de la base des appareils de type A et C<\/td>\n<\/tr>\n<tr>\n<td style=\"padding: 10px; border: 1px solid #ddd;\">Mat\u00e9riel<\/td>\n<td style=\"padding: 10px; border: 1px solid #ddd;\">acier inoxydable AISI 304<\/td>\n<\/tr>\n<tr>\n<td style=\"padding: 10px; border: 1px solid #ddd;\">Marquage<\/td>\n<td style=\"padding: 10px; border: 1px solid #ddd;\">UNI EN 795:2012 \u2013 UNI CEN\/TS 16415:2013 \u2013 UNI 11578:2015<\/td>\n<\/tr>\n<\/tbody>\n<\/table>\n<\/div>\n<p style=\"margin-top: 15px;\">L\u00e0 <strong>Plaque de distribution<\/strong> Il est con\u00e7u pour augmenter la surface d&#039;appui et r\u00e9partir uniform\u00e9ment les charges sur les appareils.<br \/>\nDe <strong>Type A et C<\/strong>Fabriqu\u00e9 en <strong>acier inoxydable AISI 304<\/strong>, garantit r\u00e9sistance m\u00e9canique, durabilit\u00e9 et protection<br \/>\ncontre la corrosion, m\u00eame en ext\u00e9rieur.<br \/>\nId\u00e9al pour les applications sur des surfaces structurelles o\u00f9 une stabilit\u00e9 et une s\u00e9curit\u00e9 accrues sont requises.<\/p>","protected":false},"excerpt":{"rendered":"<p>Plaque de distribution dans <strong data-start=\"292\" data-end=\"317\">acier inoxydable AISI 304<\/strong>, conforme \u00e0 la r\u00e9glementation <strong data-start=\"343\" data-end=\"403\">UNI EN 795:2012 \u2013 UNI CEN\/TS 16415:2013 \u2013 UNI 11578:2015<\/strong>.<br data-start=\"404\" data-end=\"407\" \/>Accessoire pour l&#039;extension et la distribution de la base dans les appareils <strong data-start=\"484\" data-end=\"498\">Type A et C<\/strong>, garantissant une stabilit\u00e9 et une s\u00e9curit\u00e9 sup\u00e9rieures.<\/p>","protected":false},"featured_media":979,"comment_status":"open","ping_status":"closed","template":"","meta":[],"product_brand":[],"product_cat":[27],"product_tag":[],"class_list":{"0":"post-978","1":"product","2":"type-product","3":"status-publish","4":"has-post-thumbnail","6":"product_cat-accessori-per-linee-vita","8":"first","9":"instock","10":"shipping-taxable","11":"product-type-simple"},"yoast_head":"<!-- This site is optimized with the Yoast SEO Premium plugin v26.4 (Yoast SEO v26.4) - https:\/\/yoast.com\/wordpress\/plugins\/seo\/ -->\n<title>Piastra di Ripartizione in acciaio inox - Quota Sicura<\/title>\n<meta name=\"description\" content=\"Piastra di ripartizione in acciaio inox per la distribuzione dei carichi in sistemi anticaduta.\" \/>\n<meta name=\"robots\" content=\"index, follow, max-snippet:-1, max-image-preview:large, max-video-preview:-1\" \/>\n<link rel=\"canonical\" href=\"https:\/\/www.quotasicura.com\/fr\/product\/piastra-di-ripartizione-in-acciaio-inox-2\/\" \/>\n<meta property=\"og:locale\" content=\"fr_FR\" \/>\n<meta property=\"og:type\" content=\"article\" \/>\n<meta property=\"og:title\" content=\"Piastra di Ripartizione in acciaio inox\" \/>\n<meta property=\"og:description\" content=\"Piastra di ripartizione in acciaio inox per la distribuzione dei carichi in sistemi anticaduta.\" \/>\n<meta property=\"og:url\" content=\"https:\/\/www.quotasicura.com\/fr\/product\/piastra-di-ripartizione-in-acciaio-inox-2\/\" \/>\n<meta property=\"og:site_name\" content=\"Quota Sicura\" \/>\n<meta property=\"article:modified_time\" content=\"2025-11-27T11:15:15+00:00\" \/>\n<meta property=\"og:image\" content=\"https:\/\/www.quotasicura.com\/wp-content\/uploads\/2025\/11\/Screenshot-2025-11-03-100311-e1762160777413.png\" \/>\n\t<meta property=\"og:image:width\" content=\"437\" \/>\n\t<meta property=\"og:image:height\" content=\"342\" \/>\n\t<meta property=\"og:image:type\" content=\"image\/png\" \/>\n<meta name=\"twitter:card\" content=\"summary_large_image\" \/>\n<meta name=\"twitter:label1\" content=\"Dur\u00e9e de lecture estim\u00e9e\" \/>\n\t<meta name=\"twitter:data1\" content=\"1 minute\" \/>\n<script type=\"application\/ld+json\" class=\"yoast-schema-graph\">{\"@context\":\"https:\/\/schema.org\",\"@graph\":[{\"@type\":\"WebPage\",\"@id\":\"https:\/\/www.quotasicura.com\/product\/piastra-di-ripartizione-in-acciaio-inox-2\/\",\"url\":\"https:\/\/www.quotasicura.com\/product\/piastra-di-ripartizione-in-acciaio-inox-2\/\",\"name\":\"Piastra di Ripartizione in acciaio inox - Quota Sicura\",\"isPartOf\":{\"@id\":\"https:\/\/www.quotasicura.com\/#website\"},\"primaryImageOfPage\":{\"@id\":\"https:\/\/www.quotasicura.com\/product\/piastra-di-ripartizione-in-acciaio-inox-2\/#primaryimage\"},\"image\":{\"@id\":\"https:\/\/www.quotasicura.com\/product\/piastra-di-ripartizione-in-acciaio-inox-2\/#primaryimage\"},\"thumbnailUrl\":\"https:\/\/www.quotasicura.com\/wp-content\/uploads\/2025\/11\/Screenshot-2025-11-03-100311-e1762160777413.png\",\"datePublished\":\"2025-11-03T09:04:52+00:00\",\"dateModified\":\"2025-11-27T11:15:15+00:00\",\"description\":\"Piastra di ripartizione in acciaio inox per la distribuzione dei carichi in sistemi anticaduta.\",\"breadcrumb\":{\"@id\":\"https:\/\/www.quotasicura.com\/product\/piastra-di-ripartizione-in-acciaio-inox-2\/#breadcrumb\"},\"inLanguage\":\"fr-FR\",\"potentialAction\":[{\"@type\":\"ReadAction\",\"target\":[\"https:\/\/www.quotasicura.com\/product\/piastra-di-ripartizione-in-acciaio-inox-2\/\"]}]},{\"@type\":\"ImageObject\",\"inLanguage\":\"fr-FR\",\"@id\":\"https:\/\/www.quotasicura.com\/product\/piastra-di-ripartizione-in-acciaio-inox-2\/#primaryimage\",\"url\":\"https:\/\/www.quotasicura.com\/wp-content\/uploads\/2025\/11\/Screenshot-2025-11-03-100311-e1762160777413.png\",\"contentUrl\":\"https:\/\/www.quotasicura.com\/wp-content\/uploads\/2025\/11\/Screenshot-2025-11-03-100311-e1762160777413.png\",\"width\":437,\"height\":342},{\"@type\":\"BreadcrumbList\",\"@id\":\"https:\/\/www.quotasicura.com\/product\/piastra-di-ripartizione-in-acciaio-inox-2\/#breadcrumb\",\"itemListElement\":[{\"@type\":\"ListItem\",\"position\":1,\"name\":\"Home\",\"item\":\"https:\/\/www.quotasicura.com\/\"},{\"@type\":\"ListItem\",\"position\":2,\"name\":\"Prodotti\",\"item\":\"https:\/\/www.quotasicura.com\/prodotti\/\"},{\"@type\":\"ListItem\",\"position\":3,\"name\":\"Piastra di Ripartizione in acciaio inox\"}]},{\"@type\":\"WebSite\",\"@id\":\"https:\/\/www.quotasicura.com\/#website\",\"url\":\"https:\/\/www.quotasicura.com\/\",\"name\":\"Quota Sicura\",\"description\":\"\",\"publisher\":{\"@id\":\"https:\/\/www.quotasicura.com\/#organization\"},\"potentialAction\":[{\"@type\":\"SearchAction\",\"target\":{\"@type\":\"EntryPoint\",\"urlTemplate\":\"https:\/\/www.quotasicura.com\/?s={search_term_string}\"},\"query-input\":{\"@type\":\"PropertyValueSpecification\",\"valueRequired\":true,\"valueName\":\"search_term_string\"}}],\"inLanguage\":\"fr-FR\"},{\"@type\":\"Organization\",\"@id\":\"https:\/\/www.quotasicura.com\/#organization\",\"name\":\"Quota Sicura\",\"url\":\"https:\/\/www.quotasicura.com\/\",\"logo\":{\"@type\":\"ImageObject\",\"inLanguage\":\"fr-FR\",\"@id\":\"https:\/\/www.quotasicura.com\/#\/schema\/logo\/image\/\",\"url\":\"https:\/\/www.quotasicura.com\/wp-content\/uploads\/2025\/10\/LOGO-QUOTA-SICURA.pdf.png\",\"contentUrl\":\"https:\/\/www.quotasicura.com\/wp-content\/uploads\/2025\/10\/LOGO-QUOTA-SICURA.pdf.png\",\"width\":2000,\"height\":614,\"caption\":\"Quota Sicura\"},\"image\":{\"@id\":\"https:\/\/www.quotasicura.com\/#\/schema\/logo\/image\/\"}}]}<\/script>\n<!-- \/ Yoast SEO Premium plugin. -->","yoast_head_json":{"title":"Piastra di Ripartizione in acciaio inox - Quota Sicura","description":"Piastra di ripartizione in acciaio inox per la distribuzione dei carichi in sistemi anticaduta.","robots":{"index":"index","follow":"follow","max-snippet":"max-snippet:-1","max-image-preview":"max-image-preview:large","max-video-preview":"max-video-preview:-1"},"canonical":"https:\/\/www.quotasicura.com\/fr\/product\/piastra-di-ripartizione-in-acciaio-inox-2\/","og_locale":"fr_FR","og_type":"article","og_title":"Piastra di Ripartizione in acciaio inox","og_description":"Piastra di ripartizione in acciaio inox per la distribuzione dei carichi in sistemi anticaduta.","og_url":"https:\/\/www.quotasicura.com\/fr\/product\/piastra-di-ripartizione-in-acciaio-inox-2\/","og_site_name":"Quota Sicura","article_modified_time":"2025-11-27T11:15:15+00:00","og_image":[{"width":437,"height":342,"url":"https:\/\/www.quotasicura.com\/wp-content\/uploads\/2025\/11\/Screenshot-2025-11-03-100311-e1762160777413.png","type":"image\/png"}],"twitter_card":"summary_large_image","twitter_misc":{"Dur\u00e9e de lecture estim\u00e9e":"1 minute"},"schema":{"@context":"https:\/\/schema.org","@graph":[{"@type":"WebPage","@id":"https:\/\/www.quotasicura.com\/product\/piastra-di-ripartizione-in-acciaio-inox-2\/","url":"https:\/\/www.quotasicura.com\/product\/piastra-di-ripartizione-in-acciaio-inox-2\/","name":"Piastra di Ripartizione in acciaio inox - Quota Sicura","isPartOf":{"@id":"https:\/\/www.quotasicura.com\/#website"},"primaryImageOfPage":{"@id":"https:\/\/www.quotasicura.com\/product\/piastra-di-ripartizione-in-acciaio-inox-2\/#primaryimage"},"image":{"@id":"https:\/\/www.quotasicura.com\/product\/piastra-di-ripartizione-in-acciaio-inox-2\/#primaryimage"},"thumbnailUrl":"https:\/\/www.quotasicura.com\/wp-content\/uploads\/2025\/11\/Screenshot-2025-11-03-100311-e1762160777413.png","datePublished":"2025-11-03T09:04:52+00:00","dateModified":"2025-11-27T11:15:15+00:00","description":"Piastra di ripartizione in acciaio inox per la distribuzione dei carichi in sistemi anticaduta.","breadcrumb":{"@id":"https:\/\/www.quotasicura.com\/product\/piastra-di-ripartizione-in-acciaio-inox-2\/#breadcrumb"},"inLanguage":"fr-FR","potentialAction":[{"@type":"ReadAction","target":["https:\/\/www.quotasicura.com\/product\/piastra-di-ripartizione-in-acciaio-inox-2\/"]}]},{"@type":"ImageObject","inLanguage":"fr-FR","@id":"https:\/\/www.quotasicura.com\/product\/piastra-di-ripartizione-in-acciaio-inox-2\/#primaryimage","url":"https:\/\/www.quotasicura.com\/wp-content\/uploads\/2025\/11\/Screenshot-2025-11-03-100311-e1762160777413.png","contentUrl":"https:\/\/www.quotasicura.com\/wp-content\/uploads\/2025\/11\/Screenshot-2025-11-03-100311-e1762160777413.png","width":437,"height":342},{"@type":"BreadcrumbList","@id":"https:\/\/www.quotasicura.com\/product\/piastra-di-ripartizione-in-acciaio-inox-2\/#breadcrumb","itemListElement":[{"@type":"ListItem","position":1,"name":"Home","item":"https:\/\/www.quotasicura.com\/"},{"@type":"ListItem","position":2,"name":"Prodotti","item":"https:\/\/www.quotasicura.com\/prodotti\/"},{"@type":"ListItem","position":3,"name":"Piastra di Ripartizione in acciaio inox"}]},{"@type":"WebSite","@id":"https:\/\/www.quotasicura.com\/#website","url":"https:\/\/www.quotasicura.com\/","name":"Quota de s\u00e9curit\u00e9","description":"","publisher":{"@id":"https:\/\/www.quotasicura.com\/#organization"},"potentialAction":[{"@type":"SearchAction","target":{"@type":"EntryPoint","urlTemplate":"https:\/\/www.quotasicura.com\/?s={search_term_string}"},"query-input":{"@type":"PropertyValueSpecification","valueRequired":true,"valueName":"search_term_string"}}],"inLanguage":"fr-FR"},{"@type":"Organization","@id":"https:\/\/www.quotasicura.com\/#organization","name":"Quota de s\u00e9curit\u00e9","url":"https:\/\/www.quotasicura.com\/","logo":{"@type":"ImageObject","inLanguage":"fr-FR","@id":"https:\/\/www.quotasicura.com\/#\/schema\/logo\/image\/","url":"https:\/\/www.quotasicura.com\/wp-content\/uploads\/2025\/10\/LOGO-QUOTA-SICURA.pdf.png","contentUrl":"https:\/\/www.quotasicura.com\/wp-content\/uploads\/2025\/10\/LOGO-QUOTA-SICURA.pdf.png","width":2000,"height":614,"caption":"Quota Sicura"},"image":{"@id":"https:\/\/www.quotasicura.com\/#\/schema\/logo\/image\/"}}]}},"_links":{"self":[{"href":"https:\/\/www.quotasicura.com\/fr\/wp-json\/wp\/v2\/product\/978","targetHints":{"allow":["GET"]}}],"collection":[{"href":"https:\/\/www.quotasicura.com\/fr\/wp-json\/wp\/v2\/product"}],"about":[{"href":"https:\/\/www.quotasicura.com\/fr\/wp-json\/wp\/v2\/types\/product"}],"replies":[{"embeddable":true,"href":"https:\/\/www.quotasicura.com\/fr\/wp-json\/wp\/v2\/comments?post=978"}],"wp:featuredmedia":[{"embeddable":true,"href":"https:\/\/www.quotasicura.com\/fr\/wp-json\/wp\/v2\/media\/979"}],"wp:attachment":[{"href":"https:\/\/www.quotasicura.com\/fr\/wp-json\/wp\/v2\/media?parent=978"}],"wp:term":[{"taxonomy":"product_brand","embeddable":true,"href":"https:\/\/www.quotasicura.com\/fr\/wp-json\/wp\/v2\/product_brand?post=978"},{"taxonomy":"product_cat","embeddable":true,"href":"https:\/\/www.quotasicura.com\/fr\/wp-json\/wp\/v2\/product_cat?post=978"},{"taxonomy":"product_tag","embeddable":true,"href":"https:\/\/www.quotasicura.com\/fr\/wp-json\/wp\/v2\/product_tag?post=978"}],"curies":[{"name":"wp","href":"https:\/\/api.w.org\/{rel}","templated":true}]}}