{"id":986,"date":"2025-11-03T09:33:46","date_gmt":"2025-11-03T09:33:46","guid":{"rendered":"https:\/\/www.quotasicura.com\/?post_type=product&#038;p=986"},"modified":"2025-11-27T11:01:55","modified_gmt":"2025-11-27T11:01:55","slug":"corner-transfer-in-acciaio-inox","status":"publish","type":"product","link":"https:\/\/www.quotasicura.com\/fr\/product\/corner-transfer-in-acciaio-inox\/","title":{"rendered":"Transfert d&#039;angle en acier inoxydable"},"content":{"rendered":"<div class=\"scrollable-table\" style=\"overflow-x: auto;\">\n<table style=\"width: 100%; border-collapse: collapse; font-size: 15px;\">\n<thead>\n<tr style=\"background: #f2f2f2;\">\n<th style=\"padding: 10px; border: 1px solid #ddd;\">Caract\u00e9ristiques<\/th>\n<th style=\"padding: 10px; border: 1px solid #ddd;\">D\u00e9tail<\/th>\n<\/tr>\n<\/thead>\n<tbody>\n<tr>\n<td style=\"padding: 10px; border: 1px solid #ddd;\">Produit<\/td>\n<td style=\"padding: 10px; border: 1px solid #ddd;\">Transfert d&#039;angle<\/td>\n<\/tr>\n<tr>\n<td style=\"padding: 10px; border: 1px solid #ddd;\">Code<\/td>\n<td style=\"padding: 10px; border: 1px solid #ddd;\">LVTQS750CTE \u2013 ACIER INOXYDABLE<\/td>\n<\/tr>\n<tr>\n<td style=\"padding: 10px; border: 1px solid #ddd;\">R\u00e9f\u00e9rences r\u00e9glementaires<\/td>\n<td style=\"padding: 10px; border: 1px solid #ddd;\">UNI EN 795:2012 \u2013 UNI CEN\/TS 16415:2013 \u2013 UNI 11578:2015<\/td>\n<\/tr>\n<tr>\n<td style=\"padding: 10px; border: 1px solid #ddd;\">Type d&#039;appareil<\/td>\n<td style=\"padding: 10px; border: 1px solid #ddd;\">Accessoire pour appareils de type C (s\u00e9ries POLE 25 \/ POLE 60 \/ CROSS HOOK \/ SINGLE PLATE \/ COLMO PLATE)<\/td>\n<\/tr>\n<tr>\n<td style=\"padding: 10px; border: 1px solid #ddd;\">Nombre maximal d&#039;utilisateurs<\/td>\n<td style=\"padding: 10px; border: 1px solid #ddd;\">3<\/td>\n<\/tr>\n<tr>\n<td style=\"padding: 10px; border: 1px solid #ddd;\">Mat\u00e9riel<\/td>\n<td style=\"padding: 10px; border: 1px solid #ddd;\">acier inoxydable AISI 304<\/td>\n<\/tr>\n<tr>\n<td style=\"padding: 10px; border: 1px solid #ddd;\">Rapport de test<\/td>\n<td style=\"padding: 10px; border: 1px solid #ddd;\">R\u00e9alis\u00e9 par Laboratorio Sigma Srl<\/td>\n<\/tr>\n<tr>\n<td style=\"padding: 10px; border: 1px solid #ddd;\">Marquage<\/td>\n<td style=\"padding: 10px; border: 1px solid #ddd;\">UNI EN 795:2012 \u2013 UNI CEN\/TS 16415:2013 \u2013 UNI 11578:2015<\/td>\n<\/tr>\n<\/tbody>\n<\/table>\n<\/div>\n<p style=\"margin-top: 15px;\">Le <strong>Transfert d&#039;angle<\/strong> il s&#039;agit d&#039;un \u00e9l\u00e9ment de t\u00eate dans <strong>acier inoxydable AISI 304<\/strong> ce qui permet au c\u00e2ble de contourner les courbes,<br \/>\nassurer la continuit\u00e9 du syst\u00e8me d&#039;ancrage et maintenir une s\u00e9curit\u00e9 totale pendant les d\u00e9placements de l&#039;op\u00e9rateur.<br \/>\nIl convient \u00e0 une utilisation sur les lignes de vie et les syst\u00e8mes antichute. <strong>Type C<\/strong> et supporte jusqu&#039;\u00e0 <strong>3 utilisateurs simultan\u00e9s<\/strong>.<br \/>\nSa construction en acier inoxydable assure une r\u00e9sistance \u00e0 la corrosion et une longue dur\u00e9e de vie.<\/p>","protected":false},"excerpt":{"rendered":"<p>Accessoire dans <strong data-start=\"317\" data-end=\"342\">acier inoxydable AISI 304<\/strong> pour les syst\u00e8mes d&#039;ancrage <strong data-start=\"369\" data-end=\"382\">Type C<\/strong>, con\u00e7u pour permettre au c\u00e2ble de contourner les courbes tout en maintenant la continuit\u00e9 du syst\u00e8me.<br data-start=\"478\" data-end=\"481\" \/>Certifi\u00e9 conforme \u00e0 la r\u00e9glementation <strong data-start=\"514\" data-end=\"533\">UNI EN 795:2012<\/strong>, <strong data-start=\"535\" data-end=\"560\">UNI CEN\/TS 16415:2013<\/strong> Et <strong data-start=\"563\" data-end=\"581\">UNI 11578:2015<\/strong>, prend en charge jusqu&#039;\u00e0 <strong data-start=\"599\" data-end=\"617\">3 utilisateurs<\/strong>.<\/p>","protected":false},"featured_media":987,"comment_status":"open","ping_status":"closed","template":"","meta":[],"product_brand":[],"product_cat":[27],"product_tag":[],"class_list":{"0":"post-986","1":"product","2":"type-product","3":"status-publish","4":"has-post-thumbnail","6":"product_cat-accessori-per-linee-vita","8":"first","9":"instock","10":"shipping-taxable","11":"product-type-simple"},"yoast_head":"<!-- This site is optimized with the Yoast SEO Premium plugin v26.4 (Yoast SEO v26.4) - https:\/\/yoast.com\/wordpress\/plugins\/seo\/ -->\n<title>Corner Transfer in acciaio inox - Quota Sicura<\/title>\n<meta name=\"description\" content=\"Corner Transfer in acciaio inox per deviazioni angolari delle linee vita tipo C. Accessorio certificato, resistente e compatibile con sistemi anticaduta.\" \/>\n<meta name=\"robots\" content=\"index, follow, max-snippet:-1, max-image-preview:large, max-video-preview:-1\" \/>\n<link rel=\"canonical\" href=\"https:\/\/www.quotasicura.com\/fr\/product\/corner-transfer-in-acciaio-inox\/\" \/>\n<meta property=\"og:locale\" content=\"fr_FR\" \/>\n<meta property=\"og:type\" content=\"article\" \/>\n<meta property=\"og:title\" content=\"Corner Transfer in acciaio inox\" \/>\n<meta property=\"og:description\" content=\"Corner Transfer in acciaio inox per deviazioni angolari delle linee vita tipo C. Accessorio certificato, resistente e compatibile con sistemi anticaduta.\" \/>\n<meta property=\"og:url\" content=\"https:\/\/www.quotasicura.com\/fr\/product\/corner-transfer-in-acciaio-inox\/\" \/>\n<meta property=\"og:site_name\" content=\"Quota Sicura\" \/>\n<meta property=\"article:modified_time\" content=\"2025-11-27T11:01:55+00:00\" \/>\n<meta property=\"og:image\" content=\"https:\/\/www.quotasicura.com\/wp-content\/uploads\/2025\/11\/Screenshot-2025-11-03-100936-e1762162460383.png\" \/>\n\t<meta property=\"og:image:width\" content=\"316\" \/>\n\t<meta property=\"og:image:height\" content=\"305\" \/>\n\t<meta property=\"og:image:type\" content=\"image\/png\" \/>\n<meta name=\"twitter:card\" content=\"summary_large_image\" \/>\n<meta name=\"twitter:label1\" content=\"Dur\u00e9e de lecture estim\u00e9e\" \/>\n\t<meta name=\"twitter:data1\" content=\"1 minute\" \/>\n<script type=\"application\/ld+json\" class=\"yoast-schema-graph\">{\"@context\":\"https:\/\/schema.org\",\"@graph\":[{\"@type\":\"WebPage\",\"@id\":\"https:\/\/www.quotasicura.com\/product\/corner-transfer-in-acciaio-inox\/\",\"url\":\"https:\/\/www.quotasicura.com\/product\/corner-transfer-in-acciaio-inox\/\",\"name\":\"Corner Transfer in acciaio inox - Quota Sicura\",\"isPartOf\":{\"@id\":\"https:\/\/www.quotasicura.com\/#website\"},\"primaryImageOfPage\":{\"@id\":\"https:\/\/www.quotasicura.com\/product\/corner-transfer-in-acciaio-inox\/#primaryimage\"},\"image\":{\"@id\":\"https:\/\/www.quotasicura.com\/product\/corner-transfer-in-acciaio-inox\/#primaryimage\"},\"thumbnailUrl\":\"https:\/\/www.quotasicura.com\/wp-content\/uploads\/2025\/11\/Screenshot-2025-11-03-100936-e1762162460383.png\",\"datePublished\":\"2025-11-03T09:33:46+00:00\",\"dateModified\":\"2025-11-27T11:01:55+00:00\",\"description\":\"Corner Transfer in acciaio inox per deviazioni angolari delle linee vita tipo C. Accessorio certificato, resistente e compatibile con sistemi anticaduta.\",\"breadcrumb\":{\"@id\":\"https:\/\/www.quotasicura.com\/product\/corner-transfer-in-acciaio-inox\/#breadcrumb\"},\"inLanguage\":\"fr-FR\",\"potentialAction\":[{\"@type\":\"ReadAction\",\"target\":[\"https:\/\/www.quotasicura.com\/product\/corner-transfer-in-acciaio-inox\/\"]}]},{\"@type\":\"ImageObject\",\"inLanguage\":\"fr-FR\",\"@id\":\"https:\/\/www.quotasicura.com\/product\/corner-transfer-in-acciaio-inox\/#primaryimage\",\"url\":\"https:\/\/www.quotasicura.com\/wp-content\/uploads\/2025\/11\/Screenshot-2025-11-03-100936-e1762162460383.png\",\"contentUrl\":\"https:\/\/www.quotasicura.com\/wp-content\/uploads\/2025\/11\/Screenshot-2025-11-03-100936-e1762162460383.png\",\"width\":316,\"height\":305},{\"@type\":\"BreadcrumbList\",\"@id\":\"https:\/\/www.quotasicura.com\/product\/corner-transfer-in-acciaio-inox\/#breadcrumb\",\"itemListElement\":[{\"@type\":\"ListItem\",\"position\":1,\"name\":\"Home\",\"item\":\"https:\/\/www.quotasicura.com\/\"},{\"@type\":\"ListItem\",\"position\":2,\"name\":\"Prodotti\",\"item\":\"https:\/\/www.quotasicura.com\/prodotti\/\"},{\"@type\":\"ListItem\",\"position\":3,\"name\":\"Corner Transfer in acciaio inox\"}]},{\"@type\":\"WebSite\",\"@id\":\"https:\/\/www.quotasicura.com\/#website\",\"url\":\"https:\/\/www.quotasicura.com\/\",\"name\":\"Quota Sicura\",\"description\":\"\",\"publisher\":{\"@id\":\"https:\/\/www.quotasicura.com\/#organization\"},\"potentialAction\":[{\"@type\":\"SearchAction\",\"target\":{\"@type\":\"EntryPoint\",\"urlTemplate\":\"https:\/\/www.quotasicura.com\/?s={search_term_string}\"},\"query-input\":{\"@type\":\"PropertyValueSpecification\",\"valueRequired\":true,\"valueName\":\"search_term_string\"}}],\"inLanguage\":\"fr-FR\"},{\"@type\":\"Organization\",\"@id\":\"https:\/\/www.quotasicura.com\/#organization\",\"name\":\"Quota Sicura\",\"url\":\"https:\/\/www.quotasicura.com\/\",\"logo\":{\"@type\":\"ImageObject\",\"inLanguage\":\"fr-FR\",\"@id\":\"https:\/\/www.quotasicura.com\/#\/schema\/logo\/image\/\",\"url\":\"https:\/\/www.quotasicura.com\/wp-content\/uploads\/2025\/10\/LOGO-QUOTA-SICURA.pdf.png\",\"contentUrl\":\"https:\/\/www.quotasicura.com\/wp-content\/uploads\/2025\/10\/LOGO-QUOTA-SICURA.pdf.png\",\"width\":2000,\"height\":614,\"caption\":\"Quota Sicura\"},\"image\":{\"@id\":\"https:\/\/www.quotasicura.com\/#\/schema\/logo\/image\/\"}}]}<\/script>\n<!-- \/ Yoast SEO Premium plugin. -->","yoast_head_json":{"title":"Corner Transfer in acciaio inox - Quota Sicura","description":"Corner Transfer in acciaio inox per deviazioni angolari delle linee vita tipo C. Accessorio certificato, resistente e compatibile con sistemi anticaduta.","robots":{"index":"index","follow":"follow","max-snippet":"max-snippet:-1","max-image-preview":"max-image-preview:large","max-video-preview":"max-video-preview:-1"},"canonical":"https:\/\/www.quotasicura.com\/fr\/product\/corner-transfer-in-acciaio-inox\/","og_locale":"fr_FR","og_type":"article","og_title":"Corner Transfer in acciaio inox","og_description":"Corner Transfer in acciaio inox per deviazioni angolari delle linee vita tipo C. Accessorio certificato, resistente e compatibile con sistemi anticaduta.","og_url":"https:\/\/www.quotasicura.com\/fr\/product\/corner-transfer-in-acciaio-inox\/","og_site_name":"Quota Sicura","article_modified_time":"2025-11-27T11:01:55+00:00","og_image":[{"width":316,"height":305,"url":"https:\/\/www.quotasicura.com\/wp-content\/uploads\/2025\/11\/Screenshot-2025-11-03-100936-e1762162460383.png","type":"image\/png"}],"twitter_card":"summary_large_image","twitter_misc":{"Dur\u00e9e de lecture estim\u00e9e":"1 minute"},"schema":{"@context":"https:\/\/schema.org","@graph":[{"@type":"WebPage","@id":"https:\/\/www.quotasicura.com\/product\/corner-transfer-in-acciaio-inox\/","url":"https:\/\/www.quotasicura.com\/product\/corner-transfer-in-acciaio-inox\/","name":"Corner Transfer in acciaio inox - Quota Sicura","isPartOf":{"@id":"https:\/\/www.quotasicura.com\/#website"},"primaryImageOfPage":{"@id":"https:\/\/www.quotasicura.com\/product\/corner-transfer-in-acciaio-inox\/#primaryimage"},"image":{"@id":"https:\/\/www.quotasicura.com\/product\/corner-transfer-in-acciaio-inox\/#primaryimage"},"thumbnailUrl":"https:\/\/www.quotasicura.com\/wp-content\/uploads\/2025\/11\/Screenshot-2025-11-03-100936-e1762162460383.png","datePublished":"2025-11-03T09:33:46+00:00","dateModified":"2025-11-27T11:01:55+00:00","description":"Corner Transfer in acciaio inox per deviazioni angolari delle linee vita tipo C. Accessorio certificato, resistente e compatibile con sistemi anticaduta.","breadcrumb":{"@id":"https:\/\/www.quotasicura.com\/product\/corner-transfer-in-acciaio-inox\/#breadcrumb"},"inLanguage":"fr-FR","potentialAction":[{"@type":"ReadAction","target":["https:\/\/www.quotasicura.com\/product\/corner-transfer-in-acciaio-inox\/"]}]},{"@type":"ImageObject","inLanguage":"fr-FR","@id":"https:\/\/www.quotasicura.com\/product\/corner-transfer-in-acciaio-inox\/#primaryimage","url":"https:\/\/www.quotasicura.com\/wp-content\/uploads\/2025\/11\/Screenshot-2025-11-03-100936-e1762162460383.png","contentUrl":"https:\/\/www.quotasicura.com\/wp-content\/uploads\/2025\/11\/Screenshot-2025-11-03-100936-e1762162460383.png","width":316,"height":305},{"@type":"BreadcrumbList","@id":"https:\/\/www.quotasicura.com\/product\/corner-transfer-in-acciaio-inox\/#breadcrumb","itemListElement":[{"@type":"ListItem","position":1,"name":"Home","item":"https:\/\/www.quotasicura.com\/"},{"@type":"ListItem","position":2,"name":"Prodotti","item":"https:\/\/www.quotasicura.com\/prodotti\/"},{"@type":"ListItem","position":3,"name":"Corner Transfer in acciaio inox"}]},{"@type":"WebSite","@id":"https:\/\/www.quotasicura.com\/#website","url":"https:\/\/www.quotasicura.com\/","name":"Quota de s\u00e9curit\u00e9","description":"","publisher":{"@id":"https:\/\/www.quotasicura.com\/#organization"},"potentialAction":[{"@type":"SearchAction","target":{"@type":"EntryPoint","urlTemplate":"https:\/\/www.quotasicura.com\/?s={search_term_string}"},"query-input":{"@type":"PropertyValueSpecification","valueRequired":true,"valueName":"search_term_string"}}],"inLanguage":"fr-FR"},{"@type":"Organization","@id":"https:\/\/www.quotasicura.com\/#organization","name":"Quota de s\u00e9curit\u00e9","url":"https:\/\/www.quotasicura.com\/","logo":{"@type":"ImageObject","inLanguage":"fr-FR","@id":"https:\/\/www.quotasicura.com\/#\/schema\/logo\/image\/","url":"https:\/\/www.quotasicura.com\/wp-content\/uploads\/2025\/10\/LOGO-QUOTA-SICURA.pdf.png","contentUrl":"https:\/\/www.quotasicura.com\/wp-content\/uploads\/2025\/10\/LOGO-QUOTA-SICURA.pdf.png","width":2000,"height":614,"caption":"Quota Sicura"},"image":{"@id":"https:\/\/www.quotasicura.com\/#\/schema\/logo\/image\/"}}]}},"_links":{"self":[{"href":"https:\/\/www.quotasicura.com\/fr\/wp-json\/wp\/v2\/product\/986","targetHints":{"allow":["GET"]}}],"collection":[{"href":"https:\/\/www.quotasicura.com\/fr\/wp-json\/wp\/v2\/product"}],"about":[{"href":"https:\/\/www.quotasicura.com\/fr\/wp-json\/wp\/v2\/types\/product"}],"replies":[{"embeddable":true,"href":"https:\/\/www.quotasicura.com\/fr\/wp-json\/wp\/v2\/comments?post=986"}],"wp:featuredmedia":[{"embeddable":true,"href":"https:\/\/www.quotasicura.com\/fr\/wp-json\/wp\/v2\/media\/987"}],"wp:attachment":[{"href":"https:\/\/www.quotasicura.com\/fr\/wp-json\/wp\/v2\/media?parent=986"}],"wp:term":[{"taxonomy":"product_brand","embeddable":true,"href":"https:\/\/www.quotasicura.com\/fr\/wp-json\/wp\/v2\/product_brand?post=986"},{"taxonomy":"product_cat","embeddable":true,"href":"https:\/\/www.quotasicura.com\/fr\/wp-json\/wp\/v2\/product_cat?post=986"},{"taxonomy":"product_tag","embeddable":true,"href":"https:\/\/www.quotasicura.com\/fr\/wp-json\/wp\/v2\/product_tag?post=986"}],"curies":[{"name":"wp","href":"https:\/\/api.w.org\/{rel}","templated":true}]}}